{"id":4398,"date":"2021-09-29T09:46:18","date_gmt":"2021-09-29T06:46:18","guid":{"rendered":"https:\/\/juristavards.lv\/veikals\/?page_id=4398"},"modified":"2026-04-27T13:36:41","modified_gmt":"2026-04-27T10:36:41","slug":"piegade","status":"publish","type":"page","link":"https:\/\/juristavards.lv\/veikals\/piegade\/","title":{"rendered":"Pieg\u0101de"},"content":{"rendered":"<h2>\u017durn\u0101la &#8220;Jurista V\u0101rds&#8221; abonementi<\/h2>\n<p>Druk\u0101tais \u017eurn\u0101ls izn\u0101k reizi m\u0113nes\u012b \u2013 katra m\u0113ne\u0161a otraj\u0101 otrdien\u0101, t\u0101 pieg\u0101de\u00a0tiek nodro\u0161in\u0101ta ar abon\u0113\u0161anas perioda 1. laidienu (bet ne \u0101tr\u0101k k\u0101 5 darba dienas p\u0113c abon\u0113\u0161anas maksas sa\u0146em\u0161anas).<\/p>\n<ul>\n<li data-leveltext=\"\uf0b7\" data-font=\"Symbol\" data-listid=\"2\" data-aria-posinset=\"1\" data-aria-level=\"1\">Abon\u0113to druk\u0101to \u017eurn\u0101lu Latvijas teritorij\u0101 pieg\u0101d\u0101 VAS &#8220;Latvijas Pasts&#8221;.\u00a0 Eirop\u0101 un citur pasaul\u0113 \u2212\u202fizdevniec\u012bba ar pasta s\u016bt\u012bjumiem.<\/li>\n<li data-leveltext=\"\uf0b7\" data-font=\"Symbol\" data-listid=\"2\" data-aria-posinset=\"1\" data-aria-level=\"1\">Pieg\u0101des cenas Latvij\u0101 ir iek\u013cautas abon\u0113\u0161anas cen\u0101.<\/li>\n<li data-leveltext=\"\uf0b7\" data-font=\"Symbol\" data-listid=\"2\" data-aria-posinset=\"1\" data-aria-level=\"1\">\u0100rzemju abonentiem maksa tiek noteikta no divu komponentu kopsummas: no maksas par abonementu un maksas par pasta s\u016bt\u012bjumu. Abonements tiek noform\u0113ts p\u0113c priek\u0161apmaksas sa\u0146em\u0161anas.<\/li>\n<\/ul>\n<p>Druk\u0101t\u0101 \u017eurn\u0101la\u00a0<a href=\"https:\/\/juristavards.lv\/zurnals.php\" target=\"_blank\" rel=\"noreferrer noopener\">digit\u0101l\u0101 versija<\/a>\u00a0ir pieejama port\u0101l\u0101\u202f<em>juristavards.lv<\/em>\u202ft\u0101 izn\u0101k\u0161anas dien\u0101\u00a0(otrdien\u0101).<\/p>\n<ul>\n<li data-leveltext=\"\uf0b7\" data-font=\"Symbol\" data-listid=\"3\" data-aria-posinset=\"3\" data-aria-level=\"1\">Digit\u0101lais saturs lieto\u0161anai klientam tiek nodro\u0161in\u0101ts t\u016bl\u012bt\u0113ji vai no abonenta nor\u0101d\u012bt\u0101 datuma, abos gad\u012bjumos &#8211; p\u0113c pakalpojuma pilnas apmaksas.<\/li>\n<li data-leveltext=\"\uf0b7\" data-font=\"Symbol\" data-listid=\"3\" data-aria-posinset=\"4\" data-aria-level=\"1\">Katram lietot\u0101jam vienlaikus ir pieeja \u017eurn\u0101la digit\u0101lajam saturam no 2 ier\u012bc\u0113m vai interneta p\u0101rl\u016bka programmat\u016br\u0101m.<\/li>\n<\/ul>\n<p>Ja izdevums nav sa\u0146emts vai sa\u0146emts ar nokav\u0113\u0161anos, l\u016bgums sazin\u0101ties ar &#8220;Latvijas V\u0113stne\u0161a&#8221; Las\u012bt\u0101ju servisu (<a href=\"\/veikals\/contact-us\/\">kontakti<\/a>).<\/p>\n<p>Pla\u0161\u0101k: <a href=\"\/veikals\/abonesanas-noteikumi\/\">abon\u0113\u0161anas noteikumi<\/a>.<\/p>\n<h2>&#8220;Latvijas V\u0113stne\u0161a&#8221; gr\u0101matu un \u017eurn\u0101la &#8220;Jurista V\u0101rds&#8221;pieg\u0101de<\/h2>\n<p><span class=\"TextRun Highlight SCXW238247461 BCX0\" lang=\"LV-LV\" xml:lang=\"LV-LV\" data-contrast=\"auto\"><span class=\"NormalTextRun SCXW238247461 BCX0\">Internetveikal\u0101 nor\u0101d\u012btaj\u0101 preces cen\u0101 nav ietverta maksa par\u00a0<\/span><span class=\"NormalTextRun SCXW238247461 BCX0\">preces\u00a0<\/span><span class=\"NormalTextRun SCXW238247461 BCX0\">pieg\u0101di\u00a0<\/span><\/span><span class=\"TextRun SCXW238247461 BCX0\" lang=\"LV-LV\" xml:lang=\"LV-LV\" data-contrast=\"auto\"><span class=\"NormalTextRun SCXW238247461 BCX0\">\u2013<\/span><\/span><span class=\"TextRun Highlight SCXW238247461 BCX0\" lang=\"LV-LV\" xml:lang=\"LV-LV\" data-contrast=\"auto\"><span class=\"NormalTextRun SCXW238247461 BCX0\">\u00a0t\u0101 ir nor\u0101d\u012bta atsevi\u0161\u0137i, noform\u0113jot pirkumu<\/span><span class=\"NormalTextRun SCXW238247461 BCX0\">. Cena\u00a0<\/span><span class=\"NormalTextRun SCXW238247461 BCX0\">var main\u012bties atkar\u012bb\u0101 no\u00a0<\/span><span class=\"NormalTextRun SCXW238247461 BCX0\">p<\/span><span class=\"NormalTextRun SCXW238247461 BCX0\">irc\u0113ja izv\u0113l\u0113t\u0101 pieg\u0101des veida un preces svara.<\/span><\/span><\/p>\n<p>Tr\u012bs iesp\u0113jas<span class=\"NormalTextRun SCXW222725038 BCX0\">, k\u0101 sa\u0146emt i<\/span><span class=\"NormalTextRun SCXW222725038 BCX0\">nternetveikal\u0101 ieg\u0101d\u0101t\u0101s gr\u0101matas un \u017eurn\u0101lus:<\/span><\/p>\n<ol>\n<li><span class=\"TextRun Highlight SCXW207998700 BCX0\" lang=\"LV-LV\" xml:lang=\"LV-LV\" data-contrast=\"auto\"><span class=\"NormalTextRun SCXW207998700 BCX0\">bez maksas <span class=\"TextRun SCXW238247461 BCX0\" lang=\"LV-LV\" xml:lang=\"LV-LV\" data-contrast=\"auto\"><span class=\"NormalTextRun SCXW238247461 BCX0\">\u2013<\/span><\/span> &#8220;Latvijas V\u0113stnes\u012b&#8221;, skat. <a href=\"https:\/\/lv.lv\/lv\/kontakti\" target=\"_blank\" rel=\"noopener\">klientu apkalpo\u0161ana kl\u0101tien\u0113<\/a><\/span><\/span><span class=\"LineBreakBlob BlobObject DragDrop SCXW207998700 BCX0\"><br class=\"SCXW207998700 BCX0\" \/><\/span><span class=\"NormalTextRun  BCX0 SCXW174569639\">ar\u00a0<\/span><span class=\"NormalTextRun  BCX0 SCXW174569639\">&#8220;Latvijas Pasta&#8221; starpniec\u012bbu atbilsto\u0161i pakalpojuma sniedz\u0113ja noteiktajiem pieg\u0101des termi\u0146iem un\u00a0<\/span><span class=\"NormalTextRun  BCX0 SCXW174569639\">i<\/span><span class=\"NormalTextRun  BCX0 SCXW174569639\">nternetveikal\u0101 nor\u0101d\u012btajai pieg\u0101des maksai;<\/span><\/li>\n<li><span class=\"NormalTextRun  BCX0 SCXW192602126\">ar &#8220;<\/span><span class=\"NormalTextRun SpellingErrorV2  BCX0 SCXW192602126\">Omniva<\/span><span class=\"NormalTextRun  BCX0 SCXW192602126\">&#8221; starpniec\u012bbu atbilsto\u0161i pakalpojuma sniedz\u0113ja noteiktajiem pieg\u0101des termi\u0146iem un\u00a0<\/span><span class=\"NormalTextRun  BCX0 SCXW192602126\">i<\/span><span class=\"NormalTextRun  BCX0 SCXW192602126\">nternetveikal\u0101 nor\u0101d\u012btajai pieg\u0101des maksai.<\/span><\/li>\n<\/ol>\n<p><span data-contrast=\"auto\">Preces pieg\u0101dei\u00a0pirc\u0113ja izv\u0113l\u0113tajam komersantam, noform\u0113jot pas\u016bt\u012bjumu,\u00a0<\/span><b><span data-contrast=\"auto\">tiek nodotas 2 darba dienu laik\u0101<\/span><\/b><span data-contrast=\"auto\">\u00a0p\u0113c pas\u016bt\u012bjuma apmaksas (apliecin\u0101juma sa\u0146em\u0161anas par to).<\/span><span data-contrast=\"auto\">\u00a0\u00a0<\/span><span data-ccp-props=\"{&quot;201341983&quot;:0,&quot;335559739&quot;:160,&quot;335559740&quot;:259}\">\u00a0<\/span><\/p>\n<p><span data-contrast=\"auto\">Ja s\u016bt\u012bjums nav sa\u0146emts, l\u016bgums sazin\u0101ties ar &#8220;Latvijas V\u0113stne\u0161a&#8221; Las\u012bt\u0101ju servisu (<\/span><a href=\"\/veikals\/contact-us\/\"><span data-contrast=\"none\">kontakti<\/span><\/a><span data-contrast=\"auto\">).<\/span><\/p>\n<p>Pla\u0161\u0101k<a href=\"https:\/\/juristavards.lv\/veikals\/iegades-noteikumi\/\">: gr\u0101matu pieg\u0101des iesp\u0113jas un noteikumi<\/a>.<\/p>\n","protected":false},"excerpt":{"rendered":"<p>\u017durn\u0101la &#8220;Jurista V\u0101rds&#8221; abonementi Druk\u0101tais \u017eurn\u0101ls izn\u0101k reizi m\u0113nes\u012b \u2013 katra m\u0113ne\u0161a otraj\u0101 otrdien\u0101, t\u0101 pieg\u0101de\u00a0tiek nodro\u0161in\u0101ta ar abon\u0113\u0161anas perioda 1. laidienu (bet ne \u0101tr\u0101k k\u0101 5 darba dienas p\u0113c abon\u0113\u0161anas maksas sa\u0146em\u0161anas). Abon\u0113to druk\u0101to \u017eurn\u0101lu Latvijas teritorij\u0101 pieg\u0101d\u0101 VAS &#8220;Latvijas Pasts&#8221;.\u00a0 Eirop\u0101 un citur pasaul\u0113 \u2212\u202fizdevniec\u012bba ar pasta s\u016bt\u012bjumiem. Pieg\u0101des cenas Latvij\u0101 ir iek\u013cautas [&hellip;]<\/p>\n","protected":false},"author":3,"featured_media":0,"parent":0,"menu_order":0,"comment_status":"closed","ping_status":"closed","template":"","meta":{"footnotes":""},"class_list":["post-4398","page","type-page","status-publish","hentry"],"aioseo_notices":[],"_links":{"self":[{"href":"https:\/\/juristavards.lv\/veikals\/wp-json\/wp\/v2\/pages\/4398","targetHints":{"allow":["GET"]}}],"collection":[{"href":"https:\/\/juristavards.lv\/veikals\/wp-json\/wp\/v2\/pages"}],"about":[{"href":"https:\/\/juristavards.lv\/veikals\/wp-json\/wp\/v2\/types\/page"}],"author":[{"embeddable":true,"href":"https:\/\/juristavards.lv\/veikals\/wp-json\/wp\/v2\/users\/3"}],"replies":[{"embeddable":true,"href":"https:\/\/juristavards.lv\/veikals\/wp-json\/wp\/v2\/comments?post=4398"}],"version-history":[{"count":15,"href":"https:\/\/juristavards.lv\/veikals\/wp-json\/wp\/v2\/pages\/4398\/revisions"}],"predecessor-version":[{"id":13859,"href":"https:\/\/juristavards.lv\/veikals\/wp-json\/wp\/v2\/pages\/4398\/revisions\/13859"}],"wp:attachment":[{"href":"https:\/\/juristavards.lv\/veikals\/wp-json\/wp\/v2\/media?parent=4398"}],"curies":[{"name":"wp","href":"https:\/\/api.w.org\/{rel}","templated":true}]}}