{"id":4403,"date":"2021-09-29T09:56:39","date_gmt":"2021-09-29T06:56:39","guid":{"rendered":"https:\/\/juristavards.lv\/veikals\/?page_id=4403"},"modified":"2025-04-28T15:10:22","modified_gmt":"2025-04-28T12:10:22","slug":"apmaksa","status":"publish","type":"page","link":"https:\/\/juristavards.lv\/veikals\/apmaksa\/","title":{"rendered":"Apmaksa"},"content":{"rendered":"<h2>\u017durn\u0101la &#8220;Jurista V\u0101rds&#8221; abonementi<\/h2>\n<p>Noform\u0113jot \u017eurn\u0101la &#8220;Jurista V\u0101rds&#8221; (izdev\u0113js &#8220;Latvijas V\u0113stnesis&#8221;) abonementu, klients piekr\u012bt sa\u0146emt r\u0113\u0137inu elektroniski bez rekviz\u012bta \u201cParaksts\u201d. P\u0113c klienta piepras\u012bjuma r\u0113\u0137ins var tikt nos\u016bt\u012bts pa e-pastu ar\u012b ar dro\u0161u elektronisko parakstu, kas satur laika z\u012bmogu.<\/p>\n<p>Par pirkumu &#8220;Latvijas V\u0113stne\u0161a&#8221; internetveikal\u0101 <i>juristavards.lv\/veikals<\/i>\u00a0var nor\u0113\u0137in\u0101ties \u0161\u0101dos veidos:<\/p>\n<ul>\n<li data-leveltext=\"\uf0b7\" data-font=\"Symbol\" data-listid=\"2\" data-aria-posinset=\"1\" data-aria-level=\"1\">\u00a0ar maks\u0101juma kart\u0113m\u00a0Eurocard\/MasterCard, Maestro, VISA, VISA\u00a0Electron;<\/li>\n<li data-leveltext=\"\uf0b7\" data-font=\"Symbol\" data-listid=\"2\" data-aria-posinset=\"1\" data-aria-level=\"1\">\u00a0ar\u00a0<i>bank-link\u00a0<\/i>maks\u0101jumu Swedbank, SEB banka, Citadele banka,\u00a0Luminor\u00a0Bank\u00a0klientiem;<\/li>\n<li data-leveltext=\"\uf0b7\" data-font=\"Symbol\" data-listid=\"2\" data-aria-posinset=\"1\" data-aria-level=\"1\">\u00a0apmaks\u0101jot r\u0113\u0137inu ar p\u0101rskait\u012bjumu bank\u0101 vai internetbank\u0101. Maks\u0101jum\u0101 oblig\u0101ti j\u0101nor\u0101da r\u0113\u0137ina numurs, un maks\u0101jums j\u0101veic l\u012bdz datumam, kas nor\u0101d\u012bts r\u0113\u0137in\u0101.<\/li>\n<\/ul>\n<p>Atkar\u012bb\u0101 no izv\u0113l\u0113t\u0101 apmaksas veida nor\u0113\u0137inu pakalpojuma sniedz\u0113js no klienta var iekas\u0113t maksu par r\u0113\u0137ina summas transakciju. Par \u0161\u012bs maksas apm\u0113ru VSIA \u201eLatvijas V\u0113stnesis\u201d neatbild.<\/p>\n<p>Internetveikal\u0101 nor\u0101d\u012bt\u0101 cena par izv\u0113l\u0113to pakalpojumu ir gal\u012bga un ir sp\u0113k\u0101 pakalpojuma noform\u0113\u0161anas br\u012bd\u012b. Ja saist\u012bb\u0101 ar klienta izv\u0113l\u0113to pakalpojumu var\u0113tu rasties k\u0101das papildu izmaksas, kas neietilpst pakalpojuma cen\u0101, t\u0101s tiek skaidri nor\u0101d\u012btas pirms pas\u016bt\u012bjuma noform\u0113\u0161anas.<\/p>\n<p>Pla\u0161\u0101k\u00a0par atlaid\u0113m, nor\u0113\u0137inu\u00a0veidiem, neapmaks\u0101tiem r\u0113\u0137iniem: <a href=\"\/veikals\/abonesanas-noteikumi\/\">abon\u0113\u0161anas noteikumi<\/a>.<\/p>\n<h2>Atsevi\u0161\u0137i \u017eurn\u0101li &#8220;Jurista V\u0101rds&#8221;<\/h2>\n<p>Iesp\u0113ja ieg\u0101d\u0101ties druk\u0101to \u017eurn\u0101lu &#8220;Jurista V\u0101rds&#8221; (k\u0101 atsevi\u0161\u0137as vien\u012bbas), pas\u016bt\u012bjumu noform\u0113jot &#8220;Latvijas V\u0113stne\u0161a&#8221; internetveikal\u0101 <a href=\"\/veikals\/produkta-kategorija\/zurnali\/\">sada\u013c\u0101 &#8220;\u017durn\u0101li&#8221;<\/a>.<\/p>\n<p>Apmaksa:<\/p>\n<ul style=\"font-weight: 400\">\n<li data-leveltext=\"\uf0b7\" data-font=\"Symbol\" data-listid=\"2\" data-aria-posinset=\"1\" data-aria-level=\"1\">ar maks\u0101juma kart\u0113m\u00a0Eurocard\/MasterCard, Maestro, VISA, VISA\u00a0Electron;<\/li>\n<li data-leveltext=\"\uf0b7\" data-font=\"Symbol\" data-listid=\"2\" data-aria-posinset=\"2\" data-aria-level=\"1\">ar\u00a0<i>bank-link\u00a0<\/i>maks\u0101jumu Swedbank, SEB banka, Citadele banka, \u00a0Luminor\u00a0Bank klientiem;<\/li>\n<li data-leveltext=\"\uf0b7\" data-font=\"Symbol\" data-listid=\"2\" data-aria-posinset=\"3\" data-aria-level=\"1\">apmaks\u0101jot r\u0113\u0137inu ar p\u0101rskait\u012bjumu bank\u0101 vai internetbank\u0101. Maks\u0101jum\u0101 oblig\u0101ti j\u0101nor\u0101da r\u0113\u0137ina numurs, un maks\u0101jums j\u0101veic l\u012bdz datumam, kas nor\u0101d\u012bts r\u0113\u0137in\u0101.<\/li>\n<\/ul>\n<p>Pla\u0161\u0101k:<a href=\"\/veikals\/iegades-noteikumi\/\">\u00a0\u017eurn\u0101lu pieg\u0101des iesp\u0113jas un noteikumi<\/a>.<\/p>\n<h2>Apmaksa par &#8220;Latvijas V\u0113stne\u0161a&#8221; gr\u0101matu ieg\u0101di<\/h2>\n<p>Iesp\u0113ja ieg\u0101d\u0101ties\u00a0 ofici\u0101l\u0101 izdev\u0113ja &#8220;Latvijas V\u0113stnesis&#8221; izdot\u0101s gr\u0101matas, pas\u016bt\u012bjumu noform\u0113jot &#8220;Latvijas V\u0113stne\u0161a&#8221; internetveikal\u0101 sada\u013c\u0101 &#8220;Gr\u0101matas<a href=\"\/veikals\/produkta-kategorija\/zurnali\/\">&#8220;<\/a>.<\/p>\n<p>Apmaksa:<\/p>\n<ul style=\"font-weight: 400\">\n<li data-leveltext=\"\uf0b7\" data-font=\"Symbol\" data-listid=\"2\" data-aria-posinset=\"1\" data-aria-level=\"1\">ar maks\u0101juma kart\u0113m\u00a0Eurocard\/MasterCard, Maestro, VISA, VISA\u00a0Electron;<\/li>\n<li data-leveltext=\"\uf0b7\" data-font=\"Symbol\" data-listid=\"2\" data-aria-posinset=\"2\" data-aria-level=\"1\">ar\u00a0<i>bank-link\u00a0<\/i>maks\u0101jumu Swedbank, SEB banka, Citadele banka, \u00a0Luminor\u00a0Bank klientiem;<\/li>\n<li data-leveltext=\"\uf0b7\" data-font=\"Symbol\" data-listid=\"2\" data-aria-posinset=\"3\" data-aria-level=\"1\">apmaks\u0101jot r\u0113\u0137inu ar p\u0101rskait\u012bjumu bank\u0101 vai internetbank\u0101. Maks\u0101jum\u0101 oblig\u0101ti j\u0101nor\u0101da r\u0113\u0137ina numurs, un maks\u0101jums j\u0101veic l\u012bdz datumam, kas nor\u0101d\u012bts r\u0113\u0137in\u0101.<\/li>\n<\/ul>\n<p>Pla\u0161\u0101k: <a href=\"\/veikals\/iegades-noteikumi\/\">gr\u0101matu pieg\u0101des iesp\u0113jas un noteikumi.<\/a><\/p>\n","protected":false},"excerpt":{"rendered":"<p>\u017durn\u0101la &#8220;Jurista V\u0101rds&#8221; abonementi Noform\u0113jot \u017eurn\u0101la &#8220;Jurista V\u0101rds&#8221; (izdev\u0113js &#8220;Latvijas V\u0113stnesis&#8221;) abonementu, klients piekr\u012bt sa\u0146emt r\u0113\u0137inu elektroniski bez rekviz\u012bta \u201cParaksts\u201d. P\u0113c klienta piepras\u012bjuma r\u0113\u0137ins var tikt nos\u016bt\u012bts pa e-pastu ar\u012b ar dro\u0161u elektronisko parakstu, kas satur laika z\u012bmogu. Par pirkumu &#8220;Latvijas V\u0113stne\u0161a&#8221; internetveikal\u0101 juristavards.lv\/veikals\u00a0var nor\u0113\u0137in\u0101ties \u0161\u0101dos veidos: \u00a0ar maks\u0101juma kart\u0113m\u00a0Eurocard\/MasterCard, Maestro, VISA, VISA\u00a0Electron; \u00a0ar\u00a0bank-link\u00a0maks\u0101jumu Swedbank, [&hellip;]<\/p>\n","protected":false},"author":3,"featured_media":0,"parent":0,"menu_order":0,"comment_status":"closed","ping_status":"closed","template":"","meta":{"footnotes":""},"class_list":["post-4403","page","type-page","status-publish","hentry"],"aioseo_notices":[],"_links":{"self":[{"href":"https:\/\/juristavards.lv\/veikals\/wp-json\/wp\/v2\/pages\/4403","targetHints":{"allow":["GET"]}}],"collection":[{"href":"https:\/\/juristavards.lv\/veikals\/wp-json\/wp\/v2\/pages"}],"about":[{"href":"https:\/\/juristavards.lv\/veikals\/wp-json\/wp\/v2\/types\/page"}],"author":[{"embeddable":true,"href":"https:\/\/juristavards.lv\/veikals\/wp-json\/wp\/v2\/users\/3"}],"replies":[{"embeddable":true,"href":"https:\/\/juristavards.lv\/veikals\/wp-json\/wp\/v2\/comments?post=4403"}],"version-history":[{"count":16,"href":"https:\/\/juristavards.lv\/veikals\/wp-json\/wp\/v2\/pages\/4403\/revisions"}],"predecessor-version":[{"id":12523,"href":"https:\/\/juristavards.lv\/veikals\/wp-json\/wp\/v2\/pages\/4403\/revisions\/12523"}],"wp:attachment":[{"href":"https:\/\/juristavards.lv\/veikals\/wp-json\/wp\/v2\/media?parent=4403"}],"curies":[{"name":"wp","href":"https:\/\/api.w.org\/{rel}","templated":true}]}}