{"id":4410,"date":"2021-09-29T10:24:07","date_gmt":"2021-09-29T07:24:07","guid":{"rendered":"https:\/\/juristavards.lv\/veikals\/?page_id=4410"},"modified":"2022-02-24T13:35:00","modified_gmt":"2022-02-24T11:35:00","slug":"par-mums","status":"publish","type":"page","link":"https:\/\/juristavards.lv\/veikals\/par-mums\/","title":{"rendered":"Par mums"},"content":{"rendered":"<h2>Par mums<\/h2>\n<p>Internetveikala \u012bpa\u0161nieks un \u017eurn\u0101la \u201cJurista V\u0101rds\u201d izdev\u0113js, k\u0101 ar\u012b port\u0101la <em>juristavards.lv<\/em> uztur\u0113t\u0101js ir\u00a0<a href=\"https:\/\/lv.lv\/?menu=par_mums&amp;sid=42\" target=\"_blank\" rel=\"noreferrer noopener\">VSIA \u201cLatvijas V\u0113stnesis\u201d<\/a>, Latvijas Republikas ofici\u0101lais izdev\u0113js. Internetveikals \u2013 <em>juristavards.lv\/veikals<\/em> \u2013 ir port\u0101la <em>juristavards.lv<\/em>\u00a0da\u013ca.<\/p>\n<p>Ofici\u0101lo publik\u0101ciju un tiesisk\u0101s\u00a0inform\u0101cijas likums, nosaka, ka ofici\u0101lais izdev\u0113js &#8220;Latvijas V\u0113stnesis&#8221; izdod\u00a0ties\u012bbpolitikas, ties\u012bbu piem\u0113ro\u0161anas un juridisk\u0101s t\u0101l\u0101kizgl\u012bt\u012bbas\u00a0<a href=\"https:\/\/juristavards.lv\/redakcija.php\" target=\"_blank\" rel=\"noreferrer noopener\">specializ\u0113to \u017eurn\u0101lu &#8220;Jurista V\u0101rds&#8221;<\/a>\u00a0un uztur t\u0101 vietni\u00a0<em>juristavards.lv<\/em>,\u00a0k\u0101 ar\u012b\u00a0izdod iespieddarbus\u00a0(<a href=\"https:\/\/likumi.lv\/ta\/id\/249322\/redakcijas-datums\/2021\/01\/01#p14\" target=\"_blank\" rel=\"noreferrer noopener\">14. panta\u00a0otr\u0101\u00a0da\u013ca<\/a>).<\/p>\n<p>&#8220;Latvijas V\u0113stnesis&#8221; internetveikalu izmanto pre\u010du un pakalpojumu tirdzniec\u012bbai, k\u0101 ar\u012b port\u0101la\u00a0<em>juristavards.lv<\/em>\u00a0apmekl\u0113t\u0101ju inform\u0113\u0161anai par aktu\u0101lajiem pied\u0101v\u0101jumiem.\u00a0\u0160eit var ieg\u0101d\u0101ties:<\/p>\n<ul>\n<li data-leveltext=\"\uf0b7\" data-font=\"Symbol\" data-listid=\"2\" data-aria-posinset=\"1\" data-aria-level=\"1\">\u017eurn\u0101la &#8220;Jurista V\u0101rds&#8221;\u00a0<a href=\"\/veikals\/produkta-kategorija\/abonementi\/\">abonementus<\/a>,<\/li>\n<li data-leveltext=\"\uf0b7\" data-font=\"Symbol\" data-listid=\"2\" data-aria-posinset=\"1\" data-aria-level=\"1\">&#8220;Jurista V\u0101rda&#8221; <a href=\"https:\/\/juristavards.lv\/zurnals.php?mode=visi\">\u017eurn\u0101lus<\/a>,<\/li>\n<li data-leveltext=\"\uf0b7\" data-font=\"Symbol\" data-listid=\"2\" data-aria-posinset=\"1\" data-aria-level=\"1\">&#8220;Latvijas V\u0113stne\u0161a&#8221; <a href=\"https:\/\/lv.lv\/?menu=pakalpojumi&amp;sid=27\">izdot\u0101s gr\u0101matas.<\/a><\/li>\n<\/ul>\n<p>Sazi\u0146u ar klientiem nodro\u0161ina \u201cLatvijas V\u0113stne\u0161a\u201d\u00a0 Las\u012bt\u0101ju serviss (<a href=\"\/veikals\/contact-us\/\" target=\"_blank\" rel=\"noreferrer noopener\">kontakti<\/a>).<\/p>\n","protected":false},"excerpt":{"rendered":"<p>Par mums Internetveikala \u012bpa\u0161nieks un \u017eurn\u0101la \u201cJurista V\u0101rds\u201d izdev\u0113js, k\u0101 ar\u012b port\u0101la juristavards.lv uztur\u0113t\u0101js ir\u00a0VSIA \u201cLatvijas V\u0113stnesis\u201d, Latvijas Republikas ofici\u0101lais izdev\u0113js. Internetveikals \u2013 juristavards.lv\/veikals \u2013 ir port\u0101la juristavards.lv\u00a0da\u013ca. Ofici\u0101lo publik\u0101ciju un tiesisk\u0101s\u00a0inform\u0101cijas likums, nosaka, ka ofici\u0101lais izdev\u0113js &#8220;Latvijas V\u0113stnesis&#8221; izdod\u00a0ties\u012bbpolitikas, ties\u012bbu piem\u0113ro\u0161anas un juridisk\u0101s t\u0101l\u0101kizgl\u012bt\u012bbas\u00a0specializ\u0113to \u017eurn\u0101lu &#8220;Jurista V\u0101rds&#8221;\u00a0un uztur t\u0101 vietni\u00a0juristavards.lv,\u00a0k\u0101 ar\u012b\u00a0izdod iespieddarbus\u00a0(14. panta\u00a0otr\u0101\u00a0da\u013ca). &#8220;Latvijas [&hellip;]<\/p>\n","protected":false},"author":3,"featured_media":0,"parent":0,"menu_order":0,"comment_status":"closed","ping_status":"closed","template":"","meta":{"footnotes":""},"class_list":["post-4410","page","type-page","status-publish","hentry"],"aioseo_notices":[],"_links":{"self":[{"href":"https:\/\/juristavards.lv\/veikals\/wp-json\/wp\/v2\/pages\/4410","targetHints":{"allow":["GET"]}}],"collection":[{"href":"https:\/\/juristavards.lv\/veikals\/wp-json\/wp\/v2\/pages"}],"about":[{"href":"https:\/\/juristavards.lv\/veikals\/wp-json\/wp\/v2\/types\/page"}],"author":[{"embeddable":true,"href":"https:\/\/juristavards.lv\/veikals\/wp-json\/wp\/v2\/users\/3"}],"replies":[{"embeddable":true,"href":"https:\/\/juristavards.lv\/veikals\/wp-json\/wp\/v2\/comments?post=4410"}],"version-history":[{"count":11,"href":"https:\/\/juristavards.lv\/veikals\/wp-json\/wp\/v2\/pages\/4410\/revisions"}],"predecessor-version":[{"id":6795,"href":"https:\/\/juristavards.lv\/veikals\/wp-json\/wp\/v2\/pages\/4410\/revisions\/6795"}],"wp:attachment":[{"href":"https:\/\/juristavards.lv\/veikals\/wp-json\/wp\/v2\/media?parent=4410"}],"curies":[{"name":"wp","href":"https:\/\/api.w.org\/{rel}","templated":true}]}}