{"id":4727,"date":"2021-10-14T20:03:30","date_gmt":"2021-10-14T17:03:30","guid":{"rendered":"https:\/\/juristavards.lv\/veikals\/?page_id=4727"},"modified":"2025-06-02T08:51:08","modified_gmt":"2025-06-02T05:51:08","slug":"iegades-noteikumi","status":"publish","type":"page","link":"https:\/\/juristavards.lv\/veikals\/iegades-noteikumi\/","title":{"rendered":"Ieg\u0101des noteikumi"},"content":{"rendered":"\n<p><br>VSIA \u201cLatvijas V\u0113stnesis\u201d r\u012bkojums Nr. A1-5\/134. Sp\u0113k\u0101 no: 01.06.2025.<\/p>\n\n\n\n<p><\/p>\n\n\n\n<h2 class=\"wp-block-heading\"><strong>VSIA \u201cLatvijas V\u0113stnesis\u201d izdoto gr\u0101matu un<\/strong> <strong>&nbsp;\u017eurn\u0101la \u201cJurista V\u0101rds\u201d drukas&nbsp;form\u0101ta<\/strong>&nbsp;<strong> ieg\u0101des noteikumi<\/strong><\/h2>\n\n\n\n<h3 class=\"wp-block-heading\"><\/h3>\n\n\n\n<p>\u0160ajos noteikumos paredz\u0113taj\u0101 k\u0101rt\u012bb\u0101&nbsp;distances&nbsp;l\u012bgums (\u0161is l\u012bgums) tiek sl\u0113gts starp VSIA \u201cLatvijas V\u0113stnesis\u201d, re\u0123istr\u0101cijas Nr. 40003113794, juridisk\u0101 adrese: Bru\u0146inieku iela 41, R\u012bga, LV-1011, Latvija, (turpm\u0101k \u2013 <strong>P\u0101rdev\u0113js<\/strong>), un fizisku vai juridisku personu (turpm\u0101k \u2013 <strong>Pirc\u0113js<\/strong>), kas veic pre\u010du pirkumu P\u0101rdev\u0113ja t\u012bmek\u013ca vietn\u0113&nbsp;<em>juristavards.lv\/veikals<\/em>&nbsp;(turpm\u0101k \u2013&nbsp;<strong>Internetveikals<\/strong>).<\/p>\n\n\n\n<h3 class=\"wp-block-heading\"><strong>1. Visp\u0101r\u012bgie noteikumi&nbsp;<\/strong><\/h3>\n\n\n\n<p>1.1. Ned\u0113\u013cas \u017eurn\u0101la \u201cJurista V\u0101rds\u201d drukas&nbsp;form\u0101ta&nbsp;un VSIA&nbsp;\u201cLatvijas V\u0113stnesis\u201d&nbsp;izdoto gr\u0101matu ieg\u0101dei, k\u0101 ar\u012b pretenziju izskat\u012b\u0161anai ir piem\u0113rojami&nbsp;Latvijas Republikas normat\u012bvie&nbsp;akti un \u0161ie&nbsp;\u201cGr\u0101matu un \u017eurn\u0101la \u201cJurista V\u0101rds\u201d drukas&nbsp;form\u0101ta&nbsp;<strong> <\/strong>ieg\u0101des noteikumi\u201d (turpm\u0101k tekst\u0101&nbsp;<strong>\u2013<\/strong>&nbsp;Noteikumi).&nbsp;<\/p>\n\n\n\n<p>1.2.&nbsp;Internetveikala \u012bpa\u0161nieks, \u017eurn\u0101la \u201cJurista V\u0101rds\u201d un gr\u0101matu izdev\u0113js ir VSIA \u201cLatvijas V\u0113stnesis\u201d. Internetveikalu izmanto pre\u010du un pakalpojumu tirdzniec\u012bbai, k\u0101 ar\u012b port\u0101la&nbsp;<em>juristavards.lv<\/em>&nbsp;apmekl\u0113t\u0101ju inform\u0113\u0161anai par aktu\u0101lajiem pied\u0101v\u0101jumiem.&nbsp;<\/p>\n\n\n\n<p>1.3.&nbsp;Pas\u016bt\u012bjumu noform\u0113\u0161anu, sazi\u0146u ar&nbsp;Pirc\u0113ju&nbsp;un to apkalpo\u0161anu&nbsp;nodro\u0161ina VSIA \u201cLatvijas V\u0113stnesis\u201d Las\u012bt\u0101ju servisa darbinieki.&nbsp;&nbsp;&nbsp;<\/p>\n\n\n\n<p>1.4.&nbsp;Pirkuma noform\u0113\u0161anai, konsult\u0101cij\u0101m un&nbsp;s\u016bdz\u012bb\u0101m&nbsp;Pirc\u0113jiem&nbsp;ir pieejamas \u0161\u0101das sazi\u0146as iesp\u0113jas:&nbsp;&nbsp;&nbsp;&nbsp;<\/p>\n\n\n\n<ul class=\"wp-block-list\">\n<li>Las\u012bt\u0101ju servisa informat\u012bvais t\u0101lrunis: 67311161 (darba dien\u0101s no pulksten 9 l\u012bdz 17.00);&nbsp;&nbsp;&nbsp;<\/li>\n\n\n\n<li>e-pasta adrese:&nbsp;<a href=\"mailto:abonenti@lv.lv\"><em>abonenti@lv.lv<\/em><\/a>;&nbsp;&nbsp;<\/li>\n\n\n\n<li>pasta adrese: Bru\u0146inieku iela 41, R\u012bga, LV-1011, Latvija.&nbsp;&nbsp;<\/li>\n<\/ul>\n\n\n\n<p>1.5. Papildus \u0161iem&nbsp;Noteikumiem&nbsp;uz distances l\u012bgumu, kas starp pus\u0113m tiek nosl\u0113gts, veicot pirkumu Internetveikal\u0101, v\u0113l attiecas:&nbsp;&nbsp;<\/p>\n\n\n\n<p>1.5.1.&nbsp;<a href=\"https:\/\/lv.lv\/?menu=par_mums&amp;sid=132\">VSIA \u201cLatvijas V\u0113stnesis\u201d Priv\u0101tuma politika;<\/a>&nbsp;&nbsp;<\/p>\n\n\n\n<p>1.5.2&nbsp;citi tre\u0161o personu (pu\u0161u) izdoti noteikumi, kas attiecas uz&nbsp;pre\u010du&nbsp;pieg\u0101di, par kuriem&nbsp;Pirc\u0113js&nbsp;tiek inform\u0113ts.&nbsp;&nbsp;<\/p>\n\n\n\n<p>1.6. VSIA \u201cLatvijas V\u0113stnesis\u201d ir ties\u012bgs main\u012bt \u0161os&nbsp;Noteikumus, un&nbsp;Pirc\u0113jiem&nbsp;ir saisto\u0161a&nbsp;to&nbsp;aktu\u0101l\u0101 redakcija, kas ir sp\u0113k\u0101 pirkuma noform\u0113\u0161anas br\u012bd\u012b.&nbsp;<\/p>\n\n\n\n<h3 class=\"wp-block-heading\"><strong>2. L\u012bguma priek\u0161mets&nbsp;<\/strong><\/h3>\n\n\n\n<p>2.1.&nbsp;Distances l\u012bgums ir vieno\u0161an\u0101s starp Pirc\u0113ju un P\u0101rdev\u0113ju, pamatojoties uz P\u0101rdev\u0113ja&nbsp;Internetveikala pied\u0101v\u0101jumu&nbsp;un Pirc\u0113ja ieg\u0101d\u0101to preci.&nbsp;<\/p>\n\n\n\n<p>2.2.&nbsp;L\u012bgums attiecas uz visiem pas\u016bt\u012bjumiem, kas veikti P\u0101rdev\u0113ja&nbsp;Internetveikal\u0101 (iz\u0146emot abon\u0113\u0161anu).&nbsp;<\/p>\n\n\n\n<h3 class=\"wp-block-heading\"><strong>3. L\u012bguma nosl\u0113g\u0161ana un sp\u0113k\u0101 st\u0101\u0161an\u0101s&nbsp;<\/strong><\/h3>\n\n\n\n<p>3.1.&nbsp;L\u012bgums st\u0101jas sp\u0113k\u0101, tikl\u012bdz Pirc\u0113js&nbsp;ir apmaks\u0101jis&nbsp;pas\u016bt\u012bjumu&nbsp;Internetveikal\u0101 un&nbsp;par to&nbsp;sa\u0146\u0113mis P\u0101rdev\u0113ja apstiprin\u0101jumu ar elektronisk\u0101 pasta starpniec\u012bbu.&nbsp;&nbsp;<\/p>\n\n\n\n<p>3.2.&nbsp;Pas\u016bt\u012bjumu un pas\u016bt\u012bjuma apstiprin\u0101jumu uzskata par sa\u0146emtiem&nbsp;n\u0101kamaj\u0101 darba dien\u0101 p\u0113c to nos\u016bt\u012b\u0161anas, iz\u0146emot gad\u012bjumus, kad objekt\u012bvi Puses nav&nbsp;var\u0113ju\u0161as sa\u0146emt nos\u016bt\u012bto inform\u0101ciju (piem\u0113ram, sakaru trauc\u0113jumi).&nbsp;&nbsp;<\/p>\n\n\n\n<h3 class=\"wp-block-heading\"><strong>4. Pre\u010du pas\u016bt\u012b\u0161anas noteikumi&nbsp;<\/strong><\/h3>\n\n\n\n<p>4.1.&nbsp;Lai&nbsp;Internetveikal\u0101&nbsp;ieg\u0101d\u0101tos&nbsp;gr\u0101matas un&nbsp;\u017eurn\u0101lus, nav nepiecie\u0161ama&nbsp;iepriek\u0161\u0113ja&nbsp;re\u0123istr\u0113\u0161an\u0101s&nbsp;vai autoriz\u0113\u0161an\u0101s.&nbsp;Situ\u0101cij\u0101, ja Pirc\u0113js&nbsp;vienlaikus ieg\u0101d\u0101jas&nbsp;gan \u017eurn\u0101lu un\/vai&nbsp;gr\u0101matu, gan&nbsp;\u017eurn\u0101la&nbsp;\u201cJurista V\u0101rds\u201d&nbsp;abonementu&nbsp;(kura&nbsp;noform\u0113\u0161anai nepiecie\u0161ama autoriz\u0113\u0161an\u0101s), autoriz\u0113\u0161an\u0101s nepiecie\u0161ama visam pirkumam.&nbsp;&nbsp;<\/p>\n\n\n\n<p>4.2.&nbsp;Pirkuma noform\u0113\u0161ana:&nbsp;<\/p>\n\n\n\n<p><strong>1. solis.<\/strong>&nbsp;Gr\u0101matu&nbsp;vai \u017eurn\u0101lu&nbsp;katalog\u0101&nbsp;ieg\u0101dei&nbsp;<strong>j\u0101izv\u0113las viena vai vair\u0101kas konkr\u0113tas preces;<\/strong>&nbsp;<strong>j\u0101pievieno&nbsp;pirkuma grozam<\/strong>.&nbsp;T\u0101&nbsp;saturu var main\u012bt.&nbsp;<\/p>\n\n\n\n<p><strong>2. solis. J\u0101apstiprina pas\u016bt\u012bjums<\/strong>.&nbsp;<\/p>\n\n\n\n<p><strong>3. solis. J\u0101aizpilda pas\u016bt\u012bjuma anketa<\/strong>&nbsp;un j\u0101izv\u0113las&nbsp;<strong>pieg\u0101des veids<\/strong>. Atkar\u012bb\u0101 no pieg\u0101des veida&nbsp;pas\u016bt\u012bjuma kopsummai tiek&nbsp;pievienota papildu samaksa par pieg\u0101di&nbsp;saska\u0146\u0101 ar&nbsp;pakalpojuma sniedz\u0113ja cenr\u0101di.&nbsp;Balstoties uz&nbsp;Pirc\u0113ja&nbsp;piepras\u012bjumu un t\u0101&nbsp;sniegto&nbsp;inform\u0101ciju,&nbsp;tiek sagatavots&nbsp;r\u0113\u0137ins (vai pavadz\u012bme).&nbsp;R\u0113\u0137ins (vai pavadz\u012bme) tiek sagatavots elektroniski un nos\u016bt\u012bts uz Pirc\u0113ja nor\u0101d\u012bto e-pasta adresi. Noform\u0113jot pas\u016bt\u012bjumu, Pirc\u0113js piekr\u012bt sa\u0146emt r\u0113\u0137inu (vai pavadz\u012bmi) elektroniski bez rekviz\u012bta \u201cParaksts\u201d. P\u0113c Pirc\u0113ja piepras\u012bjuma r\u0113\u0137ins (vai pavadz\u012bme) var tikt nos\u016bt\u012bts&nbsp;uz&nbsp;e-pastu ar\u012b ar dro\u0161u elektronisko parakstu.&nbsp;<\/p>\n\n\n\n<p><strong>Veicot pas\u016bt\u012bjumu, Pirc\u0113jam j\u0101nor\u0101da:<\/strong>&nbsp;<\/p>\n\n\n\n<ul class=\"wp-block-list\">\n<li>prece un t\u0101s daudzums;&nbsp;<\/li>\n\n\n\n<li>pirc\u0113ja v\u0101rds, uzv\u0101rds \/ juridiskai personai&nbsp;\u2013&nbsp;uz\u0146\u0113muma nosaukums;&nbsp;<\/li>\n\n\n\n<li>personas kods&nbsp;\/&nbsp;juridiskai personai&nbsp;\u2013&nbsp;uz\u0146\u0113muma re\u0123istr\u0101cijas numurs un juridisk\u0101 adrese;&nbsp;<\/li>\n\n\n\n<li>pieg\u0101des veids (VAS \u201cLatvijas Pasts\u201d, re\u0123.nr. 40003052790 (turpm\u0101k \u2013 \u201cLatvijas Pasts\u201d) vai SIA&nbsp;\u201cOmniva\u201d&nbsp;(turpm\u0101k&nbsp;\u2013&nbsp;\u201cOmniva\u201d)&nbsp;pakom\u0101ts&nbsp;(Latvij\u0101);&nbsp;<\/li>\n\n\n\n<li>pieg\u0101des adrese (ja izv\u0113l\u0113ts \u201cLatvijas Pasts\u201d) vai \u201cOmniva\u201d&nbsp;pakom\u0101ta&nbsp;adrese (ja izv\u0113l\u0113ta \u201cOmniva\u201d);&nbsp;<\/li>\n\n\n\n<li>Kontaktt\u0101lrunis un e-pasta adrese.&nbsp;&nbsp;<\/li>\n<\/ul>\n\n\n\n<p><strong>4. solis.<\/strong>&nbsp;Pirc\u0113jam j\u0101aizpilda lauki, kas nor\u0101d\u012bti k\u0101 minim\u0101li nepiecie\u0161amie maks\u0101juma veik\u0161anai, un j\u0101veic maks\u0101jums.&nbsp;Lai pabeigtu pas\u016bt\u012bjuma apstr\u0101di, Pirc\u0113jam j\u0101iepaz\u012bstas ar \u0161iem Noteikumiem un P<a href=\"https:\/\/lv.lv\/?menu=par_mums&amp;sid=132\">riv\u0101tuma politiku<\/a>, sniedzot par to apliecin\u0101jumu.&nbsp;<\/p>\n\n\n\n<p><strong>5. solis.<\/strong>&nbsp;Pirc\u0113ja pas\u016bt\u012bjums tiek&nbsp;re\u0123istr\u0113ts p\u0113c tam, kad Pirc\u0113js&nbsp;ir&nbsp;veicis maks\u0101jumu. Uz Pirc\u0113ja nor\u0101d\u012bto e-pasta adresi tiek&nbsp;nos\u016bt\u012bts Pas\u016bt\u012bjuma re\u0123istr\u0113\u0161anas apliecin\u0101jums.&nbsp;<\/p>\n\n\n\n<p>4.3.&nbsp;Pas\u016bt\u012bjums tiek apstr\u0101d\u0101ts darba dien\u0101s no&nbsp;pulksten&nbsp;10.00 l\u012bdz 17.00. Ja pas\u016bt\u012bjums veikts cit\u0101 laik\u0101, to apstr\u0101d\u0101&nbsp;<strong>n\u0101kamaj\u0101<\/strong>&nbsp;darba dien\u0101.&nbsp;<\/p>\n\n\n\n<p>4.4.&nbsp;P\u0113c pas\u016bt\u012bjuma sa\u0146em\u0161anas nepiecie\u0161am\u012bbas gad\u012bjum\u0101 P\u0101rdev\u0113js sazin\u0101sies ar Pirc\u0113ju, lai, iesp\u0113jams, preciz\u0113tu inform\u0101ciju un\/vai apstiprin\u0101tu pas\u016bt\u012bjumu.&nbsp;<\/p>\n\n\n\n<p>4.5. Pre\u010du cenas&nbsp;Internetveikal\u0101&nbsp;ir nor\u0101d\u012btas ar pievienot\u0101s v\u0113rt\u012bbas nodokli (PVN).&nbsp;<\/p>\n\n\n\n<h3 class=\"wp-block-heading\"><strong>5. Preces apmaksas noteikumi&nbsp;<\/strong><\/h3>\n\n\n\n<p>5.1. Par pirkumu&nbsp;Internetveikal\u0101&nbsp;var nor\u0113\u0137in\u0101ties \u0161\u0101dos veidos:&nbsp;&nbsp;<\/p>\n\n\n\n<ul class=\"wp-block-list\">\n<li>ar maks\u0101juma kart\u0113m&nbsp;<em>Eurocard\/MasterCard, Maestro, VISA;<\/em>&nbsp;&nbsp;<\/li>\n\n\n\n<li>ar&nbsp;<em>bank-link<\/em>&nbsp;maks\u0101jumu Swedbank, SEB banka, Citadele banka,&nbsp;<em>Luminor&nbsp;Bank<\/em>&nbsp;klientiem;&nbsp;&nbsp;<\/li>\n\n\n\n<li>apmaks\u0101jot r\u0113\u0137inu ar p\u0101rskait\u012bjumu bank\u0101 vai internetbank\u0101. Maks\u0101jum\u0101 oblig\u0101ti j\u0101nor\u0101da r\u0113\u0137ina numurs, un maks\u0101jums j\u0101veic l\u012bdz datumam, kas nor\u0101d\u012bts r\u0113\u0137in\u0101.&nbsp;&nbsp;<\/li>\n<\/ul>\n\n\n\n<p>Atkar\u012bb\u0101 no izv\u0113l\u0113t\u0101 apmaksas veida nor\u0113\u0137inu pakalpojuma sniedz\u0113js no klienta var iekas\u0113t maksu par r\u0113\u0137ina summas transakciju. Par \u0161\u012bs maksas apm\u0113ru VSIA \u201cLatvijas V\u0113stnesis\u201d neatbild.&nbsp;<\/p>\n\n\n\n<p>5.2.&nbsp;Izv\u0113loties apmaksu ar p\u0101rskait\u012bjumu, p\u0113c&nbsp;pas\u016bt\u012bjuma formas aizpild\u012b\u0161anas&nbsp;uz Pirc\u0113ja nor\u0101d\u012bto e-pasta adresi&nbsp;tiek&nbsp;nos\u016bt\u012bts r\u0113\u0137ins, kas j\u0101apmaks\u0101 pirms preces sa\u0146em\u0161anas.&nbsp;&nbsp;<\/p>\n\n\n\n<p>5.3.&nbsp;Pas\u016bt\u012bjums tiek&nbsp;uzskat\u012bts par pie\u0146emtu p\u0113c t\u0101 apmaksas,&nbsp;bet&nbsp;pre\u010du pieg\u0101de&nbsp;un izsnieg\u0161ana&nbsp;tiek&nbsp;veikta p\u0113c naudas sa\u0146em\u0161anas P\u0101rdev\u0113ja nor\u0113\u0137inu kont\u0101.&nbsp;<\/p>\n\n\n\n<p>5.4. Ja P\u0101rdev\u0113js nevar izpild\u012bt l\u012bguma saist\u012bbas, tad P\u0101rdev\u0113js var pied\u0101v\u0101t Pirc\u0113jam ekvivalentu preci vai atmaks\u0101 Pirc\u0113jam samaks\u0101tu pas\u016bt\u012bjuma summu uz karti vai kontu, no kura tiek veikta pas\u016bt\u012bjuma apmaksa.<\/p>\n\n\n\n<h3 class=\"wp-block-heading\"><strong>6. Pieg\u0101des noteikumi&nbsp;<\/strong><\/h3>\n\n\n\n<p>6.1.&nbsp;Internetveikal\u0101 nor\u0101d\u012btaj\u0101 preces cen\u0101 nav ietverta maksa par pieg\u0101di&nbsp;\u2013&nbsp;t\u0101 ir nor\u0101d\u012bta atsevi\u0161\u0137i, noform\u0113jot pirkumu,&nbsp;un var main\u012bties atkar\u012bb\u0101 no&nbsp;Pirc\u0113ja izv\u0113l\u0113t\u0101&nbsp;pieg\u0101des veida un preces svara.&nbsp;&nbsp;<\/p>\n\n\n\n<p>6.2.&nbsp;Internetveikal\u0101 ieg\u0101d\u0101t\u0101s gr\u0101matas un \u017eurn\u0101lus var&nbsp;sa\u0146emt:&nbsp;<\/p>\n\n\n\n<p>6.2.1.&nbsp;bez maksas&nbsp;\u2013&nbsp;P\u0101rdev\u0113ja&nbsp;Klientu centr\u0101,&nbsp;<a href=\"https:\/\/lv.lv\/?menu=kontakti&amp;sid=95\">darba laik\u0101<\/a>;&nbsp;<\/p>\n\n\n\n<p>6.2.2.&nbsp;ar&nbsp;\u201cLatvijas Pasta\u201d&nbsp;starpniec\u012bbu atbilsto\u0161i&nbsp;pakalpojuma sniedz\u0113ja&nbsp;noteiktajiem&nbsp;pieg\u0101des termi\u0146iem un&nbsp;Internetveikal\u0101 nor\u0101d\u012btajai&nbsp;pieg\u0101des&nbsp;maksai;&nbsp;&nbsp;<\/p>\n\n\n\n<p>6.2.3.&nbsp;ar&nbsp;\u201cOmniva\u201d&nbsp;starpniec\u012bbu&nbsp;atbilsto\u0161i pakalpojuma sniedz\u0113ja noteiktajiem&nbsp;pieg\u0101des termi\u0146iem un Internetveikal\u0101 nor\u0101d\u012btajai pieg\u0101des maksai.&nbsp;<\/p>\n\n\n\n<p>6.3.&nbsp;Preces pieg\u0101dei Pirc\u0113ja izv\u0113l\u0113tajam komersantam, noform\u0113jot pas\u016bt\u012bjumu,&nbsp;tiek nodotas 2 darba dienu laik\u0101&nbsp;p\u0113c&nbsp;pas\u016bt\u012bjuma apmaksas&nbsp;(apliecin\u0101juma sa\u0146em\u0161anas par to).&nbsp;&nbsp;<\/p>\n\n\n\n<p>6.4. Atkar\u012bb\u0101 no&nbsp;Pirc\u0113ja&nbsp;izv\u0113l\u0113t\u0101 veida par pre\u010du pieg\u0101des\/sa\u0146em\u0161anas&nbsp;apstiprin\u0101jumu tiek uzskat\u012bts:&nbsp;<\/p>\n\n\n\n<ul class=\"wp-block-list\">\n<li>Pirc\u0113ja apliecin\u0101jums par preces sa\u0146em\u0161anas faktu \u2013 parakst\u012bta pre\u010du pavadz\u012bme (r\u0113\u0137ins), sa\u0146emot preci P\u0101rdev\u0113ja klientu centr\u0101 Bru\u0146inieku iel\u0101 41, R\u012bg\u0101;&nbsp;<\/li>\n\n\n\n<li>\u201cLatvijas Pasta\u201d&nbsp;izsniegts apstiprin\u0101jums par pre\u010du pieg\u0101di;&nbsp;<\/li>\n\n\n\n<li>\u201cOmniva\u201d m\u0101jaslap\u0101 (s\u016bt\u012bjumu re\u0123istr\u0101)&nbsp;\u2013&nbsp;pre\u010du pieg\u0101des apstiprin\u0101jums.&nbsp;<\/li>\n<\/ul>\n\n\n\n<p>6.5. Ieg\u0101d\u0101t\u0101s preces, kuru sa\u0146em\u0161anu Pirc\u0113js ir izv\u0113l\u0113jies P\u0101rdev\u0113ja&nbsp;Klientu centr\u0101, tiks uzglab\u0101tas 30 dienas no apmaksas sa\u0146em\u0161anas br\u012b\u017ea. Neiz\u0146emot Preces noteiktaj\u0101 termi\u0146a tiek uzskat\u012bts, ka Pirc\u0113js t\u0101s ir atmetis Civillikuma 1032.panta izpratn\u0113 un P\u0101rdev\u0113js, p\u0113c pre\u010du uzglab\u0101\u0161anas termi\u0146a beig\u0101m, anul\u0113s pas\u016bt\u012bjumu un atgriez\u012bs samaks\u0101to naudu Pirc\u0113jam uz karti vai kontu, kura tiek veikta pas\u016bt\u012bjuma apmaksa.<\/p>\n\n\n\n<h3 class=\"wp-block-heading\"><strong>7. Pre\u010du kvalit\u0101tes neatbilst\u012bba&nbsp;<\/strong><\/h3>\n\n\n\n<p>7.1.&nbsp;Ja ieg\u0101d\u0101t\u0101 prece neatbilst l\u012bguma noteikumiem,&nbsp;Pirc\u0113ja pretenzijas par&nbsp;to izskat\u0101mas&nbsp;normat\u012bvajos aktos noteiktaj\u0101 k\u0101rt\u012bb\u0101, tostarp saska\u0146\u0101 ar&nbsp;Pat\u0113r\u0113t\u0101ju ties\u012bbu aizsardz\u012bbas likumu un&nbsp;Ministru kabineta 2014. gada 20. maija noteikumiem&nbsp;Nr. 255&nbsp;\u201c<a href=\"https:\/\/likumi.lv\/ta\/id\/266462\">Noteikumi par distances l\u012bgumu<\/a>\u201d.&nbsp;<\/p>\n\n\n\n<p>7.2.&nbsp;Par neatbilst\u012bbu l\u012bguma noteikumiem nav uzskat\u0101ms&nbsp;Pirc\u0113ja viedoklis par ieg\u0101d\u0101t\u0101s preces&nbsp;\u2013&nbsp;gr\u0101matas vai \u017eurn\u0101la&nbsp;\u2013&nbsp;saturu.&nbsp;<\/p>\n\n\n\n<h3 class=\"wp-block-heading\"><strong>8.&nbsp;Atteikuma ties\u012bbas un preces atgrie\u0161ana&nbsp;&nbsp;<\/strong><\/h3>\n\n\n\n<p><strong>8.1. Atteikuma ties\u012bbas&nbsp;<\/strong><\/p>\n\n\n\n<p>8.1.1.&nbsp;Saska\u0146\u0101 ar&nbsp;Pat\u0113r\u0113t\u0101ju ties\u012bbu aizsardz\u012bbas likumu Pirc\u0113js var izmantot atteikuma ties\u012bbas un vienpus\u0113ji atk\u0101pties no distances l\u012bguma 14 kalend\u0101ro dienu laik\u0101 un atgriezt Internetveikal\u0101 ieg\u0101d\u0101to preci.&nbsp;<\/p>\n\n\n\n<p>8.1.2. Atteikuma ties\u012bbu izmanto\u0161anas termi\u0146u skaita no dienas, kad Pirc\u0113js ir sa\u0146\u0113mis preci vai preces (pre\u010du) da\u013cu (gad\u012bjumos, kad&nbsp;pas\u016bt\u012bjums tika izpild\u012bts da\u013c\u0113ji).&nbsp;<\/p>\n\n\n\n<p>8.1.3.&nbsp;Saska\u0146\u0101 ar Ministru kabineta 2014. gada 20. maija noteikumiem Nr. 255 \u201cNoteikumi par distances l\u012bgumu\u201d&nbsp;pat\u0113r\u0113t\u0101js var izmantot atteikuma ties\u012bbas un vienpus\u0113ji atk\u0101pties no&nbsp;distances&nbsp;l\u012bguma 14 dienu laik\u0101, iz\u0146emot \u0161o noteikumu&nbsp;<a href=\"https:\/\/likumi.lv\/ta\/id\/266462#p22\">22. punkt\u0101<\/a>&nbsp;nor\u0101d\u012btos gad\u012bjumus. Saska\u0146\u0101 ar \u0161o noteikumu 22. punktu un 22.10. apak\u0161punktu&nbsp;<strong>pat\u0113r\u0113t\u0101js nevar izmantot atteikuma ties\u012bbas&nbsp;ar\u012b tad, ja tiek pieg\u0101d\u0101ti laikraksti, periodiskie izdevumi vai \u017eurn\u0101li, iz\u0146emot gad\u012bjumu, ja tie tiek pieg\u0101d\u0101ti saska\u0146\u0101 ar abon\u0113\u0161anas l\u012bgumu<\/strong>.&nbsp;&nbsp;<\/p>\n\n\n\n<p>8.1.4.&nbsp;Pirc\u0113js&nbsp;<strong>nevar<\/strong>&nbsp;izmantot atteikuma ties\u012bbas ar\u012b tad, ja:&nbsp;<\/p>\n\n\n\n<ul class=\"wp-block-list\">\n<li>Pirc\u0113js (pat\u0113r\u0113t\u0101js) nav nodro\u0161in\u0101jis pre\u010du kvalit\u0101ti un dro\u0161u saglab\u0101\u0161anu atteikuma ties\u012bbu realiz\u0113\u0161anas laik\u0101;&nbsp;<\/li>\n\n\n\n<li>prece ir meh\u0101niski un\/vai vizu\u0101li boj\u0101ta, ir samazin\u0101jusies preces v\u0113rt\u012bba;&nbsp;<\/li>\n\n\n\n<li>prece ir izmantota t\u0101d\u0101 veid\u0101, kas nav savietojams ar labas tic\u012bbas principu, tai skait\u0101 izmantota cit\u0101di, nevis preces tie\u0161\u0101 pielietojuma nol\u016bk\u0101.&nbsp;<\/li>\n<\/ul>\n\n\n\n<p>8.1.5.&nbsp;Atbilsto\u0161i Pat\u0113r\u0113t\u0101ju ties\u012bbu aizsardz\u012bbas likuma 12.&nbsp;panta sestajai&nbsp;da\u013cai pat\u0113r\u0113t\u0101js ir atbild\u012bgs par preces kvalit\u0101tes un dro\u0161uma saglab\u0101\u0161anu atteikuma ties\u012bbu realiz\u0113\u0161anas termi\u0146\u0101.&nbsp;P\u0101rdev\u0113js&nbsp;patur ties\u012bbas Pirc\u0113jam atteikt izmantot atteikuma ties\u012bbas vai ietur\u0113t kompens\u0101cijas maksu gad\u012bjum\u0101, ja prece ir boj\u0101ta, lieto\u0161anas laik\u0101 nev\u0113r\u012bgi izturoties pret preci.<\/p>\n\n\n\n<p>8.1.6. Lai izmantotu atteikuma ties\u012bbas, Pirc\u0113jam ar nep\u0101rprotamu pazi\u0146ojumu, piem\u0113ram, pa pastu (Bru\u0146inieku iela 41, R\u012bga, LV-1011) vai pa e-pastu (<a href=\"mailto:gramatas@lv.lv\">gramatas@lv.lv<\/a>) nos\u016bt\u012btu v\u0113stuli, j\u0101inform\u0113 P\u0101rdev\u0113js par l\u0113mumu atteikties no \u0161\u012b l\u012bguma. Pirc\u0113js var izmantot pievienoto&nbsp;<a href=\"https:\/\/lv.lv.\/wwwraksti\/LVLV\/CITI\/ATTEIKUMA_VEIDLAPA.DOC\">atteikuma veidlapu<\/a>.&nbsp;<\/p>\n\n\n\n<p>8.1.7.&nbsp;Lai atteikuma ties\u012bbu termi\u0146\u0161 b\u016btu iev\u0113rots, pietiek, ja savu pazi\u0146ojumu par atteikumu ties\u012bbu izmanto\u0161anu&nbsp;Pirc\u0113js&nbsp;nos\u016bt\u012bs pirms atteikuma ties\u012bbu termi\u0146a beig\u0101m.&nbsp;<\/p>\n\n\n\n<p><strong>8.2.&nbsp;Atteikuma rad\u012bt\u0101s sekas<\/strong>&nbsp;<\/p>\n\n\n\n<p>8.2.1.&nbsp;Ja Pirc\u0113js atteiksies no \u0161\u012b l\u012bguma, P\u0101rdev\u0113js atmaks\u0101s Pirc\u0113jam visus no Pirc\u0113ja sa\u0146emtos maks\u0101jumus bez nepamatotas kav\u0113\u0161an\u0101s un jebkur\u0101 gad\u012bjum\u0101 ne v\u0113l\u0101k k\u0101 14 dienu laik\u0101 no dienas, kad P\u0101rdev\u0113js tika inform\u0113ts par Pirc\u0113ja l\u0113mumu atteikties no \u0161\u012b l\u012bguma, preces atgrie\u0161anas P\u0101rdev\u0113jam un p\u0113c tam, kad P\u0101rdev\u0113js b\u016bs p\u0101rliecin\u0101jies par preces tehnisko un vizu\u0101lo st\u0101vokli. Atmaks\u0101\u0161ana tiks veikta, izmantojot t\u0101du pa\u0161u maks\u0101\u0161anas l\u012bdzekli, k\u0101du Pirc\u0113js izmantoja s\u0101kotn\u0113jam dar\u012bjumam, ja vien Pirc\u0113js skaidri nav paudis piekri\u0161anu to dar\u012bt cit\u0101di. Jebkur\u0101 gad\u012bjum\u0101 no Pirc\u0113ja saist\u012bb\u0101 ar \u0161\u0101du atmaks\u0101\u0161anu netiks iekas\u0113ta nek\u0101da maksa.&nbsp;<\/p>\n\n\n\n<p>8.2.2.&nbsp;Atteikuma ties\u012bbu realiz\u0113\u0161anas gad\u012bjum\u0101 P\u0101rdev\u0113js neatl\u012bdzina Pirc\u0113jam preces atgrie\u0161anas izdevumus.&nbsp;<\/p>\n\n\n\n<p>8.2.3.&nbsp;P\u0101rdev\u0113js nenodro\u0161ina preces v\u0113rt\u012bbas atmaksu skaidr\u0101 naud\u0101.&nbsp;<\/p>\n\n\n\n<p><strong>8.3.&nbsp;Pre\u010du atgrie\u0161anas k\u0101rt\u012bba<\/strong>&nbsp;<\/p>\n\n\n\n<p>8.3.1.&nbsp;Preces&nbsp;j\u0101nos\u016bta&nbsp;atpaka\u013c P\u0101rdev\u0113jam uz t\u0101 juridisko adresi: Bru\u0146inieku iela 41, R\u012bga, LV-1011,&nbsp;bez nepamatotas kav\u0113\u0161an\u0101s un jebkur\u0101 gad\u012bjum\u0101 ne v\u0113l\u0101k k\u0101 14 dienu laik\u0101 no dienas, kad Pirc\u0113js P\u0101rdev\u0113jam ir pazi\u0146ojis savu l\u0113mumu atteikties no \u0161\u012b l\u012bguma. Termi\u0146\u0161 b\u016bs iev\u0113rots, ja Pirc\u0113js preces nos\u016bt\u012bs atpaka\u013c pirms 14 dienu termi\u0146a beig\u0101m.&nbsp;<\/p>\n\n\n\n<p>8.3.2.&nbsp;Atgrie\u017eot ieg\u0101d\u0101to preci, nepiecie\u0161ams uzr\u0101d\u012bt Pirc\u0113ja personu apliecino\u0161u dokumentu un dokumentu, kas apstiprina pirkumu.&nbsp;<\/p>\n\n\n\n<h3 class=\"wp-block-heading\"><strong>9. Konfidencialit\u0101te un fizisko personu datu apstr\u0101de&nbsp;<\/strong><\/h3>\n\n\n\n<p>9. 1.&nbsp;P\u0101rdev\u0113js uzskata Pirc\u0113ja datus par \u012bpa\u0161i aizsarg\u0101jamiem datiem, ap\u0146emas neizpaust tos un nenodot inform\u0101ciju par Pirc\u0113ju tre\u0161aj\u0101m pus\u0113m bez tiesiska pamata. Fizisko personu datu apstr\u0101d\u0113 P\u0101rdev\u0113js iev\u0113ro \u201cVisp\u0101r\u012bg\u0101s Datu&nbsp;aizsardz\u012bbas&nbsp;regulas 2016\/679\u201d pras\u012bbas. Datu apstr\u0101di P\u0101rdev\u0113js veic saska\u0146\u0101 ar P\u0101rdev\u0113ja apstiprin\u0101to&nbsp;<a href=\"https:\/\/lv.lv\/?menu=par_mums&amp;sid=132\">priv\u0101tuma politiku<\/a>.&nbsp;<\/p>\n\n\n\n<p>9.2.&nbsp;Ievadot nepiecie\u0161amo inform\u0101ciju&nbsp;Internetveikala pas\u016bt\u012bjuma noform\u0113\u0161anai, ies\u016btot savus datus P\u0101rdev\u0113jam elektroniski vai sniedzot tos telefoniski nol\u016bk\u0101 noform\u0113t pas\u016bt\u012bjumu, Pirc\u0113js apliecina, ka ir iepazinies ar inform\u0101ciju, ka vi\u0146a sniegtie dati tiek izmantoti, lai P\u0101rdev\u0113js var\u0113tu pie\u0146emt Pirc\u0113ja pas\u016bt\u012bjumu un veikt pre\u010du pieg\u0101di saska\u0146\u0101 ar Latvijas Republikas normat\u012bvo aktu pras\u012bb\u0101m.&nbsp;<\/p>\n\n\n\n<p>9.3.&nbsp;Ievad\u0101m\u0101 inform\u0101cija pas\u016bt\u012bjuma noform\u0113\u0161anai ir minim\u0101li nepiecie\u0161am\u0101 inform\u0101cija pirkuma veik\u0161anai un t\u0101 izpildei. Pirc\u0113js tiek inform\u0113ts, ka Pirc\u0113jam uz vi\u0146a nor\u0101d\u012bto e-pasta adresi tiks izs\u016bt\u012bti pazi\u0146ojumi, kas saist\u012bti ar Pirc\u0113ja pas\u016bt\u012bjuma apstr\u0101di un izpildi.&nbsp;<\/p>\n\n\n\n<p>9.4.&nbsp;P\u0101rdev\u0113jam ir&nbsp;ties\u012bbas inform\u0113t Pirc\u0113ju par jaun\u0101m prec\u0113m, atlaid\u0113m, pakalpojumiem, bet&nbsp;Pirc\u0113jam jebkur\u0101 laik\u0101 ir ties\u012bbas atteikties no \u0161\u0101du pazi\u0146ojumu sa\u0146em\u0161anas.&nbsp;<\/p>\n\n\n\n<h3 class=\"wp-block-heading\"><strong>10. L\u012bguma darb\u012bbas termi\u0146\u0161&nbsp;<\/strong><\/h3>\n\n\n\n<p>L\u012bgums st\u0101jas sp\u0113k\u0101 br\u012bd\u012b, kad Pirc\u0113js veicis pre\u010du pas\u016bt\u012bjuma apmaksu, un ir sp\u0113k\u0101 l\u012bdz br\u012bdim, kad l\u012bgumsl\u0113dz\u0113jas puses piln\u012bb\u0101 izpild\u012bju\u0161as savas saist\u012bbas viena pret otru.&nbsp;<\/p>\n\n\n\n<h3 class=\"wp-block-heading\"><strong>11. Str\u012bdu risin\u0101\u0161anas k\u0101rt\u012bba&nbsp;<\/strong><\/h3>\n\n\n\n<p>Visi str\u012bdi&nbsp;starp P\u0101rdev\u0113ju un&nbsp;Pirc\u0113ju vispirms tiek risin\u0101ti sarunu ce\u013c\u0101. Ja tas nedod rezult\u0101tu, str\u012bds risin\u0101ms normat\u012bvajos aktos noteiktaj\u0101 k\u0101rt\u012bb\u0101,&nbsp;tai skait\u0101 pus\u0113m ir ties\u012bbas&nbsp;v\u0113rsties&nbsp;ties\u0101.&nbsp;<\/p>\n\n\n\n<h3 class=\"wp-block-heading\"><strong>12. P\u0101rdev\u0113ja&nbsp;rekviz\u012bti&nbsp;<\/strong><\/h3>\n\n\n\n<p>VSIA \u201cLatvijas V\u0113stnesis\u201d&nbsp;<br>Re\u0123istr\u0101cijas numurs: 40003113794&nbsp;<br>PVN maks\u0101t\u0101ja Nr. LV40003113794&nbsp;<br>Juridisk\u0101 adrese: Bru\u0146inieku iela 41, R\u012bga, LV-1011, Latvija&nbsp; Banka: AS SEB banka&nbsp;<br>SWIFT: UNLALV2X&nbsp;<br>Konta Nr.: LV56UNLA0002100609196&nbsp;<\/p>\n\n\n\n<p><\/p>\n","protected":false},"excerpt":{"rendered":"<p>VSIA \u201cLatvijas V\u0113stnesis\u201d r\u012bkojums Nr. A1-5\/134. Sp\u0113k\u0101 no: 01.06.2025. VSIA \u201cLatvijas V\u0113stnesis\u201d izdoto gr\u0101matu un &nbsp;\u017eurn\u0101la \u201cJurista V\u0101rds\u201d drukas&nbsp;form\u0101ta&nbsp; ieg\u0101des noteikumi \u0160ajos noteikumos paredz\u0113taj\u0101 k\u0101rt\u012bb\u0101&nbsp;distances&nbsp;l\u012bgums (\u0161is l\u012bgums) tiek sl\u0113gts starp VSIA \u201cLatvijas V\u0113stnesis\u201d, re\u0123istr\u0101cijas Nr. 40003113794, juridisk\u0101 adrese: Bru\u0146inieku iela 41, R\u012bga, LV-1011, Latvija, (turpm\u0101k \u2013 P\u0101rdev\u0113js), un fizisku vai juridisku personu (turpm\u0101k \u2013 Pirc\u0113js), [&hellip;]<\/p>\n","protected":false},"author":3,"featured_media":0,"parent":0,"menu_order":0,"comment_status":"closed","ping_status":"closed","template":"","meta":{"footnotes":""},"class_list":["post-4727","page","type-page","status-publish","hentry"],"aioseo_notices":[],"_links":{"self":[{"href":"https:\/\/juristavards.lv\/veikals\/wp-json\/wp\/v2\/pages\/4727","targetHints":{"allow":["GET"]}}],"collection":[{"href":"https:\/\/juristavards.lv\/veikals\/wp-json\/wp\/v2\/pages"}],"about":[{"href":"https:\/\/juristavards.lv\/veikals\/wp-json\/wp\/v2\/types\/page"}],"author":[{"embeddable":true,"href":"https:\/\/juristavards.lv\/veikals\/wp-json\/wp\/v2\/users\/3"}],"replies":[{"embeddable":true,"href":"https:\/\/juristavards.lv\/veikals\/wp-json\/wp\/v2\/comments?post=4727"}],"version-history":[{"count":17,"href":"https:\/\/juristavards.lv\/veikals\/wp-json\/wp\/v2\/pages\/4727\/revisions"}],"predecessor-version":[{"id":12631,"href":"https:\/\/juristavards.lv\/veikals\/wp-json\/wp\/v2\/pages\/4727\/revisions\/12631"}],"wp:attachment":[{"href":"https:\/\/juristavards.lv\/veikals\/wp-json\/wp\/v2\/media?parent=4727"}],"curies":[{"name":"wp","href":"https:\/\/api.w.org\/{rel}","templated":true}]}}