{"id":5506,"date":"2022-01-10T12:30:50","date_gmt":"2022-01-10T10:30:50","guid":{"rendered":"https:\/\/juristavards.lv\/veikals\/?page_id=5506"},"modified":"2022-02-25T09:58:36","modified_gmt":"2022-02-25T07:58:36","slug":"kur-nopirkt","status":"publish","type":"page","link":"https:\/\/juristavards.lv\/veikals\/kur-nopirkt\/","title":{"rendered":"Kur nopirkt"},"content":{"rendered":"\n<h2 class=\"wp-block-heading\" id=\"kur-nopirkt\">Kur nopirkt<\/h2>\n\n\n\n<p><strong>DRUKAS VERSIJA<\/strong><\/p>\n\n\n\n<p>\u017durn\u0101la&#8221;&#8221;Jurista V\u0101rds&#8221;(izdev\u0113js &#8220;Latvijas V\u0113stnesis&#8221;) drukas versijas laidienus iesp\u0113jams nopirkt ar\u012b ar pieg\u0101di pa pastu vai \u201cOmniva\u201d pakom\u0101tu starpniec\u012bbu (sedzot pieg\u0101des maksu). Jauno \u017eurn\u0101lu pirkumu var noform\u0113t &#8220;Latvijas V\u0113stne\u0161a&#8221; internetveikal\u0101 <em><a href=\"https:\/\/juristavards.lv\/veikals\">juristavards.lv\/veikals<\/a>.<\/em><\/p>\n\n\n\n<p>Par \u017eurn\u0101lu, kas izn\u0101ku\u0161i l\u012bdz 2021. gada oktobrim, ieg\u0101di l\u016bgums sazin\u0101ties ar &#8220;Latvijas V\u0113stne\u0161a&#8221; Las\u012bt\u0101ju servisu pa t\u0101lruni 67311161 vai rakstot uz e-pasta adresi <a href=\"mailto:abonenti@lv.lv\" target=\"_blank\" rel=\"noreferrer noopener\">abonenti@lv.lv<\/a>.<\/p>\n\n\n\n<p>Pas\u016bt\u012bjumu iesp\u0113jams sa\u0146emt ar\u012b &#8220;Latvijas V\u0113stne\u0161a&#8221; Klientu centr\u0101.<\/p>\n\n\n\n<figure class=\"wp-block-table is-style-stripes\"><table><thead><tr><th>Adrese<\/th><th>Pils\u0113ta<\/th><th>Izplat\u012bt\u0101js<\/th><\/tr><\/thead><tbody><tr><td>Bru\u0146inieku 41<\/td><td>R\u012bga<\/td><td>Latvijas V\u0113stnesis<\/td><\/tr><\/tbody><\/table><\/figure>\n\n\n\n<p><\/p>\n","protected":false},"excerpt":{"rendered":"<p>Kur nopirkt DRUKAS VERSIJA \u017durn\u0101la&#8221;&#8221;Jurista V\u0101rds&#8221;(izdev\u0113js &#8220;Latvijas V\u0113stnesis&#8221;) drukas versijas laidienus iesp\u0113jams nopirkt ar\u012b ar pieg\u0101di pa pastu vai \u201cOmniva\u201d pakom\u0101tu starpniec\u012bbu (sedzot pieg\u0101des maksu). Jauno \u017eurn\u0101lu pirkumu var noform\u0113t &#8220;Latvijas V\u0113stne\u0161a&#8221; internetveikal\u0101 juristavards.lv\/veikals. Par \u017eurn\u0101lu, kas izn\u0101ku\u0161i l\u012bdz 2021. gada oktobrim, ieg\u0101di l\u016bgums sazin\u0101ties ar &#8220;Latvijas V\u0113stne\u0161a&#8221; Las\u012bt\u0101ju servisu pa t\u0101lruni 67311161 vai rakstot [&hellip;]<\/p>\n","protected":false},"author":20,"featured_media":0,"parent":0,"menu_order":0,"comment_status":"closed","ping_status":"closed","template":"","meta":{"footnotes":""},"class_list":["post-5506","page","type-page","status-publish","hentry"],"aioseo_notices":[],"_links":{"self":[{"href":"https:\/\/juristavards.lv\/veikals\/wp-json\/wp\/v2\/pages\/5506","targetHints":{"allow":["GET"]}}],"collection":[{"href":"https:\/\/juristavards.lv\/veikals\/wp-json\/wp\/v2\/pages"}],"about":[{"href":"https:\/\/juristavards.lv\/veikals\/wp-json\/wp\/v2\/types\/page"}],"author":[{"embeddable":true,"href":"https:\/\/juristavards.lv\/veikals\/wp-json\/wp\/v2\/users\/20"}],"replies":[{"embeddable":true,"href":"https:\/\/juristavards.lv\/veikals\/wp-json\/wp\/v2\/comments?post=5506"}],"version-history":[{"count":5,"href":"https:\/\/juristavards.lv\/veikals\/wp-json\/wp\/v2\/pages\/5506\/revisions"}],"predecessor-version":[{"id":6809,"href":"https:\/\/juristavards.lv\/veikals\/wp-json\/wp\/v2\/pages\/5506\/revisions\/6809"}],"wp:attachment":[{"href":"https:\/\/juristavards.lv\/veikals\/wp-json\/wp\/v2\/media?parent=5506"}],"curies":[{"name":"wp","href":"https:\/\/api.w.org\/{rel}","templated":true}]}}