{"id":5648,"date":"2022-02-04T11:45:19","date_gmt":"2022-02-04T09:45:19","guid":{"rendered":"https:\/\/juristavards.lv\/veikals\/?page_id=5648"},"modified":"2025-10-28T10:47:09","modified_gmt":"2025-10-28T08:47:09","slug":"aktivizet-piekluvi-digitalajam-zurnalam","status":"publish","type":"page","link":"https:\/\/juristavards.lv\/veikals\/aktivizet-piekluvi-digitalajam-zurnalam\/","title":{"rendered":"&#8220;Latvijas Pasta&#8221; klientiem: pieeja digit\u0101lajam \u017eurn\u0101lam"},"content":{"rendered":"\n<h2 class=\"wp-block-heading\" id=\"aktivizet-piekluvi-digitalajam-zurnalam\">&#8220;Latvijas Pasta&#8221; klientiem: pieeja digit\u0101lajam \u017eurn\u0101lam<\/h2>\n\n\n\n<p>Pieteikuma forma abonentiem, kuri noform\u0113ju\u0161i \u017eurn\u0101la &#8220;Jurista V\u0101rds&#8221; abonementu &#8220;Latvijas Past\u0101&#8221;. Nodro\u0161in\u0101m iesp\u0113ju ieg\u016bt pieeju \u017eurn\u0101la &#8220;Jurista V\u0101rds&#8221; digit\u0101lajam saturam abonementa termi\u0146a ietvaros.<\/p>\n\n\n\n<ul class=\"wp-block-list\">\n<li>Lai to ieg\u016btu, aicin\u0101m aizpild\u012bt pieteikuma formu un piekrist abon\u0113\u0161anas noteikumiem.<\/li>\n\n\n\n<li>Lai izmantotu pieeju \u017eurn\u0101la &#8220;Jurista V\u0101rds&#8221; saturam, nepiecie\u0161ams autoriz\u0113ties, t\u0101tad vispirms ir nepiecie\u0161ams izveidot lietot\u0101ja profilu vietn\u0113 <em>juristavards.lv, <\/em>ja t\u0101da v\u0113l nav.<\/li>\n<\/ul>\n\n\n<div class=\"wpforms-container wpforms-container-full wpforms-block wpforms-block-ee535a5c-0db3-4c26-ac3f-eb333bff4477\" id=\"wpforms-5647\"><form id=\"wpforms-form-5647\" class=\"wpforms-validate wpforms-form\" data-formid=\"5647\" method=\"post\" enctype=\"multipart\/form-data\" action=\"\/veikals\/wp-json\/wp\/v2\/pages\/5648\" data-token=\"9080cab8cff217a5e69984efd7ae2bc5\" data-token-time=\"1776761252\"><noscript class=\"wpforms-error-noscript\">Please enable JavaScript in your browser to complete this form.<\/noscript><div class=\"wpforms-field-container\"><div id=\"wpforms-5647-field_7-container\" class=\"wpforms-field wpforms-field-text\" data-field-id=\"7\"><label class=\"wpforms-field-label\" for=\"wpforms-5647-field_7\">V\u0101rds un uzv\u0101rds vai nosaukums <span class=\"wpforms-required-label\">*<\/span><\/label><input type=\"text\" id=\"wpforms-5647-field_7\" class=\"wpforms-field-medium wpforms-field-required wpforms-limit-characters-enabled\" data-form-id=\"5647\" data-field-id=\"7\" data-text-limit=\"1000\" name=\"wpforms[fields][7]\" maxlength=\"1000\" required><\/div><div id=\"wpforms-5647-field_8-container\" class=\"wpforms-field wpforms-field-textarea\" data-field-id=\"8\"><label class=\"wpforms-field-label\" for=\"wpforms-5647-field_8\">Pieg\u0101des adrese <span class=\"wpforms-required-label\">*<\/span><\/label><textarea id=\"wpforms-5647-field_8\" class=\"wpforms-field-small wpforms-field-required wpforms-limit-characters-enabled\" data-form-id=\"5647\" data-field-id=\"8\" data-text-limit=\"1000\" name=\"wpforms[fields][8]\" maxlength=\"1000\" required><\/textarea><\/div><div id=\"wpforms-5647-field_2-container\" class=\"wpforms-field wpforms-field-email\" data-field-id=\"2\"><label class=\"wpforms-field-label\" for=\"wpforms-5647-field_2\">E-pasts (re\u0123istr\u0113t\u0101 lietot\u0101ja kontam) <span class=\"wpforms-required-label\">*<\/span><\/label><input type=\"email\" id=\"wpforms-5647-field_2\" class=\"wpforms-field-medium wpforms-field-required\" name=\"wpforms[fields][2]\" spellcheck=\"false\" required><\/div><div id=\"wpforms-5647-field_3-container\" class=\"wpforms-field wpforms-field-text\" data-field-id=\"3\"><label class=\"wpforms-field-label\" for=\"wpforms-5647-field_3\">T\u0101lrunis <span class=\"wpforms-required-label\">*<\/span><\/label><input type=\"text\" id=\"wpforms-5647-field_3\" class=\"wpforms-field-medium wpforms-field-required wpforms-limit-characters-enabled\" data-form-id=\"5647\" data-field-id=\"3\" data-text-limit=\"100\" name=\"wpforms[fields][3]\" maxlength=\"100\" required><\/div><div id=\"wpforms-5647-field_6-container\" class=\"wpforms-field wpforms-field-textarea\" data-field-id=\"6\"><label class=\"wpforms-field-label\" for=\"wpforms-5647-field_6\">Piez\u012bmes<\/label><textarea id=\"wpforms-5647-field_6\" class=\"wpforms-field-medium wpforms-limit-characters-enabled\" data-form-id=\"5647\" data-field-id=\"6\" data-text-limit=\"1000\" name=\"wpforms[fields][6]\" maxlength=\"1000\" ><\/textarea><\/div><div id=\"wpforms-5647-field_13-container\" class=\"wpforms-field wpforms-field-checkbox accept_privacy_policy\" data-field-id=\"13\"><label class=\"wpforms-field-label wpforms-label-hide\">Priv\u0101tuma politika <span class=\"wpforms-required-label\">*<\/span><\/label><ul id=\"wpforms-5647-field_13\" class=\"wpforms-field-required\"><li class=\"choice-1 depth-1\"><input type=\"checkbox\" id=\"wpforms-5647-field_13_1\" name=\"wpforms[fields][13][]\" value=\"Piekr\u012btu datu apstr\u0101dei un &lt;a href=&quot;https:\/\/lv.lv\/lv\/par-mums\/politikas\/privatuma-politika&quot; target=&quot;_blank&quot;&gt;priv\u0101tuma politikai&lt;\/a&gt;\" required ><label class=\"wpforms-field-label-inline\" for=\"wpforms-5647-field_13_1\">Piekr\u012btu datu apstr\u0101dei un <a href=\"https:\/\/lv.lv\/lv\/par-mums\/politikas\/privatuma-politika\" target=\"_blank\">priv\u0101tuma politikai<\/a><\/label><\/li><\/ul><\/div><div id=\"wpforms-5647-field_14-container\" class=\"wpforms-field wpforms-field-checkbox accept_tos\" data-field-id=\"14\"><label class=\"wpforms-field-label wpforms-label-hide\">Abon\u0113\u0161anas noteikumi <span class=\"wpforms-required-label\">*<\/span><\/label><ul id=\"wpforms-5647-field_14\" class=\"wpforms-field-required\"><li class=\"choice-1 depth-1\"><input type=\"checkbox\" id=\"wpforms-5647-field_14_1\" name=\"wpforms[fields][14][]\" value=\"Piekr\u012btu &lt;a href=&quot;\/veikals\/abonesanas-noteikumi\/&quot; target=&quot;_blank&quot;&gt;abon\u0113\u0161anas noteikumiem&lt;\/a&gt;\" required ><label class=\"wpforms-field-label-inline\" for=\"wpforms-5647-field_14_1\">Piekr\u012btu <a href=\"\/veikals\/abonesanas-noteikumi\/\" target=\"_blank\">abon\u0113\u0161anas noteikumiem<\/a><\/label><\/li><\/ul><\/div><\/div><!-- .wpforms-field-container --><div class=\"wpforms-recaptcha-container wpforms-is-recaptcha wpforms-is-recaptcha-type-v3\" ><input type=\"hidden\" name=\"wpforms[recaptcha]\" value=\"\"><\/div><div class=\"wpforms-submit-container\" ><input type=\"hidden\" name=\"wpforms[id]\" value=\"5647\"><input type=\"hidden\" name=\"page_title\" value=\"\"><input type=\"hidden\" name=\"page_url\" value=\"https:\/\/juristavards.lv\/veikals\/wp-json\/wp\/v2\/pages\/5648\"><input type=\"hidden\" name=\"url_referer\" value=\"\"><button type=\"submit\" name=\"wpforms[submit]\" id=\"wpforms-submit-5647\" class=\"wpforms-submit\" data-alt-text=\"S\u016aTA...\" data-submit-text=\"PIETEIKTIES\" aria-live=\"assertive\" value=\"wpforms-submit\">PIETEIKTIES<\/button><\/div><\/form><\/div>  <!-- .wpforms-container -->","protected":false},"excerpt":{"rendered":"<p>&#8220;Latvijas Pasta&#8221; klientiem: pieeja digit\u0101lajam \u017eurn\u0101lam Pieteikuma forma abonentiem, kuri noform\u0113ju\u0161i \u017eurn\u0101la &#8220;Jurista V\u0101rds&#8221; abonementu &#8220;Latvijas Past\u0101&#8221;. Nodro\u0161in\u0101m iesp\u0113ju ieg\u016bt pieeju \u017eurn\u0101la &#8220;Jurista V\u0101rds&#8221; digit\u0101lajam saturam abonementa termi\u0146a ietvaros.<\/p>\n","protected":false},"author":2,"featured_media":0,"parent":0,"menu_order":0,"comment_status":"closed","ping_status":"closed","template":"","meta":{"footnotes":""},"class_list":["post-5648","page","type-page","status-publish","hentry"],"aioseo_notices":[],"_links":{"self":[{"href":"https:\/\/juristavards.lv\/veikals\/wp-json\/wp\/v2\/pages\/5648","targetHints":{"allow":["GET"]}}],"collection":[{"href":"https:\/\/juristavards.lv\/veikals\/wp-json\/wp\/v2\/pages"}],"about":[{"href":"https:\/\/juristavards.lv\/veikals\/wp-json\/wp\/v2\/types\/page"}],"author":[{"embeddable":true,"href":"https:\/\/juristavards.lv\/veikals\/wp-json\/wp\/v2\/users\/2"}],"replies":[{"embeddable":true,"href":"https:\/\/juristavards.lv\/veikals\/wp-json\/wp\/v2\/comments?post=5648"}],"version-history":[{"count":5,"href":"https:\/\/juristavards.lv\/veikals\/wp-json\/wp\/v2\/pages\/5648\/revisions"}],"predecessor-version":[{"id":13185,"href":"https:\/\/juristavards.lv\/veikals\/wp-json\/wp\/v2\/pages\/5648\/revisions\/13185"}],"wp:attachment":[{"href":"https:\/\/juristavards.lv\/veikals\/wp-json\/wp\/v2\/media?parent=5648"}],"curies":[{"name":"wp","href":"https:\/\/api.w.org\/{rel}","templated":true}]}}