{"id":5704,"date":"2022-02-15T11:51:50","date_gmt":"2022-02-15T09:51:50","guid":{"rendered":"https:\/\/juristavards.lv\/veikals\/?page_id=5704"},"modified":"2026-01-05T17:07:03","modified_gmt":"2026-01-05T15:07:03","slug":"reklama-sludinajumi","status":"publish","type":"page","link":"https:\/\/juristavards.lv\/veikals\/reklama-sludinajumi\/","title":{"rendered":"Rekl\u0101ma"},"content":{"rendered":"\n<h2 class=\"wp-block-heading\"><strong>Rekl\u0101mas iesp\u0113jas \u017eurn\u0101l\u0101 &#8220;Jurista V\u0101rds&#8221; un port\u0101l\u0101 &#8220;juristavards.lv&#8221;<\/strong><\/h2>\n\n\n\n<p>\u201cJurista V\u0101rds\u201d \u2013 Latvijas sp\u0113c\u012bg\u0101kais tieslietu \u017eurn\u0101ls! No 2025. gada decembra \u017eurn\u0101la saturs tiek pied\u0101v\u0101ts trijos veidos:&nbsp;&nbsp;<\/p>\n\n\n\n<ol start=\"1\" class=\"wp-block-list\">\n<li>anal\u012btisks m\u0113ne\u0161raksts, kas izn\u0101k 140+ lappu\u0161u biez\u0101 gr\u0101mat\u017eurn\u0101l\u0101 reizi m\u0113nes\u012b un ko var las\u012bt ar\u012b digit\u0101li port\u0101l\u0101 &#8220;juristavards.lv&#8221;,<\/li>\n\n\n\n<li>\u017eurn\u0101ls tie\u0161saist\u0113 (operat\u012bvi public\u0113ti raksti port\u0101l\u0101 jeb JV+ saturs),<\/li>\n\n\n\n<li>rakstu kr\u0101jums jeb juridisku publik\u0101ciju kr\u0101tuve (vair\u0101k nek\u0101 20\u202f000 rakstu ar augstv\u0113rt\u012bgu, profesion\u0101li noder\u012bgu inform\u0101ciju) port\u0101l\u0101.<\/li>\n<\/ol>\n\n\n\n<h3 class=\"wp-block-heading\"><br><strong>Rekl\u0101mas iesnieg\u0161anas pras\u012bbas<\/strong>&nbsp;<\/h3>\n\n\n\n<details>\n<summary><span style=\"color: var(--porto-primary-color)\">Rekl\u0101mlaukumi druk\u0101taj\u0101 \u017eurn\u0101l\u0101:\u00a0tehnisk\u0101s pras\u012bbas<\/span><\/summary>\n<br>\n<p>Rekl\u0101mas iesnieg\u0161anas pras\u012bbas:<\/p>\n<ul><li>Rekl\u0101mas \/ sludin\u0101juma makets j\u0101iesniedz TIFF, PDF vai EPS faila form\u0101t\u0101;<\/li><li>Kr\u0101su modelis: iek\u0161lap\u0101m \u2013 Grayscale; v\u0101kam \u2013 divkr\u0101su (Pantone process Black U, Pantone 2757 U);<\/li><li>Att\u0113lu iz\u0161\u0137irtsp\u0113ja: 300 dpi (100% palielin\u0101jum\u0101);<\/li><li>Rekl\u0101mas maketiem, kas paredz\u0113ti uz 4. v\u0101ka, j\u0101atst\u0101j 3 mm uzlaides vis\u0101s pus\u0113s;<\/li><li>EPS form\u0101ta rekl\u0101mas maketu att\u0113liem nedr\u012bkst lietot JPG kompresiju;<\/li><li>Nav pie\u013caujama dal\u012bto EPS failu iesnieg\u0161ana;<\/li><li>Burti j\u0101p\u0101rv\u0113r\u0161 par objektiem (outlines);<\/li><li>Rekl\u0101mu pieteik\u0161ana \u2013 iepriek\u0161\u0113j\u0101 m\u0113nes\u012b;<\/li><li>Gatavo maketu iesnieg\u0161ana \u2013 iepriek\u0161\u0113j\u0101 m\u0113nes\u012b.<\/li><\/ul>\n<\/details>\n\n\n\n<p><\/p>\n\n\n\n<details>\n<summary><span style=\"color: var(--porto-primary-color)\">Baneri port\u0101l\u0101 &#8220;juristavards.lv&#8221;: tehnisk\u0101s pras\u012bbas<\/span><\/summary>\n<br>\n<p>Port\u0101l\u0101 &#8220;<a href=\"http:\/\/www.juristavards.lv\/\" target=\"_blank\" rel=\"noreferrer noopener\">www.juristavards.lv<\/a>&#8221; banerus var izvietot GIF, JPG vai HTML5 form\u0101tos. Maksim\u0101li pie\u013caujamais svars ir l\u012bdz 45 KB (atkar\u012bb\u0101 no banera izm\u0113ra). Baneru anim\u0101cija nedr\u012bkst p\u0101rsniegt 15 sekundes (tad t\u0101 var atk\u0101rtoties).<\/p>\n<p>Izpild\u012bjumam ir j\u0101b\u016bt saprotamam un nep\u0101rs\u0101tin\u0101tam, taj\u0101 skait\u0101 ar mier\u012bg\u0101m kr\u0101s\u0101m un to p\u0101rej\u0101m. Kadru frekvence ir pie\u013caujama l\u012bdz 30 kadriem sekund\u0113. Netiek pie\u0146emti baneri, kas ir papildin\u0101ti ar ska\u0146u. <\/p>\n<\/details>\n\n\n\n<p><\/p>\n\n\n\n<p>Par darba sludin\u0101jumu un rekl\u0101mas saturu atbild to dev\u0113js, tai skait\u0101 iev\u0113rojot Rekl\u0101mas likuma noteikumus. K\u0101 apmaks\u0101tu rekl\u0101mu vai sludin\u0101jumu \u017eurn\u0101l\u0101 un port\u0101l\u0101 \u201cJurista V\u0101rds\u201d (<em>juristavards.lv<\/em>) var public\u0113t:&nbsp;&nbsp;<\/p>\n\n\n\n<ul class=\"wp-block-list\">\n<li>darba sludin\u0101jumus un inform\u0101ciju par amatu vakanc\u0113m vai prakses iesp\u0113j\u0101m;<\/li>\n\n\n\n<li>izgl\u012bt\u012bbas iest\u0101\u017eu komerci\u0101la rakstura inform\u0101ciju saist\u012bb\u0101 ar to pied\u0101v\u0101tajiem pakalpojumiem vai organiz\u0113tajiem pas\u0101kumiem;<\/li>\n\n\n\n<li>inform\u0101ciju par profesion\u0101l\u0101s kompetences pilnveides vai t\u0101l\u0101kizgl\u012bt\u012bbas kursiem\/apm\u0101c\u012bb\u0101m, konferenc\u0113m, semin\u0101riem;<\/li>\n\n\n\n<li>ofici\u0101lo iest\u0101\u017eu un instit\u016bciju iesniegtu rekl\u0101mu.&nbsp;<\/li>\n<\/ul>\n\n\n\n<p>Iz\u0146\u0113muma gad\u012bjumos, ja tam piekr\u012bt \u201cJurista V\u0101rda\u201d izdev\u0113js, var tikt public\u0113tas ar\u012b citas rekl\u0101mas, balstoties uz individu\u0101lu redakcijas izv\u0113rt\u0113jumu un atbilst\u012bbu \u017eurn\u0101la pamatfunkcij\u0101m.&nbsp; \u0160\u0101dos gad\u012bjumos rekl\u0101mu var noraid\u012bt vai pie\u0146emt public\u0113\u0161anai, savu l\u0113mumu nemotiv\u0113jot rekl\u0101mas pieteic\u0113jam.&nbsp;<\/p>\n\n\n\n<div class=\"wp-block-columns is-layout-flex wp-container-core-columns-is-layout-9d6595d7 wp-block-columns-is-layout-flex\">\n<div class=\"wp-block-column is-layout-flow wp-block-column-is-layout-flow\">\n<h3 class=\"wp-block-heading\" id=\"kontakti\">Kontakti<\/h3>\n\n\n\n<ul class=\"wp-block-list\">\n<li>Par rekl\u0101mas iesp\u0113j\u0101m \u201cJurista V\u0101rd\u0101\u201d (druk\u0101taj\u0101 \u017eurn\u0101l\u0101 un\/vai port\u0101l\u0101 &#8220;juristavards.lv&#8221;) l\u016bdzam sazin\u0101ties ar Las\u012bt\u0101ju servisu.<\/li>\n\n\n\n<li>T.: 67311161<\/li>\n\n\n\n<li>E-pasts: <a href=\"mailto:reklama@lv.lv\" target=\"_blank\" rel=\"noreferrer noopener\">reklama@lv.lv<\/a>&nbsp;&nbsp;<\/li>\n<\/ul>\n<\/div>\n\n\n\n<div class=\"wp-block-column is-layout-flow wp-block-column-is-layout-flow\">\n<h3 class=\"wp-block-heading\" id=\"piemerojamas-atlaides\">Piem\u0113rojam\u0101s atlaides<\/h3>\n\n\n\n<div class=\"wp-block-columns is-layout-flex wp-container-core-columns-is-layout-9d6595d7 wp-block-columns-is-layout-flex\">\n<div class=\"wp-block-column is-layout-flow wp-block-column-is-layout-flow\">\n<p>Apjoma atlaide (cenai ar PVN):<\/p>\n\n\n\n<ul class=\"wp-block-list\">\n<li>100 \u2013 199,99 EUR: <strong>5%<\/strong><\/li>\n\n\n\n<li>200 \u2013 249,99 EUR: <strong>10%<\/strong><\/li>\n\n\n\n<li>250 \u2013 349,99 EUR: <strong>15%<\/strong><\/li>\n\n\n\n<li>350 \u2013 499,99 EUR: <strong>20%<\/strong><\/li>\n\n\n\n<li>500 \u2013 749,99 EUR: <strong>25%<\/strong><\/li>\n\n\n\n<li>&gt; 750 EUR: <strong>30%<\/strong><\/li>\n<\/ul>\n<\/div>\n\n\n\n<div class=\"wp-block-column is-layout-flow wp-block-column-is-layout-flow\">\n<p>Atlaide par dien\u0101m:<\/p>\n\n\n\n<ul class=\"wp-block-list\">\n<li>2 dienas: <strong>5%<\/strong><\/li>\n\n\n\n<li>3 \u2013 4 dienas: <strong>10%<\/strong><\/li>\n\n\n\n<li>5 \u2013 9 dienas: <strong>15%<\/strong><\/li>\n\n\n\n<li>10 \u2013 14 dienas: <strong>20%<\/strong><\/li>\n\n\n\n<li>15 \u2013 19 dienas: <strong>25%<\/strong><\/li>\n\n\n\n<li>&gt; 20 dienas: <strong>30%<\/strong><\/li>\n<\/ul>\n<\/div>\n<\/div>\n<\/div>\n<\/div>\n\n\n\n<h3 class=\"wp-block-heading\"><strong>Rekl\u0101mlaukumi druk\u0101taj\u0101 \u017eurn\u0101l\u0101<\/strong>&nbsp;<\/h3>\n\n\n\n<figure class=\"wp-block-table is-style-stripes\"><table class=\"has-fixed-layout\"><tbody><tr><td><strong>Izvietojums<\/strong>&nbsp;<\/td><td><strong>Kr\u0101sa<\/strong>&nbsp;<\/td><td><strong>Izm\u0113rs (mm)<\/strong>&nbsp;<\/td><td><strong>Cena, EUR <\/strong>&nbsp;<br>(bez PVN)&nbsp;<\/td><td><strong>Paraugs<\/strong>&nbsp;<\/td><\/tr><tr><td>3. v\u0101ks&nbsp;<br>Pilna lapa&nbsp;<\/td><td>Divkr\u0101su&nbsp;<\/td><td>160&#215;220&nbsp;<\/td><td>290,00&nbsp;<\/td><td>&nbsp;<a href=\"https:\/\/juristavards.lv\/veikals\/wp-content\/uploads\/2025\/11\/PRINT-1.png\" title=\"\ufffc\"><img decoding=\"async\" width=\"100\" height=\"72\" class=\"wp-image-5734\" style=\"width: 100px\" src=\"https:\/\/juristavards.lv\/veikals\/wp-content\/uploads\/2022\/02\/LAUKUMS_IKONA-2.png\" alt=\"\"><\/a><\/td><\/tr><tr><td>4. v\u0101ks&nbsp;<br>Pilna lapa&nbsp;<\/td><td>Divkr\u0101su&nbsp;&nbsp;<\/td><td>175&#215;245&nbsp;<\/td><td>320,00&nbsp;<\/td><td>&nbsp;<a href=\"https:\/\/juristavards.lv\/veikals\/wp-content\/uploads\/2025\/11\/PRINT-2.png\" title=\"\ufffc\"><img decoding=\"async\" width=\"100\" height=\"72\" class=\"wp-image-5734\" style=\"width: 100px\" src=\"https:\/\/juristavards.lv\/veikals\/wp-content\/uploads\/2022\/02\/LAUKUMS_IKONA-2.png\" alt=\"\"><\/a><\/td><\/tr><tr><td>Iek\u0161lapa&nbsp;<br>Pilna lapa&nbsp;<\/td><td>Melnbalts&nbsp;&nbsp;<\/td><td>140&#215;215&nbsp;<\/td><td>290,00&nbsp;<\/td><td>&nbsp;<a href=\"https:\/\/juristavards.lv\/veikals\/wp-content\/uploads\/2025\/11\/PRINT-3.png\" title=\"\ufffc\"><img decoding=\"async\" width=\"100\" height=\"72\" class=\"wp-image-5734\" style=\"width: 100px\" src=\"https:\/\/juristavards.lv\/veikals\/wp-content\/uploads\/2022\/02\/LAUKUMS_IKONA-2.png\" alt=\"\"><\/a><\/td><\/tr><tr><td>1\/2 iek\u0161lapa&nbsp;<br>Horizont\u0101li&nbsp;<\/td><td>Melnbalts&nbsp;&nbsp;<\/td><td>140&#215;105&nbsp;<\/td><td>150,00&nbsp;<\/td><td>&nbsp;<a href=\"https:\/\/juristavards.lv\/veikals\/wp-content\/uploads\/2025\/12\/PRINT-4.png\" title=\"\ufffc\"><img decoding=\"async\" width=\"100\" height=\"72\" class=\"wp-image-5734\" style=\"width: 100px\" src=\"https:\/\/juristavards.lv\/veikals\/wp-content\/uploads\/2022\/02\/LAUKUMS_IKONA-2.png\" alt=\"\"><\/a><\/td><\/tr><tr><td>1\/2 iek\u0161lapa&nbsp;<br>Vertik\u0101li&nbsp;<\/td><td>Melnbalts&nbsp;&nbsp;<\/td><td>67&#215;215&nbsp;<\/td><td>150,00&nbsp;<\/td><td>&nbsp;<a href=\"https:\/\/juristavards.lv\/veikals\/wp-content\/uploads\/2025\/11\/PRINT-5.png\" title=\"\ufffc\"><img decoding=\"async\" width=\"100\" height=\"72\" class=\"wp-image-5734\" style=\"width: 100px\" src=\"https:\/\/juristavards.lv\/veikals\/wp-content\/uploads\/2022\/02\/LAUKUMS_IKONA-2.png\" alt=\"\"><\/a><\/td><\/tr><\/tbody><\/table><\/figure>\n\n\n\n<h3 class=\"wp-block-heading\" id=\"sludinajumi\"><br><strong>Amata konkursu pazi\u0146ojumi un darba sludin\u0101jumi port\u0101l\u0101<\/strong>&nbsp;<\/h3>\n\n\n\n<figure class=\"wp-block-table is-style-stripes\"><table class=\"has-fixed-layout\"><tbody><tr><td><strong>Izvietojums port\u0101l\u0101<\/strong>&nbsp;<\/td><td><strong>Form\u0101ts<\/strong>&nbsp;<\/td><td><strong>Cena, EUR \/ 1 pazi\u0146ojums<\/strong>&nbsp;<br>(bez PVN)&nbsp;<\/td><td><strong>Paraugs<\/strong>&nbsp;<\/td><\/tr><tr><td>S\u0101kumlapa, sada\u013ca &#8220;#teirdarbs&#8221;, sludin\u0101juma skats&nbsp;<\/td><td>Sludin\u0101juma teksts +&nbsp;&nbsp;logo (att\u0113ls)&nbsp;<\/td><td>85,00&nbsp;<strong><\/strong>&nbsp;<\/td><td>&nbsp;<a href=\"https:\/\/juristavards.lv\/veikals\/wp-content\/uploads\/2025\/12\/TEIRDARBS.png\" title=\"\">&nbsp;<\/a><a href=\"https:\/\/juristavards.lv\/veikals\/wp-content\/uploads\/2025\/12\/TEIRDARBS.png\" title=\"\ufffc\"><img decoding=\"async\" width=\"100\" height=\"72\" class=\"wp-image-5734\" style=\"width: 100px\" src=\"https:\/\/juristavards.lv\/veikals\/wp-content\/uploads\/2022\/02\/LAUKUMS_IKONA-2.png\" alt=\"\"><\/a><a href=\"https:\/\/juristavards.lv\/veikals\/wp-content\/uploads\/2025\/12\/TEIRDARBS.png\" title=\"\"><\/a><\/td><\/tr><\/tbody><\/table><figcaption class=\"wp-element-caption\">Pazi\u0146ojuma publik\u0101cijas termi\u0146\u0161 \u2013 l\u012bdz 1 m\u0113nesim.<\/figcaption><\/figure>\n\n\n\n<h3 class=\"wp-block-heading\"><br><strong>Baneri port\u0101l\u0101<\/strong>&nbsp;<\/h3>\n\n\n\n<figure class=\"wp-block-table is-style-stripes\"><table class=\"has-fixed-layout\"><tbody><tr><td><strong>Nosaukums<\/strong>&nbsp;<\/td><td><strong>Izm\u0113rs (px)<\/strong>&nbsp;<\/td><td><strong>Ekspoz\u012bcijas<\/strong>&nbsp;<\/td><td><strong>Cena, EUR\/ dien\u0101<\/strong>&nbsp;<br>(bez PVN)&nbsp;<\/td><td><strong>Paraugs<\/strong>&nbsp;<\/td><\/tr><tr><td>Lielais jumts&nbsp;<\/td><td>980 x 200&nbsp;<\/td><td>4000&nbsp;<\/td><td>45,00&nbsp;<\/td><td>&nbsp;<a href=\"https:\/\/juristavards.lv\/veikals\/wp-content\/uploads\/2025\/12\/2.png\" title=\"\ufffc\"><img decoding=\"async\" width=\"100\" height=\"72\" class=\"wp-image-5734\" style=\"width: 100px\" src=\"https:\/\/juristavards.lv\/veikals\/wp-content\/uploads\/2022\/02\/LAUKUMS_IKONA-2.png\" alt=\"\"><\/a><\/td><\/tr><tr><td>Mazais jumts&nbsp;<\/td><td>980 x 150&nbsp;<\/td><td>4000&nbsp;<\/td><td>35,00&nbsp;<\/td><td>&nbsp;<a href=\"https:\/\/juristavards.lv\/veikals\/wp-content\/uploads\/2025\/12\/3.png\" title=\"\ufffc\"><img decoding=\"async\" width=\"100\" height=\"72\" class=\"wp-image-5734\" style=\"width: 100px\" src=\"https:\/\/juristavards.lv\/veikals\/wp-content\/uploads\/2022\/02\/LAUKUMS_IKONA-2.png\" alt=\"\"><\/a><\/td><\/tr><tr><td>Karogs&nbsp;<\/td><td>220&#215;220&nbsp;<\/td><td>3000&nbsp;<\/td><td>30,00&nbsp;&nbsp;<\/td><td>\u00a0<a href=\"https:\/\/juristavards.lv\/veikals\/wp-content\/uploads\/2026\/01\/KAROGS.png\" title=\"\ufffc\"><img decoding=\"async\" width=\"100\" height=\"72\" class=\"wp-image-5734\" style=\"width: 100px\" src=\"https:\/\/juristavards.lv\/veikals\/wp-content\/uploads\/2022\/02\/LAUKUMS_IKONA-2.png\" alt=\"\"><\/a><\/td><\/tr><\/tbody><\/table><\/figure>\n\n\n\n<p><br><a href=\"https:\/\/lv.lv\/uploads\/uploads\/Pakalpojumi\/061025_JV_cenradis.pdf\" target=\"_blank\" rel=\"noopener\" title=\"\">\u017durn\u0101la \u201cJurista V\u0101rds\u201d realiz\u0101cijas un maksas pakalpojumu cenr\u0101dis<\/a><\/p>\n","protected":false},"excerpt":{"rendered":"<p>Rekl\u0101mas iesp\u0113jas \u017eurn\u0101l\u0101 &#8220;Jurista V\u0101rds&#8221; un port\u0101l\u0101 &#8220;juristavards.lv&#8221; \u201cJurista V\u0101rds\u201d \u2013 Latvijas sp\u0113c\u012bg\u0101kais tieslietu \u017eurn\u0101ls! No 2025. gada decembra \u017eurn\u0101la saturs tiek pied\u0101v\u0101ts trijos veidos:&nbsp;&nbsp; Rekl\u0101mas iesnieg\u0161anas pras\u012bbas&nbsp; Rekl\u0101mlaukumi druk\u0101taj\u0101 \u017eurn\u0101l\u0101:\u00a0tehnisk\u0101s pras\u012bbas Rekl\u0101mas iesnieg\u0161anas pras\u012bbas: Rekl\u0101mas \/ sludin\u0101juma makets j\u0101iesniedz TIFF, PDF vai EPS faila form\u0101t\u0101; Kr\u0101su modelis: iek\u0161lap\u0101m \u2013 Grayscale; v\u0101kam \u2013 divkr\u0101su (Pantone [&hellip;]<\/p>\n","protected":false},"author":9,"featured_media":0,"parent":0,"menu_order":0,"comment_status":"closed","ping_status":"closed","template":"","meta":{"footnotes":""},"class_list":["post-5704","page","type-page","status-publish","hentry"],"aioseo_notices":[],"_links":{"self":[{"href":"https:\/\/juristavards.lv\/veikals\/wp-json\/wp\/v2\/pages\/5704","targetHints":{"allow":["GET"]}}],"collection":[{"href":"https:\/\/juristavards.lv\/veikals\/wp-json\/wp\/v2\/pages"}],"about":[{"href":"https:\/\/juristavards.lv\/veikals\/wp-json\/wp\/v2\/types\/page"}],"author":[{"embeddable":true,"href":"https:\/\/juristavards.lv\/veikals\/wp-json\/wp\/v2\/users\/9"}],"replies":[{"embeddable":true,"href":"https:\/\/juristavards.lv\/veikals\/wp-json\/wp\/v2\/comments?post=5704"}],"version-history":[{"count":32,"href":"https:\/\/juristavards.lv\/veikals\/wp-json\/wp\/v2\/pages\/5704\/revisions"}],"predecessor-version":[{"id":13471,"href":"https:\/\/juristavards.lv\/veikals\/wp-json\/wp\/v2\/pages\/5704\/revisions\/13471"}],"wp:attachment":[{"href":"https:\/\/juristavards.lv\/veikals\/wp-json\/wp\/v2\/media?parent=5704"}],"curies":[{"name":"wp","href":"https:\/\/api.w.org\/{rel}","templated":true}]}}