{"id":73,"date":"2016-06-14T06:15:58","date_gmt":"2016-06-14T06:15:58","guid":{"rendered":"http:\/\/sw-themes.com\/porto_dummy\/?page_id=73"},"modified":"2026-04-08T20:03:56","modified_gmt":"2026-04-08T17:03:56","slug":"kontakti","status":"publish","type":"page","link":"https:\/\/juristavards.lv\/veikals\/kontakti\/","title":{"rendered":"Kontakti"},"content":{"rendered":"\t\t<div data-elementor-type=\"wp-post\" data-elementor-id=\"73\" class=\"elementor elementor-73\">\n\t\t\t\t\t\t<section class=\"porto-full-no-gap elementor-section elementor-top-section elementor-element elementor-element-72e2366 elementor-section-full_width p-b elementor-section-height-default elementor-section-height-default\" data-id=\"72e2366\" data-element_type=\"section\" data-e-type=\"section\">\r\n\t\t\r\n\t\t\t\t\t\t\t<div class=\"elementor-container elementor-column-gap-no\">\r\n\t\t\t\t\t\t\t\t\t\t\t<div class=\"elementor-column elementor-col-100 elementor-top-column elementor-element elementor-element-0f52e38\" data-id=\"0f52e38\" data-element_type=\"column\" data-e-type=\"column\">\r\n\t\t\t\t\t<div class=\"elementor-widget-wrap elementor-element-populated\">\r\n\t\t\t\t\t\t\t\t<div class=\"elementor-element elementor-element-d4ba68c elementor-widget elementor-widget-google_maps\" data-id=\"d4ba68c\" data-element_type=\"widget\" data-e-type=\"widget\" data-widget_type=\"google_maps.default\">\n\t\t\t\t<div class=\"elementor-widget-container\">\n\t\t\t\t\t\t\t<div class=\"elementor-custom-embed\">\n\t\t\t<iframe loading=\"lazy\"\n\t\t\t\t\tsrc=\"https:\/\/www.google.com\/maps\/embed\/v1\/place?key=AIzaSyB5kLac4eD6Uq0xYymyEKwzDIN6FvXZftE&#038;q=Bru%C5%86inieku%2041%2C%20R%C4%ABga%2C%20LV-1011&#038;zoom=16\"\n\t\t\t\t\ttitle=\"Bru\u0146inieku 41, R\u012bga, LV-1011\"\n\t\t\t\t\taria-label=\"Bru\u0146inieku 41, R\u012bga, LV-1011\"\n\t\t\t><\/iframe>\n\t\t<\/div>\n\t\t\t\t\t\t<\/div>\n\t\t\t\t<\/div>\n\t\t\t\t\t<\/div>\r\n\t\t\t\t<\/div>\r\n\t\t\t\t\t<\/div>\r\n\t\t\t\t<\/section>\r\n\t\t\t\t<section class=\"elementor-section elementor-top-section elementor-element elementor-element-0442df3 m-t-sm m-b-xl elementor-section-boxed elementor-section-height-default elementor-section-height-default\" data-id=\"0442df3\" data-element_type=\"section\" data-e-type=\"section\">\r\n\t\t\r\n\t\t\t\t\t\t\t<div class=\"elementor-container elementor-column-gap-default\">\r\n\t\t\t\t\t\t\t\t\t\t\t<div class=\"elementor-column elementor-col-50 elementor-top-column elementor-element elementor-element-9df50e3\" data-id=\"9df50e3\" data-element_type=\"column\" data-e-type=\"column\">\r\n\t\t\t\t\t<div class=\"elementor-widget-wrap elementor-element-populated\">\r\n\t\t\t\t\t\t\t\t<div class=\"elementor-element elementor-element-86d52a8 elementor-widget elementor-widget-heading\" data-id=\"86d52a8\" data-element_type=\"widget\" data-e-type=\"widget\" data-widget_type=\"heading.default\">\n\t\t\t\t<div class=\"elementor-widget-container\">\n\t\t\t\t\t<h2 class=\"elementor-heading-title elementor-size-default\">Sazinies ar mums<\/h2>\t\t\t\t<\/div>\n\t\t\t\t<\/div>\n\t\t\t\t<div class=\"elementor-element elementor-element-508036a elementor-widget elementor-widget-shortcode\" data-id=\"508036a\" data-element_type=\"widget\" data-e-type=\"widget\" data-widget_type=\"shortcode.default\">\n\t\t\t\t<div class=\"elementor-widget-container\">\n\t\t\t\t\t\t\t<div class=\"elementor-shortcode\"><div class=\"wpforms-container wpforms-container-full\" id=\"wpforms-2971\"><form id=\"wpforms-form-2971\" class=\"wpforms-validate wpforms-form wpforms-ajax-form\" data-formid=\"2971\" method=\"post\" enctype=\"multipart\/form-data\" action=\"\/veikals\/wp-json\/wp\/v2\/pages\/73\" data-token=\"613576abf77960eeb726c3b4b1299691\" data-token-time=\"1776165127\"><noscript class=\"wpforms-error-noscript\">Please enable JavaScript in your browser to complete this form.<\/noscript><div class=\"wpforms-field-container\"><div id=\"wpforms-2971-field_1-container\" class=\"wpforms-field wpforms-field-text wpforms-one-half wpforms-first\" data-field-id=\"1\"><label class=\"wpforms-field-label\" for=\"wpforms-2971-field_1\">J\u016bsu v\u0101rds<\/label><input type=\"text\" id=\"wpforms-2971-field_1\" class=\"wpforms-field-large\" name=\"wpforms[fields][1]\" ><\/div><div id=\"wpforms-2971-field_2-container\" class=\"wpforms-field wpforms-field-email wpforms-one-half\" data-field-id=\"2\"><label class=\"wpforms-field-label\" for=\"wpforms-2971-field_2\">J\u016bsu e-pasta adrese <span class=\"wpforms-required-label\">*<\/span><\/label><input type=\"email\" id=\"wpforms-2971-field_2\" class=\"wpforms-field-large wpforms-field-required\" name=\"wpforms[fields][2]\" spellcheck=\"false\" required><\/div><div id=\"wpforms-2971-field_3-container\" class=\"wpforms-field wpforms-field-text\" data-field-id=\"3\"><label class=\"wpforms-field-label\" for=\"wpforms-2971-field_3\">Virsraksts<\/label><input type=\"text\" id=\"wpforms-2971-field_3\" class=\"wpforms-field-large\" name=\"wpforms[fields][3]\" ><\/div><div id=\"wpforms-2971-field_4-container\" class=\"wpforms-field wpforms-field-textarea\" data-field-id=\"4\"><label class=\"wpforms-field-label\" for=\"wpforms-2971-field_4\">Zi\u0146a<\/label><textarea id=\"wpforms-2971-field_4\" class=\"wpforms-field-large\" name=\"wpforms[fields][4]\" ><\/textarea><\/div><\/div><!-- .wpforms-field-container --><div class=\"wpforms-recaptcha-container wpforms-is-recaptcha wpforms-is-recaptcha-type-v3\" ><input type=\"hidden\" name=\"wpforms[recaptcha]\" value=\"\"><\/div><div class=\"wpforms-submit-container\" ><input type=\"hidden\" name=\"wpforms[id]\" value=\"2971\"><input type=\"hidden\" name=\"page_title\" value=\"\"><input type=\"hidden\" name=\"page_url\" value=\"https:\/\/juristavards.lv\/veikals\/wp-json\/wp\/v2\/pages\/73\"><input type=\"hidden\" name=\"url_referer\" value=\"\"><button type=\"submit\" name=\"wpforms[submit]\" id=\"wpforms-submit-2971\" class=\"wpforms-submit\" data-alt-text=\"Sending...\" data-submit-text=\"NOS\u016aT\u012aT\" aria-live=\"assertive\" value=\"wpforms-submit\">NOS\u016aT\u012aT<\/button><img decoding=\"async\" src=\"https:\/\/juristavards.lv\/veikals\/wp-content\/plugins\/wpforms-lite\/assets\/images\/submit-spin.svg\" class=\"wpforms-submit-spinner\" style=\"display: none;\" width=\"26\" height=\"26\" alt=\"Loading\"><\/div><\/form><\/div>  <!-- .wpforms-container --><\/div>\n\t\t\t\t\t\t<\/div>\n\t\t\t\t<\/div>\n\t\t\t\t\t<\/div>\r\n\t\t\t\t<\/div>\r\n\t\t\t\t<div class=\"elementor-column elementor-col-50 elementor-top-column elementor-element elementor-element-001e99b\" data-id=\"001e99b\" data-element_type=\"column\" data-e-type=\"column\">\r\n\t\t\t\t\t<div class=\"elementor-widget-wrap elementor-element-populated\">\r\n\t\t\t\t\t\t\t\t<div class=\"elementor-element elementor-element-ca9d59f m-b-lg elementor-widget elementor-widget-text-editor\" data-id=\"ca9d59f\" data-element_type=\"widget\" data-e-type=\"widget\" data-widget_type=\"text-editor.default\">\n\t\t\t\t<div class=\"elementor-widget-container\">\n\t\t\t\t\t\t\t\t\t<p><span class=\"TextRun SCXW74361196 BCX4\" lang=\"LV-LV\" xml:lang=\"LV-LV\" data-contrast=\"auto\"><span class=\"NormalTextRun SCXW74361196 BCX4\">Par <\/span><span class=\"NormalTextRun SCXW74361196 BCX4\">\u017eurn\u0101la &#8220;Jurista <\/span><span class=\"NormalTextRun SCXW74361196 BCX4\">V\u0101rds\u201d<\/span><span class=\"NormalTextRun SCXW74361196 BCX4\"> un t\u0101 arh\u012bva<\/span> <span class=\"NormalTextRun SCXW74361196 BCX4\">abon\u0113\u0161anu, mazumtirdzniec\u012bbu, rekl\u0101m<\/span><span class=\"NormalTextRun SCXW74361196 BCX4\">as un<\/span><span class=\"NormalTextRun SCXW74361196 BCX4\"> darb<\/span><span class=\"NormalTextRun SCXW74361196 BCX4\">a<\/span><span class=\"NormalTextRun SCXW74361196 BCX4\"> sludin\u0101jum<\/span><span class=\"NormalTextRun SCXW74361196 BCX4\">u izvieto\u0161anu<\/span><span class=\"NormalTextRun SCXW74361196 BCX4\"> un VSIA &#8220;Latvijas V\u0113stnesis&#8221; izdoto gr\u0101matu tirdzniec\u012bbu un pieg\u0101di <\/span><span class=\"NormalTextRun SCXW74361196 BCX4\">r\u016bp\u0113jas\u00a0<\/span><\/span><span class=\"TextRun SCXW74361196 BCX4\" lang=\"LV-LV\" xml:lang=\"LV-LV\" data-contrast=\"auto\"><span class=\"NormalTextRun SCXW74361196 BCX4\">L<\/span><span class=\"NormalTextRun SCXW74361196 BCX4\">a<\/span><span class=\"NormalTextRun SCXW74361196 BCX4\">s\u012bt\u0101ju serviss<\/span><\/span><span class=\"TextRun SCXW74361196 BCX4\" lang=\"LV-LV\" xml:lang=\"LV-LV\" data-contrast=\"auto\"><span class=\"NormalTextRun SCXW74361196 BCX4\">.<\/span> <\/span><span class=\"EOP SCXW74361196 BCX4\" data-ccp-props=\"{&quot;201341983&quot;:0,&quot;335559739&quot;:160,&quot;335559740&quot;:259}\">\u00a0<\/span><\/p>\t\t\t\t\t\t\t\t<\/div>\n\t\t\t\t<\/div>\n\t\t\t\t<div class=\"elementor-element elementor-element-2c93952 mb-1 elementor-widget-divider--view-line elementor-widget elementor-widget-divider\" data-id=\"2c93952\" data-element_type=\"widget\" data-e-type=\"widget\" data-widget_type=\"divider.default\">\n\t\t\t\t<div class=\"elementor-widget-container\">\n\t\t\t\t\t\t\t<div class=\"elementor-divider\">\n\t\t\t<span class=\"elementor-divider-separator\">\n\t\t\t\t\t\t<\/span>\n\t\t<\/div>\n\t\t\t\t\t\t<\/div>\n\t\t\t\t<\/div>\n\t\t\t\t<div class=\"elementor-element elementor-element-9884928 m-t text-color-primary elementor-widget__width-initial elementor-widget elementor-widget-heading\" data-id=\"9884928\" data-element_type=\"widget\" data-e-type=\"widget\" data-widget_type=\"heading.default\">\n\t\t\t\t<div class=\"elementor-widget-container\">\n\t\t\t\t\t<h4 class=\"elementor-heading-title elementor-size-default\">Las\u012bt\u0101ju <b>serviss<\/b><\/h4>\t\t\t\t<\/div>\n\t\t\t\t<\/div>\n\t\t\t\t<div class=\"elementor-element elementor-element-0a47e60 m-b-lg elementor-widget elementor-widget-text-editor\" data-id=\"0a47e60\" data-element_type=\"widget\" data-e-type=\"widget\" data-widget_type=\"text-editor.default\">\n\t\t\t\t<div class=\"elementor-widget-container\">\n\t\t\t\t\t\t\t\t\t<ul><li data-leveltext=\"\uf0b7\" data-font=\"Symbol\" data-listid=\"1\" data-aria-posinset=\"1\" data-aria-level=\"1\">T\u0101lrunis darbdien\u0101s no pulksten 9.00 l\u012bdz 16.30:\u00a0<b>67311161<\/b><\/li><li data-leveltext=\"\uf0b7\" data-font=\"Symbol\" data-listid=\"1\" data-aria-posinset=\"2\" data-aria-level=\"1\"><span style=\"font-size: 14px;\">Abonementu noform\u0113\u0161ana, pieg\u0101des kvalit\u0101te, abonementu p\u0101radres\u0113\u0161ana,\u00a0\u017eurn\u0101lu mazumtirdzniec\u012bba, konsult\u0101cijas:\u00a0<a href=\"mailto:abonenti@lv.lv\">abonenti@lv.lv<\/a><\/span><\/li><li data-leveltext=\"\uf0b7\" data-font=\"Symbol\" data-listid=\"1\" data-aria-posinset=\"3\" data-aria-level=\"1\"><span style=\"font-size: 14px;\">Gr\u0101matu pas\u016bt\u012bjumu noform\u0113\u0161ana, pieg\u0101des jaut\u0101jumi, konsult\u0101cijas: <a href=\"mailto:gramatas@lv.lv\">gramatas@lv.lv<\/a>\u00a0<\/span><\/li><li data-leveltext=\"\uf0b7\" data-font=\"Symbol\" data-listid=\"1\" data-aria-posinset=\"4\" data-aria-level=\"1\"><span style=\"font-size: 14px;\">Par rekl\u0101mu un darba sludin\u0101jumu izvieto\u0161anu \u017eurn\u0101l\u0101 &#8220;Jurista V\u0101rds&#8221; \/ port\u0101l\u0101 juristavards.lv, konsult\u0101cijas &#8211; <a href=\"mailto:reklama@lv.lv\">reklama@lv.lv<\/a>\u00a0<span style=\"font-family: Calibri, Calibri_EmbeddedFont, Calibri_MSFontService, sans-serif;\"> <br \/><\/span><\/span><\/li><\/ul>\t\t\t\t\t\t\t\t<\/div>\n\t\t\t\t<\/div>\n\t\t\t\t<div class=\"elementor-element elementor-element-f6c23a1 mb-4 elementor-widget-divider--view-line elementor-widget elementor-widget-divider\" data-id=\"f6c23a1\" data-element_type=\"widget\" data-e-type=\"widget\" data-widget_type=\"divider.default\">\n\t\t\t\t<div class=\"elementor-widget-container\">\n\t\t\t\t\t\t\t<div class=\"elementor-divider\">\n\t\t\t<span class=\"elementor-divider-separator\">\n\t\t\t\t\t\t<\/span>\n\t\t<\/div>\n\t\t\t\t\t\t<\/div>\n\t\t\t\t<\/div>\n\t\t\t\t<div class=\"elementor-element elementor-element-818368f text-color-primary elementor-widget elementor-widget-heading\" data-id=\"818368f\" data-element_type=\"widget\" data-e-type=\"widget\" data-widget_type=\"heading.default\">\n\t\t\t\t<div class=\"elementor-widget-container\">\n\t\t\t\t\t<h4 class=\"elementor-heading-title elementor-size-default\">Darba l<b>aiks (pieejam\u012bba zvaniem, apmekl\u0113jumiem)<\/b><\/h4>\t\t\t\t<\/div>\n\t\t\t\t<\/div>\n\t\t\t\t<div class=\"elementor-element elementor-element-c30fa2c elementor-widget elementor-widget-porto_info_box\" data-id=\"c30fa2c\" data-element_type=\"widget\" data-e-type=\"widget\" data-widget_type=\"porto_info_box.default\">\n\t\t\t\t<div class=\"elementor-widget-container\">\n\t\t\t\t\t<div class=\"porto-sicon-box style_1 default-icon\"><div class=\"porto-sicon-default\"><div class=\"porto-just-icon-wrapper porto-icon none\" style=\"\"><i class=\"far fa-clock\"><\/i><\/div><\/div><div class=\"porto-sicon-header\"><h3 class=\"porto-sicon-title\" style=\"\">Pirmdiena \u2013 piektdiena:  9.00\u201316.30<\/h3><\/div> <!-- header --><\/div><!-- porto-sicon-box -->\t\t\t\t<\/div>\n\t\t\t\t<\/div>\n\t\t\t\t<div class=\"elementor-element elementor-element-787f6c2 elementor-widget elementor-widget-porto_info_box\" data-id=\"787f6c2\" data-element_type=\"widget\" data-e-type=\"widget\" data-widget_type=\"porto_info_box.default\">\n\t\t\t\t<div class=\"elementor-widget-container\">\n\t\t\t\t\t<div class=\"porto-sicon-box style_1 default-icon\"><div class=\"porto-sicon-default\"><div class=\"porto-just-icon-wrapper porto-icon none\" style=\"\"><i class=\"Simple-Line-Icons-close\"><\/i><\/div><\/div><div class=\"porto-sicon-header\"><h3 class=\"porto-sicon-title\" style=\"\">Sestdiena, sv\u0113tdiena un sv\u0113tku dienas: sl\u0113gts<\/h3><\/div> <!-- header --><\/div><!-- porto-sicon-box -->\t\t\t\t<\/div>\n\t\t\t\t<\/div>\n\t\t\t\t<div class=\"elementor-element elementor-element-bdfd98c elementor-widget elementor-widget-porto_info_box\" data-id=\"bdfd98c\" data-element_type=\"widget\" data-e-type=\"widget\" data-widget_type=\"porto_info_box.default\">\n\t\t\t\t<div class=\"elementor-widget-container\">\n\t\t\t\t\t<div class=\"porto-sicon-box style_1 default-icon\"><div class=\"porto-sicon-default\"><div class=\"porto-just-icon-wrapper porto-icon circle\" style=\"\"><i class=\"far fa-address-book\"><\/i><\/div><\/div><div class=\"porto-sicon-header\"><h3 class=\"porto-sicon-title\" style=\"\"> <a href=\"https:\/\/lv.lv\/lv\/kontakti#zurnala-jurista-vards-juristavardslv-redakcija\">Redakcijas kontakti<\/a><\/h3><\/div> <!-- header --><\/div><!-- porto-sicon-box -->\t\t\t\t<\/div>\n\t\t\t\t<\/div>\n\t\t\t\t<div class=\"elementor-element elementor-element-7d6c4f9 elementor-widget elementor-widget-porto_info_box\" data-id=\"7d6c4f9\" data-element_type=\"widget\" data-e-type=\"widget\" data-widget_type=\"porto_info_box.default\">\n\t\t\t\t<div class=\"elementor-widget-container\">\n\t\t\t\t\t<div class=\"porto-sicon-box style_1 default-icon\"><div class=\"porto-sicon-default\"><div class=\"porto-just-icon-wrapper porto-icon circle\" style=\"\"><i class=\"far fa-address-book\"><\/i><\/div><\/div><div class=\"porto-sicon-header\"><h3 class=\"porto-sicon-title\" style=\"\"> <a href=\"https:\/\/lv.lv\/?menu=kontakti&amp;sid=5\">Izdev\u0113ja \"Latvijas V\u0113stnesis\" kontakti<\/a><\/h3><\/div> <!-- header --><\/div><!-- porto-sicon-box -->\t\t\t\t<\/div>\n\t\t\t\t<\/div>\n\t\t\t\t<div class=\"elementor-element elementor-element-d2599c2 elementor-widget elementor-widget-porto_info_box\" data-id=\"d2599c2\" data-element_type=\"widget\" data-e-type=\"widget\" data-widget_type=\"porto_info_box.default\">\n\t\t\t\t<div class=\"elementor-widget-container\">\n\t\t\t\t\t<div class=\"porto-sicon-box style_1 default-icon\"><div class=\"porto-sicon-default\"><div class=\"porto-just-icon-wrapper porto-icon circle\" style=\"\"><i class=\"far fa-file-alt\"><\/i><\/div><\/div><div class=\"porto-sicon-header\"><h3 class=\"porto-sicon-title\" style=\"\"> <a href=\"https:\/\/lv.lv\/?menu=par_mums&amp;sid=64\">Rekviz\u012bti<\/a><\/h3><\/div> <!-- header --><\/div><!-- porto-sicon-box -->\t\t\t\t<\/div>\n\t\t\t\t<\/div>\n\t\t\t\t\t<\/div>\r\n\t\t\t\t<\/div>\r\n\t\t\t\t\t<\/div>\r\n\t\t\t\t<\/section>\r\n\t\t\t\t<section class=\"porto-full-no-gap elementor-section elementor-top-section elementor-element elementor-element-90d8087 elementor-section-full_width p-b elementor-section-height-default elementor-section-height-default\" data-id=\"90d8087\" data-element_type=\"section\" data-e-type=\"section\">\r\n\t\t\r\n\t\t\t\t\t\t\t<div class=\"elementor-container elementor-column-gap-no\">\r\n\t\t\t\t\t\t\t\t\t\t\t<div class=\"elementor-column elementor-col-100 elementor-top-column elementor-element elementor-element-213456f\" data-id=\"213456f\" data-element_type=\"column\" data-e-type=\"column\">\r\n\t\t\t\t\t<div class=\"elementor-widget-wrap\">\r\n\t\t\t\t\t\t\t\t\t<\/div>\r\n\t\t\t\t<\/div>\r\n\t\t\t\t\t<\/div>\r\n\t\t\t\t<\/section>\r\n\t\t\t\t<\/div>\n\t\t","protected":false},"excerpt":{"rendered":"<p>Sazinies ar mums Par \u017eurn\u0101la &#8220;Jurista V\u0101rds\u201d un t\u0101 arh\u012bva abon\u0113\u0161anu, mazumtirdzniec\u012bbu, rekl\u0101mas un darba sludin\u0101jumu izvieto\u0161anu un VSIA &#8220;Latvijas V\u0113stnesis&#8221; izdoto gr\u0101matu tirdzniec\u012bbu un pieg\u0101di r\u016bp\u0113jas\u00a0Las\u012bt\u0101ju serviss. \u00a0 Las\u012bt\u0101ju serviss T\u0101lrunis darbdien\u0101s no pulksten 9.00 l\u012bdz 16.30:\u00a067311161 Abonementu noform\u0113\u0161ana, pieg\u0101des kvalit\u0101te, abonementu p\u0101radres\u0113\u0161ana,\u00a0\u017eurn\u0101lu mazumtirdzniec\u012bba, konsult\u0101cijas:\u00a0abonenti@lv.lv Gr\u0101matu pas\u016bt\u012bjumu noform\u0113\u0161ana, pieg\u0101des jaut\u0101jumi, konsult\u0101cijas: gramatas@lv.lv\u00a0 Par rekl\u0101mu [&hellip;]<\/p>\n","protected":false},"author":1,"featured_media":0,"parent":0,"menu_order":0,"comment_status":"closed","ping_status":"closed","template":"","meta":{"footnotes":""},"class_list":["post-73","page","type-page","status-publish","hentry"],"aioseo_notices":[],"_links":{"self":[{"href":"https:\/\/juristavards.lv\/veikals\/wp-json\/wp\/v2\/pages\/73","targetHints":{"allow":["GET"]}}],"collection":[{"href":"https:\/\/juristavards.lv\/veikals\/wp-json\/wp\/v2\/pages"}],"about":[{"href":"https:\/\/juristavards.lv\/veikals\/wp-json\/wp\/v2\/types\/page"}],"author":[{"embeddable":true,"href":"https:\/\/juristavards.lv\/veikals\/wp-json\/wp\/v2\/users\/1"}],"replies":[{"embeddable":true,"href":"https:\/\/juristavards.lv\/veikals\/wp-json\/wp\/v2\/comments?post=73"}],"version-history":[{"count":125,"href":"https:\/\/juristavards.lv\/veikals\/wp-json\/wp\/v2\/pages\/73\/revisions"}],"predecessor-version":[{"id":13761,"href":"https:\/\/juristavards.lv\/veikals\/wp-json\/wp\/v2\/pages\/73\/revisions\/13761"}],"wp:attachment":[{"href":"https:\/\/juristavards.lv\/veikals\/wp-json\/wp\/v2\/media?parent=73"}],"curies":[{"name":"wp","href":"https:\/\/api.w.org\/{rel}","templated":true}]}}