{"id":10212,"date":"2024-01-30T05:00:25","date_gmt":"2024-01-30T03:00:25","guid":{"rendered":"https:\/\/juristavards.lv\/veikals\/?post_type=product&#038;p=10212"},"modified":"2024-11-21T12:42:04","modified_gmt":"2024-11-21T10:42:04","slug":"30-janvaris-2024-nr-5-1323","status":"publish","type":"product","link":"https:\/\/juristavards.lv\/veikals\/produkts\/30-janvaris-2024-nr-5-1323\/","title":{"rendered":"30. janv\u0101ris 2024 \/ Nr. 5 (1323)"},"content":{"rendered":"<div class=\"x_elementToProof x_ContentPasted0\">\n<div class=\"x_elementToProof x_ContentPasted0\">\n<div class=\"x_elementToProof x_ContentPasted0\">\n<div class=\"x_elementToProof x_ContentPasted0\">\n<div class=\"x_elementToProof x_ContentPasted0\">\n<p>Pie las\u012bt\u0101jiem dodas \u017eurn\u0101ls, kas velt\u012bts starptautiskaj\u0101m ties\u012bb\u0101m. Tematika ir izv\u0113l\u0113ta apzin\u0101ti, jo \u0161aj\u0101 ned\u0113\u013c\u0101 ties\u012bbu zin\u0101tniecei un Satversmes tiesas tiesnesei Krist\u012bnei Kr\u016bmai (1974\u20132016) b\u016btu aprit\u0113ju\u0161i 50 gadi. Pieminot K. Kr\u016bmu, kuras zin\u0101tnisko intere\u0161u lok\u0101 bija tie\u0161i starptautisk\u0101s ties\u012bbas, redakcija uzrun\u0101ja vi\u0146as l\u012bdzgaitniekus, domubiedrus un, protams, ar\u012b n\u0101kamo paaudzi, kas veiksm\u012bgi turpina ies\u0101kto.<\/p>\n<p>\u0160aj\u0101 numur\u0101, pateicoties autoru nesavt\u012bgajai iesaistei, m\u0113\u0123in\u0101sim atkl\u0101t las\u012bt\u0101jam, ka, no vienas puses, m\u016bsdienu starptautisk\u0101s ties\u012bbas uztic\u012bgi saglab\u0101 savas s\u0101kotn\u0113j\u0101s iez\u012bmes \u2013 kop\u0161 Vestf\u0101lenes miera l\u012bguma 1648. gad\u0101 t\u0101s joproj\u0101m ir ties\u012bbu normas, kas atz\u012bst ikvienas valsts l\u012bdzv\u0113rt\u012bgu statusu, un princip\u0101 starptautisko ties\u012bbu uzdevums ir sekm\u0113t mieru un visu n\u0101ciju labkl\u0101j\u012bbu. No otras puses, cent\u012bsimies p\u0113c iesp\u0113jas uzskat\u0101mi pier\u0101d\u012bt, ka starptautisk\u0101s ties\u012bbas kop\u0161 min\u0113t\u0101 gadskait\u013ca ir sazaroju\u0161\u0101s un regul\u0113 visda\u017e\u0101d\u0101k\u0101s dz\u012bves jomas, ko apliecina ar\u012b Krist\u012bnes Kr\u016bmas p\u0113t\u012bjumi. Protams, nenoklus\u0113sim ar\u012b kritiku, kas \u0161o ties\u012bbu nozari apvaino l\u0113n\u012bgum\u0101, neefektivit\u0101t\u0113 utt.<\/p>\n<\/div>\n<\/div>\n<\/div>\n<\/div>\n<\/div>\n","protected":false},"excerpt":{"rendered":"<p><span data-contrast=\"auto\">Druk\u0101t\u0101 \u017eurn\u0101la pieg\u0101de:\u00a0<\/span><span data-ccp-props=\"{&quot;201341983&quot;:0,&quot;335559739&quot;:160,&quot;335559740&quot;:259}\">\u00a0<\/span><\/p>\n<ul>\n<li data-leveltext=\"\uf0b7\" data-font=\"Symbol\" data-listid=\"2\" data-aria-posinset=\"1\" data-aria-level=\"1\"><span data-contrast=\"auto\">ar OMNIVA vai &#8220;Latvijas Pasts&#8221; (pieg\u0101des izdevumi)<\/span><span data-ccp-props=\"{&quot;134233279&quot;:true,&quot;201341983&quot;:0,&quot;335559739&quot;:160,&quot;335559740&quot;:259}\">\u00a0<\/span><\/li>\n<li data-leveltext=\"\uf0b7\" data-font=\"Symbol\" data-listid=\"2\" data-aria-posinset=\"1\" data-aria-level=\"1\"><span class=\"NormalTextRun SCXW151442062 BCX0\">bez maksas\u00a0 &#8211; \u201cLatvijas V\u0113stne\u0161a\u201d Klientu centr\u0101 Bru\u0146inieku\u00a0<\/span><span class=\"NormalTextRun CommentStart SCXW151442062 BCX0\">41<\/span><span class=\"NormalTextRun SCXW151442062 BCX0\">, R\u012bg\u0101<\/span><\/li>\n<\/ul>\n<p><a title=\"9.augusts 2022 \/ Nr.32 (1246)\" href=\"https:\/\/juristavards.lv\/zurnals.php?laidiens_id=12439\" target=\"_blank\" rel=\"noopener\">\u017durn\u0101la digit\u0101l\u0101 versija<\/a><\/p>\n","protected":false},"featured_media":10213,"comment_status":"open","ping_status":"closed","template":"","meta":[],"product_brand":[],"product_cat":[362,361],"product_tag":[],"class_list":{"0":"post-10212","1":"product","2":"type-product","3":"status-publish","4":"has-post-thumbnail","6":"product_cat-zurnali-tematiskie","7":"product_cat-zurnali","9":"first","10":"instock","11":"taxable","12":"shipping-taxable","13":"purchasable","14":"product-type-simple"},"aioseo_notices":[],"_links":{"self":[{"href":"https:\/\/juristavards.lv\/veikals\/wp-json\/wp\/v2\/product\/10212","targetHints":{"allow":["GET"]}}],"collection":[{"href":"https:\/\/juristavards.lv\/veikals\/wp-json\/wp\/v2\/product"}],"about":[{"href":"https:\/\/juristavards.lv\/veikals\/wp-json\/wp\/v2\/types\/product"}],"replies":[{"embeddable":true,"href":"https:\/\/juristavards.lv\/veikals\/wp-json\/wp\/v2\/comments?post=10212"}],"wp:featuredmedia":[{"embeddable":true,"href":"https:\/\/juristavards.lv\/veikals\/wp-json\/wp\/v2\/media\/10213"}],"wp:attachment":[{"href":"https:\/\/juristavards.lv\/veikals\/wp-json\/wp\/v2\/media?parent=10212"}],"wp:term":[{"taxonomy":"product_brand","embeddable":true,"href":"https:\/\/juristavards.lv\/veikals\/wp-json\/wp\/v2\/product_brand?post=10212"},{"taxonomy":"product_cat","embeddable":true,"href":"https:\/\/juristavards.lv\/veikals\/wp-json\/wp\/v2\/product_cat?post=10212"},{"taxonomy":"product_tag","embeddable":true,"href":"https:\/\/juristavards.lv\/veikals\/wp-json\/wp\/v2\/product_tag?post=10212"}],"curies":[{"name":"wp","href":"https:\/\/api.w.org\/{rel}","templated":true}]}}