{"id":10608,"date":"2024-04-23T05:00:56","date_gmt":"2024-04-23T02:00:56","guid":{"rendered":"https:\/\/juristavards.lv\/veikals\/?post_type=product&#038;p=10608"},"modified":"2025-01-03T22:22:02","modified_gmt":"2025-01-03T20:22:02","slug":"23-aprilis-2024-nr-17-1335","status":"publish","type":"product","link":"https:\/\/juristavards.lv\/veikals\/produkts\/23-aprilis-2024-nr-17-1335\/","title":{"rendered":"23. apr\u012blis 2024 \/ Nr. 17 (1335)"},"content":{"rendered":"<div class=\"x_elementToProof x_ContentPasted0\">\n<div class=\"x_elementToProof x_ContentPasted0\">\n<div class=\"x_elementToProof x_ContentPasted0\">\n<div class=\"x_elementToProof x_ContentPasted0\">\n<div class=\"x_elementToProof x_ContentPasted0\">\n<div class=\"x_elementToProof x_ContentPasted0\">\n<div class=\"x_elementToProof x_ContentPasted0\">\n<div class=\"x_elementToProof x_ContentPasted0\">\n<div class=\"x_elementToProof x_ContentPasted0\">\n<div class=\"x_elementToProof x_ContentPasted0\">\n<div class=\"x_elementToProof x_ContentPasted0\">\n<div class=\"x_elementToProof x_ContentPasted0\">\n<div class=\"x_elementToProof x_ContentPasted0\">\n<div class=\"x_elementToProof x_ContentPasted0\">\n<div class=\"x_elementToProof x_ContentPasted0\">\n<div class=\"x_elementToProof x_ContentPasted0\">\n<div class=\"x_elementToProof x_ContentPasted0\">\n<div class=\"x_elementToProof x_ContentPasted0\">\n<div class=\"x_elementToProof x_ContentPasted0\">\n<div class=\"x_elementToProof x_ContentPasted0\">\n<div class=\"x_elementToProof x_ContentPasted0\">\n<div class=\"x_elementToProof x_ContentPasted0\">\n<div class=\"x_elementToProof x_ContentPasted0\">\n<div class=\"x_elementToProof x_ContentPasted0\">\n<div class=\"x_elementToProof x_ContentPasted0\">\n<div class=\"x_elementToProof x_ContentPasted0\">\n<div class=\"x_elementToProof x_ContentPasted0\">\n<div class=\"x_elementToProof x_ContentPasted0\">\n<div class=\"x_elementToProof x_ContentPasted0\">\n<div class=\"x_elementToProof x_ContentPasted0\">\n<div class=\"x_elementToProof x_ContentPasted0\">\n<div class=\"x_elementToProof x_ContentPasted0\">\n<div class=\"x_elementToProof x_ContentPasted0\">\n<div class=\"x_elementToProof x_ContentPasted0\">\n<div class=\"x_elementToProof x_ContentPasted0\">\n<div class=\"x_elementToProof x_ContentPasted0\">\n<div class=\"x_elementToProof x_ContentPasted0\">\n<div class=\"x_elementToProof x_ContentPasted0\">\n<div class=\"x_elementToProof x_ContentPasted0\">\n<div class=\"x_elementToProof x_ContentPasted0\">\n<p>P\u0113c desmit gadu izstr\u0101des Saeima beidzot l\u0113musi par b\u016btisku mantojuma ties\u012bbu reformu. K\u0101das b\u016btisk\u0101k\u0101s p\u0101rmai\u0146as \u0161\u012b reforma nes\u012bs? Ko par to dom\u0101 nozares eksperti un prakti\u0137i? \u0160aj\u0101 &#8220;Jurista V\u0101rda&#8221; tematiskaj\u0101 izdevum\u0101 las\u012bt\u0101ji var\u0113s atrast atbildes uz \u0161iem un citiem ar mantojuma ties\u012bb\u0101m saist\u012btiem jaut\u0101jumiem.<\/p>\n<p>Tematiskaj\u0101 izdevum\u0101 ne tikai sniegts p\u0101rskats par galvenaj\u0101m izmai\u0146\u0101m mantojuma ties\u012bbu regul\u0113jum\u0101, bet ar\u012b praktiski noder\u012bga inform\u0101cija par jaunumiem notari\u0101laj\u0101 proces\u0101 reformas kontekst\u0101, ieskats reform\u0101 no kreditoru skatpunkta, k\u0101 ar\u012b raksts par p\u0101rrobe\u017eu mantojuma lietu risin\u0101\u0161anu un termi\u0146u izmai\u0146\u0101m mantojuma ties\u012bb\u0101s.<\/p>\n<p>Papildinform\u0101cijai: ar 2024. gada 21. mart\u0101 pie\u0146emtajiem groz\u012bjumiem\u00a0<a class=\"fui-Link ___1rxvrpe f2hkw1w f3rmtva f1ewtqcl fyind8e f1k6fduh f1w7gpdv fk6fouc fjoy568 figsok6 f1hu3pq6 f11qmguv f19f4twv f1tyq0we f1g0x7ka fhxju0i f1qch9an f1cnd47f fqv5qza f1vmzxwi f1o700av f13mvf36 f1cmlufx f9n3di6 f1ids18y f1tx3yz7 f1deo86v f1eh06m1 f1iescvh fhgqx19 f1olyrje f1p93eir f1nev41a f1h8hb77 f1lqvz6u f10aw75t fsle3fq f17ae5zn\" title=\"https:\/\/likumi.lv\/ta\/id\/350994-grozijumi-civillikuma\" href=\"https:\/\/likumi.lv\/ta\/id\/350994-grozijumi-civillikuma\" target=\"_blank\" rel=\"noreferrer noopener\" aria-label=\"Link Civillikum\u0101\">Civillikum\u0101<\/a>,\u00a0<a href=\"https:\/\/likumi.lv\/ta\/id\/350996-grozijumi-notariata-likuma\"><u>Notari\u0101ta likum\u0101<\/u><\/a> un\u00a0<a class=\"fui-Link ___1rxvrpe f2hkw1w f3rmtva f1ewtqcl fyind8e f1k6fduh f1w7gpdv fk6fouc fjoy568 figsok6 f1hu3pq6 f11qmguv f19f4twv f1tyq0we f1g0x7ka fhxju0i f1qch9an f1cnd47f fqv5qza f1vmzxwi f1o700av f13mvf36 f1cmlufx f9n3di6 f1ids18y f1tx3yz7 f1deo86v f1eh06m1 f1iescvh fhgqx19 f1olyrje f1p93eir f1nev41a f1h8hb77 f1lqvz6u f10aw75t fsle3fq f17ae5zn\" title=\"https:\/\/likumi.lv\/ta\/id\/350997-grozijumi-kreditu-registra-likuma\" href=\"https:\/\/likumi.lv\/ta\/id\/350997-grozijumi-kreditu-registra-likuma\" target=\"_blank\" rel=\"noreferrer noopener\" aria-label=\"Link Kred\u012btu re\u0123istra likum\u0101\">Kred\u012btu re\u0123istra likum\u0101<\/a> tika \u012bstenota noz\u012bm\u012bga mantojuma ties\u012bbu reforma, kuras laik\u0101 paredz\u0113ts moderniz\u0113t mantojuma ties\u012bbu regul\u0113jumu, k\u0101 ar\u012b risin\u0101t l\u012bdz\u0161in\u0113j\u0101s ar manto\u0161anu saist\u012bt\u0101s praktisk\u0101s probl\u0113mas. Groz\u012bjumi st\u0101sies sp\u0113k\u0101 2025. gada 1. janv\u0101r\u012b.<\/p>\n<\/div>\n<\/div>\n<\/div>\n<\/div>\n<\/div>\n<\/div>\n<\/div>\n<\/div>\n<\/div>\n<\/div>\n<\/div>\n<\/div>\n<\/div>\n<\/div>\n<\/div>\n<\/div>\n<\/div>\n<\/div>\n<\/div>\n<\/div>\n<\/div>\n<\/div>\n<\/div>\n<\/div>\n<\/div>\n<\/div>\n<\/div>\n<\/div>\n<\/div>\n<\/div>\n<\/div>\n<\/div>\n<\/div>\n<\/div>\n<\/div>\n<\/div>\n<\/div>\n<\/div>\n<\/div>\n<\/div>\n","protected":false},"excerpt":{"rendered":"<p><span data-contrast=\"auto\">Druk\u0101t\u0101 \u017eurn\u0101la pieg\u0101de:\u00a0<\/span><span data-ccp-props=\"{&quot;201341983&quot;:0,&quot;335559739&quot;:160,&quot;335559740&quot;:259}\">\u00a0<\/span><\/p>\n<ul>\n<li data-leveltext=\"\uf0b7\" data-font=\"Symbol\" data-listid=\"2\" data-aria-posinset=\"1\" data-aria-level=\"1\"><span data-contrast=\"auto\">ar OMNIVA vai &#8220;Latvijas Pasts&#8221; (pieg\u0101des izdevumi)<\/span><span data-ccp-props=\"{&quot;134233279&quot;:true,&quot;201341983&quot;:0,&quot;335559739&quot;:160,&quot;335559740&quot;:259}\">\u00a0<\/span><\/li>\n<li data-leveltext=\"\uf0b7\" data-font=\"Symbol\" data-listid=\"2\" data-aria-posinset=\"1\" data-aria-level=\"1\"><span class=\"NormalTextRun SCXW151442062 BCX0\">bez maksas\u00a0 &#8211; \u201cLatvijas V\u0113stne\u0161a\u201d Klientu centr\u0101 Bru\u0146inieku\u00a0<\/span><span class=\"NormalTextRun CommentStart SCXW151442062 BCX0\">41<\/span><span class=\"NormalTextRun SCXW151442062 BCX0\">, R\u012bg\u0101<\/span><\/li>\n<\/ul>\n<p><a title=\"9.augusts 2022 \/ Nr.32 (1246)\" href=\"https:\/\/juristavards.lv\/zurnals.php?laidiens_id=12450\" target=\"_blank\" rel=\"noopener\">\u017durn\u0101la digit\u0101l\u0101 versija<\/a><\/p>\n","protected":false},"featured_media":10609,"comment_status":"open","ping_status":"closed","template":"","meta":[],"product_brand":[],"product_cat":[362,361],"product_tag":[],"class_list":{"0":"post-10608","1":"product","2":"type-product","3":"status-publish","4":"has-post-thumbnail","6":"product_cat-zurnali-tematiskie","7":"product_cat-zurnali","9":"first","10":"outofstock","11":"taxable","12":"shipping-taxable","13":"purchasable","14":"product-type-simple"},"aioseo_notices":[],"_links":{"self":[{"href":"https:\/\/juristavards.lv\/veikals\/wp-json\/wp\/v2\/product\/10608","targetHints":{"allow":["GET"]}}],"collection":[{"href":"https:\/\/juristavards.lv\/veikals\/wp-json\/wp\/v2\/product"}],"about":[{"href":"https:\/\/juristavards.lv\/veikals\/wp-json\/wp\/v2\/types\/product"}],"replies":[{"embeddable":true,"href":"https:\/\/juristavards.lv\/veikals\/wp-json\/wp\/v2\/comments?post=10608"}],"wp:featuredmedia":[{"embeddable":true,"href":"https:\/\/juristavards.lv\/veikals\/wp-json\/wp\/v2\/media\/10609"}],"wp:attachment":[{"href":"https:\/\/juristavards.lv\/veikals\/wp-json\/wp\/v2\/media?parent=10608"}],"wp:term":[{"taxonomy":"product_brand","embeddable":true,"href":"https:\/\/juristavards.lv\/veikals\/wp-json\/wp\/v2\/product_brand?post=10608"},{"taxonomy":"product_cat","embeddable":true,"href":"https:\/\/juristavards.lv\/veikals\/wp-json\/wp\/v2\/product_cat?post=10608"},{"taxonomy":"product_tag","embeddable":true,"href":"https:\/\/juristavards.lv\/veikals\/wp-json\/wp\/v2\/product_tag?post=10608"}],"curies":[{"name":"wp","href":"https:\/\/api.w.org\/{rel}","templated":true}]}}