{"id":10838,"date":"2024-05-14T05:00:12","date_gmt":"2024-05-14T02:00:12","guid":{"rendered":"https:\/\/juristavards.lv\/veikals\/?post_type=product&#038;p=10838"},"modified":"2024-12-23T16:08:16","modified_gmt":"2024-12-23T14:08:16","slug":"14-maijs-2024-nr-20-1338","status":"publish","type":"product","link":"https:\/\/juristavards.lv\/veikals\/produkts\/14-maijs-2024-nr-20-1338\/","title":{"rendered":"14. maijs 2024 \/ Nr. 20 (1338)"},"content":{"rendered":"<div class=\"x_elementToProof x_ContentPasted0\">\n<div class=\"x_elementToProof x_ContentPasted0\">\n<div class=\"x_elementToProof x_ContentPasted0\">\n<div class=\"x_elementToProof x_ContentPasted0\">\n<div class=\"x_elementToProof x_ContentPasted0\">\n<div class=\"x_elementToProof x_ContentPasted0\">\n<div class=\"x_elementToProof x_ContentPasted0\">\n<div class=\"x_elementToProof x_ContentPasted0\">\n<div class=\"x_elementToProof x_ContentPasted0\">\n<div class=\"x_elementToProof x_ContentPasted0\">\n<div class=\"x_elementToProof x_ContentPasted0\">\n<div class=\"x_elementToProof x_ContentPasted0\">\n<div class=\"x_elementToProof x_ContentPasted0\">\n<div class=\"x_elementToProof x_ContentPasted0\">\n<div class=\"x_elementToProof x_ContentPasted0\">\n<div class=\"x_elementToProof x_ContentPasted0\">\n<div class=\"x_elementToProof x_ContentPasted0\">\n<div class=\"x_elementToProof x_ContentPasted0\">\n<div class=\"x_elementToProof x_ContentPasted0\">\n<div class=\"x_elementToProof x_ContentPasted0\">\n<div class=\"x_elementToProof x_ContentPasted0\">\n<div class=\"x_elementToProof x_ContentPasted0\">\n<div class=\"x_elementToProof x_ContentPasted0\">\n<div class=\"x_elementToProof x_ContentPasted0\">\n<div class=\"x_elementToProof x_ContentPasted0\">\n<div class=\"x_elementToProof x_ContentPasted0\">\n<div class=\"x_elementToProof x_ContentPasted0\">\n<div class=\"x_elementToProof x_ContentPasted0\">\n<div class=\"x_elementToProof x_ContentPasted0\">\n<div class=\"x_elementToProof x_ContentPasted0\">\n<div class=\"x_elementToProof x_ContentPasted0\">\n<div class=\"x_elementToProof x_ContentPasted0\">\n<div class=\"x_elementToProof x_ContentPasted0\">\n<div class=\"x_elementToProof x_ContentPasted0\">\n<div class=\"x_elementToProof x_ContentPasted0\">\n<div class=\"x_elementToProof x_ContentPasted0\">\n<div class=\"x_elementToProof x_ContentPasted0\">\n<div class=\"x_elementToProof x_ContentPasted0\">\n<div class=\"x_elementToProof x_ContentPasted0\">\n<div class=\"x_elementToProof x_ContentPasted0\">\n<p>\u0160aj\u0101 &#8220;Jurista V\u0101rd\u0101&#8221;, kas velt\u012bts nodarbin\u0101t\u012bbas jomas ties\u012bbu aktualit\u0101t\u0113m, vair\u0101ki autori raksta par t\u0113m\u0101m, kas liek aktualiz\u0113t l\u012bdz\u0161in\u0113jo izpratni jeb skat\u012bjumu uz nodarbin\u0101t\u012bbu un ties\u012bb\u0101m. T\u0101, piem\u0113ram, Latvijas Br\u012bvo arodbiedr\u012bbu savien\u012bbas Eiropas ties\u012bbu un politikas dokumentu eksperte Nata\u013cja Preisa sniedz ieskatu jaunpie\u0146emtaj\u0101 regul\u0113jum\u0101 digit\u0101lo platformu darbam ES. Proti, \u0161\u0101 gada 24. apr\u012bl\u012b tika apstiprin\u0101ta Eiropas Parlamenta un Padomes Direkt\u012bva par darba nosac\u012bjumu uzlabo\u0161anu platformu darb\u0101, un k\u0101 akcent\u0113 N. Preisa, &#8220;darbs digit\u0101laj\u0101s platform\u0101s tiek pla\u0161i izmantots ar\u012b Latvij\u0101. Realit\u0101t\u0113, piem\u0113ram, digit\u0101lo darba platformu <i>Bolt<\/i> un <i>Wolt<\/i> darbinieku skaits k\u013cuvis arvien lab\u0101k redzams pils\u0113tu iel\u0101s&#8221;. T\u0101d\u0113\u013c, vi\u0146aspr\u0101t, direkt\u012bva ir pie\u0146emta savlaic\u012bgi un t\u0101 ir b\u016btiski nepiecie\u0161ama platform\u0101 nodarbin\u0101to aizsardz\u012bbai ar\u012b Latvij\u0101. Savuk\u0101rt Ties\u012bbsarga biroja juriste Alise Artamova aktualiz\u0113 t\u0113mu par cilv\u0113kties\u012bbu iev\u0113ro\u0161anu p\u0101rrobe\u017eu nodarbin\u0101t\u012bbas kontekst\u0101, analiz\u0113jot darbasp\u0113ka ekspluat\u0101cijas j\u0113dzienu, un ar piem\u0113riem ilustr\u0113, ko uz\u0146\u0113mumi var dar\u012bt, lai nov\u0113rstu darbasp\u0113ka ekspluat\u0101ciju un citus cilv\u0113kties\u012bbu riskus. P\u0113c vi\u0146as paust\u0101, v\u0113l sal\u012bdzino\u0161i nesen &#8220;bija iesp\u0113jams atcirst, ka cilv\u0113kties\u012bbu aizsardz\u012bba ir valstu pien\u0101kums un uz\u0146\u0113mumiem ar to nav nek\u0101das saist\u012bbas,&#8221; ta\u010du \u0161obr\u012bd realit\u0101te ir cita: cilv\u0113kties\u012bbu risku p\u0101rvald\u012bba ir aktu\u0101la ar\u012b Latvijas uz\u0146\u0113mumos, un ir b\u016btiski izprast kontekstu, k\u0101d\u0101 vid\u0113 darbojas gan pats uz\u0146\u0113mums, gan t\u0101 biznesa partneri, jo \u012bpa\u0161i \u0146emot v\u0113r\u0101, ka arvien liel\u0101ks skaits \u0101rvalstu uz\u0146\u0113mumu ir pak\u013cauti oblig\u0101tajai pras\u012bbai \u012bstenot cilv\u0113kties\u012bbu r\u016bp\u012bbas pien\u0101kumu. \u0160\u0101da pras\u012bba ir gaid\u0101ma ar\u012b ES l\u012bmen\u012b l\u012bdz ar direkt\u012bvas par uz\u0146\u0113mumu pien\u0101c\u012bgu r\u016bp\u012bbu attiec\u012bb\u0101 uz ilgtsp\u0113ju pie\u0146em\u0161anu.<\/p>\n<\/div>\n<\/div>\n<\/div>\n<\/div>\n<\/div>\n<\/div>\n<\/div>\n<\/div>\n<\/div>\n<\/div>\n<\/div>\n<\/div>\n<\/div>\n<\/div>\n<\/div>\n<\/div>\n<\/div>\n<\/div>\n<\/div>\n<\/div>\n<\/div>\n<\/div>\n<\/div>\n<\/div>\n<\/div>\n<\/div>\n<\/div>\n<\/div>\n<\/div>\n<\/div>\n<\/div>\n<\/div>\n<\/div>\n<\/div>\n<\/div>\n<\/div>\n<\/div>\n<\/div>\n<\/div>\n<\/div>\n","protected":false},"excerpt":{"rendered":"<p><span data-contrast=\"auto\">Druk\u0101t\u0101 \u017eurn\u0101la pieg\u0101de:\u00a0<\/span><span data-ccp-props=\"{&quot;201341983&quot;:0,&quot;335559739&quot;:160,&quot;335559740&quot;:259}\">\u00a0<\/span><\/p>\n<ul>\n<li data-leveltext=\"\uf0b7\" data-font=\"Symbol\" data-listid=\"2\" data-aria-posinset=\"1\" data-aria-level=\"1\"><span data-contrast=\"auto\">ar OMNIVA vai &#8220;Latvijas Pasts&#8221; (pieg\u0101des izdevumi)<\/span><span data-ccp-props=\"{&quot;134233279&quot;:true,&quot;201341983&quot;:0,&quot;335559739&quot;:160,&quot;335559740&quot;:259}\">\u00a0<\/span><\/li>\n<li data-leveltext=\"\uf0b7\" data-font=\"Symbol\" data-listid=\"2\" data-aria-posinset=\"1\" data-aria-level=\"1\"><span class=\"NormalTextRun SCXW151442062 BCX0\">bez maksas\u00a0 &#8211; \u201cLatvijas V\u0113stne\u0161a\u201d Klientu centr\u0101 Bru\u0146inieku\u00a0<\/span><span class=\"NormalTextRun CommentStart SCXW151442062 BCX0\">41<\/span><span class=\"NormalTextRun SCXW151442062 BCX0\">, R\u012bg\u0101<\/span><\/li>\n<\/ul>\n<p><a title=\"9.augusts 2022 \/ Nr.32 (1246)\" href=\"https:\/\/juristavards.lv\/zurnals.php?laidiens_id=12453\" target=\"_blank\" rel=\"noopener\">\u017durn\u0101la digit\u0101l\u0101 versija<\/a><\/p>\n","protected":false},"featured_media":10839,"comment_status":"open","ping_status":"closed","template":"","meta":[],"product_brand":[],"product_cat":[362,361],"product_tag":[],"class_list":{"0":"post-10838","1":"product","2":"type-product","3":"status-publish","4":"has-post-thumbnail","6":"product_cat-zurnali-tematiskie","7":"product_cat-zurnali","9":"first","10":"instock","11":"taxable","12":"shipping-taxable","13":"purchasable","14":"product-type-simple"},"aioseo_notices":[],"_links":{"self":[{"href":"https:\/\/juristavards.lv\/veikals\/wp-json\/wp\/v2\/product\/10838","targetHints":{"allow":["GET"]}}],"collection":[{"href":"https:\/\/juristavards.lv\/veikals\/wp-json\/wp\/v2\/product"}],"about":[{"href":"https:\/\/juristavards.lv\/veikals\/wp-json\/wp\/v2\/types\/product"}],"replies":[{"embeddable":true,"href":"https:\/\/juristavards.lv\/veikals\/wp-json\/wp\/v2\/comments?post=10838"}],"wp:featuredmedia":[{"embeddable":true,"href":"https:\/\/juristavards.lv\/veikals\/wp-json\/wp\/v2\/media\/10839"}],"wp:attachment":[{"href":"https:\/\/juristavards.lv\/veikals\/wp-json\/wp\/v2\/media?parent=10838"}],"wp:term":[{"taxonomy":"product_brand","embeddable":true,"href":"https:\/\/juristavards.lv\/veikals\/wp-json\/wp\/v2\/product_brand?post=10838"},{"taxonomy":"product_cat","embeddable":true,"href":"https:\/\/juristavards.lv\/veikals\/wp-json\/wp\/v2\/product_cat?post=10838"},{"taxonomy":"product_tag","embeddable":true,"href":"https:\/\/juristavards.lv\/veikals\/wp-json\/wp\/v2\/product_tag?post=10838"}],"curies":[{"name":"wp","href":"https:\/\/api.w.org\/{rel}","templated":true}]}}