{"id":11739,"date":"2024-10-29T06:00:39","date_gmt":"2024-10-29T04:00:39","guid":{"rendered":"https:\/\/juristavards.lv\/veikals\/?post_type=product&#038;p=11739"},"modified":"2024-12-12T11:58:53","modified_gmt":"2024-12-12T09:58:53","slug":"29-oktobris-2024-nr-44-1362","status":"publish","type":"product","link":"https:\/\/juristavards.lv\/veikals\/produkts\/29-oktobris-2024-nr-44-1362\/","title":{"rendered":"29. oktobris 2024 \/ Nr. 44 (1362)"},"content":{"rendered":"<p><span data-teams=\"true\"><span class=\"ui-provider a b c d e f g h i j k l m n o p q r s t u v w x y z ab ac ae af ag ah ai aj ak\" dir=\"ltr\">\u0160is izdevums velt\u012bts t\u0113mai par ieguld\u012bjumu aizsardz\u012bbu un str\u012bdu risin\u0101\u0161anu. K\u0101 pau\u017e Londonas Universit\u0101tes koled\u017eas profesors un ANO Starptautisko ties\u012bbu komisijas loceklis M\u0101rti\u0146\u0161 Paparinskis, ieguld\u012bjumu str\u012bdu konceptu\u0101l\u0101 un praktisk\u0101 problem\u0101tika prasa uzman\u012bgu starptautisko un nacion\u0101lo ties\u012bbu, k\u0101 ar\u012b \u0161\u0137\u012br\u0113jtiesu da\u017ek\u0101rt savdab\u012bg\u0101 procesa v\u0113rt\u0113\u0161anu, \u0146emot v\u0113r\u0101 jaun\u0101k\u0101s att\u012bst\u012bbas tendences. T\u0101p\u0113c \u0161aj\u0101 &#8220;Jurista V\u0101rd\u0101&#8221; savu v\u0113rt\u012bgo perspekt\u012bvu sniedz \u0161aj\u0101 jom\u0101 pieredz\u0113ju\u0161i prakti\u0137i un p\u0113tnieki, ieskic\u0113jot Latvijas praksi, tiesved\u012bbas aktualit\u0101tes un procesu\u0101l\u0101s \u012bpatn\u012bbas. \u0160is numurs b\u016btu profesion\u0101laj\u0101 bibliot\u0113k\u0101 r\u016bp\u012bgi noglab\u0101jams gan ieguld\u012bjumu tiesved\u012bbas prakti\u0137iem, gan da\u017e\u0101du jomu p\u0113tniekiem, gan pla\u0161\u0101kam juristu lokam priv\u0101tpraks\u0113, valsts p\u0101rvald\u0113 un pat tiesu var\u0101, kuru praksei da\u017e\u0101dos veidos b\u016btiska var\u0113tu b\u016bt \u0161\u012b interesant\u0101 starptautisko ties\u012bbu nozare.<\/span><\/span><\/p>\n","protected":false},"excerpt":{"rendered":"<p><span data-contrast=\"auto\">Druk\u0101t\u0101 \u017eurn\u0101la pieg\u0101de:\u00a0<\/span><span data-ccp-props=\"{&quot;201341983&quot;:0,&quot;335559739&quot;:160,&quot;335559740&quot;:259}\">\u00a0<\/span><\/p>\n<ul>\n<li data-leveltext=\"\uf0b7\" data-font=\"Symbol\" data-listid=\"2\" data-aria-posinset=\"1\" data-aria-level=\"1\"><span data-contrast=\"auto\">ar OMNIVA vai &#8220;Latvijas Pasts&#8221; (pieg\u0101des izdevumi)<\/span><span data-ccp-props=\"{&quot;134233279&quot;:true,&quot;201341983&quot;:0,&quot;335559739&quot;:160,&quot;335559740&quot;:259}\">\u00a0<\/span><\/li>\n<li data-leveltext=\"\uf0b7\" data-font=\"Symbol\" data-listid=\"2\" data-aria-posinset=\"1\" data-aria-level=\"1\"><span class=\"NormalTextRun SCXW151442062 BCX0\">bez maksas\u00a0 &#8211; \u201cLatvijas V\u0113stne\u0161a\u201d Klientu centr\u0101 Bru\u0146inieku\u00a0<\/span><span class=\"NormalTextRun CommentStart SCXW151442062 BCX0\">41<\/span><span class=\"NormalTextRun SCXW151442062 BCX0\">, R\u012bg\u0101<\/span><\/li>\n<\/ul>\n<p><a title=\"9.augusts 2022 \/ Nr.32 (1246)\" href=\"https:\/\/juristavards.lv\/zurnals.php?laidiens_id=12478\" target=\"_blank\" rel=\"noopener\">\u017durn\u0101la digit\u0101l\u0101 versija<\/a><\/p>\n","protected":false},"featured_media":11742,"comment_status":"open","ping_status":"closed","template":"","meta":[],"product_brand":[],"product_cat":[362,361],"product_tag":[],"class_list":{"0":"post-11739","1":"product","2":"type-product","3":"status-publish","4":"has-post-thumbnail","6":"product_cat-zurnali-tematiskie","7":"product_cat-zurnali","9":"first","10":"instock","11":"taxable","12":"shipping-taxable","13":"purchasable","14":"product-type-simple"},"aioseo_notices":[],"_links":{"self":[{"href":"https:\/\/juristavards.lv\/veikals\/wp-json\/wp\/v2\/product\/11739","targetHints":{"allow":["GET"]}}],"collection":[{"href":"https:\/\/juristavards.lv\/veikals\/wp-json\/wp\/v2\/product"}],"about":[{"href":"https:\/\/juristavards.lv\/veikals\/wp-json\/wp\/v2\/types\/product"}],"replies":[{"embeddable":true,"href":"https:\/\/juristavards.lv\/veikals\/wp-json\/wp\/v2\/comments?post=11739"}],"wp:featuredmedia":[{"embeddable":true,"href":"https:\/\/juristavards.lv\/veikals\/wp-json\/wp\/v2\/media\/11742"}],"wp:attachment":[{"href":"https:\/\/juristavards.lv\/veikals\/wp-json\/wp\/v2\/media?parent=11739"}],"wp:term":[{"taxonomy":"product_brand","embeddable":true,"href":"https:\/\/juristavards.lv\/veikals\/wp-json\/wp\/v2\/product_brand?post=11739"},{"taxonomy":"product_cat","embeddable":true,"href":"https:\/\/juristavards.lv\/veikals\/wp-json\/wp\/v2\/product_cat?post=11739"},{"taxonomy":"product_tag","embeddable":true,"href":"https:\/\/juristavards.lv\/veikals\/wp-json\/wp\/v2\/product_tag?post=11739"}],"curies":[{"name":"wp","href":"https:\/\/api.w.org\/{rel}","templated":true}]}}