{"id":11774,"date":"2024-11-05T06:00:56","date_gmt":"2024-11-05T04:00:56","guid":{"rendered":"https:\/\/juristavards.lv\/veikals\/?post_type=product&#038;p=11774"},"modified":"2024-12-12T11:58:53","modified_gmt":"2024-12-12T09:58:53","slug":"5-novembris-2024-nr-45-1363","status":"publish","type":"product","link":"https:\/\/juristavards.lv\/veikals\/produkts\/5-novembris-2024-nr-45-1363\/","title":{"rendered":"5. novembris 2024 \/ Nr. 45 (1363)"},"content":{"rendered":"<p>\u0160\u012bs ned\u0113\u013cas tematisk\u0101 numura ietvaros las\u012bt\u0101jiem tiek pied\u0101v\u0101ta pirm\u0101 rakstu s\u0113rija, kas sast\u0101v no rakstiem, kuros autoru kolekt\u012bvs analiz\u0113 ne tikai aktu\u0101lus civilties\u012bbu un civilprocesa probl\u0113mjaut\u0101jumus, bet ar\u012b pied\u0101v\u0101 identific\u0113to probl\u0113mjaut\u0101jumu risin\u0101jumus. Izdevuma ietvaros las\u012bt\u0101ji g\u016bs ieskatu procesu\u0101l\u0101s l\u012bdzdal\u012bbas veidos un \u012bpatn\u012bb\u0101s, pirm\u0101 piepras\u012bjuma garantijas b\u016bt\u012bb\u0101 un probl\u0113m\u0101s, k\u0101 ar\u012b uzzin\u0101s par t\u0101du civilties\u012bsku aizsardz\u012bbas l\u012bdzekli k\u0101 iepriek\u0161 nov\u0113rt\u0113ti zaud\u0113jumi. T\u0101pat \u0161ai numur\u0101 par jauniem izaicin\u0101jumiem mol\u0113mumu izpild\u012b\u0161an\u0101 liet\u0101s, kas izriet no saskarsmes ties\u012bb\u0101m, ieskats Sen\u0101ta atzi\u0146\u0101s darba liet\u0101s un par pagaidu aizsardz\u012bbu pret vardarb\u012bbu.<\/p>\n<p><span data-teams=\"true\"><span class=\"ui-provider a b c d e f g h i j k l m n o p q r s t u v w x y z ab ac ae af ag ah ai aj ak\" dir=\"ltr\">\u00a0<\/span><\/span><\/p>\n<p>&nbsp;<\/p>\n<p><span data-teams=\"true\"><span class=\"ui-provider a b c d e f g h i j k l m n o p q r s t u v w x y z ab ac ae af ag ah ai aj ak\" dir=\"ltr\">\u00a0<\/span><\/span><\/p>\n","protected":false},"excerpt":{"rendered":"<p><span data-contrast=\"auto\">Druk\u0101t\u0101 \u017eurn\u0101la pieg\u0101de:\u00a0<\/span><span data-ccp-props=\"{&quot;201341983&quot;:0,&quot;335559739&quot;:160,&quot;335559740&quot;:259}\">\u00a0<\/span><\/p>\n<ul>\n<li data-leveltext=\"\uf0b7\" data-font=\"Symbol\" data-listid=\"2\" data-aria-posinset=\"1\" data-aria-level=\"1\"><span data-contrast=\"auto\">ar OMNIVA vai &#8220;Latvijas Pasts&#8221; (pieg\u0101des izdevumi)<\/span><span data-ccp-props=\"{&quot;134233279&quot;:true,&quot;201341983&quot;:0,&quot;335559739&quot;:160,&quot;335559740&quot;:259}\">\u00a0<\/span><\/li>\n<li data-leveltext=\"\uf0b7\" data-font=\"Symbol\" data-listid=\"2\" data-aria-posinset=\"1\" data-aria-level=\"1\"><span class=\"NormalTextRun SCXW151442062 BCX0\">bez maksas\u00a0 &#8211; \u201cLatvijas V\u0113stne\u0161a\u201d Klientu centr\u0101 Bru\u0146inieku\u00a0<\/span><span class=\"NormalTextRun CommentStart SCXW151442062 BCX0\">41<\/span><span class=\"NormalTextRun SCXW151442062 BCX0\">, R\u012bg\u0101<\/span><\/li>\n<\/ul>\n<p><a title=\"9.augusts 2022 \/ Nr.32 (1246)\" href=\"https:\/\/juristavards.lv\/zurnals.php?laidiens_id=12479\" target=\"_blank\" rel=\"noopener\">\u017durn\u0101la digit\u0101l\u0101 versija<\/a><\/p>\n","protected":false},"featured_media":11775,"comment_status":"open","ping_status":"closed","template":"","meta":[],"product_cat":[361,362],"product_tag":[],"class_list":{"0":"post-11774","1":"product","2":"type-product","3":"status-publish","4":"has-post-thumbnail","6":"product_cat-zurnali","7":"product_cat-zurnali-tematiskie","9":"first","10":"outofstock","11":"taxable","12":"shipping-taxable","13":"purchasable","14":"product-type-simple"},"aioseo_notices":[],"_links":{"self":[{"href":"https:\/\/juristavards.lv\/veikals\/wp-json\/wp\/v2\/product\/11774"}],"collection":[{"href":"https:\/\/juristavards.lv\/veikals\/wp-json\/wp\/v2\/product"}],"about":[{"href":"https:\/\/juristavards.lv\/veikals\/wp-json\/wp\/v2\/types\/product"}],"replies":[{"embeddable":true,"href":"https:\/\/juristavards.lv\/veikals\/wp-json\/wp\/v2\/comments?post=11774"}],"wp:featuredmedia":[{"embeddable":true,"href":"https:\/\/juristavards.lv\/veikals\/wp-json\/wp\/v2\/media\/11775"}],"wp:attachment":[{"href":"https:\/\/juristavards.lv\/veikals\/wp-json\/wp\/v2\/media?parent=11774"}],"wp:term":[{"taxonomy":"product_cat","embeddable":true,"href":"https:\/\/juristavards.lv\/veikals\/wp-json\/wp\/v2\/product_cat?post=11774"},{"taxonomy":"product_tag","embeddable":true,"href":"https:\/\/juristavards.lv\/veikals\/wp-json\/wp\/v2\/product_tag?post=11774"}],"curies":[{"name":"wp","href":"https:\/\/api.w.org\/{rel}","templated":true}]}}