{"id":11934,"date":"2024-11-26T08:38:56","date_gmt":"2024-11-26T06:38:56","guid":{"rendered":"https:\/\/juristavards.lv\/veikals\/?post_type=product&#038;p=11934"},"modified":"2025-06-17T18:22:24","modified_gmt":"2025-06-17T15:22:24","slug":"26-novembris-2024-nr-48-1366","status":"publish","type":"product","link":"https:\/\/juristavards.lv\/veikals\/produkts\/26-novembris-2024-nr-48-1366\/","title":{"rendered":"26. novembris 2024 \/ Nr. 48 (1366)"},"content":{"rendered":"<p>Izspie\u0161ana no tirgus, augstas finans\u0113juma cenas, darbasp\u0113ka tr\u016bkums, novecoju\u0161as tehnolo\u0123ijas, neatbilst\u012bba normat\u012bvo aktu pras\u012bb\u0101m un tiesved\u012bbas, slikta reput\u0101cija \u2013 t\u0101 ir tikai da\u013ca no riskiem, ar kuriem uz\u0146\u0113mums saskaras, ja netransform\u0113 savu darb\u012bbu ilgtsp\u0113jas virzien\u0101. Ta\u010du k\u0101 uz\u0146\u0113mumiem p\u0101rveidot savu p\u0101rvald\u012bbu un darb\u012bbu, lai t\u0101 atbilstu ilgtsp\u0113jas standartiem? \u0160oned\u0113\u013c izn\u0101cis &#8220;Jurista V\u0101rda&#8221; tematiskais izdevums, kas velt\u012bts tie\u0161ai \u0161ai t\u0113mai \u2013 par ilgtsp\u0113ju uz\u0146\u0113m\u0113jdarb\u012bb\u0101. Izdevum\u0101 las\u012bt\u0101js atrad\u012bs gan skaidrojumus par ilgtsp\u0113jas pras\u012bbu iev\u0113ro\u0161anu un p\u0101rraudz\u012bbu, gan praktiskus pieredzes st\u0101stus par ilgtsp\u0113jas strat\u0113\u0123ijas ievie\u0161anu uz\u0146\u0113mum\u0101. Ceram, ka \u0161\u012b rakstu kopa veicin\u0101s Latvijas juristu interesi un domu apmai\u0146u par ilgtsp\u0113jas konceptu m\u016bsdienu pasaul\u0113, k\u0101 ar\u012b konkr\u0113ti par t\u0101 juridiskajiem aspektiem.<\/p>\n<p><span data-teams=\"true\"><span class=\"ui-provider a b c d e f g h i j k l m n o p q r s t u v w x y z ab ac ae af ag ah ai aj ak\" dir=\"ltr\">\u00a0<\/span><\/span><\/p>\n<p>&nbsp;<\/p>\n<p><span data-teams=\"true\"><span class=\"ui-provider a b c d e f g h i j k l m n o p q r s t u v w x y z ab ac ae af ag ah ai aj ak\" dir=\"ltr\">\u00a0<\/span><\/span><\/p>\n","protected":false},"excerpt":{"rendered":"<p><span data-contrast=\"auto\">Druk\u0101t\u0101 \u017eurn\u0101la pieg\u0101de:\u00a0<\/span><span data-ccp-props=\"{&quot;201341983&quot;:0,&quot;335559739&quot;:160,&quot;335559740&quot;:259}\">\u00a0<\/span><\/p>\n<ul>\n<li data-leveltext=\"\uf0b7\" data-font=\"Symbol\" data-listid=\"2\" data-aria-posinset=\"1\" data-aria-level=\"1\"><span data-contrast=\"auto\">ar OMNIVA vai &#8220;Latvijas Pasts&#8221; (pieg\u0101des izdevumi)<\/span><span data-ccp-props=\"{&quot;134233279&quot;:true,&quot;201341983&quot;:0,&quot;335559739&quot;:160,&quot;335559740&quot;:259}\">\u00a0<\/span><\/li>\n<li data-leveltext=\"\uf0b7\" data-font=\"Symbol\" data-listid=\"2\" data-aria-posinset=\"1\" data-aria-level=\"1\"><span class=\"NormalTextRun SCXW151442062 BCX0\">bez maksas\u00a0 &#8211; \u201cLatvijas V\u0113stne\u0161a\u201d Klientu centr\u0101 Bru\u0146inieku\u00a0<\/span><span class=\"NormalTextRun CommentStart SCXW151442062 BCX0\">41<\/span><span class=\"NormalTextRun SCXW151442062 BCX0\">, R\u012bg\u0101<\/span><\/li>\n<\/ul>\n<p><a title=\"9.augusts 2022 \/ Nr.32 (1246)\" href=\"https:\/\/juristavards.lv\/zurnals.php?laidiens_id=12481\" target=\"_blank\" rel=\"noopener\">\u017durn\u0101la digit\u0101l\u0101 versija<\/a><\/p>\n","protected":false},"featured_media":11935,"comment_status":"open","ping_status":"closed","template":"","meta":[],"product_cat":[361,362],"product_tag":[],"class_list":{"0":"post-11934","1":"product","2":"type-product","3":"status-publish","4":"has-post-thumbnail","6":"product_cat-zurnali","7":"product_cat-zurnali-tematiskie","9":"first","10":"instock","11":"taxable","12":"shipping-taxable","13":"purchasable","14":"product-type-simple"},"aioseo_notices":[],"_links":{"self":[{"href":"https:\/\/juristavards.lv\/veikals\/wp-json\/wp\/v2\/product\/11934"}],"collection":[{"href":"https:\/\/juristavards.lv\/veikals\/wp-json\/wp\/v2\/product"}],"about":[{"href":"https:\/\/juristavards.lv\/veikals\/wp-json\/wp\/v2\/types\/product"}],"replies":[{"embeddable":true,"href":"https:\/\/juristavards.lv\/veikals\/wp-json\/wp\/v2\/comments?post=11934"}],"wp:featuredmedia":[{"embeddable":true,"href":"https:\/\/juristavards.lv\/veikals\/wp-json\/wp\/v2\/media\/11935"}],"wp:attachment":[{"href":"https:\/\/juristavards.lv\/veikals\/wp-json\/wp\/v2\/media?parent=11934"}],"wp:term":[{"taxonomy":"product_cat","embeddable":true,"href":"https:\/\/juristavards.lv\/veikals\/wp-json\/wp\/v2\/product_cat?post=11934"},{"taxonomy":"product_tag","embeddable":true,"href":"https:\/\/juristavards.lv\/veikals\/wp-json\/wp\/v2\/product_tag?post=11934"}],"curies":[{"name":"wp","href":"https:\/\/api.w.org\/{rel}","templated":true}]}}