{"id":12037,"date":"2024-12-17T06:00:20","date_gmt":"2024-12-17T04:00:20","guid":{"rendered":"https:\/\/juristavards.lv\/veikals\/?post_type=product&#038;p=12037"},"modified":"2025-10-09T09:32:00","modified_gmt":"2025-10-09T06:32:00","slug":"17-decembris-2024-nr-51-52-1369-1370","status":"publish","type":"product","link":"https:\/\/juristavards.lv\/veikals\/produkts\/17-decembris-2024-nr-51-52-1369-1370\/","title":{"rendered":"17. decembris 2024 \/ Nr. 51\/52 (1369\/1370)"},"content":{"rendered":"<div>\n<p>Jau tradicion\u0101li gadu nosl\u0113dzo\u0161ais \u017eurn\u0101la &#8220;Jurista V\u0101rds&#8221; numurs ir velt\u012bts administrat\u012bvo ties\u012bbu un procesa jaut\u0101jumiem. \u0160ogad administrat\u012bv\u0101s tiesas svin\u0113ja savu pirmo divdesmitgadi un vienlaikus ar\u012b 20 gadus kop\u0161 m\u016bsu valsts iest\u0101\u0161an\u0101s Eiropas Savien\u012bb\u0101. T\u0101p\u0113c \u0161aj\u0101 reiz\u0113 &#8220;Jurista V\u0101rds&#8221; velt\u012bts Eiropas v\u0113rt\u012bbu \u012bsteno\u0161anai administrat\u012bvaj\u0101 just\u012bcij\u0101.<\/p>\n<p>Administrat\u012bv\u0101s tiesas Latvij\u0101 jau divdesmit gadus ir \u012bstenoju\u0161as Eiropas Savien\u012bbas v\u0113rt\u012bbas. T\u0101s akt\u012bvi iesaist\u0101s ar\u012b dialog\u0101 ar Eiropas Savien\u012bbas Tiesu, risinot arvien sare\u017e\u0123\u012bt\u0101kus jaut\u0101jumus, kas balst\u012bti ES ties\u012bbu norm\u0101s.<\/p>\n<p>Vienlaikus eksperti uzsver, ka Eiropas v\u0113rt\u012bbu \u012bsteno\u0161ana administrat\u012bvaj\u0101 just\u012bcij\u0101 rada ar\u012b izaicin\u0101jumus \u2013 t\u0101s m\u0113dz sare\u017e\u0123\u012bt lietu izskat\u012b\u0161anu un neizb\u0113gami noved ar\u012b pie k\u013c\u016bd\u0101m.<\/p>\n<p>\u0160aj\u0101 &#8220;Jurista V\u0101rda&#8221; numur\u0101 raksti par:<\/p>\n<ul>\n<li>Eiropas Savien\u012bbas ietekmi uz Latvijas ties\u012bbu sist\u0113mu,<\/li>\n<li>Administrat\u012bvo tiesu dialogu ar Eiropas Savien\u012bbas Tiesu,<\/li>\n<li>Eiropas Savien\u012bbas ties\u012bbu ietvaru konkurences ties\u012bbu jom\u0101,<\/li>\n<li>Klimata tiesved\u012bb\u0101m Eirop\u0101,<\/li>\n<li>Prejudici\u0101lajiem nol\u0113mumiem par ES ties\u012bbu aktu sp\u0113k\u0101 es\u012bbu,<\/li>\n<li>Konstitucion\u0101lo kontroli Sen\u0101ta Administrat\u012bvo lietu departamenta praks\u0113.<span data-teams=\"true\"><span class=\"ui-provider a b c d e f g h i j k l m n o p q r s t u v w x y z ab ac ae af ag ah ai aj ak\" dir=\"ltr\"><br \/>\n<\/span><\/span><\/li>\n<\/ul>\n<\/div>\n","protected":false},"excerpt":{"rendered":"<p><span data-contrast=\"auto\">Druk\u0101t\u0101 \u017eurn\u0101la pieg\u0101de:\u00a0<\/span><span data-ccp-props=\"{&quot;201341983&quot;:0,&quot;335559739&quot;:160,&quot;335559740&quot;:259}\">\u00a0<\/span><\/p>\n<ul>\n<li data-leveltext=\"\uf0b7\" data-font=\"Symbol\" data-listid=\"2\" data-aria-posinset=\"1\" data-aria-level=\"1\"><span data-contrast=\"auto\">ar OMNIVA vai &#8220;Latvijas Pasts&#8221; (pieg\u0101des izdevumi)<\/span><span data-ccp-props=\"{&quot;134233279&quot;:true,&quot;201341983&quot;:0,&quot;335559739&quot;:160,&quot;335559740&quot;:259}\">\u00a0<\/span><\/li>\n<li data-leveltext=\"\uf0b7\" data-font=\"Symbol\" data-listid=\"2\" data-aria-posinset=\"1\" data-aria-level=\"1\"><span class=\"NormalTextRun SCXW151442062 BCX0\">bez maksas\u00a0 &#8211; \u201cLatvijas V\u0113stne\u0161a\u201d Klientu centr\u0101 Bru\u0146inieku\u00a0<\/span><span class=\"NormalTextRun CommentStart SCXW151442062 BCX0\">41<\/span><span class=\"NormalTextRun SCXW151442062 BCX0\">, R\u012bg\u0101<\/span><\/li>\n<\/ul>\n<p><a title=\"9.augusts 2022 \/ Nr.32 (1246)\" href=\"https:\/\/juristavards.lv\/zurnals.php?laidiens_id=12484\" target=\"_blank\" rel=\"noopener\">\u017durn\u0101la digit\u0101l\u0101 versija<\/a><\/p>\n","protected":false},"featured_media":12038,"comment_status":"open","ping_status":"closed","template":"","meta":[],"product_brand":[],"product_cat":[362,361],"product_tag":[],"class_list":{"0":"post-12037","1":"product","2":"type-product","3":"status-publish","4":"has-post-thumbnail","6":"product_cat-zurnali-tematiskie","7":"product_cat-zurnali","9":"first","10":"instock","11":"taxable","12":"shipping-taxable","13":"purchasable","14":"product-type-simple"},"aioseo_notices":[],"_links":{"self":[{"href":"https:\/\/juristavards.lv\/veikals\/wp-json\/wp\/v2\/product\/12037","targetHints":{"allow":["GET"]}}],"collection":[{"href":"https:\/\/juristavards.lv\/veikals\/wp-json\/wp\/v2\/product"}],"about":[{"href":"https:\/\/juristavards.lv\/veikals\/wp-json\/wp\/v2\/types\/product"}],"replies":[{"embeddable":true,"href":"https:\/\/juristavards.lv\/veikals\/wp-json\/wp\/v2\/comments?post=12037"}],"wp:featuredmedia":[{"embeddable":true,"href":"https:\/\/juristavards.lv\/veikals\/wp-json\/wp\/v2\/media\/12038"}],"wp:attachment":[{"href":"https:\/\/juristavards.lv\/veikals\/wp-json\/wp\/v2\/media?parent=12037"}],"wp:term":[{"taxonomy":"product_brand","embeddable":true,"href":"https:\/\/juristavards.lv\/veikals\/wp-json\/wp\/v2\/product_brand?post=12037"},{"taxonomy":"product_cat","embeddable":true,"href":"https:\/\/juristavards.lv\/veikals\/wp-json\/wp\/v2\/product_cat?post=12037"},{"taxonomy":"product_tag","embeddable":true,"href":"https:\/\/juristavards.lv\/veikals\/wp-json\/wp\/v2\/product_tag?post=12037"}],"curies":[{"name":"wp","href":"https:\/\/api.w.org\/{rel}","templated":true}]}}