{"id":12189,"date":"2025-01-28T08:30:23","date_gmt":"2025-01-28T06:30:23","guid":{"rendered":"https:\/\/juristavards.lv\/veikals\/?post_type=product&#038;p=12189"},"modified":"2025-09-12T12:15:34","modified_gmt":"2025-09-12T09:15:34","slug":"28-janvaris-2025-nr-4-1374","status":"publish","type":"product","link":"https:\/\/juristavards.lv\/veikals\/produkts\/28-janvaris-2025-nr-4-1374\/","title":{"rendered":"28. janv\u0101ris 2025 \/ Nr. 4 (1374)"},"content":{"rendered":"<div><span data-teams=\"true\">\u0160aj\u0101 ned\u0113\u013c\u0101 pieminam ties\u012bbu zin\u0101tnieci un Satversmes tiesas tiesnesi Dr. iur. Krist\u012bni Kr\u016bmu (1974\u20132016), kuras zin\u0101tnisko intere\u0161u lok\u0101 bija starptautisk\u0101s ties\u012bbas. T\u0101d\u0113\u013c \u0161oreiz \u017eurn\u0101la fokus\u0101 starptautisko publisko ties\u012bbu aktualit\u0101tes. Pl\u0101nojot numuru, tika uzrun\u0101ti K. Kr\u016bmas l\u012bdzgaitnieki un domubiedri, k\u0101 ar\u012b daudzsolo\u0161i jaun\u0101s paaudzes autori. \u0160aj\u0101 numur\u0101 M\u0101ris Lejnieks skaidro, cikt\u0101l starptautisk\u0101s ties\u012bbas pie\u013cauj da\u017e\u0101dos veidos izdar\u012bt spiedienu uz valsti, piem\u0113ram, ar ekonomiskiem piespie\u0161anas l\u012bdzek\u013ciem. Savuk\u0101rt Ineta Ziemele analiz\u0113 atz\u012b\u0161anas noz\u012bmi, kas ietver valstu pien\u0101kumu neatz\u012bt prettiesisk\u0101 ce\u013c\u0101 pan\u0101ktas faktiskas sekas. Ar Starptautisko ties\u012bbu komisijas 2024. gada darba sesiju iepaz\u012bstina M\u0101rti\u0146\u0161 Paparinskis, bet J\u0101nis Grasis skaidro par sek\u0101m, k\u0101das rodas, ja valsts nesp\u0113j pild\u012bt savas saist\u012bbas. Turpret\u012b Rainers Svoks ir sagatavojis detaliz\u0113tu p\u0113t\u012bjumu par pier\u0101d\u012bjumu un pier\u0101d\u012b\u0161anas noteikumu problem\u0101tiku starptautiskaj\u0101s ties\u012bb\u0101s.<\/span><\/div>\n","protected":false},"excerpt":{"rendered":"<p><span data-contrast=\"auto\">Druk\u0101t\u0101 \u017eurn\u0101la pieg\u0101de:\u00a0<\/span><span data-ccp-props=\"{&quot;201341983&quot;:0,&quot;335559739&quot;:160,&quot;335559740&quot;:259}\">\u00a0<\/span><\/p>\n<ul>\n<li data-leveltext=\"\uf0b7\" data-font=\"Symbol\" data-listid=\"2\" data-aria-posinset=\"1\" data-aria-level=\"1\"><span data-contrast=\"auto\">ar OMNIVA vai &#8220;Latvijas Pasts&#8221; (pieg\u0101des izdevumi)<\/span><span data-ccp-props=\"{&quot;134233279&quot;:true,&quot;201341983&quot;:0,&quot;335559739&quot;:160,&quot;335559740&quot;:259}\">\u00a0<\/span><\/li>\n<li data-leveltext=\"\uf0b7\" data-font=\"Symbol\" data-listid=\"2\" data-aria-posinset=\"1\" data-aria-level=\"1\"><span class=\"NormalTextRun SCXW151442062 BCX0\">bez maksas\u00a0 &#8211; \u201cLatvijas V\u0113stne\u0161a\u201d Klientu centr\u0101 Bru\u0146inieku\u00a0<\/span><span class=\"NormalTextRun CommentStart SCXW151442062 BCX0\">41<\/span><span class=\"NormalTextRun SCXW151442062 BCX0\">, R\u012bg\u0101<\/span><\/li>\n<\/ul>\n<p><a title=\"9.augusts 2022 \/ Nr.32 (1246)\" href=\"https:\/\/juristavards.lv\/zurnals.php?laidiens_id=12488\" target=\"_blank\" rel=\"noopener\">\u017durn\u0101la digit\u0101l\u0101 versija<\/a><\/p>\n","protected":false},"featured_media":12190,"comment_status":"open","ping_status":"closed","template":"","meta":[],"product_brand":[],"product_cat":[362,361],"product_tag":[],"class_list":{"0":"post-12189","1":"product","2":"type-product","3":"status-publish","4":"has-post-thumbnail","6":"product_cat-zurnali-tematiskie","7":"product_cat-zurnali","9":"first","10":"instock","11":"taxable","12":"shipping-taxable","13":"purchasable","14":"product-type-simple"},"aioseo_notices":[],"_links":{"self":[{"href":"https:\/\/juristavards.lv\/veikals\/wp-json\/wp\/v2\/product\/12189","targetHints":{"allow":["GET"]}}],"collection":[{"href":"https:\/\/juristavards.lv\/veikals\/wp-json\/wp\/v2\/product"}],"about":[{"href":"https:\/\/juristavards.lv\/veikals\/wp-json\/wp\/v2\/types\/product"}],"replies":[{"embeddable":true,"href":"https:\/\/juristavards.lv\/veikals\/wp-json\/wp\/v2\/comments?post=12189"}],"wp:featuredmedia":[{"embeddable":true,"href":"https:\/\/juristavards.lv\/veikals\/wp-json\/wp\/v2\/media\/12190"}],"wp:attachment":[{"href":"https:\/\/juristavards.lv\/veikals\/wp-json\/wp\/v2\/media?parent=12189"}],"wp:term":[{"taxonomy":"product_brand","embeddable":true,"href":"https:\/\/juristavards.lv\/veikals\/wp-json\/wp\/v2\/product_brand?post=12189"},{"taxonomy":"product_cat","embeddable":true,"href":"https:\/\/juristavards.lv\/veikals\/wp-json\/wp\/v2\/product_cat?post=12189"},{"taxonomy":"product_tag","embeddable":true,"href":"https:\/\/juristavards.lv\/veikals\/wp-json\/wp\/v2\/product_tag?post=12189"}],"curies":[{"name":"wp","href":"https:\/\/api.w.org\/{rel}","templated":true}]}}