{"id":12256,"date":"2025-02-18T08:00:40","date_gmt":"2025-02-18T06:00:40","guid":{"rendered":"https:\/\/juristavards.lv\/veikals\/?post_type=product&#038;p=12256"},"modified":"2025-08-26T13:47:53","modified_gmt":"2025-08-26T10:47:53","slug":"18-februaris-2025-nr-7-1377","status":"publish","type":"product","link":"https:\/\/juristavards.lv\/veikals\/produkts\/18-februaris-2025-nr-7-1377\/","title":{"rendered":"18. febru\u0101ris 2025 \/ Nr. 7 (1377)"},"content":{"rendered":"<div>\n<p>\u0160\u012b \u201cJurista V\u0101rda\u201d numura t\u0113ma ir velt\u012bta profesion\u0101lajai \u0113tikai, skaidrojot gan t\u0101s b\u016bt\u012bbu un noz\u012bmi, gan ar\u012b lomu un uzdevumus m\u016bsdien\u0101s, jo \u012bpa\u0161i jurisprudenc\u0113. \u0160ai izdevum\u0101 lasiet interviju ar Latvijas Tiesne\u0161u \u0113tikas komisijas priek\u0161s\u0113d\u0113t\u0101ju Di\u0101nu Makarovu, k\u0101 ar\u012b vair\u0101ku eskpertu skaidrojumus par profesion\u0101l\u0101s \u0113tikas t\u0113mu. Papildus, \u201cJurista V\u0101rds\u201d \u0161\u012b numura ietvaros veica pla\u0161u aptauju, lai izzin\u0101tu, k\u0101 katr\u0101 no tiesu sist\u0113mai pieder\u012bgaj\u0101m profesij\u0101m normat\u012bvi ir regul\u0113ts un praktiski iedz\u012bvin\u0101ts profesion\u0101l\u0101s \u0113tikas instit\u016bts.<\/p>\n<\/div>\n","protected":false},"excerpt":{"rendered":"<p><span data-contrast=\"auto\">Druk\u0101t\u0101 \u017eurn\u0101la pieg\u0101de:\u00a0<\/span><span data-ccp-props=\"{&quot;201341983&quot;:0,&quot;335559739&quot;:160,&quot;335559740&quot;:259}\">\u00a0<\/span><\/p>\n<ul>\n<li data-leveltext=\"\uf0b7\" data-font=\"Symbol\" data-listid=\"2\" data-aria-posinset=\"1\" data-aria-level=\"1\"><span data-contrast=\"auto\">ar OMNIVA vai &#8220;Latvijas Pasts&#8221; (pieg\u0101des izdevumi)<\/span><span data-ccp-props=\"{&quot;134233279&quot;:true,&quot;201341983&quot;:0,&quot;335559739&quot;:160,&quot;335559740&quot;:259}\">\u00a0<\/span><\/li>\n<li data-leveltext=\"\uf0b7\" data-font=\"Symbol\" data-listid=\"2\" data-aria-posinset=\"1\" data-aria-level=\"1\"><span class=\"NormalTextRun SCXW151442062 BCX0\">bez maksas\u00a0 &#8211; \u201cLatvijas V\u0113stne\u0161a\u201d Klientu centr\u0101 Bru\u0146inieku\u00a0<\/span><span class=\"NormalTextRun CommentStart SCXW151442062 BCX0\">41<\/span><span class=\"NormalTextRun SCXW151442062 BCX0\">, R\u012bg\u0101<\/span><\/li>\n<\/ul>\n<p><a title=\"9.augusts 2022 \/ Nr.32 (1246)\" href=\"https:\/\/juristavards.lv\/zurnals.php?laidiens_id=12491\" target=\"_blank\" rel=\"noopener\">\u017durn\u0101la digit\u0101l\u0101 versija<\/a><\/p>\n","protected":false},"featured_media":12257,"comment_status":"open","ping_status":"closed","template":"","meta":[],"product_brand":[],"product_cat":[362,361],"product_tag":[],"class_list":{"0":"post-12256","1":"product","2":"type-product","3":"status-publish","4":"has-post-thumbnail","6":"product_cat-zurnali-tematiskie","7":"product_cat-zurnali","9":"first","10":"instock","11":"taxable","12":"shipping-taxable","13":"purchasable","14":"product-type-simple"},"aioseo_notices":[],"_links":{"self":[{"href":"https:\/\/juristavards.lv\/veikals\/wp-json\/wp\/v2\/product\/12256","targetHints":{"allow":["GET"]}}],"collection":[{"href":"https:\/\/juristavards.lv\/veikals\/wp-json\/wp\/v2\/product"}],"about":[{"href":"https:\/\/juristavards.lv\/veikals\/wp-json\/wp\/v2\/types\/product"}],"replies":[{"embeddable":true,"href":"https:\/\/juristavards.lv\/veikals\/wp-json\/wp\/v2\/comments?post=12256"}],"wp:featuredmedia":[{"embeddable":true,"href":"https:\/\/juristavards.lv\/veikals\/wp-json\/wp\/v2\/media\/12257"}],"wp:attachment":[{"href":"https:\/\/juristavards.lv\/veikals\/wp-json\/wp\/v2\/media?parent=12256"}],"wp:term":[{"taxonomy":"product_brand","embeddable":true,"href":"https:\/\/juristavards.lv\/veikals\/wp-json\/wp\/v2\/product_brand?post=12256"},{"taxonomy":"product_cat","embeddable":true,"href":"https:\/\/juristavards.lv\/veikals\/wp-json\/wp\/v2\/product_cat?post=12256"},{"taxonomy":"product_tag","embeddable":true,"href":"https:\/\/juristavards.lv\/veikals\/wp-json\/wp\/v2\/product_tag?post=12256"}],"curies":[{"name":"wp","href":"https:\/\/api.w.org\/{rel}","templated":true}]}}