{"id":12358,"date":"2025-03-11T08:00:33","date_gmt":"2025-03-11T06:00:33","guid":{"rendered":"https:\/\/juristavards.lv\/veikals\/?post_type=product&#038;p=12358"},"modified":"2025-09-04T15:07:13","modified_gmt":"2025-09-04T12:07:13","slug":"11-marts-2025-nr-10-1380","status":"publish","type":"product","link":"https:\/\/juristavards.lv\/veikals\/produkts\/11-marts-2025-nr-10-1380\/","title":{"rendered":"11. marts 2025 \/ Nr. 10 (1380)"},"content":{"rendered":"<p>\u017durn\u0101ls \u201cJurista V\u0101rds\u201d ir noder\u012bgs jurista darba instruments, kas pal\u012bdz papildin\u0101t jurista kompetenci ar argumentiem, ko izmantot gan ties\u0101s, gan ikdienas darb\u0101. \u017durn\u0101la digit\u0101lais arh\u012bvs ir visapjom\u012bg\u0101k\u0101 juridisko publik\u0101ciju datub\u0101ze Latvij\u0101. \u201cJurista V\u0101rda\u201d misija ir nemain\u012bga \u2013 t\u0101 ir juristu profesion\u0101l\u0101s kompetences pilnveide.<\/p>\n<p>Druk\u0101to \u017eurn\u0101lu \u201cJurista V\u0101rds\u201d var ieg\u0101d\u0101ties mazumtirdzniec\u012bb\u0101 m\u016bsu internetveikal\u0101 (kam\u0113r prece ir pieejama). Katra laidiena saturs vienm\u0113r ir pieejams abonentiem, kuriem no 2022. gada ir neierobe\u017eota pieeja juristavards.lv arh\u012bvam jeb visu druk\u0101to \u017eurn\u0101lu digit\u0101lajai kopijai.<\/p>\n<p>\u201cJurista V\u0101rda\u201d saturu veidoju\u0161i vair\u0101k nek\u0101 1800 ties\u012bbu lietprat\u0113ju. Uz \u017eurn\u0101lu atsaucas ties\u0101s, normat\u012bvo aktu izstr\u0101d\u0113, zin\u0101tniskajos p\u0113t\u012bjumos. \u017durn\u0101la saturs regul\u0101ri tiek klasific\u0113ts p\u0113c noteikt\u0101m paz\u012bm\u0113m.<\/p>\n","protected":false},"excerpt":{"rendered":"<p><span data-contrast=\"auto\">Druk\u0101t\u0101 \u017eurn\u0101la pieg\u0101de:\u00a0<\/span><span data-ccp-props=\"{&quot;201341983&quot;:0,&quot;335559739&quot;:160,&quot;335559740&quot;:259}\">\u00a0<\/span><\/p>\n<ul>\n<li data-leveltext=\"\uf0b7\" data-font=\"Symbol\" data-listid=\"2\" data-aria-posinset=\"1\" data-aria-level=\"1\"><span data-contrast=\"auto\">ar OMNIVA vai &#8220;Latvijas Pasts&#8221; (pieg\u0101des izdevumi)<\/span><span data-ccp-props=\"{&quot;134233279&quot;:true,&quot;201341983&quot;:0,&quot;335559739&quot;:160,&quot;335559740&quot;:259}\">\u00a0<\/span><\/li>\n<li data-leveltext=\"\uf0b7\" data-font=\"Symbol\" data-listid=\"2\" data-aria-posinset=\"1\" data-aria-level=\"1\"><span class=\"NormalTextRun SCXW151442062 BCX0\">bez maksas\u00a0 &#8211; \u201cLatvijas V\u0113stne\u0161a\u201d Klientu centr\u0101 Bru\u0146inieku\u00a0<\/span><span class=\"NormalTextRun CommentStart SCXW151442062 BCX0\">41<\/span><span class=\"NormalTextRun SCXW151442062 BCX0\">, R\u012bg\u0101<\/span><\/li>\n<\/ul>\n<p><a title=\"9.augusts 2022 \/ Nr.32 (1246)\" href=\"https:\/\/juristavards.lv\/zurnals.php?laidiens_id=12494\" target=\"_blank\" rel=\"noopener\">\u017durn\u0101la digit\u0101l\u0101 versija<\/a><\/p>\n","protected":false},"featured_media":12361,"comment_status":"open","ping_status":"closed","template":"","meta":[],"product_brand":[],"product_cat":[361],"product_tag":[],"class_list":{"0":"post-12358","1":"product","2":"type-product","3":"status-publish","4":"has-post-thumbnail","6":"product_cat-zurnali","8":"first","9":"instock","10":"taxable","11":"shipping-taxable","12":"purchasable","13":"product-type-simple"},"aioseo_notices":[],"_links":{"self":[{"href":"https:\/\/juristavards.lv\/veikals\/wp-json\/wp\/v2\/product\/12358","targetHints":{"allow":["GET"]}}],"collection":[{"href":"https:\/\/juristavards.lv\/veikals\/wp-json\/wp\/v2\/product"}],"about":[{"href":"https:\/\/juristavards.lv\/veikals\/wp-json\/wp\/v2\/types\/product"}],"replies":[{"embeddable":true,"href":"https:\/\/juristavards.lv\/veikals\/wp-json\/wp\/v2\/comments?post=12358"}],"wp:featuredmedia":[{"embeddable":true,"href":"https:\/\/juristavards.lv\/veikals\/wp-json\/wp\/v2\/media\/12361"}],"wp:attachment":[{"href":"https:\/\/juristavards.lv\/veikals\/wp-json\/wp\/v2\/media?parent=12358"}],"wp:term":[{"taxonomy":"product_brand","embeddable":true,"href":"https:\/\/juristavards.lv\/veikals\/wp-json\/wp\/v2\/product_brand?post=12358"},{"taxonomy":"product_cat","embeddable":true,"href":"https:\/\/juristavards.lv\/veikals\/wp-json\/wp\/v2\/product_cat?post=12358"},{"taxonomy":"product_tag","embeddable":true,"href":"https:\/\/juristavards.lv\/veikals\/wp-json\/wp\/v2\/product_tag?post=12358"}],"curies":[{"name":"wp","href":"https:\/\/api.w.org\/{rel}","templated":true}]}}