{"id":12463,"date":"2025-04-15T08:00:50","date_gmt":"2025-04-15T05:00:50","guid":{"rendered":"https:\/\/juristavards.lv\/veikals\/?post_type=product&#038;p=12463"},"modified":"2026-02-13T09:33:32","modified_gmt":"2026-02-13T07:33:32","slug":"15-aprilis-2025-nr-15-16-1385-1386","status":"publish","type":"product","link":"https:\/\/juristavards.lv\/veikals\/produkts\/15-aprilis-2025-nr-15-16-1385-1386\/","title":{"rendered":"15. apr\u012blis 2025 \/ Nr. 15\/16 (1385\/1386)"},"content":{"rendered":"<div>\n<p>K\u0101 tapa M\u0101ksl\u012bg\u0101 intelekta akts, kur\u0161 st\u0101j\u0101s sp\u0113k\u0101 pag\u0101ju\u0161aj\u0101 gad\u0101? K\u0101das m\u0101ksl\u012bg\u0101 intelekta sist\u0113mas ir aizliegtas un k\u0101das v\u0113lamas saska\u0146\u0101 ar MI aktu?\u00a0\u00a0K\u0101da ir MI akta un Visp\u0101r\u012bg\u0101s datu aizsardz\u012bbas regulas mijiedarb\u012bba datu subjektu ties\u012bbu \u012bsteno\u0161an\u0101? \u0160\u012b tematisk\u0101 numura ietvaros 10 autori 8 publik\u0101cij\u0101s pied\u0101v\u0101 las\u012bt\u0101jiem iel\u016bkoties da\u017e\u0101dos aspektos saist\u012bb\u0101 ar M\u0101ksl\u012bg\u0101 intelekta aktu.<\/p>\n<p>\u0160is MI aktam velt\u012btais numurs ir pirm\u0101 rakstu kopas da\u013ca, savuk\u0101rt otr\u0101 rakstu kopa tiks public\u0113ta j\u016blija s\u0101kum\u0101, kur\u0101 autori turpin\u0101s sniegt ieskatu M\u0101ksl\u012bg\u0101 intelekta akta un m\u0101ksl\u012bg\u0101 intelekta izaicin\u0101jumos un ar to saist\u012btaj\u0101s iesp\u0113j\u0101s.<\/p>\n<\/div>\n","protected":false},"excerpt":{"rendered":"<p><span data-contrast=\"auto\">Druk\u0101t\u0101 \u017eurn\u0101la pieg\u0101de:\u00a0<\/span><span data-ccp-props=\"{&quot;201341983&quot;:0,&quot;335559739&quot;:160,&quot;335559740&quot;:259}\">\u00a0<\/span><\/p>\n<ul>\n<li data-leveltext=\"\uf0b7\" data-font=\"Symbol\" data-listid=\"2\" data-aria-posinset=\"1\" data-aria-level=\"1\"><span data-contrast=\"auto\">ar OMNIVA vai &#8220;Latvijas Pasts&#8221; (pieg\u0101des izdevumi)<\/span><span data-ccp-props=\"{&quot;134233279&quot;:true,&quot;201341983&quot;:0,&quot;335559739&quot;:160,&quot;335559740&quot;:259}\">\u00a0<\/span><\/li>\n<li data-leveltext=\"\uf0b7\" data-font=\"Symbol\" data-listid=\"2\" data-aria-posinset=\"1\" data-aria-level=\"1\"><span class=\"NormalTextRun SCXW151442062 BCX0\">bez maksas\u00a0 &#8211; \u201cLatvijas V\u0113stne\u0161a\u201d Klientu centr\u0101 Bru\u0146inieku\u00a0<\/span><span class=\"NormalTextRun CommentStart SCXW151442062 BCX0\">41<\/span><span class=\"NormalTextRun SCXW151442062 BCX0\">, R\u012bg\u0101<\/span><\/li>\n<\/ul>\n<p><a title=\"9.augusts 2022 \/ Nr.32 (1246)\" href=\"https:\/\/juristavards.lv\/zurnals.php?laidiens_id=12499\" target=\"_blank\" rel=\"noopener\">\u017durn\u0101la digit\u0101l\u0101 versija<\/a><\/p>\n","protected":false},"featured_media":12467,"comment_status":"open","ping_status":"closed","template":"","meta":[],"product_cat":[361,362],"product_tag":[],"class_list":{"0":"post-12463","1":"product","2":"type-product","3":"status-publish","4":"has-post-thumbnail","6":"product_cat-zurnali","7":"product_cat-zurnali-tematiskie","9":"first","10":"instock","11":"taxable","12":"shipping-taxable","13":"purchasable","14":"product-type-simple"},"aioseo_notices":[],"_links":{"self":[{"href":"https:\/\/juristavards.lv\/veikals\/wp-json\/wp\/v2\/product\/12463"}],"collection":[{"href":"https:\/\/juristavards.lv\/veikals\/wp-json\/wp\/v2\/product"}],"about":[{"href":"https:\/\/juristavards.lv\/veikals\/wp-json\/wp\/v2\/types\/product"}],"replies":[{"embeddable":true,"href":"https:\/\/juristavards.lv\/veikals\/wp-json\/wp\/v2\/comments?post=12463"}],"wp:featuredmedia":[{"embeddable":true,"href":"https:\/\/juristavards.lv\/veikals\/wp-json\/wp\/v2\/media\/12467"}],"wp:attachment":[{"href":"https:\/\/juristavards.lv\/veikals\/wp-json\/wp\/v2\/media?parent=12463"}],"wp:term":[{"taxonomy":"product_cat","embeddable":true,"href":"https:\/\/juristavards.lv\/veikals\/wp-json\/wp\/v2\/product_cat?post=12463"},{"taxonomy":"product_tag","embeddable":true,"href":"https:\/\/juristavards.lv\/veikals\/wp-json\/wp\/v2\/product_tag?post=12463"}],"curies":[{"name":"wp","href":"https:\/\/api.w.org\/{rel}","templated":true}]}}