{"id":12525,"date":"2025-04-29T08:00:51","date_gmt":"2025-04-29T05:00:51","guid":{"rendered":"https:\/\/juristavards.lv\/veikals\/?post_type=product&#038;p=12525"},"modified":"2025-10-09T09:29:55","modified_gmt":"2025-10-09T06:29:55","slug":"29-aprilis-2025-nr-17-18-1387-1388","status":"publish","type":"product","link":"https:\/\/juristavards.lv\/veikals\/produkts\/29-aprilis-2025-nr-17-18-1387-1388\/","title":{"rendered":"29. apr\u012blis 2025 \/ Nr. 17\/18 (1387\/1388)"},"content":{"rendered":"<p>\u0160is \u201cJurista V\u0101rda\u201d numurs velt\u012bts t\u0113mai par Eiropas Savien\u012bbas (ES) ties\u012bbu ietekmi uz krimin\u0101lties\u012bb\u0101m. Lisabonas l\u012bgums, kas st\u0101j\u0101s sp\u0113k\u0101 2009. gada 1. decembr\u012b, ES pie\u0161\u0137\u012bra kompetenci krimin\u0101lties\u012bbu jom\u0101. L\u012bdz tam ES ties\u012bbu ietekme uz dal\u012bbvalstu krimin\u0101lties\u012bb\u0101m bija netie\u0161a.<\/p>\n<p>Pirmajos tr\u012bs rakstos apskat\u012btas aktualit\u0101tes L\u012bguma par ES darb\u012bbu 82. un 83. pant\u0101 noteikt\u0101s kompetences \u012bsteno\u0161an\u0101. N\u0101kamie divi raksti velt\u012bti noziedz\u012bgi ieg\u016btu l\u012bdzek\u013cu legaliz\u0113\u0161anas problem\u0101tikai, kas ES redzeslok\u0101 ir bijusi jau ilgsto\u0161i. Savuk\u0101rt ES Pamatties\u012bbu hartai, kurai l\u012bdz ar Lisabonas l\u012bguma st\u0101\u0161anos sp\u0113k\u0101 ir t\u0101ds pats juridiskais sp\u0113ks k\u0101 L\u012bgumiem, velt\u012bti \u010detri raksti. Numuru nosl\u0113dz ieskats Eiropas Prokurat\u016bras darb\u0101 un intervija ar Eiropas prokuroru Gati Doniku.<\/p>\n<p>Tematiskais izdevums veidots p\u0113c Eiropas Savien\u012bbas ties\u012bbu asoci\u0101cijas (ESTA) iniciat\u012bvas un ar t\u0101s atbalstu.<\/p>\n","protected":false},"excerpt":{"rendered":"<p><span data-contrast=\"auto\">Druk\u0101t\u0101 \u017eurn\u0101la pieg\u0101de:\u00a0<\/span><span data-ccp-props=\"{&quot;201341983&quot;:0,&quot;335559739&quot;:160,&quot;335559740&quot;:259}\">\u00a0<\/span><\/p>\n<ul>\n<li data-leveltext=\"\uf0b7\" data-font=\"Symbol\" data-listid=\"2\" data-aria-posinset=\"1\" data-aria-level=\"1\"><span data-contrast=\"auto\">ar OMNIVA vai &#8220;Latvijas Pasts&#8221; (pieg\u0101des izdevumi)<\/span><span data-ccp-props=\"{&quot;134233279&quot;:true,&quot;201341983&quot;:0,&quot;335559739&quot;:160,&quot;335559740&quot;:259}\">\u00a0<\/span><\/li>\n<li data-leveltext=\"\uf0b7\" data-font=\"Symbol\" data-listid=\"2\" data-aria-posinset=\"1\" data-aria-level=\"1\"><span class=\"NormalTextRun SCXW151442062 BCX0\">bez maksas\u00a0 &#8211; \u201cLatvijas V\u0113stne\u0161a\u201d Klientu centr\u0101 Bru\u0146inieku\u00a0<\/span><span class=\"NormalTextRun CommentStart SCXW151442062 BCX0\">41<\/span><span class=\"NormalTextRun SCXW151442062 BCX0\">, R\u012bg\u0101<\/span><\/li>\n<\/ul>\n<p><a title=\"Skat\u012bt \u017eurn\u0101la &quot;Jurista V\u0101rds&quot; digit\u0101lo versiju\" href=\"https:\/\/juristavards.lv\/zurnals.php?laidiens_id=12504\" target=\"_blank\" rel=\"noopener\">\u017durn\u0101la digit\u0101l\u0101 versija<\/a><\/p>\n","protected":false},"featured_media":12526,"comment_status":"open","ping_status":"closed","template":"","meta":[],"product_brand":[],"product_cat":[362,361],"product_tag":[],"class_list":{"0":"post-12525","1":"product","2":"type-product","3":"status-publish","4":"has-post-thumbnail","6":"product_cat-zurnali-tematiskie","7":"product_cat-zurnali","9":"first","10":"instock","11":"taxable","12":"shipping-taxable","13":"purchasable","14":"product-type-simple"},"aioseo_notices":[],"_links":{"self":[{"href":"https:\/\/juristavards.lv\/veikals\/wp-json\/wp\/v2\/product\/12525","targetHints":{"allow":["GET"]}}],"collection":[{"href":"https:\/\/juristavards.lv\/veikals\/wp-json\/wp\/v2\/product"}],"about":[{"href":"https:\/\/juristavards.lv\/veikals\/wp-json\/wp\/v2\/types\/product"}],"replies":[{"embeddable":true,"href":"https:\/\/juristavards.lv\/veikals\/wp-json\/wp\/v2\/comments?post=12525"}],"wp:featuredmedia":[{"embeddable":true,"href":"https:\/\/juristavards.lv\/veikals\/wp-json\/wp\/v2\/media\/12526"}],"wp:attachment":[{"href":"https:\/\/juristavards.lv\/veikals\/wp-json\/wp\/v2\/media?parent=12525"}],"wp:term":[{"taxonomy":"product_brand","embeddable":true,"href":"https:\/\/juristavards.lv\/veikals\/wp-json\/wp\/v2\/product_brand?post=12525"},{"taxonomy":"product_cat","embeddable":true,"href":"https:\/\/juristavards.lv\/veikals\/wp-json\/wp\/v2\/product_cat?post=12525"},{"taxonomy":"product_tag","embeddable":true,"href":"https:\/\/juristavards.lv\/veikals\/wp-json\/wp\/v2\/product_tag?post=12525"}],"curies":[{"name":"wp","href":"https:\/\/api.w.org\/{rel}","templated":true}]}}