{"id":12561,"date":"2025-05-13T08:00:21","date_gmt":"2025-05-13T05:00:21","guid":{"rendered":"https:\/\/juristavards.lv\/veikals\/?post_type=product&#038;p=12561"},"modified":"2025-08-26T13:55:19","modified_gmt":"2025-08-26T10:55:19","slug":"13-maijs-2025-nr-19-1389","status":"publish","type":"product","link":"https:\/\/juristavards.lv\/veikals\/produkts\/13-maijs-2025-nr-19-1389\/","title":{"rendered":"13. maijs 2025 \/ Nr. 19 (1389)"},"content":{"rendered":"<p>\u0160is \u201cJurista V\u0101rds\u201d pirmoreiz velt\u012bts EST Gada zi\u0146ojumam un tapis sadarb\u012bb\u0101 ar Eiropas Savien\u012bbas ties\u012bbu asoci\u0101ciju.<\/p>\n<p>\u0160ai numur\u0101 aptauj\u0101ti \u010detri EST locek\u013ci no Latvijas: Ineta Ziemele, Laila Medina, Inga Reine un P\u0113teris Zilgalvis. Sav\u0101s atbild\u0113s vi\u0146i izce\u013c, vi\u0146upr\u0101t, b\u016btisk\u0101kos \u0161\u012bs iest\u0101des nol\u0113mumus 2024. gad\u0101, ieskic\u0113jot to pla\u0161\u0101ku kontekstu, k\u0101 ar\u012b dal\u0101s p\u0101rdom\u0101s par citiem ar EST darb\u012bbu saist\u012btiem jaut\u0101jumiem.<\/p>\n<p>Turpin\u0101jum\u0101 ir izcelts ar EST darb\u012bbu saist\u012bts b\u016btisks notikums 2024. gad\u0101\u00a0\u2013 ES tiesu reformas \u012bsteno\u0161ana, Tiesas prejudici\u0101l\u0101 nol\u0113muma kompetenci prec\u012bzi noteikt\u0101s ties\u012bbu jom\u0101s nododot Visp\u0101r\u0113jai tiesai. \u0160aj\u0101 zi\u0146\u0101 Visp\u0101r\u0113j\u0101s tiesas kancelejas juriste Inese Kurme sav\u0101 rakst\u0101 ieskic\u0113 galvenos institucion\u0101los un darba organiz\u0101cijas piel\u0101gojumus.<\/p>\n<p>Visbeidzot, vair\u0101ki ESTA biedri\u00a0\u2013 Esmeralda Balode-Buraka, Ieva Freija-Pekati, Marts Eduards Ivaskis, J\u016blija Jer\u0146eva, Lolita Kronberga, Paula Lipe, \u017daneta Mikosa, Viktorija So\u0146eca, Iveta Strazdi\u0146a, Krist\u012bne Zubk\u0101ne, k\u0101 ar\u012b \u0161\u012b izdevuma viesredaktores Ilona \u010cei\u010da un Vineta Bei\u00a0\u2013 pied\u0101v\u0101 las\u012bt\u0101jiem ieskatu neliel\u0101 da\u013c\u0101 no noz\u012bm\u012bg\u0101kajiem 863 Tiesas un 922 Visp\u0101r\u0113j\u0101s tiesas nol\u0113mumiem, kas pie\u0146emti 2024. gad\u0101 da\u017e\u0101d\u0101s ES ties\u012bbu jom\u0101s.<\/p>\n<p>Ceram, ka \u201cJurista V\u0101rda\u201d \u012bpa\u0161ais izdevums par EST Gada zi\u0146ojumu k\u013c\u016bs par ikgad\u0113ju notikumu ES ties\u012bbu populariz\u0113\u0161an\u0101 Latvij\u0101 un mudin\u0101s Latvijas juristus bie\u017e\u0101k iesaist\u012bties dialog\u0101 par EST judikat\u016bras att\u012bst\u012bbu!<\/p>\n","protected":false},"excerpt":{"rendered":"<p><span data-contrast=\"auto\">Druk\u0101t\u0101 \u017eurn\u0101la pieg\u0101de:\u00a0<\/span><span data-ccp-props=\"{&quot;201341983&quot;:0,&quot;335559739&quot;:160,&quot;335559740&quot;:259}\">\u00a0<\/span><\/p>\n<ul>\n<li data-leveltext=\"\uf0b7\" data-font=\"Symbol\" data-listid=\"2\" data-aria-posinset=\"1\" data-aria-level=\"1\"><span data-contrast=\"auto\">ar OMNIVA vai &#8220;Latvijas Pasts&#8221; (pieg\u0101des izdevumi)<\/span><span data-ccp-props=\"{&quot;134233279&quot;:true,&quot;201341983&quot;:0,&quot;335559739&quot;:160,&quot;335559740&quot;:259}\">\u00a0<\/span><\/li>\n<li data-leveltext=\"\uf0b7\" data-font=\"Symbol\" data-listid=\"2\" data-aria-posinset=\"1\" data-aria-level=\"1\"><span class=\"NormalTextRun SCXW151442062 BCX0\">bez maksas\u00a0 &#8211; \u201cLatvijas V\u0113stne\u0161a\u201d Klientu centr\u0101 Bru\u0146inieku\u00a0<\/span><span class=\"NormalTextRun CommentStart SCXW151442062 BCX0\">41<\/span><span class=\"NormalTextRun SCXW151442062 BCX0\">, R\u012bg\u0101<\/span><\/li>\n<\/ul>\n<p><a title=\"9.augusts 2022 \/ Nr.32 (1246)\" href=\"https:\/\/juristavards.lv\/zurnals\/numuri\/12506\" target=\"_blank\" rel=\"noopener\">\u017durn\u0101la digit\u0101l\u0101 versija<\/a><\/p>\n","protected":false},"featured_media":12565,"comment_status":"open","ping_status":"closed","template":"","meta":[],"product_brand":[],"product_cat":[362,361],"product_tag":[],"class_list":{"0":"post-12561","1":"product","2":"type-product","3":"status-publish","4":"has-post-thumbnail","6":"product_cat-zurnali-tematiskie","7":"product_cat-zurnali","9":"first","10":"instock","11":"taxable","12":"shipping-taxable","13":"purchasable","14":"product-type-simple"},"aioseo_notices":[],"_links":{"self":[{"href":"https:\/\/juristavards.lv\/veikals\/wp-json\/wp\/v2\/product\/12561","targetHints":{"allow":["GET"]}}],"collection":[{"href":"https:\/\/juristavards.lv\/veikals\/wp-json\/wp\/v2\/product"}],"about":[{"href":"https:\/\/juristavards.lv\/veikals\/wp-json\/wp\/v2\/types\/product"}],"replies":[{"embeddable":true,"href":"https:\/\/juristavards.lv\/veikals\/wp-json\/wp\/v2\/comments?post=12561"}],"wp:featuredmedia":[{"embeddable":true,"href":"https:\/\/juristavards.lv\/veikals\/wp-json\/wp\/v2\/media\/12565"}],"wp:attachment":[{"href":"https:\/\/juristavards.lv\/veikals\/wp-json\/wp\/v2\/media?parent=12561"}],"wp:term":[{"taxonomy":"product_brand","embeddable":true,"href":"https:\/\/juristavards.lv\/veikals\/wp-json\/wp\/v2\/product_brand?post=12561"},{"taxonomy":"product_cat","embeddable":true,"href":"https:\/\/juristavards.lv\/veikals\/wp-json\/wp\/v2\/product_cat?post=12561"},{"taxonomy":"product_tag","embeddable":true,"href":"https:\/\/juristavards.lv\/veikals\/wp-json\/wp\/v2\/product_tag?post=12561"}],"curies":[{"name":"wp","href":"https:\/\/api.w.org\/{rel}","templated":true}]}}