{"id":12660,"date":"2025-06-17T08:00:59","date_gmt":"2025-06-17T05:00:59","guid":{"rendered":"https:\/\/juristavards.lv\/veikals\/?post_type=product&#038;p=12660"},"modified":"2026-02-11T14:42:06","modified_gmt":"2026-02-11T12:42:06","slug":"17-junijs-2025-nr-24-25-1394-1395","status":"publish","type":"product","link":"https:\/\/juristavards.lv\/veikals\/produkts\/17-junijs-2025-nr-24-25-1394-1395\/","title":{"rendered":"17. j\u016bnijs 2025 \/ Nr. 24\/25 (1394\/1395)"},"content":{"rendered":"<p><span data-teams=\"true\">\u0160is ir jau otrais b\u016bvniec\u012bbas nozarei velt\u012btais \u201cJurista V\u0101rda\u201d numurs. \u0160aj\u0101 laidien\u0101 daudz vair\u0101k uzman\u012bbas piev\u0113rsts \u0101rvalstu juristu, in\u017eenieru un p\u0113tnieku pieredzei b\u016bvniec\u012bbas nozar\u0113. Zin\u0101m\u0101 m\u0113r\u0101 \u0161is \u201cJurista V\u0101rda\u201d numurs paiet FIDIC tipveida l\u012bgumu z\u012bm\u0113. Min\u0113tie l\u012bgumi ieg\u016bst aizvien liel\u0101ku noz\u012bmi Latvij\u0101, to ievie\u0161anas pieredzi var sadal\u012bt ierasti div\u0101s da\u013c\u0101s: viena, kur publiskaj\u0101 telp\u0101 tiek iztirz\u0101tas piem\u0113ro\u0161anas neveiksmes, bet otra \u2013 sekm\u012bgi realiz\u0113ti projekti, kaut da\u017eos gad\u012bjumos diskusija par l\u012bgumu atsevi\u0161\u0137u apak\u0161punktu piem\u0113ro\u0161anu ir non\u0101kusi tiesas z\u0101l\u0113. Iesp\u0113jams, \u0161is numurs var\u0113tu veidot k\u0101das korporat\u012bv\u0101s saites, kas lieliski var kalpot ar\u012b par Latvijas pieredzes eksportu darbam cit\u0101s valst\u012bs. FIDIC ir paz\u012bstams un tiek piem\u0113rots jau gandr\u012bz 100 valstu b\u016bvniec\u012bbas iepirkumos. Uzman\u012bba \u0161aj\u0101 numur\u0101 piev\u0113rsta ar\u012b padomju laik\u0101 b\u016bv\u0113to daudzdz\u012bvok\u013cu dz\u012bvojamo m\u0101ju p\u0101rvald\u012b\u0161anas un atjauno\u0161anas problem\u0101tikai.\u00a0<\/span><\/p>\n","protected":false},"excerpt":{"rendered":"<p><span data-contrast=\"auto\">Druk\u0101t\u0101 \u017eurn\u0101la pieg\u0101de:\u00a0<\/span><span data-ccp-props=\"{&quot;201341983&quot;:0,&quot;335559739&quot;:160,&quot;335559740&quot;:259}\">\u00a0<\/span><\/p>\n<ul>\n<li data-leveltext=\"\uf0b7\" data-font=\"Symbol\" data-listid=\"2\" data-aria-posinset=\"1\" data-aria-level=\"1\"><span data-contrast=\"auto\">ar OMNIVA vai &#8220;Latvijas Pasts&#8221; (pieg\u0101des izdevumi)<\/span><span data-ccp-props=\"{&quot;134233279&quot;:true,&quot;201341983&quot;:0,&quot;335559739&quot;:160,&quot;335559740&quot;:259}\">\u00a0<\/span><\/li>\n<li data-leveltext=\"\uf0b7\" data-font=\"Symbol\" data-listid=\"2\" data-aria-posinset=\"1\" data-aria-level=\"1\"><span class=\"NormalTextRun SCXW151442062 BCX0\">bez maksas\u00a0 &#8211; \u201cLatvijas V\u0113stne\u0161a\u201d Klientu centr\u0101 Bru\u0146inieku\u00a0<\/span><span class=\"NormalTextRun CommentStart SCXW151442062 BCX0\">41<\/span><span class=\"NormalTextRun SCXW151442062 BCX0\">, R\u012bg\u0101<\/span><\/li>\n<\/ul>\n<p><a title=\"Skat\u012bt \u017eurn\u0101la &quot;Jurista V\u0101rds&quot; digit\u0101lo versiju\" href=\"https:\/\/juristavards.lv\/zurnals\/numuri\/12533\" target=\"_blank\" rel=\"noopener\">\u017durn\u0101la digit\u0101l\u0101 versija<\/a><\/p>\n","protected":false},"featured_media":12661,"comment_status":"open","ping_status":"closed","template":"","meta":[],"product_cat":[361,362],"product_tag":[],"class_list":{"0":"post-12660","1":"product","2":"type-product","3":"status-publish","4":"has-post-thumbnail","6":"product_cat-zurnali","7":"product_cat-zurnali-tematiskie","9":"first","10":"instock","11":"taxable","12":"shipping-taxable","13":"purchasable","14":"product-type-simple"},"aioseo_notices":[],"_links":{"self":[{"href":"https:\/\/juristavards.lv\/veikals\/wp-json\/wp\/v2\/product\/12660"}],"collection":[{"href":"https:\/\/juristavards.lv\/veikals\/wp-json\/wp\/v2\/product"}],"about":[{"href":"https:\/\/juristavards.lv\/veikals\/wp-json\/wp\/v2\/types\/product"}],"replies":[{"embeddable":true,"href":"https:\/\/juristavards.lv\/veikals\/wp-json\/wp\/v2\/comments?post=12660"}],"wp:featuredmedia":[{"embeddable":true,"href":"https:\/\/juristavards.lv\/veikals\/wp-json\/wp\/v2\/media\/12661"}],"wp:attachment":[{"href":"https:\/\/juristavards.lv\/veikals\/wp-json\/wp\/v2\/media?parent=12660"}],"wp:term":[{"taxonomy":"product_cat","embeddable":true,"href":"https:\/\/juristavards.lv\/veikals\/wp-json\/wp\/v2\/product_cat?post=12660"},{"taxonomy":"product_tag","embeddable":true,"href":"https:\/\/juristavards.lv\/veikals\/wp-json\/wp\/v2\/product_tag?post=12660"}],"curies":[{"name":"wp","href":"https:\/\/api.w.org\/{rel}","templated":true}]}}