{"id":12685,"date":"2025-07-01T08:00:54","date_gmt":"2025-07-01T05:00:54","guid":{"rendered":"https:\/\/juristavards.lv\/veikals\/?post_type=product&#038;p=12685"},"modified":"2026-02-13T09:33:01","modified_gmt":"2026-02-13T07:33:01","slug":"1-julijs-2025-nr-26-1396","status":"publish","type":"product","link":"https:\/\/juristavards.lv\/veikals\/produkts\/1-julijs-2025-nr-26-1396\/","title":{"rendered":"1. j\u016blijs 2025 \/ Nr. 26 (1396)"},"content":{"rendered":"<p>T\u0101 k\u0101 m\u0101ksl\u012bgais intelekts un ar to saist\u012bt\u0101s diskusijas ir aktu\u0101las da\u017e\u0101d\u0101s nozar\u0113s un jom\u0101s, \u0161aj\u0101 tematiskaj\u0101 numur\u0101, kas ir turpin\u0101jums 15. apr\u012b\u013ca tematiskajam numuram \u201cM\u0101ksl\u012bg\u0101 intelekta akts \u2013 izaicin\u0101jumi un iesp\u0113jas\u201d, las\u012bt\u0101jiem tiek pied\u0101v\u0101ta rakstu kopa, kur las\u0101ma Oklahomas Universit\u0101tes Juridisk\u0101s fakult\u0101tes tehnolo\u0123iju un inov\u0101ciju direktora \u0160ona Heringtona intervija Dr. iur. Vijai Kalni\u0146ai saist\u012bb\u0101 ar izmai\u0146\u0101m, k\u0101das augstskol\u0101m b\u016bs j\u0101ievie\u0161, lai sagatavotu jaunos juristus m\u0101ksl\u012bg\u0101 intelekta laikmet\u0101. Intervijai seko Viktorijas So\u0146ecas un Ievas Opeltes raksts par M\u0101ksl\u012bg\u0101 intelekta atbild\u012bbas direkt\u012bvas priek\u0161likumu par m\u0101ksl\u012bg\u0101 intelekta sist\u0113mu nodar\u012bto kait\u0113jumu. Anna A\u013co\u0161ina analiz\u0113 Priek\u0161v\u0113l\u0113\u0161anu a\u0123it\u0101cijas likum\u0101 ietverto normu saist\u012bb\u0101 ar m\u0101ksl\u012bg\u0101 intelekta sist\u0113mas lieto\u0161anu, Kaspars O\u013c\u0161evskis un Edvijs Zandars sav\u0101 rakst\u0101 sniedz atbildi uz jaut\u0101jumu, vai m\u0101ksl\u012bgais intelekts ir jurista konkurents vai ar\u012b pal\u012bgs, bet Marjama Bagdasarjana analiz\u0113 m\u0101ksl\u012bg\u0101 intelekta sist\u0113mu izmanto\u0161anu kontekst\u0101 ar v\u0101rda br\u012bv\u012bbu.<\/p>\n","protected":false},"excerpt":{"rendered":"<p><span data-contrast=\"auto\">Druk\u0101t\u0101 \u017eurn\u0101la pieg\u0101de:\u00a0<\/span><span data-ccp-props=\"{&quot;201341983&quot;:0,&quot;335559739&quot;:160,&quot;335559740&quot;:259}\">\u00a0<\/span><\/p>\n<ul>\n<li data-leveltext=\"\uf0b7\" data-font=\"Symbol\" data-listid=\"2\" data-aria-posinset=\"1\" data-aria-level=\"1\"><span data-contrast=\"auto\">ar OMNIVA vai &#8220;Latvijas Pasts&#8221; (pieg\u0101des izdevumi)<\/span><span data-ccp-props=\"{&quot;134233279&quot;:true,&quot;201341983&quot;:0,&quot;335559739&quot;:160,&quot;335559740&quot;:259}\">\u00a0<\/span><\/li>\n<li data-leveltext=\"\uf0b7\" data-font=\"Symbol\" data-listid=\"2\" data-aria-posinset=\"1\" data-aria-level=\"1\"><span class=\"NormalTextRun SCXW151442062 BCX0\">bez maksas\u00a0 &#8211; \u201cLatvijas V\u0113stne\u0161a\u201d Klientu centr\u0101 Bru\u0146inieku\u00a0<\/span><span class=\"NormalTextRun CommentStart SCXW151442062 BCX0\">41<\/span><span class=\"NormalTextRun SCXW151442062 BCX0\">, R\u012bg\u0101<\/span><\/li>\n<\/ul>\n<p><a title=\"9.augusts 2022 \/ Nr.32 (1246)\" href=\"https:\/\/juristavards.lv\/zurnals\/numuri\/12534\" target=\"_blank\" rel=\"noopener\">\u017durn\u0101la digit\u0101l\u0101 versija<\/a><\/p>\n","protected":false},"featured_media":12686,"comment_status":"open","ping_status":"closed","template":"","meta":[],"product_brand":[],"product_cat":[362,361],"product_tag":[],"class_list":{"0":"post-12685","1":"product","2":"type-product","3":"status-publish","4":"has-post-thumbnail","6":"product_cat-zurnali-tematiskie","7":"product_cat-zurnali","9":"first","10":"instock","11":"taxable","12":"shipping-taxable","13":"purchasable","14":"product-type-simple"},"aioseo_notices":[],"_links":{"self":[{"href":"https:\/\/juristavards.lv\/veikals\/wp-json\/wp\/v2\/product\/12685","targetHints":{"allow":["GET"]}}],"collection":[{"href":"https:\/\/juristavards.lv\/veikals\/wp-json\/wp\/v2\/product"}],"about":[{"href":"https:\/\/juristavards.lv\/veikals\/wp-json\/wp\/v2\/types\/product"}],"replies":[{"embeddable":true,"href":"https:\/\/juristavards.lv\/veikals\/wp-json\/wp\/v2\/comments?post=12685"}],"wp:featuredmedia":[{"embeddable":true,"href":"https:\/\/juristavards.lv\/veikals\/wp-json\/wp\/v2\/media\/12686"}],"wp:attachment":[{"href":"https:\/\/juristavards.lv\/veikals\/wp-json\/wp\/v2\/media?parent=12685"}],"wp:term":[{"taxonomy":"product_brand","embeddable":true,"href":"https:\/\/juristavards.lv\/veikals\/wp-json\/wp\/v2\/product_brand?post=12685"},{"taxonomy":"product_cat","embeddable":true,"href":"https:\/\/juristavards.lv\/veikals\/wp-json\/wp\/v2\/product_cat?post=12685"},{"taxonomy":"product_tag","embeddable":true,"href":"https:\/\/juristavards.lv\/veikals\/wp-json\/wp\/v2\/product_tag?post=12685"}],"curies":[{"name":"wp","href":"https:\/\/api.w.org\/{rel}","templated":true}]}}