{"id":12951,"date":"2025-09-23T08:00:11","date_gmt":"2025-09-23T05:00:11","guid":{"rendered":"https:\/\/juristavards.lv\/veikals\/?post_type=product&#038;p=12951"},"modified":"2025-12-28T10:57:25","modified_gmt":"2025-12-28T08:57:25","slug":"23-septembris-2025-nr-38-1408","status":"publish","type":"product","link":"https:\/\/juristavards.lv\/veikals\/produkts\/23-septembris-2025-nr-38-1408\/","title":{"rendered":"23. septembris 2025 \/ Nr. 38 (1408)"},"content":{"rendered":"<div>Latvijas Republikas prokurat\u016bra ir izveidota 1990. gada 26. septembr\u012b, kad Latvijas Republikas Augst\u0101k\u0101 Padome pie\u0146\u0113ma likumu \u201cPar prokurora uzraudz\u012bbu Latvijas Republik\u0101\u201d. Likums st\u0101j\u0101s sp\u0113k\u0101 ar t\u0101 pie\u0146em\u0161anas dienu un noteica prokurat\u016bras organiz\u0101cijas un darb\u012bbas galvenos principus, k\u0101 ar\u012b prokuroru pilnvaras.<\/div>\n<div>\n<div>Atz\u012bm\u0113jot 35 gadus kop\u0161 neatkar\u012bgas prokurat\u016bras izveido\u0161anas, \u201cJurista V\u0101rda\u201d redakcijas un prokurat\u016bras cie\u0161\u0101 sadarb\u012bb\u0101 ir sagatavots \u012bpa\u0161s tematiskais izdevums. T\u0101 autoru loku veido prokurori un prokurat\u016bras p\u0101rst\u0101vji.<\/div>\n<div>\u017durn\u0101la saturu veido materi\u0101lu kopas, kas nosac\u012bti iedal\u0101mas vair\u0101k\u0101s tematiskaj\u0101s sada\u013c\u0101s. Proti, visupirms sniegts p\u0101rskats par \u0122ener\u0101lprokurat\u016bras un Administrat\u012bv\u0101 direktora dienesta atbild\u012bbu un lomu prokurat\u016bras funkciju \u012bsteno\u0161an\u0101. T\u0101l\u0101k apjom\u012bga rakstu kopa ir velt\u012bta prokurat\u016bras pamatfunkciju jaut\u0101jumiem un starptautiskajai sadarb\u012bbai. V\u0113l \u012bpa\u0161a uzman\u012bba piev\u0113rsta ar\u012b atbalsta funkcij\u0101m, tostarp apl\u016bkojot person\u0101la politikas un inform\u0101cijas un komunik\u0101cijas tehnolo\u0123iju risin\u0101jumu att\u012bst\u012bbas pl\u0101no\u0161anu un ievie\u0161anu prokurat\u016br\u0101. To papildina prokuroru pieredzes st\u0101sti, pla\u0161\u0101k raksturojot sava darba da\u013cu, kas pla\u0161\u0101kai auditorijai nemaz nav zin\u0101ma. Savuk\u0101rt atmi\u0146u st\u0101sti par p\u0101rejas laiku, kad neatkar\u012bg\u0101s valsts prokurat\u016bra tikai veidoj\u0101s, uzskat\u0101mi par\u0101da, kur prokurat\u016bra bija tolaik un kur t\u0101 ir tagad.<\/div>\n<\/div>\n","protected":false},"excerpt":{"rendered":"<p><span data-contrast=\"auto\">Druk\u0101t\u0101 \u017eurn\u0101la pieg\u0101de:\u00a0<\/span><span data-ccp-props=\"{&quot;201341983&quot;:0,&quot;335559739&quot;:160,&quot;335559740&quot;:259}\">\u00a0<\/span><\/p>\n<ul>\n<li data-leveltext=\"\uf0b7\" data-font=\"Symbol\" data-listid=\"2\" data-aria-posinset=\"1\" data-aria-level=\"1\"><span data-contrast=\"auto\">ar OMNIVA vai &#8220;Latvijas Pasts&#8221; (pieg\u0101des izdevumi)<\/span><span data-ccp-props=\"{&quot;134233279&quot;:true,&quot;201341983&quot;:0,&quot;335559739&quot;:160,&quot;335559740&quot;:259}\">\u00a0<\/span><\/li>\n<li data-leveltext=\"\uf0b7\" data-font=\"Symbol\" data-listid=\"2\" data-aria-posinset=\"1\" data-aria-level=\"1\"><span class=\"NormalTextRun SCXW151442062 BCX0\">bez maksas\u00a0 &#8211; \u201cLatvijas V\u0113stne\u0161a\u201d Klientu centr\u0101 Bru\u0146inieku\u00a0<\/span><span class=\"NormalTextRun CommentStart SCXW151442062 BCX0\">41<\/span><span class=\"NormalTextRun SCXW151442062 BCX0\">, R\u012bg\u0101<\/span><\/li>\n<\/ul>\n<p><a title=\"9.augusts 2022 \/ Nr.32 (1246)\" href=\"https:\/\/juristavards.lv\/zurnals\/numuri\/12546\" target=\"_blank\" rel=\"noopener\">\u017durn\u0101la digit\u0101l\u0101 versija<\/a><\/p>\n","protected":false},"featured_media":12954,"comment_status":"open","ping_status":"closed","template":"","meta":[],"product_brand":[],"product_cat":[362,361],"product_tag":[],"class_list":{"0":"post-12951","1":"product","2":"type-product","3":"status-publish","4":"has-post-thumbnail","6":"product_cat-zurnali-tematiskie","7":"product_cat-zurnali","9":"first","10":"instock","11":"taxable","12":"shipping-taxable","13":"purchasable","14":"product-type-simple"},"aioseo_notices":[],"_links":{"self":[{"href":"https:\/\/juristavards.lv\/veikals\/wp-json\/wp\/v2\/product\/12951","targetHints":{"allow":["GET"]}}],"collection":[{"href":"https:\/\/juristavards.lv\/veikals\/wp-json\/wp\/v2\/product"}],"about":[{"href":"https:\/\/juristavards.lv\/veikals\/wp-json\/wp\/v2\/types\/product"}],"replies":[{"embeddable":true,"href":"https:\/\/juristavards.lv\/veikals\/wp-json\/wp\/v2\/comments?post=12951"}],"wp:featuredmedia":[{"embeddable":true,"href":"https:\/\/juristavards.lv\/veikals\/wp-json\/wp\/v2\/media\/12954"}],"wp:attachment":[{"href":"https:\/\/juristavards.lv\/veikals\/wp-json\/wp\/v2\/media?parent=12951"}],"wp:term":[{"taxonomy":"product_brand","embeddable":true,"href":"https:\/\/juristavards.lv\/veikals\/wp-json\/wp\/v2\/product_brand?post=12951"},{"taxonomy":"product_cat","embeddable":true,"href":"https:\/\/juristavards.lv\/veikals\/wp-json\/wp\/v2\/product_cat?post=12951"},{"taxonomy":"product_tag","embeddable":true,"href":"https:\/\/juristavards.lv\/veikals\/wp-json\/wp\/v2\/product_tag?post=12951"}],"curies":[{"name":"wp","href":"https:\/\/api.w.org\/{rel}","templated":true}]}}