{"id":13116,"date":"2025-10-15T10:36:06","date_gmt":"2025-10-15T07:36:06","guid":{"rendered":"https:\/\/juristavards.lv\/veikals\/?post_type=product&#038;p=13116"},"modified":"2026-03-25T16:29:23","modified_gmt":"2026-03-25T14:29:23","slug":"14-oktobris-2025-nr-41-1411-2","status":"publish","type":"product","link":"https:\/\/juristavards.lv\/veikals\/produkts\/14-oktobris-2025-nr-41-1411-2\/","title":{"rendered":"14. oktobris 2025 \/ Nr. 41 (1411)"},"content":{"rendered":"<p>Valsts valodu k\u0101 ties\u012bbu instit\u016btu var apl\u016bkot no da\u017e\u0101diem skatpunktiem, un, atz\u012bm\u0113jot Valsts valodas dienu, kas ik gadu svinama 15.\u00a0oktobr\u012b, tam velt\u012bti ar\u012b vair\u0101ki \u0161\u012bsned\u0113\u013cas \u201cJurista V\u0101rda\u201d raksti.<\/p>\n<p>Latvie\u0161u valoda nav tikai sazi\u0146as l\u012bdzeklis, t\u0101 ir m\u016bsu tautas identit\u0101tes, kult\u016bras un valstiskuma kodols un demokr\u0101tiskas sabiedr\u012bbas past\u0101v\u0113\u0161anas st\u016brakmens. Tikai latvie\u0161u pa\u0161u konsekventa latvie\u0161u valodas lieto\u0161ana sp\u0113s nodro\u0161in\u0101t integrit\u0101ti starp normat\u012bvo regul\u0113jumu un re\u0101lo dz\u012bvi, nostiprinot latvie\u0161u valodas k\u0101 valsts valodas autorit\u0101ti un dabisko p\u0101rsvaru un ne\u013caujot cit\u0101m valod\u0101m p\u0101r\u0146emt t\u0101s funkcijas. Un tas ir lab\u0101kais veids, k\u0101 ilgtermi\u0146\u0101 veidot kop\u012bgu lingvistisko telpu un salied\u0113tu sabiedr\u012bbu.<\/p>\n","protected":false},"excerpt":{"rendered":"<p><span data-contrast=\"auto\">Druk\u0101t\u0101 \u017eurn\u0101la pieg\u0101de:\u00a0<\/span><span data-ccp-props=\"{&quot;201341983&quot;:0,&quot;335559739&quot;:160,&quot;335559740&quot;:259}\">\u00a0<\/span><\/p>\n<ul>\n<li data-leveltext=\"\uf0b7\" data-font=\"Symbol\" data-listid=\"2\" data-aria-posinset=\"1\" data-aria-level=\"1\"><span data-contrast=\"auto\">ar OMNIVA vai &#8220;Latvijas Pasts&#8221; (pieg\u0101des izdevumi)<\/span><span data-ccp-props=\"{&quot;134233279&quot;:true,&quot;201341983&quot;:0,&quot;335559739&quot;:160,&quot;335559740&quot;:259}\">\u00a0<\/span><\/li>\n<li data-leveltext=\"\uf0b7\" data-font=\"Symbol\" data-listid=\"2\" data-aria-posinset=\"1\" data-aria-level=\"1\"><span class=\"NormalTextRun SCXW151442062 BCX0\">bez maksas\u00a0 &#8211; \u201cLatvijas V\u0113stne\u0161a\u201d Klientu centr\u0101 Bru\u0146inieku\u00a0<\/span><span class=\"NormalTextRun CommentStart SCXW151442062 BCX0\">41<\/span><span class=\"NormalTextRun SCXW151442062 BCX0\">, R\u012bg\u0101<\/span><\/li>\n<\/ul>\n<p><a title=\"9.augusts 2022 \/ Nr.32 (1246)\" href=\"https:\/\/juristavards.lv\/zurnals\/numuri\/12546\" target=\"_blank\" rel=\"noopener\">\u017durn\u0101la digit\u0101l\u0101 versija<\/a><\/p>\n","protected":false},"featured_media":13107,"comment_status":"open","ping_status":"closed","template":"","meta":[],"product_brand":[],"product_cat":[362,361],"product_tag":[],"class_list":{"0":"post-13116","1":"product","2":"type-product","3":"status-publish","4":"has-post-thumbnail","6":"product_cat-zurnali-tematiskie","7":"product_cat-zurnali","9":"first","10":"instock","11":"taxable","12":"shipping-taxable","13":"purchasable","14":"product-type-simple"},"aioseo_notices":[],"_links":{"self":[{"href":"https:\/\/juristavards.lv\/veikals\/wp-json\/wp\/v2\/product\/13116","targetHints":{"allow":["GET"]}}],"collection":[{"href":"https:\/\/juristavards.lv\/veikals\/wp-json\/wp\/v2\/product"}],"about":[{"href":"https:\/\/juristavards.lv\/veikals\/wp-json\/wp\/v2\/types\/product"}],"replies":[{"embeddable":true,"href":"https:\/\/juristavards.lv\/veikals\/wp-json\/wp\/v2\/comments?post=13116"}],"wp:featuredmedia":[{"embeddable":true,"href":"https:\/\/juristavards.lv\/veikals\/wp-json\/wp\/v2\/media\/13107"}],"wp:attachment":[{"href":"https:\/\/juristavards.lv\/veikals\/wp-json\/wp\/v2\/media?parent=13116"}],"wp:term":[{"taxonomy":"product_brand","embeddable":true,"href":"https:\/\/juristavards.lv\/veikals\/wp-json\/wp\/v2\/product_brand?post=13116"},{"taxonomy":"product_cat","embeddable":true,"href":"https:\/\/juristavards.lv\/veikals\/wp-json\/wp\/v2\/product_cat?post=13116"},{"taxonomy":"product_tag","embeddable":true,"href":"https:\/\/juristavards.lv\/veikals\/wp-json\/wp\/v2\/product_tag?post=13116"}],"curies":[{"name":"wp","href":"https:\/\/api.w.org\/{rel}","templated":true}]}}