{"id":13170,"date":"2025-10-28T08:00:24","date_gmt":"2025-10-28T06:00:24","guid":{"rendered":"https:\/\/juristavards.lv\/veikals\/?post_type=product&#038;p=13170"},"modified":"2025-11-03T10:51:35","modified_gmt":"2025-11-03T08:51:35","slug":"28-oktobris-2025-nr-43-1413","status":"publish","type":"product","link":"https:\/\/juristavards.lv\/veikals\/produkts\/28-oktobris-2025-nr-43-1413\/","title":{"rendered":"28. oktobris 2025 \/ Nr. 43 (1413)"},"content":{"rendered":"<div data-olk-copy-source=\"MessageBody\"><span data-olk-copy-source=\"MessageBody\">\u0160is &#8220;Jurista V\u0101rds&#8221; ir velt\u012bts arodbiedr\u012bbu br\u012bv\u012bbas tematam, t\u0101p\u0113c \u0161aj\u0101 numur\u0101 ir apskat\u012btas galven\u0101s arodbiedr\u012bbu ties\u012bbas, proti: ties\u012bbas uz inform\u0113\u0161anu un konsult\u0113\u0161anos, kopl\u012bgumu p\u0101rrun\u0101m, ties\u012bbas uz streiku, k\u0101 ar\u012b arodbiedr\u012bbas biedru aizsardz\u012bba, kuru garant\u0113 Darba likuma 110.\u00a0pants. Da\u017e\u0101di profesion\u0101li autori sniedz ieskatu ties\u012bbu normu skaidrojumos, tiesu praks\u0113 un normu piem\u0113ro\u0161anas probl\u0113m\u0101s, vienlaikus daloties p\u0101rdom\u0101s ar\u012b par potenci\u0101lo izaicin\u0101jumu risin\u0101jumiem.<\/span><\/div>\n","protected":false},"excerpt":{"rendered":"<p><span data-contrast=\"auto\">Druk\u0101t\u0101 \u017eurn\u0101la pieg\u0101de:\u00a0<\/span><span data-ccp-props=\"{&quot;201341983&quot;:0,&quot;335559739&quot;:160,&quot;335559740&quot;:259}\">\u00a0<\/span><\/p>\n<ul>\n<li data-leveltext=\"\uf0b7\" data-font=\"Symbol\" data-listid=\"2\" data-aria-posinset=\"1\" data-aria-level=\"1\"><span data-contrast=\"auto\">ar OMNIVA vai &#8220;Latvijas Pasts&#8221; (pieg\u0101des izdevumi)<\/span><span data-ccp-props=\"{&quot;134233279&quot;:true,&quot;201341983&quot;:0,&quot;335559739&quot;:160,&quot;335559740&quot;:259}\">\u00a0<\/span><\/li>\n<li data-leveltext=\"\uf0b7\" data-font=\"Symbol\" data-listid=\"2\" data-aria-posinset=\"1\" data-aria-level=\"1\"><span class=\"NormalTextRun SCXW151442062 BCX0\">bez maksas\u00a0 &#8211; \u201cLatvijas V\u0113stne\u0161a\u201d Klientu centr\u0101 Bru\u0146inieku\u00a0<\/span><span class=\"NormalTextRun CommentStart SCXW151442062 BCX0\">41<\/span><span class=\"NormalTextRun SCXW151442062 BCX0\">, R\u012bg\u0101<\/span><\/li>\n<\/ul>\n<p><a title=\"\u017durn\u0101la digit\u0101l\u0101 versija\" href=\"https:\/\/juristavards.lv\/zurnals\/numuri\/12552\" target=\"_blank\" rel=\"noopener\">\u017durn\u0101la digit\u0101l\u0101 versija<\/a><\/p>\n","protected":false},"featured_media":13173,"comment_status":"open","ping_status":"closed","template":"","meta":[],"product_brand":[],"product_cat":[362,361],"product_tag":[],"class_list":{"0":"post-13170","1":"product","2":"type-product","3":"status-publish","4":"has-post-thumbnail","6":"product_cat-zurnali-tematiskie","7":"product_cat-zurnali","9":"first","10":"outofstock","11":"taxable","12":"shipping-taxable","13":"purchasable","14":"product-type-simple"},"aioseo_notices":[],"_links":{"self":[{"href":"https:\/\/juristavards.lv\/veikals\/wp-json\/wp\/v2\/product\/13170","targetHints":{"allow":["GET"]}}],"collection":[{"href":"https:\/\/juristavards.lv\/veikals\/wp-json\/wp\/v2\/product"}],"about":[{"href":"https:\/\/juristavards.lv\/veikals\/wp-json\/wp\/v2\/types\/product"}],"replies":[{"embeddable":true,"href":"https:\/\/juristavards.lv\/veikals\/wp-json\/wp\/v2\/comments?post=13170"}],"wp:featuredmedia":[{"embeddable":true,"href":"https:\/\/juristavards.lv\/veikals\/wp-json\/wp\/v2\/media\/13173"}],"wp:attachment":[{"href":"https:\/\/juristavards.lv\/veikals\/wp-json\/wp\/v2\/media?parent=13170"}],"wp:term":[{"taxonomy":"product_brand","embeddable":true,"href":"https:\/\/juristavards.lv\/veikals\/wp-json\/wp\/v2\/product_brand?post=13170"},{"taxonomy":"product_cat","embeddable":true,"href":"https:\/\/juristavards.lv\/veikals\/wp-json\/wp\/v2\/product_cat?post=13170"},{"taxonomy":"product_tag","embeddable":true,"href":"https:\/\/juristavards.lv\/veikals\/wp-json\/wp\/v2\/product_tag?post=13170"}],"curies":[{"name":"wp","href":"https:\/\/api.w.org\/{rel}","templated":true}]}}