{"id":13247,"date":"2025-11-11T08:00:35","date_gmt":"2025-11-11T06:00:35","guid":{"rendered":"https:\/\/juristavards.lv\/veikals\/?post_type=product&#038;p=13247"},"modified":"2026-03-25T16:29:23","modified_gmt":"2026-03-25T14:29:23","slug":"11-novembris-2025-nr-45-1415","status":"publish","type":"product","link":"https:\/\/juristavards.lv\/veikals\/produkts\/11-novembris-2025-nr-45-1415\/","title":{"rendered":"11. novembris 2025 \/ Nr. 45\/46 (1415\/1416)"},"content":{"rendered":"<div class=\"x_elementToProof\" data-olk-copy-source=\"MessageBody\">\u0160is \u201cJurista V\u0101rds\u201d las\u012bt\u0101jiem atkal pied\u0101v\u0101 pla\u0161\u0101ku ieskatu pa\u0161vald\u012bbu ties\u012bb\u0101s.<\/div>\n<div class=\"x_elementToProof\">Redakcijas s\u0101kotn\u0113j\u0101 iecere koment\u0113t Satversmes tiesas jaun\u0101kos spriedumus, kas saist\u012bti ar pa\u0161vald\u012bb\u0101m, pateicoties jomas nozaru ekspertu atsauc\u012bbai, ir izv\u0113rtusies daudz pla\u0161\u0101k un apl\u016bko da\u017e\u0101dus pa\u0161vald\u012bbu ties\u012bbu aspektus.<\/div>\n<div class=\"x_elementToProof\">Pa\u0161vald\u012bb\u0101m velt\u012bto tematisko rakstu kopu aizs\u0101k Ilze O\u0161a un Marta Bergmane ar pla\u0161u publik\u0101ciju \u201cPa\u0161vald\u012bbas domes darba organiz\u0101cija\u201d, kas risina joproj\u0101m neskaidros Pa\u0161vald\u012bbu likuma piem\u0113ro\u0161anas jaut\u0101jumus.<\/div>\n<div class=\"x_elementToProof\">Nesen sabiedr\u012bbas uzman\u012bbas centr\u0101 non\u0101ku\u0161ie notikumi sakar\u0101 ar Latvijas un Ukrainas karoga izk\u0101r\u0161anu rosin\u0101ju\u0161i Sintijas Stipres koment\u0101ra \u201cAktu\u0101lie Latvijas valsts karoga likuma piem\u0113ro\u0161anas jaut\u0101jumi\u201d tap\u0161anu.<\/div>\n<div class=\"x_elementToProof\">Guna Puce, kura 2024.\u20132025. gad\u0101 vad\u012bja R\u0113zeknes pagaidu administr\u0101cijas darbu, \u0161aj\u0101 darb\u0101 g\u016bt\u0101s praktisk\u0101s atzi\u0146as apkopojusi rakst\u0101 \u201cPagaidu administr\u0101cijas darba robe\u017eas\u00a0\u2013 tiesisk\u0101 un \u0113tisk\u0101 perspekt\u012bva\u201d.<\/div>\n<div class=\"x_elementToProof\">L\u012bdz \u0161im juridiski maz analiz\u0113ts, ta\u010du politiskas kaisl\u012bbas vienm\u0113r raiso\u0161s ir Arta Stuckas publik\u0101cijas \u201cPa\u0161vald\u012bbu br\u012bvpr\u0101t\u012bg\u0101s iniciat\u012bvas: tiesiskais regul\u0113jums un ar to saist\u012bt\u0101s probl\u0113mas\u201d temats, proti, jaut\u0101jums\u00a0\u2013 cik pla\u0161as ir pa\u0161vald\u012bbu ties\u012bbas nodoties pils\u0113tas sv\u0113tku, gadatirgu, te\u0101tra festiv\u0101lu u.tml. \u201cbr\u012bvpr\u0101t\u012bgo iniciat\u012bvu\u201d organiz\u0113\u0161anai.<\/div>\n<div class=\"x_elementToProof\">Kritisku skatu uz l\u012bdz\u0161in\u0113jo pa\u0161vald\u012bbu administrat\u012bvo komisiju organiz\u0101cijas modeli pied\u0101v\u0101 Oskars Erdmanis un Gints Puri\u0146\u0161 rakst\u0101 \u201cPa\u0161vald\u012bbu administrat\u012bv\u0101s komisijas: laiks atteikties no kole\u0123i\u0101l\u0101 mode\u013ca\u201d.<\/div>\n<div class=\"x_elementToProof\">Savuk\u0101rt Satversmes tiesas praksei pa\u0161vald\u012bbu ties\u012bbu jaut\u0101jumos piev\u0113r\u0161as Edv\u012bns Danovskis (\u201cPa\u0161vald\u012bbu ties\u012bbu att\u012bst\u012bba Satversmes tiesas praks\u0113: 2020\u20132025\u201d) un M\u0101ris P\u016b\u0137is (\u201cTendences Satversmes tiesas judikat\u016br\u0101 par pa\u0161vald\u012bb\u0101m: 2020\u20132025\u201d). Bet Gatis B\u0101rdi\u0146\u0161 ir sagatavojis p\u0101rskatu par vis\u0101m p\u0113d\u0113jos piecos gados skat\u012btaj\u0101m liet\u0101m\u00a0\u2013 \u201cSatversmes tiesas judikat\u016bra pa\u0161vald\u012bbu jaut\u0101jumos: 2020\u20132025\u201d.<\/div>\n<div class=\"x_elementToProof\">Rakstu kop\u0101 iek\u013caujas ar\u012b Edv\u012bna Danovska un Roberta Kokina inform\u0101cija par Latvijas Universit\u0101t\u0113 tapu\u0161o p\u0113t\u012bjumu \u201cIlgtsp\u0113j\u012bga un efekt\u012bva nodarbin\u0101t\u012bbas regul\u0113juma ievie\u0161ana pa\u0161vald\u012bb\u0101s: pa\u0161vald\u012bbu darbinieku p\u0101rcel\u0161anas instit\u016bta anal\u012bze\u201d.<\/div>\n<div class=\"x_elementToProof\"><\/div>\n","protected":false},"excerpt":{"rendered":"<p><span data-contrast=\"auto\">Druk\u0101t\u0101 \u017eurn\u0101la pieg\u0101de:\u00a0<\/span><span data-ccp-props=\"{&quot;201341983&quot;:0,&quot;335559739&quot;:160,&quot;335559740&quot;:259}\">\u00a0<\/span><\/p>\n<ul>\n<li data-leveltext=\"\uf0b7\" data-font=\"Symbol\" data-listid=\"2\" data-aria-posinset=\"1\" data-aria-level=\"1\"><span data-contrast=\"auto\">ar OMNIVA vai &#8220;Latvijas Pasts&#8221; (pieg\u0101des izdevumi)<\/span><span data-ccp-props=\"{&quot;134233279&quot;:true,&quot;201341983&quot;:0,&quot;335559739&quot;:160,&quot;335559740&quot;:259}\">\u00a0<\/span><\/li>\n<li data-leveltext=\"\uf0b7\" data-font=\"Symbol\" data-listid=\"2\" data-aria-posinset=\"1\" data-aria-level=\"1\"><span class=\"NormalTextRun SCXW151442062 BCX0\">bez maksas\u00a0 &#8211; \u201cLatvijas V\u0113stne\u0161a\u201d Klientu centr\u0101 Bru\u0146inieku\u00a0<\/span><span class=\"NormalTextRun CommentStart SCXW151442062 BCX0\">41<\/span><span class=\"NormalTextRun SCXW151442062 BCX0\">, R\u012bg\u0101<\/span><\/li>\n<\/ul>\n<p><a title=\"9.augusts 2022 \/ Nr.32 (1246)\" href=\"https:\/\/juristavards.lv\/zurnals\/numuri\/12556\" target=\"_blank\" rel=\"noopener\">\u017durn\u0101la digit\u0101l\u0101 versija<\/a><\/p>\n","protected":false},"featured_media":13250,"comment_status":"open","ping_status":"closed","template":"","meta":[],"product_brand":[],"product_cat":[362,361],"product_tag":[],"class_list":{"0":"post-13247","1":"product","2":"type-product","3":"status-publish","4":"has-post-thumbnail","6":"product_cat-zurnali-tematiskie","7":"product_cat-zurnali","9":"first","10":"instock","11":"taxable","12":"shipping-taxable","13":"purchasable","14":"product-type-simple"},"aioseo_notices":[],"_links":{"self":[{"href":"https:\/\/juristavards.lv\/veikals\/wp-json\/wp\/v2\/product\/13247","targetHints":{"allow":["GET"]}}],"collection":[{"href":"https:\/\/juristavards.lv\/veikals\/wp-json\/wp\/v2\/product"}],"about":[{"href":"https:\/\/juristavards.lv\/veikals\/wp-json\/wp\/v2\/types\/product"}],"replies":[{"embeddable":true,"href":"https:\/\/juristavards.lv\/veikals\/wp-json\/wp\/v2\/comments?post=13247"}],"wp:featuredmedia":[{"embeddable":true,"href":"https:\/\/juristavards.lv\/veikals\/wp-json\/wp\/v2\/media\/13250"}],"wp:attachment":[{"href":"https:\/\/juristavards.lv\/veikals\/wp-json\/wp\/v2\/media?parent=13247"}],"wp:term":[{"taxonomy":"product_brand","embeddable":true,"href":"https:\/\/juristavards.lv\/veikals\/wp-json\/wp\/v2\/product_brand?post=13247"},{"taxonomy":"product_cat","embeddable":true,"href":"https:\/\/juristavards.lv\/veikals\/wp-json\/wp\/v2\/product_cat?post=13247"},{"taxonomy":"product_tag","embeddable":true,"href":"https:\/\/juristavards.lv\/veikals\/wp-json\/wp\/v2\/product_tag?post=13247"}],"curies":[{"name":"wp","href":"https:\/\/api.w.org\/{rel}","templated":true}]}}