{"id":4329,"date":"2021-09-23T15:32:21","date_gmt":"2021-09-23T12:32:21","guid":{"rendered":"https:\/\/juristavards.lv\/veikals\/?post_type=product&#038;p=4329"},"modified":"2026-02-13T23:14:50","modified_gmt":"2026-02-13T21:14:50","slug":"lielais","status":"publish","type":"product","link":"https:\/\/juristavards.lv\/veikals\/produkts\/lielais\/","title":{"rendered":"Lielais"},"content":{"rendered":"<p>\u201cJurista V\u0101rds\u201d \u2013 Latvijas sp\u0113c\u012bg\u0101kais tieslietu \u017eurn\u0101ls!<\/p>\n<p>Abon\u0113 \u017eurn\u0101lu un abon\u0113\u0161anas period\u0101 ieg\u016bsti neierobe\u017eotu pieeju maksas saturam:<\/p>\n<ol>\n<li>jaun\u0101kajiem izdevumiem (drukas izdevumu kopij\u0101m)<\/li>\n<li>papildu digit\u0101lajam saturam port\u0101l\u0101 &#8220;juristavards.lv&#8221; (operat\u012bvi public\u0113ti raksti port\u0101l\u0101 jeb JV+ saturs)<\/li>\n<li>rakstu arh\u012bvam, ko veidoju\u0161i tieslietu nozares profesion\u0101\u013ci (vair\u0101k nek\u0101 20 000 rakstu, vair\u0101k nek\u0101 2400 autoru).<\/li>\n<\/ol>\n<p><strong>Kam paredz\u0113ts?<\/strong> Abonements \u012bpa\u0161i piem\u0113rots lieliem birojiem, iest\u0101d\u0113m, instit\u016bcij\u0101m, kur\u0101s \u201dJurista V\u0101rdu\u201d izmanto da\u017ei desmiti darbinieku. Iesp\u0113jams noform\u0113t vair\u0101kus abonementus atbilsto\u0161i lietot\u0101ju skaitam, kam nepiecie\u0161ama pieeja saturam. Pieejas darbiniekiem pie\u0161\u0137ir konkr\u0113t\u0101 abonementa \u012bpa\u0161nieks.<\/p>\n<p><strong>Abonements &#8220;Druk\u0101ts un digit\u0101ls&#8221; ietver:<\/strong><\/p>\n<ul>\n<li>1 druk\u0101to \u017eurn\u0101lu,<\/li>\n<li>11\u201330 lietot\u0101jiem (katram individu\u0101li autoriz\u0113joties) abon\u0113\u0161anas period\u0101 neierobe\u017eotu piek\u013cuvi port\u0101la &#8220;juristavards.lv&#8221; maksas sada\u013cai: digit\u0101lajam \u017eurn\u0101lam, tai skait\u0101 drukas izdevuma kopijai un JV+ saturam, un arh\u012bvam (vair\u0101k nek\u0101 20 000 rakstu un vair\u0101k nek\u0101 2400 autoru).<\/li>\n<\/ul>\n<p><strong>Abonements &#8220;Tikai digit\u0101ls&#8221; ietver:<\/strong><\/p>\n<ul>\n<li>11\u201330 lietot\u0101jiem (katram individu\u0101li autoriz\u0113joties) abon\u0113\u0161anas period\u0101 neierobe\u017eotu piek\u013cuvi port\u0101la &#8220;juristavards.lv&#8221; maksas saturam.<\/li>\n<\/ul>\n<p><strong>Pieeja port\u0101la &#8220;juristavards.lv&#8221;<\/strong> maksas saturam tiek nodro\u0161in\u0101ta uzreiz p\u0113c apmaksas no abon\u0113\u0161anas perioda pirm\u0101s dienas (iz\u0146emot situ\u0101cijas, ja par apmaksas veidu izv\u0113l\u0113ta iesp\u0113ja sa\u0146emt r\u0113\u0137inu e-past\u0101, tad \u2013 n\u0101kamaj\u0101 darba dien\u0101 p\u0113c apmaksas sa\u0146em\u0161anas).<\/p>\n<p><strong>Druk\u0101t\u0101 \u017eurn\u0101la pieg\u0101de<\/strong> tiek nodro\u0161in\u0101ta ar abon\u0113\u0161anas perioda 1. laidienu (bet ne \u0101tr\u0101k k\u0101 5 darba dienas p\u0113c abon\u0113\u0161anas maksas sa\u0146em\u0161anas).<\/p>\n<p>Katra lietot\u0101ja profil\u0101 ir nodro\u0161in\u0101ti efekt\u012bvai datub\u0101zes izmanto\u0161anai nepiecie\u0161amie personaliz\u0113tie r\u012bki, kas pal\u012bdz atrast konkr\u0113tus rakstus, pievienot tiem piez\u012bmes, saglab\u0101t b\u016btiskus cit\u0101tus utt.<\/p>\n<p>\u201cJurista V\u0101rds\u201d, uz kuru regul\u0101ri atsaucas tiesu spriedumos, zin\u0101tniskajos darbos un normat\u012bvo aktu projektos, turpina savu misiju \u2013 att\u012bst\u012bt Latvijas tiesisko sist\u0113mu un veicin\u0101t juristu profesion\u0101lo kompetenci. To nodro\u0161ina koment\u0101ri par jaun\u0101kaj\u0101m likumu izmai\u0146\u0101m un ties\u012bbu piem\u0113ro\u0161anas praksi, k\u0101 ar\u012b profesion\u0101las diskusijas par aktualit\u0101t\u0113m tiesiskaj\u0101 sist\u0113m\u0101.<\/p>\n<p>Papildu inform\u0101cija: <a href=\"\/veikals\/kontakti\/\">Las\u012bt\u0101ju servis\u0101 (kontakti)<\/a>.<\/p>\n","protected":false},"excerpt":{"rendered":"<p>11\u201330 lietot\u0101jiem (vienlaikus pieeja no div\u0101m ier\u012bc\u0113m)<\/p>\n<ul>\n<li>Divi abonementa veidi:<strong> &#8220;Druk\u0101ts un digit\u0101ls&#8221;<\/strong> vai <strong>&#8220;Tikai digit\u0101ls&#8221;<\/strong><\/li>\n<li>Druk\u0101tais \u017eurn\u0101ls izn\u0101k reizi m\u0113nes\u012b \u2013 katra m\u0113ne\u0161a otraj\u0101 otrdien\u0101<\/li>\n<li>Cena: 12 m\u0113n. \u2013 399 EUR<\/li>\n<\/ul>\n","protected":false},"featured_media":13581,"comment_status":"closed","ping_status":"closed","template":"","meta":[],"product_brand":[],"product_cat":[129],"product_tag":[],"class_list":{"0":"post-4329","1":"product","2":"type-product","3":"status-publish","4":"has-post-thumbnail","6":"product_cat-abonementi","7":"pa_izdevejs-latvijas-vestnesis","8":"wcpa_has_options","10":"first","11":"instock","12":"taxable","13":"shipping-taxable","14":"purchasable","15":"product-type-variable","16":"has-default-attributes"},"aioseo_notices":[],"_links":{"self":[{"href":"https:\/\/juristavards.lv\/veikals\/wp-json\/wp\/v2\/product\/4329","targetHints":{"allow":["GET"]}}],"collection":[{"href":"https:\/\/juristavards.lv\/veikals\/wp-json\/wp\/v2\/product"}],"about":[{"href":"https:\/\/juristavards.lv\/veikals\/wp-json\/wp\/v2\/types\/product"}],"replies":[{"embeddable":true,"href":"https:\/\/juristavards.lv\/veikals\/wp-json\/wp\/v2\/comments?post=4329"}],"wp:featuredmedia":[{"embeddable":true,"href":"https:\/\/juristavards.lv\/veikals\/wp-json\/wp\/v2\/media\/13581"}],"wp:attachment":[{"href":"https:\/\/juristavards.lv\/veikals\/wp-json\/wp\/v2\/media?parent=4329"}],"wp:term":[{"taxonomy":"product_brand","embeddable":true,"href":"https:\/\/juristavards.lv\/veikals\/wp-json\/wp\/v2\/product_brand?post=4329"},{"taxonomy":"product_cat","embeddable":true,"href":"https:\/\/juristavards.lv\/veikals\/wp-json\/wp\/v2\/product_cat?post=4329"},{"taxonomy":"product_tag","embeddable":true,"href":"https:\/\/juristavards.lv\/veikals\/wp-json\/wp\/v2\/product_tag?post=4329"}],"curies":[{"name":"wp","href":"https:\/\/api.w.org\/{rel}","templated":true}]}}