{"id":4722,"date":"2021-10-20T19:31:10","date_gmt":"2021-10-20T16:31:10","guid":{"rendered":"https:\/\/juristavards.lv\/veikals\/?post_type=product&#038;p=4722"},"modified":"2025-11-01T09:13:11","modified_gmt":"2025-11-01T07:13:11","slug":"26-oktobris-2021-nr-43-1205","status":"publish","type":"product","link":"https:\/\/juristavards.lv\/veikals\/produkts\/26-oktobris-2021-nr-43-1205\/","title":{"rendered":"26. oktobris 2021 \/ Nr. 43 (1205)"},"content":{"rendered":"<p><span data-contrast=\"auto\">Iesaistot vair\u0101k nek\u0101 30 kvalific\u0113tus autorus, \u201cJurista V\u0101rda\u201d redakcija ir sagatavojusi apjom\u012bgu gadsk\u0101rt\u0113jo\u00a0gr\u0101mat\u017eurn\u0101lu\u00a0\u2013 satur\u0101 ekskluz\u012bvu rakstu kr\u0101jumu, kas piln\u012bb\u0101 velt\u012bts jaunajam Dz\u012bvojamo telpu \u012bres likumam un tam pak\u0101rtotajiem jaut\u0101jumiem. \u0160is ir\u00a0<\/span><b><span data-contrast=\"auto\">pirmais jauno likumu skaidrojo\u0161ais izdevums<\/span><\/b><span data-contrast=\"auto\">, kas turkl\u0101t ar\u012b aizpilda b\u016btisku robu \u012bres ties\u012bbu juridisk\u0101s literat\u016bras kl\u0101st\u0101.\u00a0<\/span><b><span data-contrast=\"auto\">\u00a0<\/span><\/b><span data-ccp-props=\"{&quot;201341983&quot;:0,&quot;335559739&quot;:160,&quot;335559740&quot;:259}\">\u00a0<\/span><\/p>\n<p><span data-contrast=\"none\">\u017durn\u0101ls \u201cJurista V\u0101rds\u201d ir noder\u012bgs jurista darba instruments, kas pal\u012bdz papildin\u0101t jurista kompetenci ar argumentiem, ko izmantot gan ties\u0101s, gan ikdienas darb\u0101.\u00a0\u00a0<\/span><a href=\"https:\/\/juristavards.lv\/arhivs.php\"><span data-contrast=\"none\">\u017durn\u0101la digit\u0101lais arh\u012bvs<\/span><\/a><span data-contrast=\"none\">\u00a0ir visapjom\u012bg\u0101k\u0101 juridisko publik\u0101ciju\u00a0datub\u0101ze\u00a0Latvij\u0101. &#8220;Jurista V\u0101rda&#8221;\u00a0misija ir nemain\u012bga \u2013 t\u0101 ir juristu profesion\u0101l\u0101s kompetences\u00a0pilnveide.\u00a0<\/span><span data-contrast=\"auto\">\u00a0<\/span><span data-ccp-props=\"{&quot;201341983&quot;:0,&quot;335559739&quot;:160,&quot;335559740&quot;:259}\">\u00a0<\/span><\/p>\n<p><span data-contrast=\"auto\">Druk\u0101to \u017eurn\u0101lu &#8220;Jurista V\u0101rds&#8221; var ieg\u0101d\u0101ties mazumtirdzniec\u012bb\u0101 m\u016bsu internetveikal\u0101 (kam\u0113r prece ir pieejama). Katra laidiena saturs vienm\u0113r ir pieejams abonentiem, kuriem no 2022. gada ir neierobe\u017eota pieeja\u00a0<\/span><i><span data-contrast=\"auto\">juristavards.lv<\/span><\/i><span data-contrast=\"auto\">\u00a0arh\u012bvam jeb visu druk\u0101to \u017eurn\u0101lu\u00a0\u00a0digit\u0101lajai kopijai.\u00a0Iesak\u0101m abon\u0113t \u017eurn\u0101lu:\u00a0<\/span><a href=\"https:\/\/juristavards.lv\/veikals\/produkta-kategorija\/abonementi\/\"><span data-contrast=\"auto\">tr\u012bs abonementu veidi<\/span><\/a><span data-contrast=\"auto\">.\u00a0M\u0113ne\u0161a abonementa &#8220;Mazais&#8221;\u00a0maksa ir tikai 9.99 eiro\u00a0 (divu druk\u0101to \u017eurn\u0101lu cena), \u0161\u0101di ieg\u016bstot\u00a0ne vien \u010detrus\u00a0jaunos \u017eurn\u0101lus, bet ar\u012b pieeju arh\u012bvam ar personaliz\u0113t\u0101m iesp\u0113j\u0101m.\u00a0<\/span><span data-ccp-props=\"{&quot;201341983&quot;:0,&quot;335559739&quot;:160,&quot;335559740&quot;:259}\">\u00a0<\/span><\/p>\n<p><span data-contrast=\"none\">&#8220;Jurista V\u0101rda&#8221; saturu\u00a0veidoju\u0161i vair\u0101k nek\u0101\u00a0<\/span><a href=\"https:\/\/juristavards.lv\/autori.php\"><span data-contrast=\"none\">1800 ties\u012bbu lietprat\u0113ju<\/span><\/a><span data-contrast=\"none\">. Uz\u00a0\u017eurn\u0101lu\u00a0atsaucas ties\u0101s,\u00a0normat\u012bvo aktu\u00a0izstr\u0101d\u0113, zin\u0101tniskajos p\u0113t\u012bjumos.\u00a0\u00a0\u017durn\u0101la saturs regul\u0101ri tiek klasific\u0113ts p\u0113c noteikt\u0101m paz\u012bm\u0113m.<\/span><span data-ccp-props=\"{&quot;201341983&quot;:0,&quot;335551550&quot;:6,&quot;335551620&quot;:6,&quot;335559739&quot;:160,&quot;335559740&quot;:257}\">\u00a0<\/span><\/p>\n","protected":false},"excerpt":{"rendered":"<p><span data-contrast=\"auto\">Druk\u0101t\u0101 \u017eurn\u0101la pieg\u0101de:\u00a0<\/span><span data-ccp-props=\"{&quot;201341983&quot;:0,&quot;335559739&quot;:160,&quot;335559740&quot;:259}\">\u00a0<\/span><\/p>\n<ul>\n<li data-leveltext=\"\uf0b7\" data-font=\"Symbol\" data-listid=\"2\" data-aria-posinset=\"1\" data-aria-level=\"1\"><span data-contrast=\"auto\">ar OMNIVA vai &#8220;Latvijas Pasts&#8221; (pieg\u0101des izdevumi)<\/span><span data-ccp-props=\"{&quot;134233279&quot;:true,&quot;201341983&quot;:0,&quot;335559739&quot;:160,&quot;335559740&quot;:259}\">\u00a0<\/span><\/li>\n<li data-leveltext=\"\uf0b7\" data-font=\"Symbol\" data-listid=\"2\" data-aria-posinset=\"1\" data-aria-level=\"1\"><span class=\"NormalTextRun SCXW151442062 BCX0\">bez maksas\u00a0 &#8211; \u201cLatvijas V\u0113stne\u0161a\u201d Klientu centr\u0101 Bru\u0146inieku\u00a0<\/span><span class=\"NormalTextRun CommentStart SCXW151442062 BCX0\">41<\/span><span class=\"NormalTextRun SCXW151442062 BCX0\">, R\u012bg\u0101<\/span><\/li>\n<\/ul>\n<p><a href=\"https:\/\/juristavards.lv\/zurnals.php?laidiens_id=12332\">\u017durn\u0101la digit\u0101l\u0101 versija<\/a><\/p>\n","protected":false},"featured_media":4922,"comment_status":"open","ping_status":"closed","template":"","meta":[],"product_cat":[361,363],"product_tag":[],"class_list":{"0":"post-4722","1":"product","2":"type-product","3":"status-publish","4":"has-post-thumbnail","6":"product_cat-zurnali","7":"product_cat-zurnali-gramatzurnali","9":"first","10":"instock","11":"taxable","12":"shipping-taxable","13":"purchasable","14":"product-type-simple"},"aioseo_notices":[],"_links":{"self":[{"href":"https:\/\/juristavards.lv\/veikals\/wp-json\/wp\/v2\/product\/4722"}],"collection":[{"href":"https:\/\/juristavards.lv\/veikals\/wp-json\/wp\/v2\/product"}],"about":[{"href":"https:\/\/juristavards.lv\/veikals\/wp-json\/wp\/v2\/types\/product"}],"replies":[{"embeddable":true,"href":"https:\/\/juristavards.lv\/veikals\/wp-json\/wp\/v2\/comments?post=4722"}],"wp:featuredmedia":[{"embeddable":true,"href":"https:\/\/juristavards.lv\/veikals\/wp-json\/wp\/v2\/media\/4922"}],"wp:attachment":[{"href":"https:\/\/juristavards.lv\/veikals\/wp-json\/wp\/v2\/media?parent=4722"}],"wp:term":[{"taxonomy":"product_cat","embeddable":true,"href":"https:\/\/juristavards.lv\/veikals\/wp-json\/wp\/v2\/product_cat?post=4722"},{"taxonomy":"product_tag","embeddable":true,"href":"https:\/\/juristavards.lv\/veikals\/wp-json\/wp\/v2\/product_tag?post=4722"}],"curies":[{"name":"wp","href":"https:\/\/api.w.org\/{rel}","templated":true}]}}