{"id":5357,"date":"2021-12-21T07:30:15","date_gmt":"2021-12-21T05:30:15","guid":{"rendered":"https:\/\/juristavards.lv\/veikals\/?post_type=product&#038;p=5357"},"modified":"2025-10-09T09:52:46","modified_gmt":"2025-10-09T06:52:46","slug":"21-decembris-2021-nr-51-52-1213-1214","status":"publish","type":"product","link":"https:\/\/juristavards.lv\/veikals\/produkts\/21-decembris-2021-nr-51-52-1213-1214\/","title":{"rendered":"21. decembris 2021 \/ Nr. 51\/52 (1213\/1214)"},"content":{"rendered":"<p>Satversmes sapulce 1921. gada 4. mart\u0101 pie\u0146\u0113ma Likumu par administrat\u012bv\u0101m ties\u0101m, kas lika pamatu administrat\u012bv\u0101s just\u012bcijas att\u012bst\u012bbai Latvij\u0101. Savuk\u0101rt 2001. gada 25. oktobr\u012b tika pie\u0146emts moderns Administrat\u012bv\u0101 procesa likums, kas nodro\u0161ina tiesiskas valsts principu \u012bsteno\u0161anu p\u0113c Latvijas neatkar\u012bbas atjauno\u0161anas. \u0160o divu notikumu atz\u012bm\u0113\u0161anai ir velt\u012bts administrat\u012bv\u0101s just\u012bcijas simtgades jubilejas gads, tostarp \u0161is &#8220;Jurista V\u0101rda&#8221; sv\u0113tku numurs, kas tapis, sadarbojoties administrat\u012bvaj\u0101m ties\u0101m un \u017eurn\u0101la redakcijai.<\/p>\n<p>\u0160o tematisko laidienu veido tr\u012bs sada\u013cas \u2013 administrat\u012bvais process starpkaru period\u0101, Administrat\u012bv\u0101 procesa likuma tap\u0161ana, administrat\u012bvo ties\u012bbu un procesa aktualit\u0101tes.<\/p>\n","protected":false},"excerpt":{"rendered":"<p><span data-contrast=\"auto\">Druk\u0101t\u0101 \u017eurn\u0101la pieg\u0101de:\u00a0<\/span><span data-ccp-props=\"{&quot;201341983&quot;:0,&quot;335559739&quot;:160,&quot;335559740&quot;:259}\">\u00a0<\/span><\/p>\n<ul>\n<li data-leveltext=\"\uf0b7\" data-font=\"Symbol\" data-listid=\"2\" data-aria-posinset=\"1\" data-aria-level=\"1\"><span data-contrast=\"auto\">ar OMNIVA vai &#8220;Latvijas Pasts&#8221; (pieg\u0101des izdevumi)<\/span><span data-ccp-props=\"{&quot;134233279&quot;:true,&quot;201341983&quot;:0,&quot;335559739&quot;:160,&quot;335559740&quot;:259}\">\u00a0<\/span><\/li>\n<li data-leveltext=\"\uf0b7\" data-font=\"Symbol\" data-listid=\"2\" data-aria-posinset=\"1\" data-aria-level=\"1\"><span class=\"NormalTextRun SCXW151442062 BCX0\">bez maksas\u00a0 &#8211; \u201cLatvijas V\u0113stne\u0161a\u201d Klientu centr\u0101 Bru\u0146inieku\u00a0<\/span><span class=\"NormalTextRun CommentStart SCXW151442062 BCX0\">41<\/span><span class=\"NormalTextRun SCXW151442062 BCX0\">, R\u012bg\u0101<\/span><\/li>\n<\/ul>\n<p><a href=\"https:\/\/juristavards.lv\/zurnals.php?laidiens_id=12340\">\u017durn\u0101la digit\u0101l\u0101 versija<\/a><\/p>\n","protected":false},"featured_media":5354,"comment_status":"open","ping_status":"closed","template":"","meta":[],"product_brand":[],"product_cat":[362,361],"product_tag":[],"class_list":{"0":"post-5357","1":"product","2":"type-product","3":"status-publish","4":"has-post-thumbnail","6":"product_cat-zurnali-tematiskie","7":"product_cat-zurnali","9":"first","10":"instock","11":"taxable","12":"shipping-taxable","13":"purchasable","14":"product-type-simple"},"aioseo_notices":[],"_links":{"self":[{"href":"https:\/\/juristavards.lv\/veikals\/wp-json\/wp\/v2\/product\/5357","targetHints":{"allow":["GET"]}}],"collection":[{"href":"https:\/\/juristavards.lv\/veikals\/wp-json\/wp\/v2\/product"}],"about":[{"href":"https:\/\/juristavards.lv\/veikals\/wp-json\/wp\/v2\/types\/product"}],"replies":[{"embeddable":true,"href":"https:\/\/juristavards.lv\/veikals\/wp-json\/wp\/v2\/comments?post=5357"}],"wp:featuredmedia":[{"embeddable":true,"href":"https:\/\/juristavards.lv\/veikals\/wp-json\/wp\/v2\/media\/5354"}],"wp:attachment":[{"href":"https:\/\/juristavards.lv\/veikals\/wp-json\/wp\/v2\/media?parent=5357"}],"wp:term":[{"taxonomy":"product_brand","embeddable":true,"href":"https:\/\/juristavards.lv\/veikals\/wp-json\/wp\/v2\/product_brand?post=5357"},{"taxonomy":"product_cat","embeddable":true,"href":"https:\/\/juristavards.lv\/veikals\/wp-json\/wp\/v2\/product_cat?post=5357"},{"taxonomy":"product_tag","embeddable":true,"href":"https:\/\/juristavards.lv\/veikals\/wp-json\/wp\/v2\/product_tag?post=5357"}],"curies":[{"name":"wp","href":"https:\/\/api.w.org\/{rel}","templated":true}]}}