{"id":5481,"date":"2019-12-17T19:15:49","date_gmt":"2019-12-17T17:15:49","guid":{"rendered":"https:\/\/juristavards.lv\/veikals\/?post_type=product&#038;p=5481"},"modified":"2025-10-07T12:03:13","modified_gmt":"2025-10-07T09:03:13","slug":"17-decembris-2019-nr-50-51-52-1108-1109-1110","status":"publish","type":"product","link":"https:\/\/juristavards.lv\/veikals\/produkts\/17-decembris-2019-nr-50-51-52-1108-1109-1110\/","title":{"rendered":"17. decembris 2019 \/ Nr. 50\/51\/52 (1108\/1109\/1110)"},"content":{"rendered":"<p>\u0160is \u012bpa\u0161ais tematiskais izdevums ir pirm\u0101 rokasgr\u0101mata jaun\u0101 Administrat\u012bv\u0101s atbild\u012bbas likuma un citu ar to saist\u012bto normat\u012bvo aktu izpratnei un piem\u0113ro\u0161anai.<\/p>\n<p>Administrat\u012bv\u0101s atbild\u012bbas likums un citi normat\u012bvie akti, kas noteiks jauno administrat\u012bv\u0101s atbild\u012bbas k\u0101rt\u012bbu, st\u0101sies sp\u0113k\u0101 2020. gada 1. j\u016blij\u0101. Gr\u0101mat\u017eurn\u0101l\u0101 apkopotas publik\u0101cijas par administrat\u012bv\u0101s atbild\u012bbas pamatprincipiem, konkr\u0113tu nozaru sodu politiku, likumu praktisko piem\u0113ro\u0161anu utt. Vair\u0101k nek\u0101 20 rakstu autori ir likumu izstr\u0101d\u0101t\u0101ji, ties\u012bbu zin\u0101tnieki un nozaru prakti\u0137i.<\/p>\n<p>Jaunais izdevums noder\u0113s gan juristiem, kas \u0161obr\u012bd raksta normat\u012bvo aktu projektus, ar kuru pal\u012bdz\u012bbu tiks iedz\u012bvin\u0101ta ilgi gaid\u012bt\u0101 administrat\u012bv\u0101s atbild\u012bbas reforma, gan prakti\u0137iem, kam n\u0101ksies jauno likumu normas piem\u0113rot valsts un pa\u0161vald\u012bbu l\u012bmen\u012b.<\/p>\n","protected":false},"excerpt":{"rendered":"<p><span data-contrast=\"auto\">Druk\u0101t\u0101 \u017eurn\u0101la pieg\u0101de:\u00a0<\/span><span data-ccp-props=\"{&quot;201341983&quot;:0,&quot;335559739&quot;:160,&quot;335559740&quot;:259}\">\u00a0<\/span><\/p>\n<ul>\n<li data-leveltext=\"\uf0b7\" data-font=\"Symbol\" data-listid=\"2\" data-aria-posinset=\"1\" data-aria-level=\"1\"><span data-contrast=\"auto\">ar OMNIVA vai &#8220;Latvijas Pasts&#8221; (pieg\u0101des izdevumi)<\/span><span data-ccp-props=\"{&quot;134233279&quot;:true,&quot;201341983&quot;:0,&quot;335559739&quot;:160,&quot;335559740&quot;:259}\">\u00a0<\/span><\/li>\n<li data-leveltext=\"\uf0b7\" data-font=\"Symbol\" data-listid=\"2\" data-aria-posinset=\"1\" data-aria-level=\"1\"><span class=\"NormalTextRun SCXW151442062 BCX0\">bez maksas\u00a0 &#8211; \u201cLatvijas V\u0113stne\u0161a\u201d Klientu centr\u0101 Bru\u0146inieku\u00a0<\/span><span class=\"NormalTextRun CommentStart SCXW151442062 BCX0\">41<\/span><span class=\"NormalTextRun SCXW151442062 BCX0\">, R\u012bg\u0101<\/span><\/li>\n<\/ul>\n<p><a href=\"https:\/\/juristavards.lv\/zurnals.php?laidiens_id=12236\">\u017durn\u0101la digit\u0101l\u0101 versija<\/a><\/p>\n","protected":false},"featured_media":5482,"comment_status":"open","ping_status":"closed","template":"","meta":[],"product_brand":[],"product_cat":[363,361],"product_tag":[],"class_list":{"0":"post-5481","1":"product","2":"type-product","3":"status-publish","4":"has-post-thumbnail","6":"product_cat-zurnali-gramatzurnali","7":"product_cat-zurnali","9":"first","10":"outofstock","11":"taxable","12":"shipping-taxable","13":"purchasable","14":"product-type-simple"},"aioseo_notices":[],"_links":{"self":[{"href":"https:\/\/juristavards.lv\/veikals\/wp-json\/wp\/v2\/product\/5481","targetHints":{"allow":["GET"]}}],"collection":[{"href":"https:\/\/juristavards.lv\/veikals\/wp-json\/wp\/v2\/product"}],"about":[{"href":"https:\/\/juristavards.lv\/veikals\/wp-json\/wp\/v2\/types\/product"}],"replies":[{"embeddable":true,"href":"https:\/\/juristavards.lv\/veikals\/wp-json\/wp\/v2\/comments?post=5481"}],"wp:featuredmedia":[{"embeddable":true,"href":"https:\/\/juristavards.lv\/veikals\/wp-json\/wp\/v2\/media\/5482"}],"wp:attachment":[{"href":"https:\/\/juristavards.lv\/veikals\/wp-json\/wp\/v2\/media?parent=5481"}],"wp:term":[{"taxonomy":"product_brand","embeddable":true,"href":"https:\/\/juristavards.lv\/veikals\/wp-json\/wp\/v2\/product_brand?post=5481"},{"taxonomy":"product_cat","embeddable":true,"href":"https:\/\/juristavards.lv\/veikals\/wp-json\/wp\/v2\/product_cat?post=5481"},{"taxonomy":"product_tag","embeddable":true,"href":"https:\/\/juristavards.lv\/veikals\/wp-json\/wp\/v2\/product_tag?post=5481"}],"curies":[{"name":"wp","href":"https:\/\/api.w.org\/{rel}","templated":true}]}}