{"id":5535,"date":"2022-01-11T07:30:49","date_gmt":"2022-01-11T05:30:49","guid":{"rendered":"https:\/\/juristavards.lv\/veikals\/?post_type=product&#038;p=5535"},"modified":"2024-11-21T11:12:19","modified_gmt":"2024-11-21T09:12:19","slug":"11-janvaris-2022-nr-2-1216","status":"publish","type":"product","link":"https:\/\/juristavards.lv\/veikals\/produkts\/11-janvaris-2022-nr-2-1216\/","title":{"rendered":"11. janv\u0101ris 2022 \/Nr. 2 (1216)"},"content":{"rendered":"<p><span data-contrast=\"none\">\u017durn\u0101ls \u201cJurista V\u0101rds\u201d ir noder\u012bgs jurista darba instruments, kas pal\u012bdz papildin\u0101t jurista kompetenci ar argumentiem, ko izmantot gan ties\u0101s, gan ikdienas darb\u0101.\u00a0\u00a0<\/span><a href=\"https:\/\/juristavards.lv\/arhivs.php\"><span data-contrast=\"none\">\u017durn\u0101la digit\u0101lais arh\u012bvs<\/span><\/a><span data-contrast=\"none\">\u00a0ir visapjom\u012bg\u0101k\u0101 juridisko publik\u0101ciju datub\u0101ze Latvij\u0101. &#8220;Jurista V\u0101rda&#8221; misija ir nemain\u012bga \u2013 t\u0101 ir juristu profesion\u0101l\u0101s kompetences pilnveide.\u00a0<\/span><span data-contrast=\"auto\">\u00a0<\/span><span data-ccp-props=\"{&quot;201341983&quot;:0,&quot;335559739&quot;:160,&quot;335559740&quot;:259}\">\u00a0<\/span><\/p>\n<p><span data-contrast=\"auto\">Druk\u0101to \u017eurn\u0101lu &#8220;Jurista V\u0101rds&#8221; var ieg\u0101d\u0101ties mazumtirdzniec\u012bb\u0101 m\u016bsu internetveikal\u0101 (kam\u0113r prece ir pieejama). Katra laidiena saturs vienm\u0113r ir pieejams abonentiem, kuriem no 2022. gada ir neierobe\u017eota pieeja\u00a0<\/span><i><span data-contrast=\"auto\">juristavards.lv<\/span><\/i><span data-contrast=\"auto\">\u00a0arh\u012bvam jeb visu druk\u0101to \u017eurn\u0101lu\u00a0 digit\u0101lajai kopijai. Iesak\u0101m abon\u0113t \u017eurn\u0101lu:\u00a0<\/span><a href=\"https:\/\/juristavards.lv\/veikals\/produkta-kategorija\/abonementi\/\"><span data-contrast=\"auto\">tr\u012bs abonementu veidi<\/span><\/a><span data-contrast=\"auto\">. M\u0113ne\u0161a abonementa &#8220;Mazais&#8221; maksa ir tikai 9.99 eiro\u00a0 (divu druk\u0101to \u017eurn\u0101lu cena), \u0161\u0101di ieg\u016bstot ne vien \u010detrus jaunos \u017eurn\u0101lus, bet ar\u012b pieeju arh\u012bvam ar personaliz\u0113t\u0101m iesp\u0113j\u0101m.\u00a0<\/span><span data-ccp-props=\"{&quot;201341983&quot;:0,&quot;335559739&quot;:160,&quot;335559740&quot;:259}\">\u00a0<\/span><\/p>\n<p><span data-contrast=\"none\">&#8220;Jurista V\u0101rda&#8221; saturu veidoju\u0161i vair\u0101k nek\u0101\u00a0<\/span><a href=\"https:\/\/juristavards.lv\/autori.php\"><span data-contrast=\"none\">1800 ties\u012bbu lietprat\u0113ju<\/span><\/a><span data-contrast=\"none\">. Uz \u017eurn\u0101lu atsaucas ties\u0101s, normat\u012bvo aktu izstr\u0101d\u0113, zin\u0101tniskajos p\u0113t\u012bjumos.\u00a0 \u017durn\u0101la saturs regul\u0101ri tiek klasific\u0113ts p\u0113c noteikt\u0101m paz\u012bm\u0113m.<\/span><span data-ccp-props=\"{&quot;201341983&quot;:0,&quot;335551550&quot;:6,&quot;335551620&quot;:6,&quot;335559739&quot;:160,&quot;335559740&quot;:257}\">\u00a0<\/span><\/p>\n","protected":false},"excerpt":{"rendered":"<p><span data-contrast=\"auto\">Druk\u0101t\u0101 \u017eurn\u0101la pieg\u0101de:\u00a0<\/span><span data-ccp-props=\"{&quot;201341983&quot;:0,&quot;335559739&quot;:160,&quot;335559740&quot;:259}\">\u00a0<\/span><\/p>\n<ul>\n<li data-leveltext=\"\uf0b7\" data-font=\"Symbol\" data-listid=\"2\" data-aria-posinset=\"1\" data-aria-level=\"1\"><span data-contrast=\"auto\">ar OMNIVA vai &#8220;Latvijas Pasts&#8221; (pieg\u0101des izdevumi)<\/span><span data-ccp-props=\"{&quot;134233279&quot;:true,&quot;201341983&quot;:0,&quot;335559739&quot;:160,&quot;335559740&quot;:259}\">\u00a0<\/span><\/li>\n<li data-leveltext=\"\uf0b7\" data-font=\"Symbol\" data-listid=\"2\" data-aria-posinset=\"1\" data-aria-level=\"1\"><span class=\"NormalTextRun SCXW151442062 BCX0\">bez maksas\u00a0 &#8211; \u201cLatvijas V\u0113stne\u0161a\u201d Klientu centr\u0101 Bru\u0146inieku\u00a0<\/span><span class=\"NormalTextRun CommentStart SCXW151442062 BCX0\">41<\/span><span class=\"NormalTextRun SCXW151442062 BCX0\">, R\u012bg\u0101<\/span><\/li>\n<\/ul>\n<p><a href=\"https:\/\/juristavards.lv\/zurnals.php?laidiens_id=12342\">\u017durn\u0101la digit\u0101l\u0101 versija<\/a><\/p>\n","protected":false},"featured_media":5533,"comment_status":"open","ping_status":"closed","template":"","meta":[],"product_brand":[],"product_cat":[361],"product_tag":[],"class_list":{"0":"post-5535","1":"product","2":"type-product","3":"status-publish","4":"has-post-thumbnail","6":"product_cat-zurnali","8":"first","9":"instock","10":"taxable","11":"shipping-taxable","12":"purchasable","13":"product-type-simple"},"aioseo_notices":[],"_links":{"self":[{"href":"https:\/\/juristavards.lv\/veikals\/wp-json\/wp\/v2\/product\/5535","targetHints":{"allow":["GET"]}}],"collection":[{"href":"https:\/\/juristavards.lv\/veikals\/wp-json\/wp\/v2\/product"}],"about":[{"href":"https:\/\/juristavards.lv\/veikals\/wp-json\/wp\/v2\/types\/product"}],"replies":[{"embeddable":true,"href":"https:\/\/juristavards.lv\/veikals\/wp-json\/wp\/v2\/comments?post=5535"}],"wp:featuredmedia":[{"embeddable":true,"href":"https:\/\/juristavards.lv\/veikals\/wp-json\/wp\/v2\/media\/5533"}],"wp:attachment":[{"href":"https:\/\/juristavards.lv\/veikals\/wp-json\/wp\/v2\/media?parent=5535"}],"wp:term":[{"taxonomy":"product_brand","embeddable":true,"href":"https:\/\/juristavards.lv\/veikals\/wp-json\/wp\/v2\/product_brand?post=5535"},{"taxonomy":"product_cat","embeddable":true,"href":"https:\/\/juristavards.lv\/veikals\/wp-json\/wp\/v2\/product_cat?post=5535"},{"taxonomy":"product_tag","embeddable":true,"href":"https:\/\/juristavards.lv\/veikals\/wp-json\/wp\/v2\/product_tag?post=5535"}],"curies":[{"name":"wp","href":"https:\/\/api.w.org\/{rel}","templated":true}]}}