{"id":5625,"date":"2022-02-01T07:30:31","date_gmt":"2022-02-01T05:30:31","guid":{"rendered":"https:\/\/juristavards.lv\/veikals\/?post_type=product&#038;p=5625"},"modified":"2024-11-21T11:17:14","modified_gmt":"2024-11-21T09:17:14","slug":"1-februaris-2022-5-1219","status":"publish","type":"product","link":"https:\/\/juristavards.lv\/veikals\/produkts\/1-februaris-2022-5-1219\/","title":{"rendered":"1.febru\u0101ris 2022 \/ Nr.5 (1219)"},"content":{"rendered":"<p>Sadarb\u012bb\u0101 ar Sen\u0101ta Krimin\u0101llietu departamentu ir sagatavots k\u0101rt\u0113jais &#8220;Jurista V\u0101rda&#8221; tematiskais izdevums, kur\u0101 pla\u0161\u0101k apl\u016bkota t\u0113ma par atteik\u0161anos ierosin\u0101t kas\u0101cijas tiesved\u012bbu. T\u0113ma izv\u0113l\u0113ta, \u0146emot v\u0113r\u0101 Satversmes tiesas secin\u0101jumus, ka atteikums ierosin\u0101t kas\u0101cijas tiesved\u012bbu j\u0101pie\u0146em kole\u0123i\u0101li un tam j\u0101b\u016bt motiv\u0113tam. Temats tiek aktualiz\u0113ts ar\u012b saist\u012bb\u0101 ar groz\u012bjumiem Krimin\u0101lprocesa likum\u0101, kas veikti p\u0113c Satversmes tiesas sprieduma.<\/p>\n<p>Latvijas Universit\u0101tes Juridisk\u0101s fakult\u0101tes lektors <b>Gun\u0101rs K\u016btris<\/b> sav\u0101 rakst\u0101 uzsv\u0113ris, ka Satversmes tiesas un Eiropas Cilv\u0113kties\u012bbu tiesas secin\u0101jumi nor\u0101da uz vair\u0101kiem faktoriem, kas var ietekm\u0113t ties\u012bbu uz taisn\u012bgu tiesu nodro\u0161in\u0101jumu. L\u0113muma kole\u0123i\u0101la pie\u0146em\u0161ana nodro\u0161ina liel\u0101ku ticam\u012bbu tiesas objektivit\u0101tei un l\u012bdz ar to ar\u012b taisn\u012bgumam. Savuk\u0101rt atteikuma mot\u012bvu nor\u0101d\u012b\u0161ana rada p\u0101rliec\u012bbu personai, ka t\u0101 ir uzklaus\u012bta un t\u0101s argumenti ir v\u0113rt\u0113ti.<\/p>\n<p>Sen\u0101ta Krimin\u0101llietu departamenta zin\u0101tniski anal\u012btisk\u0101 padomniece <b>Nora Zvejniece<\/b> un Sen\u0101ta Krimin\u0101llietu departamenta senatora pal\u012bdze <b>Laura Smukule<\/b> publik\u0101cij\u0101 sniedz ieskatu kas\u0101cijas instances tiesas lom\u0101 un kompetenc\u0113, k\u0101 ar\u012b Krimin\u0101lprocesa likum\u0101 nostiprin\u0101tajos pamatos atteikumam ierosin\u0101t kas\u0101cijas tiesved\u012bbu, papildus sal\u012bdzinot Krimin\u0101lprocesa likum\u0101, Civilprocesa likum\u0101 un Administrat\u012bv\u0101 procesa likum\u0101 ietvertos atteikuma principus.<\/p>\n<p>Sen\u0101ta Krimin\u0101llietu departamenta zin\u0101tniski anal\u012btisk\u0101 padomniece <b>Aleksandra Azeva<\/b> uzskata, ka l\u012bdz\u0161in\u0113j\u0101 prakse uzskat\u0101mi liecina, ka Sen\u0101ts iev\u0113ro Eiropas Cilv\u0113kties\u012bbu tiesas un Satversmes tiesas judikat\u016bras atzi\u0146as, jo, pie\u0146emot katru l\u0113mumu par atteik\u0161anos ierosin\u0101t kas\u0101cijas tiesved\u012bbu, Sen\u0101ts izv\u0113rt\u0113 p\u0113c b\u016bt\u012bbas kas\u0101cijas s\u016bdz\u012bb\u0101 (protest\u0101) ietvertos argumentus un l\u0113mum\u0101 nor\u0101da t\u0101 mot\u012bvus.<\/p>\n<p>Sen\u0101ta Krimin\u0101llietu departamenta zin\u0101tniski anal\u012btiskais padomnieks un Latvijas Universit\u0101tes Juridisk\u0101s fakult\u0101tes doktorants <b>Oskars Kulmanis<\/b> publik\u0101cij\u0101 v\u0113r\u0161 uzman\u012bbu uz atsevi\u0161\u0137iem ar p\u0101rs\u016bdz\u012bbu kas\u0101cijas k\u0101rt\u012bb\u0101 un kas\u0101cijas s\u016bdz\u012bbu un protestu saturu saist\u012btiem jaut\u0101jumiem.<\/p>\n","protected":false},"excerpt":{"rendered":"<p><span data-contrast=\"auto\">Druk\u0101t\u0101 \u017eurn\u0101la pieg\u0101de:\u00a0<\/span><span data-ccp-props=\"{&quot;201341983&quot;:0,&quot;335559739&quot;:160,&quot;335559740&quot;:259}\">\u00a0<\/span><\/p>\n<ul>\n<li data-leveltext=\"\uf0b7\" data-font=\"Symbol\" data-listid=\"2\" data-aria-posinset=\"1\" data-aria-level=\"1\"><span data-contrast=\"auto\">ar OMNIVA vai &#8220;Latvijas Pasts&#8221; (pieg\u0101des izdevumi)<\/span><span data-ccp-props=\"{&quot;134233279&quot;:true,&quot;201341983&quot;:0,&quot;335559739&quot;:160,&quot;335559740&quot;:259}\">\u00a0<\/span><\/li>\n<li data-leveltext=\"\uf0b7\" data-font=\"Symbol\" data-listid=\"2\" data-aria-posinset=\"1\" data-aria-level=\"1\"><span class=\"NormalTextRun SCXW151442062 BCX0\">bez maksas\u00a0 &#8211; \u201cLatvijas V\u0113stne\u0161a\u201d Klientu centr\u0101 Bru\u0146inieku\u00a0<\/span><span class=\"NormalTextRun CommentStart SCXW151442062 BCX0\">41<\/span><span class=\"NormalTextRun SCXW151442062 BCX0\">, R\u012bg\u0101<\/span><\/li>\n<\/ul>\n<p><a href=\"https:\/\/juristavards.lv\/zurnals.php?laidiens_id=12345\" target=\"_blank\" rel=\"noopener\">\u017durn\u0101la digit\u0101l\u0101 versija<\/a><\/p>\n","protected":false},"featured_media":5626,"comment_status":"open","ping_status":"closed","template":"","meta":[],"product_brand":[],"product_cat":[362],"product_tag":[],"class_list":{"0":"post-5625","1":"product","2":"type-product","3":"status-publish","4":"has-post-thumbnail","6":"product_cat-zurnali-tematiskie","8":"first","9":"instock","10":"taxable","11":"shipping-taxable","12":"purchasable","13":"product-type-simple"},"aioseo_notices":[],"_links":{"self":[{"href":"https:\/\/juristavards.lv\/veikals\/wp-json\/wp\/v2\/product\/5625","targetHints":{"allow":["GET"]}}],"collection":[{"href":"https:\/\/juristavards.lv\/veikals\/wp-json\/wp\/v2\/product"}],"about":[{"href":"https:\/\/juristavards.lv\/veikals\/wp-json\/wp\/v2\/types\/product"}],"replies":[{"embeddable":true,"href":"https:\/\/juristavards.lv\/veikals\/wp-json\/wp\/v2\/comments?post=5625"}],"wp:featuredmedia":[{"embeddable":true,"href":"https:\/\/juristavards.lv\/veikals\/wp-json\/wp\/v2\/media\/5626"}],"wp:attachment":[{"href":"https:\/\/juristavards.lv\/veikals\/wp-json\/wp\/v2\/media?parent=5625"}],"wp:term":[{"taxonomy":"product_brand","embeddable":true,"href":"https:\/\/juristavards.lv\/veikals\/wp-json\/wp\/v2\/product_brand?post=5625"},{"taxonomy":"product_cat","embeddable":true,"href":"https:\/\/juristavards.lv\/veikals\/wp-json\/wp\/v2\/product_cat?post=5625"},{"taxonomy":"product_tag","embeddable":true,"href":"https:\/\/juristavards.lv\/veikals\/wp-json\/wp\/v2\/product_tag?post=5625"}],"curies":[{"name":"wp","href":"https:\/\/api.w.org\/{rel}","templated":true}]}}