{"id":5664,"date":"2022-02-08T07:30:03","date_gmt":"2022-02-08T05:30:03","guid":{"rendered":"https:\/\/juristavards.lv\/veikals\/?post_type=product&#038;p=5664"},"modified":"2024-11-21T11:18:08","modified_gmt":"2024-11-21T09:18:08","slug":"8-februaris-2022-nr-6-1220","status":"publish","type":"product","link":"https:\/\/juristavards.lv\/veikals\/produkts\/8-februaris-2022-nr-6-1220\/","title":{"rendered":"8.febru\u0101ris 2022 \/ Nr.6 (1220)"},"content":{"rendered":"<p>Kop\u0161 2021. gada 1. decembra Latvijas tiesisk\u0101s sist\u0113mas praks\u0113 past\u0101v jauns elements &#8220;e-lieta&#8221;, kura nosaukums ir \u013coti lakonisks, bet saturisk\u0101 un tehnolo\u0123isk\u0101 ietilp\u012bba \u2013 milz\u012bga. Tas ir jaunums, ar ko saist\u012bt\u0101s izmai\u0146as skar visu procesu veidus, visas tiesu instances un ar\u012b pirmstiesas posmu un nol\u0113mumu izpildi. T\u0101d\u0113\u013c e-lietai ir velt\u012bts \u0161is tematiskais &#8220;Jurista V\u0101rda&#8221; izdevums.<\/p>\n<p>Lai gan e-lietas platforma savu praktisko pielietojumu ir s\u0101kusi jau 2021. gada 1. decembr\u012b, t\u0101s galvenais tiesiskais ietvars &#8211; E-lietas koplieto\u0161anas risin\u0101jumu platformas likums v\u0113l tikai ir izskat\u012b\u0161an\u0101 Saeim\u0101. S\u0101kotn\u0113ji gan \u0161is likumprojekts, gan ar to saist\u012bto procesu\u0101lo likumu groz\u012bjumi tika virz\u012bti vienlaikus, ta\u010du at\u0161\u0137ir\u012bbas projektu saska\u0146o\u0161anas un diskusiju posm\u0101 ietekm\u0113ja tempu, k\u0101d\u0101 \u0161ie likumprojekti tika pie\u0146emti un st\u0101j\u0101s sp\u0113k\u0101. Savuk\u0101rt, lai nodro\u0161in\u0101tu pak\u0101penisku e-lietas ievie\u0161anu praks\u0113 jau no 2021. gada 1. decembra, procesu\u0101lie likumi ir pie\u0146emti jau 2021. gada ruden\u012b: 7. oktobr\u012b \u2013 groz\u012bjumi Krimin\u0101lprocesa likum\u0101, bet 11. novembr\u012b &#8211; groz\u012bjumi Civilprocesa likum\u0101 un Administrat\u012bv\u0101 procesa likum\u0101.<\/p>\n<p>\u0160ie nozaru likumi reglament\u0113 k\u0101rt\u012bbu tikai konkr\u0113t\u0101 ties\u012bbu nozar\u0113, skarot procesu\u0101lus jaut\u0101jumus, t\u0101d\u0113\u013c e-platformas &#8220;jumta&#8221; likums ir veidots k\u0101 visaptvero\u0161s p\u0101rnozaru ties\u012bbu akts, kas attieksies uz visiem e-lietas subjektiem un attiec\u012bgi ietvers visiem procesiem kop\u012bgos noteikumus, piem\u0113ram, t\u0101dus k\u0101 e-lietas koplieto\u0161anas risin\u0101jumu platformas saturs; personas datu apstr\u0101de un inform\u0101cijas pieejam\u012bba e-lietas sakar\u0101; e-lietas uzraudz\u012bbas padomes izveide u.c. Turkl\u0101t likumprojekts ietver ar\u012b dele\u0123\u0113jumu Ministru kabinetam izdot vair\u0101kus likumpak\u0101rtotus noteikumus.<\/p>\n<p>K\u0101 izriet no ties\u012bbpolitikas pl\u0101no\u0161anas dokumentiem, e-lietas projekta 1. posm\u0101, kas tika nosl\u0113gts 2021. gada 30. novembr\u012b, galven\u0101 uzman\u012bba bija v\u0113rsta uz tiesved\u012bbas procesu, ietverot pirmstiesas procesu prokurat\u016br\u0101 un sodu izpildi, bet 2. posm\u0101, kas nosl\u0113gsies 2026. gad\u0101, tiks pilnveidotas projekt\u0101 jau iesaist\u012bt\u0101s inform\u0101cijas sist\u0113mas un koplieto\u0161anas risin\u0101jumi, k\u0101 ar\u012b tiks digitaliz\u0113ts izmekl\u0113\u0161anas process un e-lietai pievienosies citas iest\u0101des, piem\u0113ram, izmekl\u0113\u0161anas iest\u0101des u.c. Savuk\u0101rt k\u0101 v\u0113l viens atskaites punkts ir noteikts 2023. gada 30. novembris, kas paredz\u0113ts procesu\u0101lo likumu p\u0101rejas noteikumos k\u0101 periods, kura ietvaros ties\u0101s piln\u012bb\u0101 ir j\u0101p\u0101riet uz tiesved\u012bbu digit\u0101l\u0101 form\u0101t\u0101.<\/p>\n<p>Visi \u0161ie jaut\u0101jumi pla\u0161\u0101k ir apl\u016bkoti \u0161\u012b tematisk\u0101 izdevuma autoru rakstos, par tiem sniedzot izv\u0113rst\u0101ku inform\u0101ciju. Ta\u010du vienlaikus ar \u0161iem un atsevi\u0161\u0137u procesu\u0101lo likumu groz\u012bjumu skaidrojumiem par jaun\u0101s k\u0101rt\u012bbas piem\u0113ro\u0161anu t\u0113mas ietvaros e-lietas platformas lietot\u0101ji ar\u012b dal\u0101s pirmaj\u0101 pieredz\u0113 un secin\u0101jumos, no kuriem sec\u012bgi izriet ar\u012b v\u0113lamie un oblig\u0101ti nepiecie\u0161amie ieteikumi sist\u0113mas pilnveidei, lai t\u0101 gan sasniegtu izvirz\u012btos m\u0113r\u0137us, gan ar\u012b neaizskartu personu ties\u012bbas uz taisn\u012bgu tiesu, gan vienlaikus b\u016btu ar\u012b \u0113rts, m\u016bsdien\u012bgs un funkcion\u0101ls darbar\u012bks.<\/p>\n","protected":false},"excerpt":{"rendered":"<p><span data-contrast=\"auto\">Druk\u0101t\u0101 \u017eurn\u0101la pieg\u0101de:\u00a0<\/span><span data-ccp-props=\"{&quot;201341983&quot;:0,&quot;335559739&quot;:160,&quot;335559740&quot;:259}\">\u00a0<\/span><\/p>\n<ul>\n<li data-leveltext=\"\uf0b7\" data-font=\"Symbol\" data-listid=\"2\" data-aria-posinset=\"1\" data-aria-level=\"1\"><span data-contrast=\"auto\">ar OMNIVA vai &#8220;Latvijas Pasts&#8221; (pieg\u0101des izdevumi)<\/span><span data-ccp-props=\"{&quot;134233279&quot;:true,&quot;201341983&quot;:0,&quot;335559739&quot;:160,&quot;335559740&quot;:259}\">\u00a0<\/span><\/li>\n<li data-leveltext=\"\uf0b7\" data-font=\"Symbol\" data-listid=\"2\" data-aria-posinset=\"1\" data-aria-level=\"1\"><span class=\"NormalTextRun SCXW151442062 BCX0\">bez maksas\u00a0 &#8211; \u201cLatvijas V\u0113stne\u0161a\u201d Klientu centr\u0101 Bru\u0146inieku\u00a0<\/span><span class=\"NormalTextRun CommentStart SCXW151442062 BCX0\">41<\/span><span class=\"NormalTextRun SCXW151442062 BCX0\">, R\u012bg\u0101<\/span><\/li>\n<\/ul>\n<p><a title=\"8.febru\u0101ris 2022 \/ Nr.6 (1220)\" href=\"https:\/\/juristavards.lv\/zurnals.php?laidiens_id=12346\" target=\"_blank\" rel=\"noopener\">\u017durn\u0101la digit\u0101l\u0101 versija<\/a><\/p>\n","protected":false},"featured_media":5667,"comment_status":"open","ping_status":"closed","template":"","meta":[],"product_brand":[],"product_cat":[362,361],"product_tag":[],"class_list":{"0":"post-5664","1":"product","2":"type-product","3":"status-publish","4":"has-post-thumbnail","6":"product_cat-zurnali-tematiskie","7":"product_cat-zurnali","9":"first","10":"instock","11":"taxable","12":"shipping-taxable","13":"purchasable","14":"product-type-simple"},"aioseo_notices":[],"_links":{"self":[{"href":"https:\/\/juristavards.lv\/veikals\/wp-json\/wp\/v2\/product\/5664","targetHints":{"allow":["GET"]}}],"collection":[{"href":"https:\/\/juristavards.lv\/veikals\/wp-json\/wp\/v2\/product"}],"about":[{"href":"https:\/\/juristavards.lv\/veikals\/wp-json\/wp\/v2\/types\/product"}],"replies":[{"embeddable":true,"href":"https:\/\/juristavards.lv\/veikals\/wp-json\/wp\/v2\/comments?post=5664"}],"wp:featuredmedia":[{"embeddable":true,"href":"https:\/\/juristavards.lv\/veikals\/wp-json\/wp\/v2\/media\/5667"}],"wp:attachment":[{"href":"https:\/\/juristavards.lv\/veikals\/wp-json\/wp\/v2\/media?parent=5664"}],"wp:term":[{"taxonomy":"product_brand","embeddable":true,"href":"https:\/\/juristavards.lv\/veikals\/wp-json\/wp\/v2\/product_brand?post=5664"},{"taxonomy":"product_cat","embeddable":true,"href":"https:\/\/juristavards.lv\/veikals\/wp-json\/wp\/v2\/product_cat?post=5664"},{"taxonomy":"product_tag","embeddable":true,"href":"https:\/\/juristavards.lv\/veikals\/wp-json\/wp\/v2\/product_tag?post=5664"}],"curies":[{"name":"wp","href":"https:\/\/api.w.org\/{rel}","templated":true}]}}