{"id":6693,"date":"2022-02-22T00:19:13","date_gmt":"2022-02-21T22:19:13","guid":{"rendered":"https:\/\/juristavards.lv\/veikals\/produkts\/latvijas-republikas-satversme-2\/"},"modified":"2026-03-18T21:09:21","modified_gmt":"2026-03-18T19:09:21","slug":"latvijas-republikas-satversme-2","status":"publish","type":"product","link":"https:\/\/juristavards.lv\/veikals\/produkts\/latvijas-republikas-satversme-2\/","title":{"rendered":"Latvijas Republikas Satversme"},"content":{"rendered":"<p>Unik\u0101ls un grezns Latvijas Republikas Satversmes izdevums devi\u0146\u0101s valod\u0101s: latvie\u0161u, latgalie\u0161u rakstu (pirmais tulkojums!), l\u012bbie\u0161u (pirmais tulkojums!), fran\u010du, ang\u013cu, v\u0101cu, igau\u0146u, lietuvie\u0161u un krievu valod\u0101. Komplekt\u0101 ar Satversmes ievadu (preambulu), ko Saeima pie\u0146\u0113ma 2014.\u00a0gada 19.\u00a0j\u016bnij\u0101 un kas st\u0101j\u0101s sp\u0113k\u0101 2014.\u00a0gada 22.\u00a0j\u016blij\u0101.<\/p>\n<p>Valsts augst\u0101ko amatpersonu priek\u0161v\u0101rdi, k\u0101 ar\u012b Latvijas Republikas Satversmes v\u0113stures un m\u016bsdienu apskats un Satversmes sapulces locek\u013cu biogr\u0101fijas. Seni fotomateri\u0101li un pla\u0161a Satversmei velt\u012bto publik\u0101ciju bibliogr\u0101fija.<\/p>\n<ul>\n<li>Gr\u0101matas atv\u0113r\u0161anas sv\u0113tki: <a href=\"http:\/\/www.lvportals.lv\/?menu=fotoreportazas&amp;fid=664\">foto galerija<\/a><\/li>\n<li>Raksts: <a href=\"http:\/\/www.lvportals.lv\/index.php?menu=doc&amp;sub=&amp;id=249066\">Klaj\u0101 n\u0101k Satversmes 90 gadu jubilejai velt\u012bts izdevums<\/a><\/li>\n<\/ul>\n<p><b>Ar ko \u012bpa\u0161s jubilejas izdevums?<\/b><\/p>\n<ul>\n<li>Satversmei ir 90 gadu, un t\u0101 ir viena no vec\u0101kaj\u0101m, dz\u012bvaj\u0101m konstit\u016bcij\u0101m Eirop\u0101. Turkl\u0101t, neskatoties uz vecumu un v\u0113sturisko p\u0101rr\u0101vumu (Ulma\u0146a realiz\u0113t\u0101 aptur\u0113\u0161ana, padomju un v\u0101cu okup\u0101cija), t\u0101 efekt\u012bvi darbojas.<\/li>\n<li>\u0160aj\u0101 izdevum\u0101 Satversme pirmo reizi tulkota vienas no Latvijas pamattautu l\u012bbie\u0161u valod\u0101.<\/li>\n<li>T\u0101pat pirmo reizi Satversme tulkota latgalie\u0161u rakstu valod\u0101, apliecinot cie\u0146u Latgalei k\u0101 savdab\u012bgam un valsts identit\u0101tei neat\u0146emami b\u016btiskam Latvijas re\u0123ionam.<\/li>\n<li>Unik\u0101lie tulkojumi kaimi\u0146valstu &#8211; igau\u0146u un lietuvie\u0161u &#8211; valod\u0101 ir apliecin\u0101jums m\u016bsu \u012bpa\u0161aj\u0101m v\u0113sturiskaj\u0101m un m\u016bsdienu sait\u0113m.<\/li>\n<li>Atjaunotie tulkojumi ang\u013cu, fran\u010du un v\u0101cu valod\u0101 noder\u0113s Satversmes populariz\u0113\u0161anai un studij\u0101m Eiropas Savien\u012bb\u0101 un cit\u0101s valst\u012bs, k\u0101 ar\u012b Latvijas diplom\u0101tiem un politi\u0137iem k\u0101 v\u0113rt\u012bga d\u0101vana \u0101rvalstu partneriem.<\/li>\n<li>Atjaunotais tulkojums krievu valod\u0101 \u013caus Satversmi las\u012bt m\u016bsu liel\u0101kaj\u0101 kaimi\u0146valst\u012b &#8211; Krievij\u0101.<\/li>\n<li>Izdevumu bag\u0101tina ilustr\u0101cijas k\u0101 v\u0113sturiskas laikmeta liec\u012bbas par notikumiem, kas ir \u012bpa\u0161i Satversmes 90 gadu v\u0113stures kontekst\u0101. Piem\u0113ram, divi simboliski att\u0113li:<\/li>\n<\/ul>\n<ul>\n<li>\n<ul>\n<li>LR Satversmes ofici\u0101l\u0101 publik\u0101cija LR ofici\u0101laj\u0101 laikrakst\u0101 &#8220;Vald\u012bbas V\u0113stnesis&#8221; 1922.gada 30.j\u016bnij\u0101 (Nr.141);<\/li>\n<li>LR Satversmes atk\u0101rtota ofici\u0101l\u0101 publik\u0101cija LR ofici\u0101laj\u0101 laikrakst\u0101 &#8220;Latvijas V\u0113stnesis&#8221; 1993.gada 1.j\u016blij\u0101 (Nr.43).<\/li>\n<\/ul>\n<\/li>\n<li>V\u0113rt\u012bgs bibliogr\u0101fisks un uzzi\u0146as avots: bibliogr\u0101fisk\u0101 sarakst\u0101 apkopotas noz\u012bm\u012bg\u0101k\u0101s publik\u0101cijas par Latvijas Republikas Satversmi.<\/li>\n<li>Divi informat\u012bvi un faktogr\u0101fiski bag\u0101ti tematiski izkl\u0101sti, kas ir gan interesanta las\u0101mviela, gan izsme\u013co\u0161s informat\u012bvs avots:<\/li>\n<\/ul>\n<ul>\n<li>\n<ul>\n<li>J.Pleps.Par Latvijas Republikas Satversmi: v\u0113sture un m\u016bsdienas.<\/li>\n<li>O.Gerts.Par Latvijas Republikas Satversmes t\u0113viem, pamatu lic\u0113jiem.<\/li>\n<\/ul>\n<\/li>\n<\/ul>\n<p><b>Pateic\u012bba<\/b><\/p>\n<p>Izdev\u0113js VSIA &#8220;Latvijas V\u0113stnesis&#8221; pateicas par sadarb\u012bbu:<\/p>\n<ul>\n<li>Valsts prezidenta kancelejai<\/li>\n<li>Latvijas Republikas Saeimai<\/li>\n<li>Satversmes tiesai<\/li>\n<li>Valsts valodas centram<\/li>\n<li>Latvijas Nacion\u0101lajai bibliot\u0113kai<\/li>\n<li>Latvijas Valsts kinofotofonodokumentu arh\u012bvam<\/li>\n<li>Latvijas Universit\u0101tes Akad\u0113misk\u0101s bibliot\u0113kas Misi\u0146a bibliot\u0113kai<\/li>\n<li>Tulkot\u0101jiem<\/li>\n<\/ul>\n","protected":false},"excerpt":{"rendered":"<p><a href=\"\/wwwraksti\/LVLV\/GRAMATAS\/SATURS\/SATVERSME-SATURS.PDF\" target=\"_blank\" rel=\"noopener\">Gr\u0101matas saturs<\/a><\/p>\n","protected":false},"featured_media":6328,"comment_status":"open","ping_status":"closed","template":"","meta":[],"product_brand":[],"product_cat":[370],"product_tag":[144],"class_list":{"0":"post-6693","1":"product","2":"type-product","3":"status-publish","4":"has-post-thumbnail","6":"product_cat-gramatas","7":"product_tag-valsts-tiesibas","8":"pa_gads-323","9":"pa_izdevejs-latvijas-vestnesis","11":"first","12":"instock","13":"taxable","14":"shipping-taxable","15":"purchasable","16":"product-type-simple"},"aioseo_notices":[],"_links":{"self":[{"href":"https:\/\/juristavards.lv\/veikals\/wp-json\/wp\/v2\/product\/6693","targetHints":{"allow":["GET"]}}],"collection":[{"href":"https:\/\/juristavards.lv\/veikals\/wp-json\/wp\/v2\/product"}],"about":[{"href":"https:\/\/juristavards.lv\/veikals\/wp-json\/wp\/v2\/types\/product"}],"replies":[{"embeddable":true,"href":"https:\/\/juristavards.lv\/veikals\/wp-json\/wp\/v2\/comments?post=6693"}],"wp:featuredmedia":[{"embeddable":true,"href":"https:\/\/juristavards.lv\/veikals\/wp-json\/wp\/v2\/media\/6328"}],"wp:attachment":[{"href":"https:\/\/juristavards.lv\/veikals\/wp-json\/wp\/v2\/media?parent=6693"}],"wp:term":[{"taxonomy":"product_brand","embeddable":true,"href":"https:\/\/juristavards.lv\/veikals\/wp-json\/wp\/v2\/product_brand?post=6693"},{"taxonomy":"product_cat","embeddable":true,"href":"https:\/\/juristavards.lv\/veikals\/wp-json\/wp\/v2\/product_cat?post=6693"},{"taxonomy":"product_tag","embeddable":true,"href":"https:\/\/juristavards.lv\/veikals\/wp-json\/wp\/v2\/product_tag?post=6693"}],"curies":[{"name":"wp","href":"https:\/\/api.w.org\/{rel}","templated":true}]}}