{"id":6696,"date":"2022-02-22T00:19:13","date_gmt":"2022-02-21T22:19:13","guid":{"rendered":"https:\/\/juristavards.lv\/veikals\/produkts\/latvijas-republikas-satversmes-komentari-vi-nodala-tiesa-vii-nodala-valsts-kontrole\/"},"modified":"2025-10-09T10:07:38","modified_gmt":"2025-10-09T07:07:38","slug":"latvijas-republikas-satversmes-komentari-vi-nodala-tiesa-vii-nodala-valsts-kontrole","status":"publish","type":"product","link":"https:\/\/juristavards.lv\/veikals\/produkts\/latvijas-republikas-satversmes-komentari-vi-nodala-tiesa-vii-nodala-valsts-kontrole\/","title":{"rendered":"Latvijas Republikas Satversmes koment\u0101ri. VI noda\u013ca. Tiesa. VII noda\u013ca. Valsts kontrole"},"content":{"rendered":"<p>Darbs pie izdevuma \u201eLatvijas Republikas Satversmes koment\u0101ri. VI noda\u013ca. Tiesa. VII noda\u013ca. Valsts kontrole\u201d ilga divus gadus. Tas ir tupin\u0101jums v\u0113rien\u012bgajam projektam, kura ietvaros pirmo reizi Latvijas v\u0113stur\u0113 iecer\u0113ts sniegt Latvijas Republikas Satversmes detaliz\u0113tu skaidrojumu (koment\u0101ru), t\u0101d\u0113\u013c \u0161obr\u012bd tiek gatavoti ar\u012b citu Satversmes noda\u013cu koment\u0101ri.<\/p>\n<ul>\n<li><a href=\"https:\/\/www.lv.lv\/?menu=aktualitates&amp;sid=10&amp;id=307\" target=\"_blank\" rel=\"noopener\">Pla\u0161\u0101k par jauno izdevumu<\/a><\/li>\n<\/ul>\n<p>&nbsp;<\/p>\n<p>Koment\u0101ri ir paredz\u0113ti ikvienam interesentam, un ir k\u0101 tilts uz Satversmi, konstitucion\u0101lo normu satura izpratni. Cit\u0113jot priek\u0161v\u0101rda rindas: <i>\u201eSatversmes \u0161arms sl\u0113pjas ne vien senaj\u0101 pie\u0146em\u0161anas gadskaitl\u012b, bet ar\u012b unik\u0101laj\u0101 iesp\u0113j\u0101 to piem\u0113rot par sp\u012bti gadsimtu ritumam. Valsts p\u0101rvalde \u2013 t\u0101da, k\u0101da t\u0101 bija pag\u0101ju\u0161\u0101 gadsimta divdesmitajos gados un \u0161obr\u012bd, &#8211; ir l\u012bdz\u012bga vien principos, bet ne praktiskaj\u0101, ikdienas dz\u012bv\u0113. Ac\u012bmredzot m\u016bs gl\u0101busi Satversmes lakonisk\u0101 frazeolo\u0123ija, kas \u013c\u0101vusi mums interpret\u0113t konstitucion\u0101l\u0101s normas atbilst\u012bgi realit\u0101tei.\u201d<\/i><\/p>\n<p>Jaun\u0101 Satversmes koment\u0101ru gr\u0101mata ir VI un VII noda\u013cas koment\u0101rs, un katrai noda\u013cai \u2013 gan par tiesu, gan Valsts kontroli &#8211; ir savs ievads jeb \u201eori\u0123in\u0101ls un patst\u0101v\u012bgs p\u0113t\u012bjums, kur\u0101 analiz\u0113ta attiec\u012bg\u0101 instit\u016bta ideja un att\u012bst\u012bba Latvij\u0101.\u201d<\/p>\n<p>L\u012bdz ar gr\u0101matas izn\u0101k\u0161anu ir pabeigts koment\u0101rs pie tr\u012bs no asto\u0146\u0101m Latvijas Republikas Satversmes noda\u013c\u0101m. Atg\u0101din\u0101m, ka VIII noda\u013cas (Cilv\u0113ka pamatties\u012bbas) koment\u0101ri \u201eLatvijas V\u0113stne\u0161a\u201d Gr\u0101matu apg\u0101d\u0101 klaj\u0101 n\u0101ca 2011.gad\u0101.<\/p>\n<p>Ar\u012b jaunais izdevums izn\u0101k LU zin\u0101tniska projekta ietvaros. Liel\u0101k\u0101 da\u013ca no projekt\u0101 iesaist\u012btajiem autoriem ir LU Juridisk\u0101s fakult\u0101tes augsti kvalific\u0113tie m\u0101c\u012bbsp\u0113ki.<\/p>\n<p>Satversmes koment\u0101ru zin\u0101tnisk\u0101 projekta vad\u012bt\u0101js ir Latvijas Zin\u0101t\u0146u akad\u0113mijas korespond\u0113t\u0101jloceklis, profesors Ringolds Balodis, bet projekta ietvaros kopum\u0101 savus sp\u0113kus ir apvienoju\u0161i jau \u010detrdesmit pieci pieredz\u0113ju\u0161i juristi (Egils Levits, Ineta Ziemele, Veronika Kr\u016bmi\u0146a, Rom\u0101ns Aps\u012btis, T\u0101lavs Jundzis, Kaspars Balodis, Anita Rodi\u0146a, Annija K\u0101rkli\u0146a, Jautr\u012bte Briede, Edv\u012bns Danovskis, Gun\u0101rs Kusi\u0146\u0161, Gun\u0101rs K\u016btris, M\u0101rti\u0146\u0161 Paparinskis, J\u0101nis Pleps, Inese L\u012bbi\u0146a- Egner, Art\u016brs Ku\u010ds, Anita Kova\u013cevska, J\u0101nis Neimanis,\u00a0 Ilma \u010cep\u0101ne, M\u0101rcis Kr\u016bmi\u0146\u0161, Agris Bit\u0101ns, Artis Stucka, Inese \u0145iku\u013cceva, Andrejs Judins, un daudzi citi).<\/p>\n<p>Jaun\u0101 izdevuma redkol\u0113\u0123ij\u0101 darboj\u0101s Satversmes tiesas priek\u0161s\u0113d\u0113t\u0101js Gun\u0101rs K\u016btris (redkol\u0113\u0123ijas vad\u012bt\u0101js), bijus\u012b valsts kontroliere Inguna Sudraba, profesore un Satversmes tiesas tiesnese Sanita Osipova, profesors Aivars Endzi\u0146\u0161 un profesors J\u0101nis Rozenfelds.<\/p>\n<p>&nbsp;<\/p>\n","protected":false},"excerpt":{"rendered":"<p><a href=\"\/wwwraksti\/LVLV\/GRAMATAS\/SATURS\/STKOM_181.PDF\" target=\"_blank\" rel=\"noopener\">Gr\u0101matas saturs<\/a><\/p>\n","protected":false},"featured_media":6334,"comment_status":"open","ping_status":"closed","template":"","meta":[],"product_brand":[],"product_cat":[370],"product_tag":[144],"class_list":{"0":"post-6696","1":"product","2":"type-product","3":"status-publish","4":"has-post-thumbnail","6":"product_cat-gramatas","7":"product_tag-valsts-tiesibas","8":"pa_autors-autoru-kolektivs","9":"pa_gads-328","10":"pa_izdevejs-latvijas-vestnesis","12":"first","13":"instock","14":"taxable","15":"shipping-taxable","16":"purchasable","17":"product-type-simple"},"aioseo_notices":[],"_links":{"self":[{"href":"https:\/\/juristavards.lv\/veikals\/wp-json\/wp\/v2\/product\/6696","targetHints":{"allow":["GET"]}}],"collection":[{"href":"https:\/\/juristavards.lv\/veikals\/wp-json\/wp\/v2\/product"}],"about":[{"href":"https:\/\/juristavards.lv\/veikals\/wp-json\/wp\/v2\/types\/product"}],"replies":[{"embeddable":true,"href":"https:\/\/juristavards.lv\/veikals\/wp-json\/wp\/v2\/comments?post=6696"}],"wp:featuredmedia":[{"embeddable":true,"href":"https:\/\/juristavards.lv\/veikals\/wp-json\/wp\/v2\/media\/6334"}],"wp:attachment":[{"href":"https:\/\/juristavards.lv\/veikals\/wp-json\/wp\/v2\/media?parent=6696"}],"wp:term":[{"taxonomy":"product_brand","embeddable":true,"href":"https:\/\/juristavards.lv\/veikals\/wp-json\/wp\/v2\/product_brand?post=6696"},{"taxonomy":"product_cat","embeddable":true,"href":"https:\/\/juristavards.lv\/veikals\/wp-json\/wp\/v2\/product_cat?post=6696"},{"taxonomy":"product_tag","embeddable":true,"href":"https:\/\/juristavards.lv\/veikals\/wp-json\/wp\/v2\/product_tag?post=6696"}],"curies":[{"name":"wp","href":"https:\/\/api.w.org\/{rel}","templated":true}]}}