{"id":6702,"date":"2022-02-22T00:19:14","date_gmt":"2022-02-21T22:19:14","guid":{"rendered":"https:\/\/juristavards.lv\/veikals\/produkts\/1918-1920-gads-latvijas-republikas-pagaidu-valdibas-sezu-protokolos-notikumos-atminas\/"},"modified":"2026-03-18T21:09:21","modified_gmt":"2026-03-18T19:09:21","slug":"1918-1920-gads-latvijas-republikas-pagaidu-valdibas-sezu-protokolos-notikumos-atminas","status":"publish","type":"product","link":"https:\/\/juristavards.lv\/veikals\/produkts\/1918-1920-gads-latvijas-republikas-pagaidu-valdibas-sezu-protokolos-notikumos-atminas\/","title":{"rendered":"1918.-1920.gads Latvijas Republikas Pagaidu vald\u012bbas s\u0113\u017eu protokolos, notikumos, atmi\u0146\u0101s"},"content":{"rendered":"<p><b>Apjom\u012bga un faktogr\u0101fiski bag\u0101ta gr\u0101mata, kas izdota par godu Latvijas 95 gadu jubilejai un velt\u012bta Latvijas valsts pirms\u0101kumiem &#8211; laikam, kad s\u0101ka veidoties valsts dienests.\u00a0 <\/b><\/p>\n<p>Izdevum\u0101 pirmo reizi public\u0113ti visi Latvijas Tautas padomes pilnvarot\u0101s Pagaidu vad\u012bbas s\u0113\u017eu protokoli, kas papildin\u0101ti ar koment\u0101riem, svar\u012bg\u0101ko v\u0113stures notikumu aprakstiem, fragmentiem no notikumu dal\u012bbnieku atmi\u0146\u0101m un dienasgr\u0101mat\u0101m, to laiku raksturojo\u0161u inform\u0101ciju no preses izdevumiem, k\u0101 ar\u012b ar fotogr\u0101fij\u0101m, att\u0113liem un dokumentiem.<\/p>\n<p>Asto\u0146simt lappu\u0161u biez\u0101 gr\u0101mata tapusi t\u0101s idejas autora un projekta virz\u012bt\u0101ja &#8211; Valsts kancelejas &#8211; un ofici\u0101l\u0101 izdev\u0113ja &#8220;Latvijas V\u0113stnesis&#8221; sadarb\u012bb\u0101 kop\u012bgi ar Latvijas Kara muzeju, Latvijas Nacion\u0101l\u0101 arh\u012bva Latvijas Valsts kinofotofonodokumentu arh\u012bvu, Latvijas Nacion\u0101lo bibliot\u0113ku un Latvijas Nacion\u0101lo v\u0113stures muzeju, ar Lauku atbalsta dienesta un AS &#8220;Latvenergo&#8221; atbalstu.<\/p>\n<p>Gr\u0101matu \u012bpa\u0161u dara m\u0101kslinieces Ditas Pences veidotais maketa un v\u0101ka m\u0101kslinieciskais noform\u0113jums, ko poligr\u0101fiski augstv\u0113rt\u012bg\u0101 izpild\u012bjum\u0101 \u012bstenojusi Jelgavas tipogr\u0101fija.<\/p>\n<p>Ikviens interesents gr\u0101matas lappus\u0113s var\u0113s rast atbildes uz jaut\u0101jumiem \u2013 kas bija cilv\u0113ki, kuri pirmie st\u0101j\u0101s jaun\u0101s valsts dienest\u0101, kas bija &#8220;republika uz \u016bdens&#8221;, k\u0101p\u0113c Liep\u0101ju var d\u0113v\u0113t par Latvijas pagaidu galvaspils\u0113tu un cik daudzu valstu, vald\u012bbu un pils\u0113tu izlaist\u0101s naudasz\u012bm\u0113s bija j\u0101orient\u0113jas Latvijas iedz\u012bvot\u0101jiem ikdienas maks\u0101jumos? Gr\u0101mata bag\u0101ta ar\u012b ar daudziem citiem interesantiem faktiem.<\/p>\n<p>Izdevums sa\u0146\u0113mis gada balvu un diplomu Latvijas Gr\u0101matizdev\u0113ju asoci\u0101cijas r\u012bkotaj\u0101 gr\u0101matu m\u0101kslas konkurs\u0101 \u201eZelta \u0101bele 2013\u201d nomin\u0101cij\u0101 \u201eZin\u0101tnisk\u0101 literat\u016bra\u201d, k\u0101 ar\u012b Baltijas gr\u0101matu m\u0101kslas konkursa diplomu.<\/p>\n<p>Pla\u0161\u0101k: <a href=\"http:\/\/lv.lv\/?menu=aktualitates&amp;sid=2&amp;id=408\">http:\/\/lv.lv\/?menu=aktualitates&amp;sid=2&amp;id=408<\/a><\/p>\n","protected":false},"excerpt":{"rendered":"<p>Apjom\u012bga un faktogr\u0101fiski bag\u0101ta gr\u0101mata, kas izdota par godu Latvijas 95 gadu jubilejai un velt\u012bta Latvijas valsts pirms\u0101kumiem &#8211; laikam, kad s\u0101ka veidoties valsts dienests.\u00a0 Izdevum\u0101 pirmo reizi public\u0113ti visi Latvijas Tautas padomes pilnvarot\u0101s Pagaidu vad\u012bbas s\u0113\u017eu protokoli, kas papildin\u0101ti ar koment\u0101riem, svar\u012bg\u0101ko v\u0113stures notikumu aprakstiem, fragmentiem no notikumu dal\u012bbnieku atmi\u0146\u0101m un dienasgr\u0101mat\u0101m, to laiku [&hellip;]<\/p>\n","protected":false},"featured_media":6346,"comment_status":"open","ping_status":"closed","template":"","meta":[],"product_cat":[370],"product_tag":[140],"class_list":{"0":"post-6702","1":"product","2":"type-product","3":"status-publish","4":"has-post-thumbnail","6":"product_cat-gramatas","7":"product_tag-nejuridiskie-izdevumi","8":"pa_autors-autoru-kolektivs","9":"pa_gads-328","10":"pa_izdevejs-latvijas-vestnesis","12":"first","13":"instock","14":"taxable","15":"shipping-taxable","16":"purchasable","17":"product-type-simple"},"aioseo_notices":[],"_links":{"self":[{"href":"https:\/\/juristavards.lv\/veikals\/wp-json\/wp\/v2\/product\/6702"}],"collection":[{"href":"https:\/\/juristavards.lv\/veikals\/wp-json\/wp\/v2\/product"}],"about":[{"href":"https:\/\/juristavards.lv\/veikals\/wp-json\/wp\/v2\/types\/product"}],"replies":[{"embeddable":true,"href":"https:\/\/juristavards.lv\/veikals\/wp-json\/wp\/v2\/comments?post=6702"}],"wp:featuredmedia":[{"embeddable":true,"href":"https:\/\/juristavards.lv\/veikals\/wp-json\/wp\/v2\/media\/6346"}],"wp:attachment":[{"href":"https:\/\/juristavards.lv\/veikals\/wp-json\/wp\/v2\/media?parent=6702"}],"wp:term":[{"taxonomy":"product_cat","embeddable":true,"href":"https:\/\/juristavards.lv\/veikals\/wp-json\/wp\/v2\/product_cat?post=6702"},{"taxonomy":"product_tag","embeddable":true,"href":"https:\/\/juristavards.lv\/veikals\/wp-json\/wp\/v2\/product_tag?post=6702"}],"curies":[{"name":"wp","href":"https:\/\/api.w.org\/{rel}","templated":true}]}}