{"id":6714,"date":"2022-02-22T00:19:16","date_gmt":"2022-02-21T22:19:16","guid":{"rendered":"https:\/\/juristavards.lv\/veikals\/produkts\/kriminalprocesa-likumam-10-pagatnes-macibas-un-nakotnes-izaicinajumi\/"},"modified":"2025-02-04T14:12:22","modified_gmt":"2025-02-04T12:12:22","slug":"kriminalprocesa-likumam-10-pagatnes-macibas-un-nakotnes-izaicinajumi","status":"publish","type":"product","link":"https:\/\/juristavards.lv\/veikals\/produkts\/kriminalprocesa-likumam-10-pagatnes-macibas-un-nakotnes-izaicinajumi\/","title":{"rendered":"Krimin\u0101lprocesa likumam \u2013 10: pag\u0101tnes m\u0101c\u012bbas un n\u0101kotnes izaicin\u0101jumi"},"content":{"rendered":"<p>Las\u012bt\u0101ju v\u0113rt\u0113jumam tiek nodots krimin\u0101lprocesa aktualit\u0101t\u0113m velt\u012bts 24 autoru rakstu kr\u0101jums prof.<b> <\/b>Dr. iur. \u0100rijas\u00a0Meikali\u0161as zin\u0101tnisk\u0101 redakcij\u0101.<\/p>\n<p>2005.\u00a0gada 21.\u00a0apr\u012bl\u012b Saeima pie\u0146\u0113ma daudzus gadus tapu\u0161o Krimin\u0101lprocesa likumu (KPL), kas st\u0101j\u0101s sp\u0113k\u0101 2005.\u00a0gada 1.\u00a0oktobr\u012b, nomainot kop\u0161 padomju laikiem sp\u0113k\u0101 eso\u0161o 1961.\u00a0gad\u0101 pie\u0146emto Krimin\u0101lprocesa kodeksu.<\/p>\n<p>Tom\u0113r l\u012bdz ar KPL pie\u0146em\u0161anu krimin\u0101lprocesu\u0101lo ties\u012bbu reform\u0113\u0161ana nebeidz\u0101s \u2013 kop\u0161 2005.\u00a0gada t\u0101 intens\u012bvi turpin\u0101jusies l\u012bdz pat \u0161im br\u012bdim. P\u0113d\u0113jo nedaudz vair\u0101k nek\u0101 desmit gadu laik\u0101 KPL groz\u012bts 26 reizes. Kopum\u0101 likuma A un B \u00a0da\u013c\u0101 groz\u012bta vair\u0101k nek\u0101 puse pantu, \u00a0savuk\u0101rt starptautiskajai sadarb\u012bbai velt\u012bt\u0101 C da\u013ca ieguvusi pavisam citu veidolu.<\/p>\n<p>KPL groz\u012bjumi veikti galvenok\u0101rt tr\u012bs b\u016btisku apst\u0101k\u013cu d\u0113\u013c: iedz\u012bvinot ES normas, labojot \u00a0neprecizit\u0101tes, pretrunas un nepiln\u012bbas un rea\u0123\u0113jot uz ties\u012bbu piem\u0113ro\u0161anas praks\u0113 apzin\u0101t\u0101m\u00a0 aktualit\u0101t\u0113m.<\/p>\n<p>Aizvad\u012btajos desmit gados akt\u012bva bijusi ar\u012b krimin\u0101lprocesu\u0101li tiesisk\u0101s jomas p\u0113tniec\u012bba. \u0160aj\u0101 laik\u0101 las\u012bt\u0101ju v\u0113rt\u0113jumam nodots sal\u012bdzino\u0161i daudz publik\u0101ciju par krimin\u0101lprocesa aktu\u0101lajiem jaut\u0101jumiem, nolas\u012bti daudzi refer\u0101ti viet\u0113ja un starptautiska m\u0113roga konferenc\u0113s, aizst\u0101v\u0113tas vair\u0101kas disert\u0101cijas, un vair\u0101kas \u0161obr\u012bd ir izstr\u0101des proces\u0101.<\/p>\n<p>Atz\u012bm\u0113jot KPL desmitgadi, rad\u0101s ideja par k\u0101du palieko\u0161\u0101ku veikumu, piem\u0113ram, konferenci un monogr\u0101fisku rakstu kr\u0101jumu par jaut\u0101jumiem, kas biju\u0161i aktu\u0101li krimin\u0101lproces\u0101 p\u0113d\u0113jo desmit gadu laik\u0101, ir aktu\u0101li \u0161obr\u012bd un prognoz\u0113jami saglab\u0101s vai ieg\u016bs aktualit\u0101ti tuv\u0101kajos gados. Rakstu kr\u0101juma veido\u0161anai tika uzrun\u0101ti cilv\u0113ki, kuri \u0161o p\u0113d\u0113jo desmit gadu laik\u0101 k\u0101d\u0101 veid\u0101 biju\u0161i saist\u012bti ar krimin\u0101lprocesa p\u0113tniec\u012bbu \u2013 vai nu aizst\u0101v\u0113ju\u0161i disert\u0101ciju krimin\u0101lprocesu\u0101lo ties\u012bbu jom\u0101, vai \u0161obr\u012bd to izstr\u0101d\u0101, vai ar\u012b sarakst\u012bju\u0161i krimin\u0101lprocesa jaut\u0101jumiem velt\u012btas publik\u0101cijas.<\/p>\n<p>Pateicoties uzrun\u0101to juristu atsauc\u012bbai, ir tapis rakstu kr\u0101jums, kur\u0101 iek\u013cauti 24 autoru raksti \u2013 pirmpublik\u0101cijas. Autori p\u0101rst\u0101v gan akad\u0113misk\u0101s instit\u016bcijas \u2013 Latvijas Universit\u0101ti, R\u012bgas Stradi\u0146a universit\u0101ti, R\u0113zeknes Augstskolu, gan juridisk\u0101s prakses iest\u0101des \u2013 Saeimu, Augst\u0101ko tiesu, prokurat\u016bru, advokat\u016bru. Kr\u0101juma autori netika saist\u012bti ar k\u0101du konkr\u0113tu krimin\u0101lprocesa instit\u016btu, vi\u0146i var\u0113ja izv\u0113l\u0113ties rakst\u012bt par to jaut\u0101jumu, kas pa\u0161iem \u0161\u0137iet pats aktu\u0101l\u0101kais un par kuru izteikt\u0101s domas sp\u0113tu ieinteres\u0113t ar\u012b citus. T\u0101d\u0113j\u0101di gr\u0101mat\u0101 aptverts pla\u0161s ar krimin\u0101lprocesu saist\u012btu jaut\u0101jumu loks, kas attiecin\u0101ms gan uz KPL Visp\u0101r\u012bgo da\u013cu, gan Sevi\u0161\u0137o da\u013cu, gan skar ar\u012b starptautisk\u0101s sadarb\u012bbas jaut\u0101jumus, kurus saista viens aspekts \u2013 aktualit\u0101te m\u016bsdienu apst\u0101k\u013cos. Kr\u0101jum\u0101 apkopotie raksti atkl\u0101j m\u016bsdienu krimin\u0101lprocesa aktualit\u0101tes Latvij\u0101, t\u0101d\u0101 veid\u0101 sniedzot palieko\u0161as liec\u012bbas ar\u012b v\u0113sturei. Tie tapu\u0161i, \u0146emot v\u0113r\u0101 krimin\u0101lprocesu\u0101lo normu redakcijas, k\u0101das t\u0101s ir sp\u0113k\u0101 2015.\u00a0gada maij\u0101\u2013j\u016bnij\u0101.<\/p>\n<p>Publik\u0101cij\u0101s paustie viedok\u013ci noder\u0113s visiem, kuru intere\u0161u lok\u0101 ir krimin\u0101lprocesa ties\u012bbas.<\/p>\n","protected":false},"excerpt":{"rendered":"<p>Las\u012bt\u0101ju v\u0113rt\u0113jumam tiek nodots krimin\u0101lprocesa aktualit\u0101t\u0113m velt\u012bts 24 autoru rakstu kr\u0101jums prof. Dr. iur. \u0100rijas\u00a0Meikali\u0161as zin\u0101tnisk\u0101 redakcij\u0101. 2005.\u00a0gada 21.\u00a0apr\u012bl\u012b Saeima pie\u0146\u0113ma daudzus gadus tapu\u0161o Krimin\u0101lprocesa likumu (KPL), kas st\u0101j\u0101s sp\u0113k\u0101 2005.\u00a0gada 1.\u00a0oktobr\u012b, nomainot kop\u0161 padomju laikiem sp\u0113k\u0101 eso\u0161o 1961.\u00a0gad\u0101 pie\u0146emto Krimin\u0101lprocesa kodeksu. Tom\u0113r l\u012bdz ar KPL pie\u0146em\u0161anu krimin\u0101lprocesu\u0101lo ties\u012bbu reform\u0113\u0161ana nebeidz\u0101s \u2013 kop\u0161 2005.\u00a0gada t\u0101 [&hellip;]<\/p>\n","protected":false},"featured_media":6370,"comment_status":"open","ping_status":"closed","template":"","meta":[],"product_brand":[],"product_cat":[370],"product_tag":[138],"class_list":{"0":"post-6714","1":"product","2":"type-product","3":"status-publish","4":"has-post-thumbnail","6":"product_cat-gramatas","7":"product_tag-kriminaltiesibas","8":"pa_autors-autoru-kolektivs","9":"pa_gads-332","10":"pa_izdevejs-latvijas-vestnesis","12":"first","13":"outofstock","14":"taxable","15":"shipping-taxable","16":"purchasable","17":"product-type-simple"},"aioseo_notices":[],"_links":{"self":[{"href":"https:\/\/juristavards.lv\/veikals\/wp-json\/wp\/v2\/product\/6714","targetHints":{"allow":["GET"]}}],"collection":[{"href":"https:\/\/juristavards.lv\/veikals\/wp-json\/wp\/v2\/product"}],"about":[{"href":"https:\/\/juristavards.lv\/veikals\/wp-json\/wp\/v2\/types\/product"}],"replies":[{"embeddable":true,"href":"https:\/\/juristavards.lv\/veikals\/wp-json\/wp\/v2\/comments?post=6714"}],"wp:featuredmedia":[{"embeddable":true,"href":"https:\/\/juristavards.lv\/veikals\/wp-json\/wp\/v2\/media\/6370"}],"wp:attachment":[{"href":"https:\/\/juristavards.lv\/veikals\/wp-json\/wp\/v2\/media?parent=6714"}],"wp:term":[{"taxonomy":"product_brand","embeddable":true,"href":"https:\/\/juristavards.lv\/veikals\/wp-json\/wp\/v2\/product_brand?post=6714"},{"taxonomy":"product_cat","embeddable":true,"href":"https:\/\/juristavards.lv\/veikals\/wp-json\/wp\/v2\/product_cat?post=6714"},{"taxonomy":"product_tag","embeddable":true,"href":"https:\/\/juristavards.lv\/veikals\/wp-json\/wp\/v2\/product_tag?post=6714"}],"curies":[{"name":"wp","href":"https:\/\/api.w.org\/{rel}","templated":true}]}}