{"id":6715,"date":"2022-02-22T00:19:16","date_gmt":"2022-02-21T22:19:16","guid":{"rendered":"https:\/\/juristavards.lv\/veikals\/produkts\/kriminalprocess-raksti-2010-2015\/"},"modified":"2025-02-05T10:27:06","modified_gmt":"2025-02-05T08:27:06","slug":"kriminalprocess-raksti-2010-2015","status":"publish","type":"product","link":"https:\/\/juristavards.lv\/veikals\/produkts\/kriminalprocess-raksti-2010-2015\/","title":{"rendered":"Krimin\u0101lprocess. Raksti. 2010\u20132015"},"content":{"rendered":"<p>Ar \u0161o rakstu kr\u0101jumu autores turpina pirms pieciem gadiem aizs\u0101kto trad\u012bciju. 2010.\u00a0gada vasaras s\u0101kum\u0101 izn\u0101ca gr\u0101mata \u201cKrimin\u0101lprocess. Raksti. 2005\u20132010\u201d, kur\u0101 apkopoti 35 raksti par aktu\u0101liem krimin\u0101lprocesa jaut\u0101jumiem. Gr\u0101mata iemantoja lielu popularit\u0101ti, un tas mudin\u0101ja autores turpin\u0101t ies\u0101kto un sagatavot izdo\u0161anai n\u0101kamo rakstu kr\u0101jumu, iek\u013caujot taj\u0101 24 rakstus, kas tapu\u0161i laik\u0101 no pag\u0101ju\u0161\u0101 rakstu kr\u0101juma izdo\u0161anas l\u012bdz 2015.\u00a0gada j\u016bnijam.<\/p>\n<p>&nbsp;<\/p>\n<p>Jaunaj\u0101 kr\u0101jum\u0101 iek\u013cautie raksti atspogu\u013co galven\u0101s aizvad\u012bto piecu gadu aktualit\u0101tes krimin\u0101lprocesa ties\u012bbu att\u012bst\u012bb\u0101. Liela da\u013ca uzman\u012bbas taj\u0101 velt\u012bta krimin\u0101lprocesu\u0101lo ties\u012bbu normu groz\u012bjumiem, to anal\u012bzei un v\u0113rt\u0113jumam. \u0160ai zi\u0146\u0101 \u012bpa\u0161i atz\u012bm\u0113jami apjom\u012bgie groz\u012bjumi Krimin\u0101lprocesa likum\u0101 un Krimin\u0101llikum\u0101, kas st\u0101j\u0101s sp\u0113k\u0101 2013.\u00a0gada 1.\u00a0apr\u012bl\u012b. Tie\u0161i groz\u012bjumi Krimin\u0101llikum\u0101 uzskat\u0101mi ilustr\u0113ja l\u012bdz \u0161im nepeln\u012bti ignor\u0113to krimin\u0101lties\u012bbu materi\u0101lo un procesu\u0101lo normu savstarp\u0113jo nedal\u0101mo saikni \u2013 krimin\u0101lprocesa praktisko norisi ietekm\u0113ja ne tik daudz groz\u012bjumi Krimin\u0101lprocesa likum\u0101, cik Krimin\u0101llikum\u0101. Tie\u0161i \u0161im jaut\u0101jumam ar\u012b velt\u012bta viena no apjom\u012bg\u0101kaj\u0101m kr\u0101jum\u0101 iek\u013cautaj\u0101m publik\u0101cij\u0101m.<\/p>\n<p>&nbsp;<\/p>\n<p>Aktu\u0101ls jaut\u0101jums, kas guvis atspogu\u013cojumu vair\u0101kos gr\u0101mat\u0101 ietvertajos rakstos, saist\u012bts ar cietu\u0161o statusu krimin\u0101lproces\u0101. \u0160is jaut\u0101jums aktualiz\u0113ts sakar\u0101 ar ES aktivit\u0101ti cietu\u0161o aizsardz\u012bb\u0101 un v\u0113lmi vis\u0101s ES dal\u012bbvalst\u012bs noteikt noziedz\u012bg\u0101 nodar\u012bjum\u0101 cietu\u0161o personu minim\u0101l\u0101s procesu\u0101l\u0101s garantijas.<\/p>\n<p>&nbsp;<\/p>\n<p>Vair\u0101kas publik\u0101cijas velt\u012btas tik aktu\u0101lajam jaut\u0101jumam par mantas konfisk\u0101ciju krimin\u0101lprocesa ietvaros, \u012bpa\u0161i noziedz\u012bgi ieg\u016btas mantas konfisk\u0101ciju.<\/p>\n<p>&nbsp;<\/p>\n<p>Rea\u0123\u0113jot uz ties\u012bbpiem\u0113rot\u0101ju iniciat\u012bvu, tapusi ar\u012b otra apjom\u012bg\u0101k\u0101 rakstu kr\u0101jum\u0101 iek\u013caut\u0101 publik\u0101cija \u2013 tiesu prakses p\u0113t\u012bjums par krimin\u0101lprocesa pabeig\u0161anu sapr\u0101t\u012bgos termi\u0146os, kura pas\u016bt\u012bt\u0101js bija Augst\u0101k\u0101 tiesa. Rakstu kr\u0101jum\u0101 iek\u013cauts l\u012bdz \u0161im nepublic\u0113ts materi\u0101ls \u2013 autoru sagatavotais tiesu prakses p\u0101rskats ar nor\u0101d\u0113m uz probl\u0113m\u0101m un ieteiktajiem risin\u0101jumiem, ko t\u0101 da\u013c\u0101 liel\u0101kaj\u0101 sav\u0101 san\u0101ksm\u0113 akcept\u0113ju\u0161i Augst\u0101k\u0101s tiesas Krimin\u0101llietu departamenta senatori. P\u0113t\u012bjum\u0101 izteiktie priek\u0161likumi guvu\u0161i atbalstu tiesu praks\u0113.<\/p>\n<p>&nbsp;<\/p>\n<p>Autores piev\u0113rsu\u0161\u0101s ar\u012b t\u0101diem jaut\u0101jumiem k\u0101 izties\u0101\u0161anas nep\u0101rtraukt\u012bba, krimin\u0101lprocess pret juridisko personu, krimin\u0101lprocesu\u0101l\u0101s ties\u012bbu zin\u0101tnes noz\u012bme tiesu praks\u0113.<\/p>\n<p>&nbsp;<\/p>\n<p>T\u0101pat k\u0101 iepriek\u0161\u0113j\u0101 gr\u0101mat\u0101, ar\u012b \u0161aj\u0101 las\u012bt\u0101ju \u0113rt\u012bbai p\u0113c katra raksta, kur autores to uzskat\u012bju\u0161as par ieder\u012bgu, iek\u013cauta <i>Post scriptum<\/i> sada\u013ca, kur\u0101 \u012bsum\u0101 raksturotas izmai\u0146as Krimin\u0101lprocesa likum\u0101, kas ataino notikumus p\u0113c raksta tap\u0161anas. T\u0101d\u0113j\u0101di kr\u0101jum\u0101 iek\u013cautie raksti aktualiz\u0113ti un to lieto\u0161ana padar\u012bta las\u012bt\u0101jiem \u0113rt\u0101ka.<\/p>\n<p>&nbsp;<\/p>\n<p>Gr\u0101mata b\u016bs noder\u012bgs pal\u012bgs tiklab studiju proces\u0101, k\u0101 ar\u012b ties\u012bbu zin\u0101tnes t\u0101l\u0101k\u0101 att\u012bst\u012bb\u0101.<\/p>\n","protected":false},"excerpt":{"rendered":"<p>Ar \u0161o rakstu kr\u0101jumu autores turpina pirms pieciem gadiem aizs\u0101kto trad\u012bciju. 2010.\u00a0gada vasaras s\u0101kum\u0101 izn\u0101ca gr\u0101mata \u201cKrimin\u0101lprocess. Raksti. 2005\u20132010\u201d, kur\u0101 apkopoti 35 raksti par aktu\u0101liem krimin\u0101lprocesa jaut\u0101jumiem. Gr\u0101mata iemantoja lielu popularit\u0101ti, un tas mudin\u0101ja autores turpin\u0101t ies\u0101kto un sagatavot izdo\u0161anai n\u0101kamo rakstu kr\u0101jumu, iek\u013caujot taj\u0101 24 rakstus, kas tapu\u0161i laik\u0101 no pag\u0101ju\u0161\u0101 rakstu kr\u0101juma izdo\u0161anas [&hellip;]<\/p>\n","protected":false},"featured_media":6372,"comment_status":"open","ping_status":"closed","template":"","meta":[],"product_brand":[],"product_cat":[370],"product_tag":[138],"class_list":{"0":"post-6715","1":"product","2":"type-product","3":"status-publish","4":"has-post-thumbnail","6":"product_cat-gramatas","7":"product_tag-kriminaltiesibas","8":"pa_autors-a-meikalisa","9":"pa_autors-k-strada-rozenberga","10":"pa_gads-332","11":"pa_izdevejs-latvijas-vestnesis","13":"first","14":"outofstock","15":"taxable","16":"shipping-taxable","17":"purchasable","18":"product-type-simple"},"aioseo_notices":[],"_links":{"self":[{"href":"https:\/\/juristavards.lv\/veikals\/wp-json\/wp\/v2\/product\/6715","targetHints":{"allow":["GET"]}}],"collection":[{"href":"https:\/\/juristavards.lv\/veikals\/wp-json\/wp\/v2\/product"}],"about":[{"href":"https:\/\/juristavards.lv\/veikals\/wp-json\/wp\/v2\/types\/product"}],"replies":[{"embeddable":true,"href":"https:\/\/juristavards.lv\/veikals\/wp-json\/wp\/v2\/comments?post=6715"}],"wp:featuredmedia":[{"embeddable":true,"href":"https:\/\/juristavards.lv\/veikals\/wp-json\/wp\/v2\/media\/6372"}],"wp:attachment":[{"href":"https:\/\/juristavards.lv\/veikals\/wp-json\/wp\/v2\/media?parent=6715"}],"wp:term":[{"taxonomy":"product_brand","embeddable":true,"href":"https:\/\/juristavards.lv\/veikals\/wp-json\/wp\/v2\/product_brand?post=6715"},{"taxonomy":"product_cat","embeddable":true,"href":"https:\/\/juristavards.lv\/veikals\/wp-json\/wp\/v2\/product_cat?post=6715"},{"taxonomy":"product_tag","embeddable":true,"href":"https:\/\/juristavards.lv\/veikals\/wp-json\/wp\/v2\/product_tag?post=6715"}],"curies":[{"name":"wp","href":"https:\/\/api.w.org\/{rel}","templated":true}]}}