{"id":6716,"date":"2022-02-22T00:19:16","date_gmt":"2022-02-21T22:19:16","guid":{"rendered":"https:\/\/juristavards.lv\/veikals\/produkts\/latvijas-republikas-satversmes-ievads\/"},"modified":"2025-11-29T21:38:59","modified_gmt":"2025-11-29T19:38:59","slug":"latvijas-republikas-satversmes-ievads","status":"publish","type":"product","link":"https:\/\/juristavards.lv\/veikals\/produkts\/latvijas-republikas-satversmes-ievads\/","title":{"rendered":"Latvijas Republikas Satversmes ievads"},"content":{"rendered":"<p>Latvijas Republikas Saeima 2014.gada 19.j\u016bnij\u0101 izdar\u012bja Latvijas Republikas Satversm\u0113 groz\u012bjumus, izsakot Satversmes preambulu jaun\u0101 redakcij\u0101 \u2013 aizst\u0101jot l\u012bdz\u0161in\u0113jo ievadu (\u201eLatvijas tauta sav\u0101 br\u012bvi v\u0113l\u0113t\u0101 Satversmes sapulc\u0113 ir nol\u0113musi sev \u0161\u0101du valsts Satversmi\u201d) ar pla\u0161\u0101ku tekstu, kur\u0101 izkl\u0101st\u012btas Latvijas valsts konstitucion\u0101l\u0101s v\u0113rt\u012bbas un kur\u0161 veido Satversmes pamatu. No Satversmes ievada ar\u012b izriet konkr\u0113ti valsts pien\u0101kumi, kuri j\u0101\u012bsteno ar konkr\u0113tu valsts politiku.<\/p>\n<p>Satversmes ievads, l\u012bdz\u012bgi k\u0101 2012.gad\u0101 izn\u0101ku\u0161ais Latvijas Republikas Satversmes jubilejas izdevums, izdots devi\u0146\u0101s valod\u0101s: latvie\u0161u, latgalie\u0161u rakstu, l\u012bbie\u0161u, fran\u010du, ang\u013cu, v\u0101cu, igau\u0146u, lietuvie\u0161u un krievu valod\u0101.<\/p>\n<p>Bro\u0161\u016bru var ieg\u0101d\u0101ties gan komplekt\u0101 ar Satversmes jubilejas izdevumu, gan atsevi\u0161\u0137i.<\/p>\n","protected":false},"excerpt":{"rendered":"<p>Latvijas Republikas Saeima 2014.gada 19.j\u016bnij\u0101 izdar\u012bja Latvijas Republikas Satversm\u0113 groz\u012bjumus, izsakot Satversmes preambulu jaun\u0101 redakcij\u0101 \u2013 aizst\u0101jot l\u012bdz\u0161in\u0113jo ievadu (\u201eLatvijas tauta sav\u0101 br\u012bvi v\u0113l\u0113t\u0101 Satversmes sapulc\u0113 ir nol\u0113musi sev \u0161\u0101du valsts Satversmi\u201d) ar pla\u0161\u0101ku tekstu, kur\u0101 izkl\u0101st\u012btas Latvijas valsts konstitucion\u0101l\u0101s v\u0113rt\u012bbas un kur\u0161 veido Satversmes pamatu. No Satversmes ievada ar\u012b izriet konkr\u0113ti valsts pien\u0101kumi, kuri [&hellip;]<\/p>\n","protected":false},"featured_media":6374,"comment_status":"open","ping_status":"closed","template":"","meta":[],"product_brand":[],"product_cat":[370],"product_tag":[144],"class_list":{"0":"post-6716","1":"product","2":"type-product","3":"status-publish","4":"has-post-thumbnail","6":"product_cat-gramatas","7":"product_tag-valsts-tiesibas","8":"pa_gads-334","9":"pa_izdevejs-latvijas-vestnesis","11":"first","12":"instock","13":"taxable","14":"shipping-taxable","15":"purchasable","16":"product-type-simple"},"aioseo_notices":[],"_links":{"self":[{"href":"https:\/\/juristavards.lv\/veikals\/wp-json\/wp\/v2\/product\/6716","targetHints":{"allow":["GET"]}}],"collection":[{"href":"https:\/\/juristavards.lv\/veikals\/wp-json\/wp\/v2\/product"}],"about":[{"href":"https:\/\/juristavards.lv\/veikals\/wp-json\/wp\/v2\/types\/product"}],"replies":[{"embeddable":true,"href":"https:\/\/juristavards.lv\/veikals\/wp-json\/wp\/v2\/comments?post=6716"}],"wp:featuredmedia":[{"embeddable":true,"href":"https:\/\/juristavards.lv\/veikals\/wp-json\/wp\/v2\/media\/6374"}],"wp:attachment":[{"href":"https:\/\/juristavards.lv\/veikals\/wp-json\/wp\/v2\/media?parent=6716"}],"wp:term":[{"taxonomy":"product_brand","embeddable":true,"href":"https:\/\/juristavards.lv\/veikals\/wp-json\/wp\/v2\/product_brand?post=6716"},{"taxonomy":"product_cat","embeddable":true,"href":"https:\/\/juristavards.lv\/veikals\/wp-json\/wp\/v2\/product_cat?post=6716"},{"taxonomy":"product_tag","embeddable":true,"href":"https:\/\/juristavards.lv\/veikals\/wp-json\/wp\/v2\/product_tag?post=6716"}],"curies":[{"name":"wp","href":"https:\/\/api.w.org\/{rel}","templated":true}]}}