{"id":6719,"date":"2022-02-22T00:19:17","date_gmt":"2022-02-21T22:19:17","guid":{"rendered":"https:\/\/juristavards.lv\/veikals\/produkts\/kriminallikums-2\/"},"modified":"2024-12-18T16:13:51","modified_gmt":"2024-12-18T14:13:51","slug":"kriminallikums-2","status":"publish","type":"product","link":"https:\/\/juristavards.lv\/veikals\/produkts\/kriminallikums-2\/","title":{"rendered":"Krimin\u0101llikums"},"content":{"rendered":"<p>\u201eLatvijas V\u0113stne\u0161a\u201d Gr\u0101matu apg\u0101d\u0101 n\u0101kusi\u00a0klaj\u0101\u00a0gr\u0101mata \u201cKrimin\u0101llikums\u201d, kur\u0101 pirmo reizi vien\u0101 izdevum\u0101 ietvertas visas \u0161\u0101 likuma redakcijas, ieskaitot groz\u012bjumus, kas st\u0101j\u0101s sp\u0113k\u0101 2016.gada 11.maij\u0101.<\/p>\n<p>Izdevum\u0101 iek\u013cauts ar\u012b likums \u201cPar Krimin\u0101llikuma sp\u0113k\u0101 st\u0101\u0161an\u0101s un piem\u0113ro\u0161anas k\u0101rt\u012bbu\u201d \u2013 visas t\u0101 redakcijas, tai skait\u0101 likuma groz\u012bjumi, kas st\u0101j\u0101s sp\u0113k\u0101 2016.gada 1.maij\u0101, un likuma pielikumi 01.05.2016. redakcij\u0101. \u00a0V\u0113rt\u012bgs gr\u0101matas papildin\u0101jums ir Latvijas Republikas Augst\u0101k\u0101s tiesas [Sen\u0101ta] Krimin\u0101llietu departamenta nol\u0113mumu t\u0113zes profesores Dr. iur. Valentijas Liholajas redakcij\u0101.<\/p>\n<p>Krimin\u0101llikums st\u0101j\u0101s sp\u0113k\u0101 1999.gada 1.apr\u012bl\u012b, un laika posm\u0101 no 2000.gada 18.maija l\u012bdz 2016.gada 21.apr\u012blim taj\u0101 izdar\u012bti 56 groz\u012bjumi. T\u0101d\u0113\u013c visu likuma redakciju apkopo\u0161ana vien\u0101 izdevum\u0101 bija k\u013cuvusi par nepiecie\u0161am\u012bbu.<\/p>\n<p>\u201cGr\u0101matas m\u0113r\u0137is bija sagatavot juristiem inform\u0101cijas apkopojumu par Krimin\u0101llikuma normu piem\u0113ro\u0161anu, lai praks\u0113 iev\u0113rojami maz\u0101k laika b\u016btu j\u0101velta pamata zi\u0146u ieg\u016b\u0161anai par p\u0101rbaud\u0101m\u0101 notikuma laik\u0101 sp\u0113k\u0101 eso\u0161o Krimin\u0101llikuma regul\u0113jumu un Latvijas Republikas Augst\u0101k\u0101s tiesas sniegtajiem Krimin\u0101llikuma normu piem\u0113ro\u0161anas skaidrojumiem,\u201d gr\u0101matas ievad\u0101 raksta t\u0101s sast\u0101d\u012bt\u0101js Alfr\u0113ds Voro\u0146ko.<\/p>\n<p>Gr\u0101mata b\u016bs noder\u012bgs pal\u012bgs ikvienam juristam, kura ikdiena saist\u012bta ar Krimin\u0101llikuma normu praktisku piem\u0113ro\u0161anu.<\/p>\n","protected":false},"excerpt":{"rendered":"<p>\u201eLatvijas V\u0113stne\u0161a\u201d Gr\u0101matu apg\u0101d\u0101 n\u0101kusi\u00a0klaj\u0101\u00a0gr\u0101mata \u201cKrimin\u0101llikums\u201d, kur\u0101 pirmo reizi vien\u0101 izdevum\u0101 ietvertas visas \u0161\u0101 likuma redakcijas, ieskaitot groz\u012bjumus, kas st\u0101j\u0101s sp\u0113k\u0101 2016.gada 11.maij\u0101. Izdevum\u0101 iek\u013cauts ar\u012b likums \u201cPar Krimin\u0101llikuma sp\u0113k\u0101 st\u0101\u0161an\u0101s un piem\u0113ro\u0161anas k\u0101rt\u012bbu\u201d \u2013 visas t\u0101 redakcijas, tai skait\u0101 likuma groz\u012bjumi, kas st\u0101j\u0101s sp\u0113k\u0101 2016.gada 1.maij\u0101, un likuma pielikumi 01.05.2016. redakcij\u0101. \u00a0V\u0113rt\u012bgs gr\u0101matas papildin\u0101jums [&hellip;]<\/p>\n","protected":false},"featured_media":6380,"comment_status":"open","ping_status":"closed","template":"","meta":[],"product_brand":[],"product_cat":[370],"product_tag":[139],"class_list":{"0":"post-6719","1":"product","2":"type-product","3":"status-publish","4":"has-post-thumbnail","6":"product_cat-gramatas","7":"product_tag-likumi","8":"pa_autors-sastaditajs-alfreds-voronko","9":"pa_gads-334","10":"pa_izdevejs-latvijas-vestnesis","12":"first","13":"outofstock","14":"taxable","15":"shipping-taxable","16":"purchasable","17":"product-type-simple"},"aioseo_notices":[],"_links":{"self":[{"href":"https:\/\/juristavards.lv\/veikals\/wp-json\/wp\/v2\/product\/6719","targetHints":{"allow":["GET"]}}],"collection":[{"href":"https:\/\/juristavards.lv\/veikals\/wp-json\/wp\/v2\/product"}],"about":[{"href":"https:\/\/juristavards.lv\/veikals\/wp-json\/wp\/v2\/types\/product"}],"replies":[{"embeddable":true,"href":"https:\/\/juristavards.lv\/veikals\/wp-json\/wp\/v2\/comments?post=6719"}],"wp:featuredmedia":[{"embeddable":true,"href":"https:\/\/juristavards.lv\/veikals\/wp-json\/wp\/v2\/media\/6380"}],"wp:attachment":[{"href":"https:\/\/juristavards.lv\/veikals\/wp-json\/wp\/v2\/media?parent=6719"}],"wp:term":[{"taxonomy":"product_brand","embeddable":true,"href":"https:\/\/juristavards.lv\/veikals\/wp-json\/wp\/v2\/product_brand?post=6719"},{"taxonomy":"product_cat","embeddable":true,"href":"https:\/\/juristavards.lv\/veikals\/wp-json\/wp\/v2\/product_cat?post=6719"},{"taxonomy":"product_tag","embeddable":true,"href":"https:\/\/juristavards.lv\/veikals\/wp-json\/wp\/v2\/product_tag?post=6719"}],"curies":[{"name":"wp","href":"https:\/\/api.w.org\/{rel}","templated":true}]}}