{"id":6720,"date":"2022-02-22T00:19:17","date_gmt":"2022-02-21T22:19:17","guid":{"rendered":"https:\/\/juristavards.lv\/veikals\/produkts\/parlamentara-izmeklesana-latvijas-republika-1-parlaments-parlamentara-kontrole\/"},"modified":"2026-03-05T11:22:39","modified_gmt":"2026-03-05T09:22:39","slug":"parlamentara-izmeklesana-latvijas-republika-1-parlaments-parlamentara-kontrole","status":"publish","type":"product","link":"https:\/\/juristavards.lv\/veikals\/produkts\/parlamentara-izmeklesana-latvijas-republika-1-parlaments-parlamentara-kontrole\/","title":{"rendered":"Parlament\u0101r\u0101 izmekl\u0113\u0161ana Latvijas Republik\u0101 1. Parlaments. Parlament\u0101r\u0101 kontrole"},"content":{"rendered":"<p>Izdevuma \u201cParlament\u0101r\u0101 izmekl\u0113\u0161ana Latvijas Republik\u0101\u201d uzman\u012bbas centr\u0101 ir parlamenta darbs. Las\u012bt\u0101jiem tiek dota iesp\u0113ja iel\u016bkoties Saeimas izmekl\u0113\u0161anas komisiju darb\u0101 un g\u016bt inform\u0101ciju par t\u0101du svar\u012bgu parlamenta funkciju k\u0101 parlament\u0101r\u0101 kontrole.<\/p>\n<p>Gr\u0101matas pirmaj\u0101 da\u013c\u0101 pirmo reizi public\u0113ti zin\u0101tniskie raksti par parlamentu, parlament\u0101r\u0101s kontroles v\u0113sturi, politisko atbild\u012bbu un krimin\u0101lprocesa sasaisti ar \u0161o \u012bpa\u0161o izmekl\u0113\u0161anas veidu. Te ievietotas tabulas, kur\u0101s ir l\u012bdz \u0161im neapkopota inform\u0101cija par Latvijas divpadsmit Saeimas sasaukumu prezidijiem, frakcij\u0101m, to skaitu un komisij\u0101m.<\/p>\n<p>Parlament\u0101risms Latvij\u0101 att\u012bst\u012bjies savdab\u012bgos apst\u0101k\u013cos. P\u0113c Latvijas Republikas nodibin\u0101\u0161anas 1918.gad\u0101 un v\u0113l\u0101k neatkar\u012bbu atguvu\u0161\u0101s valsts politi\u0137i balst\u012bj\u0101s uz iepriek\u0161\u0113jo politisko sist\u0113mu pieredzi. Pirmaj\u0101 period\u0101 \u0161\u012b pieredze tika g\u016bta Krievijas Imp\u0113rijas p\u0101rvaldes instit\u016bcij\u0101s, b\u0113g\u013cu nometn\u0113s un Br\u012bv\u012bbas c\u012b\u0146u organiz\u0113\u0161an\u0101, savuk\u0101rt otraj\u0101 period\u0101 politi\u0137i aizguva pieredzi nevis no pirm\u0101 neatkar\u012bbas laika, bet gan no PSRS okup\u0101cijas re\u017e\u012bma iest\u0101d\u0113m.<\/p>\n<p>\u201cLatvijas parlament\u0101rismam ir rakstur\u012bga nekvalitat\u012bva parlament\u0101r\u0101 diskusija starp poz\u012bciju un opoz\u012bciju,\u201d gr\u0101matas ievad\u0101 raksta t\u0101s idejas autors <i>prof., Dr.iur.<\/i> \u00a0Ringolds Balodis. \u201cPraktiski jebkura opoz\u012bcijas iniciat\u012bva ir lemta neveiksmei, jo t\u0101 n\u0101k no \u201cnepareiziem\u201d rosin\u0101t\u0101jiem. Turpret\u012b parlament\u0101raj\u0101 izmekl\u0113\u0161an\u0101 opoz\u012bcijas deput\u0101tiem ir iesp\u0113ja parlament\u0101rajam vair\u0101kumam ne\u0113rtus jaut\u0101jumus padar\u012bt publiskus un piev\u0113rst tiem v\u0113l\u0113t\u0101ju uzman\u012bbu.\u201d<\/p>\n<p>Gr\u0101mata ir dokument\u0101ru liec\u012bbu un v\u0113sturisku faktu pirmpublic\u0113jums. T\u0101 b\u016bs noder\u012bga ne vien politi\u0137iem, bet ar\u012b ikvienam, kur\u0161 interes\u0113jas par politiku.<\/p>\n","protected":false},"excerpt":{"rendered":"<p>Izdevuma \u201cParlament\u0101r\u0101 izmekl\u0113\u0161ana Latvijas Republik\u0101\u201d uzman\u012bbas centr\u0101 ir parlamenta darbs. Las\u012bt\u0101jiem tiek dota iesp\u0113ja iel\u016bkoties Saeimas izmekl\u0113\u0161anas komisiju darb\u0101 un g\u016bt inform\u0101ciju par t\u0101du svar\u012bgu parlamenta funkciju k\u0101 parlament\u0101r\u0101 kontrole. Gr\u0101matas pirmaj\u0101 da\u013c\u0101 pirmo reizi public\u0113ti zin\u0101tniskie raksti par parlamentu, parlament\u0101r\u0101s kontroles v\u0113sturi, politisko atbild\u012bbu un krimin\u0101lprocesa sasaisti ar \u0161o \u012bpa\u0161o izmekl\u0113\u0161anas veidu. Te ievietotas [&hellip;]<\/p>\n","protected":false},"featured_media":6382,"comment_status":"open","ping_status":"closed","template":"","meta":[],"product_brand":[],"product_cat":[370],"product_tag":[206],"class_list":{"0":"post-6720","1":"product","2":"type-product","3":"status-publish","4":"has-post-thumbnail","6":"product_cat-gramatas","7":"product_tag-dazadi-petijumi","8":"pa_autors-autoru-kolektivs","9":"pa_gads-334","10":"pa_izdevejs-latvijas-vestnesis","12":"first","13":"outofstock","14":"taxable","15":"shipping-taxable","16":"purchasable","17":"product-type-simple"},"aioseo_notices":[],"_links":{"self":[{"href":"https:\/\/juristavards.lv\/veikals\/wp-json\/wp\/v2\/product\/6720","targetHints":{"allow":["GET"]}}],"collection":[{"href":"https:\/\/juristavards.lv\/veikals\/wp-json\/wp\/v2\/product"}],"about":[{"href":"https:\/\/juristavards.lv\/veikals\/wp-json\/wp\/v2\/types\/product"}],"replies":[{"embeddable":true,"href":"https:\/\/juristavards.lv\/veikals\/wp-json\/wp\/v2\/comments?post=6720"}],"wp:featuredmedia":[{"embeddable":true,"href":"https:\/\/juristavards.lv\/veikals\/wp-json\/wp\/v2\/media\/6382"}],"wp:attachment":[{"href":"https:\/\/juristavards.lv\/veikals\/wp-json\/wp\/v2\/media?parent=6720"}],"wp:term":[{"taxonomy":"product_brand","embeddable":true,"href":"https:\/\/juristavards.lv\/veikals\/wp-json\/wp\/v2\/product_brand?post=6720"},{"taxonomy":"product_cat","embeddable":true,"href":"https:\/\/juristavards.lv\/veikals\/wp-json\/wp\/v2\/product_cat?post=6720"},{"taxonomy":"product_tag","embeddable":true,"href":"https:\/\/juristavards.lv\/veikals\/wp-json\/wp\/v2\/product_tag?post=6720"}],"curies":[{"name":"wp","href":"https:\/\/api.w.org\/{rel}","templated":true}]}}