{"id":6721,"date":"2022-02-22T00:19:17","date_gmt":"2022-02-21T22:19:17","guid":{"rendered":"https:\/\/juristavards.lv\/veikals\/produkts\/parlamentara-izmeklesana-latvijas-republika-2-saeimas-izmeklesanas-komisiju-galazinojumi-viedokli-liecibas\/"},"modified":"2026-03-04T15:57:01","modified_gmt":"2026-03-04T13:57:01","slug":"parlamentara-izmeklesana-latvijas-republika-2-saeimas-izmeklesanas-komisiju-galazinojumi-viedokli-liecibas","status":"publish","type":"product","link":"https:\/\/juristavards.lv\/veikals\/produkts\/parlamentara-izmeklesana-latvijas-republika-2-saeimas-izmeklesanas-komisiju-galazinojumi-viedokli-liecibas\/","title":{"rendered":"Parlament\u0101r\u0101 izmekl\u0113\u0161ana Latvijas Republik\u0101 2. Saeimas izmekl\u0113\u0161anas komisiju galazi\u0146ojumi \/ viedok\u013ci \/ liec\u012bbas"},"content":{"rendered":"<p>Izdevuma \u201cParlament\u0101r\u0101 izmekl\u0113\u0161ana Latvijas Republik\u0101\u201d otraj\u0101 da\u013c\u0101 pirmo reizi apkopota inform\u0101cija par darbu, ko veikusi tr\u012bsdesmit viena parlament\u0101r\u0101s izmekl\u0113\u0161ana komisija. Asto\u0146as no t\u0101m izveidotas un darboju\u0161\u0101s pirm\u0101s neatkar\u012bbas laik\u0101, bet divdesmit tr\u012bs \u2013 m\u016bsdien\u0101s, p\u0113c neatkar\u012bbas atjauno\u0161anas.<\/p>\n<p>Gr\u0101mat\u0101 materi\u0101lu par katru izmekl\u0113\u0161anas komisiju ievada komisijas \u201cviz\u012btkarte\u201d, kas sniedz inform\u0101ciju par komisijas sast\u0101vu, darb\u012bbas ilgumu, s\u0113\u017eu skaitu un izveidotaj\u0101m apak\u0161komisij\u0101m.<\/p>\n<p>Pirm\u0101s neatkar\u012bbas laika izmekl\u0113\u0161anas komisiju galazi\u0146ojumi arh\u012bvos nav saglab\u0101ju\u0161ies, ta\u010du liec\u012bbas par tiem atrodamas Saeimas s\u0113\u017eu stenogramm\u0101s. Gr\u0101mat\u0101 ietverti Saeimas plen\u0101rs\u0113\u017eu stenogrammu izvilkumi no t\u0101m s\u0113d\u0113m, kur\u0101s tika izskat\u012bti komisiju galazi\u0146ojumi.<\/p>\n<p>Savuk\u0101rt sada\u013c\u0101, kas aptver otr\u0101s neatkar\u012bbas laiku, public\u0113ti visu parlament\u0101r\u0101s izmekl\u0113\u0161anas komisiju galazi\u0146ojumi, stenogrammu izvilkumi no s\u0113d\u0113m, kur\u0101s \u0161ie galazi\u0146ojumi izskat\u012bti, k\u0101 ar\u012b da\u017e\u0101di dokumenti, kas ilustr\u0113 parlament\u0101r\u0101s izmekl\u0113\u0161anas komisiju darba specifiku. Te iek\u013cauti ar\u012b m\u016bsdienu Saeimu parlament\u0101r\u0101s izmekl\u0113\u0161anas komisiju priek\u0161s\u0113d\u0113t\u0101ju viedok\u013ci par vi\u0146u vad\u012bt\u0101s komisijas darba rezult\u0101tiem.<\/p>\n<p>Gr\u0101mata dod iesp\u0113ju las\u012bt\u0101jiem pa\u0161iem objekt\u012bvi izv\u0113rt\u0113t katras komisijas veikumu un, iesp\u0113jams, \u013caus uzlabot turpm\u0101ko Saeimas parlament\u0101r\u0101s izmekl\u0113\u0161anas komisiju darbu.<\/p>\n","protected":false},"excerpt":{"rendered":"<p>Izdevuma \u201cParlament\u0101r\u0101 izmekl\u0113\u0161ana Latvijas Republik\u0101\u201d otraj\u0101 da\u013c\u0101 pirmo reizi apkopota inform\u0101cija par darbu, ko veikusi tr\u012bsdesmit viena parlament\u0101r\u0101s izmekl\u0113\u0161ana komisija. Asto\u0146as no t\u0101m izveidotas un darboju\u0161\u0101s pirm\u0101s neatkar\u012bbas laik\u0101, bet divdesmit tr\u012bs \u2013 m\u016bsdien\u0101s, p\u0113c neatkar\u012bbas atjauno\u0161anas. Gr\u0101mat\u0101 materi\u0101lu par katru izmekl\u0113\u0161anas komisiju ievada komisijas \u201cviz\u012btkarte\u201d, kas sniedz inform\u0101ciju par komisijas sast\u0101vu, darb\u012bbas ilgumu, s\u0113\u017eu [&hellip;]<\/p>\n","protected":false},"featured_media":6384,"comment_status":"open","ping_status":"closed","template":"","meta":[],"product_cat":[370],"product_tag":[206],"class_list":{"0":"post-6721","1":"product","2":"type-product","3":"status-publish","4":"has-post-thumbnail","6":"product_cat-gramatas","7":"product_tag-dazadi-petijumi","8":"pa_autors-autoru-kolektivs","9":"pa_gads-334","10":"pa_izdevejs-latvijas-vestnesis","12":"first","13":"instock","14":"taxable","15":"shipping-taxable","16":"purchasable","17":"product-type-simple"},"aioseo_notices":[],"_links":{"self":[{"href":"https:\/\/juristavards.lv\/veikals\/wp-json\/wp\/v2\/product\/6721"}],"collection":[{"href":"https:\/\/juristavards.lv\/veikals\/wp-json\/wp\/v2\/product"}],"about":[{"href":"https:\/\/juristavards.lv\/veikals\/wp-json\/wp\/v2\/types\/product"}],"replies":[{"embeddable":true,"href":"https:\/\/juristavards.lv\/veikals\/wp-json\/wp\/v2\/comments?post=6721"}],"wp:featuredmedia":[{"embeddable":true,"href":"https:\/\/juristavards.lv\/veikals\/wp-json\/wp\/v2\/media\/6384"}],"wp:attachment":[{"href":"https:\/\/juristavards.lv\/veikals\/wp-json\/wp\/v2\/media?parent=6721"}],"wp:term":[{"taxonomy":"product_cat","embeddable":true,"href":"https:\/\/juristavards.lv\/veikals\/wp-json\/wp\/v2\/product_cat?post=6721"},{"taxonomy":"product_tag","embeddable":true,"href":"https:\/\/juristavards.lv\/veikals\/wp-json\/wp\/v2\/product_tag?post=6721"}],"curies":[{"name":"wp","href":"https:\/\/api.w.org\/{rel}","templated":true}]}}