{"id":6723,"date":"2022-02-22T00:19:17","date_gmt":"2022-02-21T22:19:17","guid":{"rendered":"https:\/\/juristavards.lv\/veikals\/produkts\/latvijas-republikas-satversmes-komentari-iii-nodala-valsts-prezidents-iv-nodala-ministru-kabinets\/"},"modified":"2025-10-09T10:19:12","modified_gmt":"2025-10-09T07:19:12","slug":"latvijas-republikas-satversmes-komentari-iii-nodala-valsts-prezidents-iv-nodala-ministru-kabinets","status":"publish","type":"product","link":"https:\/\/juristavards.lv\/veikals\/produkts\/latvijas-republikas-satversmes-komentari-iii-nodala-valsts-prezidents-iv-nodala-ministru-kabinets\/","title":{"rendered":"Latvijas Republikas Satversmes koment\u0101ri.  III noda\u013ca. Valsts prezidents. IV noda\u013ca. Ministru kabinets"},"content":{"rendered":"<p><span class=\"mazaks_12px\"><b>!!! <\/b>Gr\u0101matas s\u0101kotn\u0113j\u0101 tir\u0101\u017e\u0101 ietverta nepiln\u012bga statistika par Latvijas Republikas vald\u012bb\u0101m. K\u013c\u016bme labota &#8211; tagad visiem interesentiem ir iesp\u0113ja ieg\u0101d\u0101ties piln\u012bgu izdevumu.<br \/>\nSavuk\u0101rt tiem, kas gr\u0101matu jau ieg\u0101d\u0101ju\u0161ies, ir iesp\u0113ja sa\u0146emt tr\u016bksto\u0161o lapu \u201cLatvijas V\u0113stne\u0161a\u201d Klientu centr\u0101 &#8211; Bru\u0146inieku iel\u0101 53, R\u012bg\u0101 &#8211; vai ar pasta starpniec\u012bbu bez maksas, piesakoties pa t\u0101lruni 67311161 vai e-pastu <a href=\"mailto:abonenti@lv.lv\">abonenti@lv.lv<\/a><\/span><br \/>\n\u201eLatvijas V\u0113stne\u0161a\u201d gr\u0101matu apg\u0101d\u0101 n\u0101kusi klaj\u0101 jau ceturt\u0101 Satversmes zin\u0101tnisko koment\u0101ru gr\u0101mata, kur\u0101 sniegts pla\u0161s zin\u0101tnisks skaidrojums par Valsts prezidenta un Ministru kabineta pilnvar\u0101m, funkcij\u0101m un ties\u012bb\u0101m. \u00a0T\u0101 ir \u012bpa\u0161a ar l\u012bdz \u0161im nebiju\u0161u Latvijas vald\u012bbu statistiku un vald\u012bbu un premjeru fotoatt\u0113liem.<\/p>\n<p>\u201cValsts pamatu izp\u0113te it k\u0101 ir valsts pien\u0101kums, ta\u010du \u0161is projekts ir piln\u012bb\u0101 balst\u012bts uz pilsonisku iniciat\u012bvu, ko ties\u012bbzin\u0101tnieki veic zin\u0101tniskas zin\u0101tk\u0101res, nevis valsts pas\u016bt\u012bjuma pamudin\u0101ti. &#8230;varu ar p\u0101rliec\u012bbu teikt, ka \u0161is nu ir viens veikums, kas \u00a0paveikts p\u0101rliec\u012bb\u0101 par nacion\u0101lu valsti k\u0101 augst\u0101ko v\u0113rt\u012bbu,\u201d gr\u0101matas priek\u0161v\u0101rd\u0101 uzsver Latvijas Universit\u0101tes zin\u0101tnisk\u0101 projekta vad\u012bt\u0101js, profesors, <i>Dr.iur.<\/i> Ringolds Balodis.<\/p>\n<p>Izdevums b\u016bs noder\u012bgs gan prakti\u0137iem, gan tiem interesentiem, kuri v\u0113las padzi\u013cin\u0101ti iepaz\u012bties ar m\u016bsu valsts b\u016bt\u012bbu un saprast valsts varas atzaru funkcion\u0113\u0161anu.<\/p>\n","protected":false},"excerpt":{"rendered":"<p>!!! Gr\u0101matas s\u0101kotn\u0113j\u0101 tir\u0101\u017e\u0101 ietverta nepiln\u012bga statistika par Latvijas Republikas vald\u012bb\u0101m. K\u013c\u016bme labota &#8211; tagad visiem interesentiem ir iesp\u0113ja ieg\u0101d\u0101ties piln\u012bgu izdevumu. Savuk\u0101rt tiem, kas gr\u0101matu jau ieg\u0101d\u0101ju\u0161ies, ir iesp\u0113ja sa\u0146emt tr\u016bksto\u0161o lapu \u201cLatvijas V\u0113stne\u0161a\u201d Klientu centr\u0101 &#8211; Bru\u0146inieku iel\u0101 53, R\u012bg\u0101 &#8211; vai ar pasta starpniec\u012bbu bez maksas, piesakoties pa t\u0101lruni 67311161 vai e-pastu [&hellip;]<\/p>\n","protected":false},"featured_media":6388,"comment_status":"open","ping_status":"closed","template":"","meta":[],"product_brand":[],"product_cat":[370],"product_tag":[144],"class_list":{"0":"post-6723","1":"product","2":"type-product","3":"status-publish","4":"has-post-thumbnail","6":"product_cat-gramatas","7":"product_tag-valsts-tiesibas","8":"pa_autors-autoru-kolektivs","9":"pa_gads-338","10":"pa_izdevejs-latvijas-vestnesis","12":"first","13":"instock","14":"taxable","15":"shipping-taxable","16":"purchasable","17":"product-type-simple"},"aioseo_notices":[],"_links":{"self":[{"href":"https:\/\/juristavards.lv\/veikals\/wp-json\/wp\/v2\/product\/6723","targetHints":{"allow":["GET"]}}],"collection":[{"href":"https:\/\/juristavards.lv\/veikals\/wp-json\/wp\/v2\/product"}],"about":[{"href":"https:\/\/juristavards.lv\/veikals\/wp-json\/wp\/v2\/types\/product"}],"replies":[{"embeddable":true,"href":"https:\/\/juristavards.lv\/veikals\/wp-json\/wp\/v2\/comments?post=6723"}],"wp:featuredmedia":[{"embeddable":true,"href":"https:\/\/juristavards.lv\/veikals\/wp-json\/wp\/v2\/media\/6388"}],"wp:attachment":[{"href":"https:\/\/juristavards.lv\/veikals\/wp-json\/wp\/v2\/media?parent=6723"}],"wp:term":[{"taxonomy":"product_brand","embeddable":true,"href":"https:\/\/juristavards.lv\/veikals\/wp-json\/wp\/v2\/product_brand?post=6723"},{"taxonomy":"product_cat","embeddable":true,"href":"https:\/\/juristavards.lv\/veikals\/wp-json\/wp\/v2\/product_cat?post=6723"},{"taxonomy":"product_tag","embeddable":true,"href":"https:\/\/juristavards.lv\/veikals\/wp-json\/wp\/v2\/product_tag?post=6723"}],"curies":[{"name":"wp","href":"https:\/\/api.w.org\/{rel}","templated":true}]}}