{"id":6728,"date":"2022-02-22T00:19:18","date_gmt":"2022-02-21T22:19:18","guid":{"rendered":"https:\/\/juristavards.lv\/veikals\/produkts\/delegetas-likumdosanas-pirmsakumi-eiropa-un-latvija\/"},"modified":"2025-02-03T20:59:02","modified_gmt":"2025-02-03T18:59:02","slug":"delegetas-likumdosanas-pirmsakumi-eiropa-un-latvija","status":"publish","type":"product","link":"https:\/\/juristavards.lv\/veikals\/produkts\/delegetas-likumdosanas-pirmsakumi-eiropa-un-latvija\/","title":{"rendered":"Dele\u0123\u0113t\u0101s likumdo\u0161anas pirms\u0101kumi Eirop\u0101 un Latvij\u0101"},"content":{"rendered":"<p>\u0160\u012b ir monogr\u0101fiju s\u0113rijas \u201eTies\u012bbu zin\u0101tne\u201d piekt\u0101 gr\u0101mata, kuras pamat\u0101 ir autores Latvijas Universit\u0101t\u0113 aizst\u0101v\u0113tais promocijas darbs.<\/p>\n<p>A.Smilt\u0113na sav\u0101 darb\u0101 skaidro dele\u0123\u0113t\u0101s likumdo\u0161anas instit\u016bta saturu un piev\u0113r\u0161as t\u0101 v\u0113sturiskajai anal\u012bzei, apl\u016bkojot dele\u0123\u0113to likumdo\u0161anu grie\u0137u &#8211; romie\u0161u juridiskaj\u0101 kult\u016br\u0101 un viduslaiku Eirop\u0101 un padzi\u013cin\u0101ti p\u0113tot Livonijas pieredzi.<\/p>\n<p>Temata aktualit\u0101ti nosaka dele\u0123\u0113t\u0101s likumdo\u0161anas form\u0101l\u0101 nesader\u012bba ar valsts varas dal\u012b\u0161anas teorijas pamata atzi\u0146\u0101m demokr\u0101tisk\u0101 republik\u0101. \u00a0Autore ieskic\u0113 dele\u0123\u0113t\u0101s likumdo\u0161anas pamata probl\u0113mu, proti, visp\u0101rsaisto\u0161us noteikumus pie\u0146em instit\u016bcija, kas nav sa\u0146\u0113musi tie\u0161u tautas le\u0123itim\u0101ciju likumdo\u0161anai. Dele\u0123\u0113t\u0101s likumdo\u0161anas gad\u012bjum\u0101 tautas ties\u012bbas lemt pa\u0161ai par sevi, ko t\u0101 \u012bsteno caur saviem priek\u0161st\u0101vjiem \u2013 likumdev\u0113ju, tiek p\u0101rpilnvarotas t\u0101l\u0101k, parasti, izpildvarai.\u00a0 T\u0101d\u0113j\u0101di liel\u0101k\u0101 vai maz\u0101k\u0101 m\u0113r\u0101 likumdo\u0161anas vara vairs nav koncentr\u0113ta likumdev\u0113ja rok\u0101s. Dele\u0123\u0113t\u0101 likumdo\u0161ana pirm\u0161\u0137ietami ir nepie\u013caujama atk\u0101pe no varas dal\u012b\u0161anas principa. Tom\u0113r t\u0101 tas nav, un to uz v\u0113stures avotu studiju pamata autore p\u0101rliecino\u0161i pier\u0101da, priek\u0161v\u0101rd\u0101 nor\u0101da profesors Dr.iur. J\u0101nis Lazdi\u0146\u0161.<\/p>\n<p>Lai ar\u012b latvie\u0161u valod\u0101 izdoti daudzi darbi par ties\u012bbu v\u0113sturi, \u0161is ir viens no nedaudzajiem tik pla\u0161a apjoma p\u0113t\u012bjumiem par k\u0101du publisko ties\u012bbu instit\u016btu.<\/p>\n<p>Autore daudzviet piev\u0113r\u0161as jaut\u0101jumam par to, k\u0101 veidojusies un laika gait\u0101 main\u012bjusies ar\u012b pati likumdo\u0161anas vara.<\/p>\n<p>Gr\u0101mata b\u016bs noder\u012bga las\u0101mviela ikvienam juristam, jo \u012bpa\u0161i konstitucion\u0101lo ties\u012bbu speci\u0101listiem. Taj\u0101 pa\u0161\u0101 laik\u0101 t\u0101s m\u0113r\u0137auditorija ir ikviens, kur\u0161 v\u0113las papla\u0161in\u0101t savu redzesloku, g\u016bstot dzi\u013c\u0101kas zin\u0101\u0161anas par valsts varu, t\u0101s realiz\u0101ciju, katra valsts varas atzara kompetenci, k\u0101 ar\u012b likumdo\u0161anas un dele\u0123\u0113t\u0101s likumdo\u0161anas instit\u016btiem.<\/p>\n","protected":false},"excerpt":{"rendered":"<p>\u0160\u012b ir monogr\u0101fiju s\u0113rijas \u201eTies\u012bbu zin\u0101tne\u201d piekt\u0101 gr\u0101mata, kuras pamat\u0101 ir autores Latvijas Universit\u0101t\u0113 aizst\u0101v\u0113tais promocijas darbs. A.Smilt\u0113na sav\u0101 darb\u0101 skaidro dele\u0123\u0113t\u0101s likumdo\u0161anas instit\u016bta saturu un piev\u0113r\u0161as t\u0101 v\u0113sturiskajai anal\u012bzei, apl\u016bkojot dele\u0123\u0113to likumdo\u0161anu grie\u0137u &#8211; romie\u0161u juridiskaj\u0101 kult\u016br\u0101 un viduslaiku Eirop\u0101 un padzi\u013cin\u0101ti p\u0113tot Livonijas pieredzi. Temata aktualit\u0101ti nosaka dele\u0123\u0113t\u0101s likumdo\u0161anas form\u0101l\u0101 nesader\u012bba ar valsts [&hellip;]<\/p>\n","protected":false},"featured_media":6398,"comment_status":"open","ping_status":"closed","template":"","meta":[],"product_brand":[],"product_cat":[370],"product_tag":[183],"class_list":{"0":"post-6728","1":"product","2":"type-product","3":"status-publish","4":"has-post-thumbnail","6":"product_cat-gramatas","7":"product_tag-tiesibu-teorija-un-vesture","8":"pa_autors-anda-smiltena","9":"pa_gads-343","10":"pa_izdevejs-latvijas-vestnesis","12":"first","13":"outofstock","14":"taxable","15":"shipping-taxable","16":"purchasable","17":"product-type-simple"},"aioseo_notices":[],"_links":{"self":[{"href":"https:\/\/juristavards.lv\/veikals\/wp-json\/wp\/v2\/product\/6728","targetHints":{"allow":["GET"]}}],"collection":[{"href":"https:\/\/juristavards.lv\/veikals\/wp-json\/wp\/v2\/product"}],"about":[{"href":"https:\/\/juristavards.lv\/veikals\/wp-json\/wp\/v2\/types\/product"}],"replies":[{"embeddable":true,"href":"https:\/\/juristavards.lv\/veikals\/wp-json\/wp\/v2\/comments?post=6728"}],"wp:featuredmedia":[{"embeddable":true,"href":"https:\/\/juristavards.lv\/veikals\/wp-json\/wp\/v2\/media\/6398"}],"wp:attachment":[{"href":"https:\/\/juristavards.lv\/veikals\/wp-json\/wp\/v2\/media?parent=6728"}],"wp:term":[{"taxonomy":"product_brand","embeddable":true,"href":"https:\/\/juristavards.lv\/veikals\/wp-json\/wp\/v2\/product_brand?post=6728"},{"taxonomy":"product_cat","embeddable":true,"href":"https:\/\/juristavards.lv\/veikals\/wp-json\/wp\/v2\/product_cat?post=6728"},{"taxonomy":"product_tag","embeddable":true,"href":"https:\/\/juristavards.lv\/veikals\/wp-json\/wp\/v2\/product_tag?post=6728"}],"curies":[{"name":"wp","href":"https:\/\/api.w.org\/{rel}","templated":true}]}}