{"id":6733,"date":"2022-02-22T00:19:19","date_gmt":"2022-02-21T22:19:19","guid":{"rendered":"https:\/\/juristavards.lv\/veikals\/produkts\/cela-uz-kriminalprocesa-merki-jeb-kriminologiskie-geni\/"},"modified":"2026-03-03T09:04:45","modified_gmt":"2026-03-03T07:04:45","slug":"cela-uz-kriminalprocesa-merki-jeb-kriminologiskie-geni","status":"publish","type":"product","link":"https:\/\/juristavards.lv\/veikals\/produkts\/cela-uz-kriminalprocesa-merki-jeb-kriminologiskie-geni\/","title":{"rendered":"Ce\u013c\u0101 uz krimin\u0101lprocesa m\u0113r\u0137i jeb kriminolo\u0123iskie g\u0113ni"},"content":{"rendered":"<p>\u201eLatvijas V\u0113stne\u0161a\u201d Gr\u0101matu apg\u0101ds laidis klaj\u0101 J\u0101\u0146a Bauma\u0146a monogr\u0101fiju \u201eCe\u013c\u0101 uz krimin\u0101lprocesa m\u0113r\u0137i jeb kriminolo\u0123iskie g\u0113ni\u201d.<\/p>\n<p>Krimin\u0101lprocesa ties\u012bbu tematikai velt\u012btaj\u0101 gr\u0101mat\u0101 autors ties\u012bbu instit\u016btus analiz\u0113 sasaist\u0113 ar praksi. Izgaismojot konkr\u0113tu tiesisku problem\u0101tiku, vi\u0146\u0161 ne vien pied\u0101v\u0101 iesp\u0113jamos variantus prakses uzlabo\u0161anai, bet ar\u012b pau\u017e savu viedokli ties\u012bbu normu jaunradei.<\/p>\n<p>T\u0101d\u0113j\u0101di gr\u0101mat\u0101 ietvert\u0101s atzi\u0146as var b\u016bt noz\u012bm\u012bgas t\u0101l\u0101k\u0101 ties\u012bbu normu jaunrad\u0113, jo autors taj\u0101 pied\u0101v\u0101 virkni variantu ties\u012bbu normu pilnveido\u0161anai.<\/p>\n<p>Autors piev\u0113r\u0161as gan krimin\u0101lprocesa ties\u012bb\u0101m, gan ar\u012b kriminolo\u0123ijai un krimin\u0101lties\u012bb\u0101m, pied\u0101v\u0101to tematiku integr\u0113jot da\u017e\u0101d\u0101s ties\u012bbu nozar\u0113s. T\u0101s visas tiek sasaist\u012btas, par pamatu \u0146emot noziedz\u012bgu nodar\u012bjumu un izmantojot analo\u0123iju. \u0160\u0101da pieeja pie\u0161\u0137ir gr\u0101matai unik\u0101lu stilu.<\/p>\n<p>Monogr\u0101fijas strukt\u016bru autors pak\u0101rtojis krimin\u0101lprocesa norises \u0137\u0113dei, virzoties no krimin\u0101lprocesa uzs\u0101k\u0161anas uz t\u0101 pabeig\u0161anu, \u012bpa\u0161u uzman\u012bbu piev\u0113r\u0161ot noziedz\u012bga nodar\u012bjuma c\u0113lo\u0146u un veicino\u0161o apst\u0101k\u013cu noskaidro\u0161anai.<\/p>\n<p>Gr\u0101mata b\u016bs noder\u012bga ikvienam prakti\u0137im, kur\u0161 darbojas krimin\u0101lties\u012bbu jom\u0101, krimin\u0101lties\u012bbu studentiem, k\u0101 ar\u012b likumdev\u0113jam likumprojektu izstr\u0101des diskusij\u0101s.<\/p>\n","protected":false},"excerpt":{"rendered":"<p>\u201eLatvijas V\u0113stne\u0161a\u201d Gr\u0101matu apg\u0101ds laidis klaj\u0101 J\u0101\u0146a Bauma\u0146a monogr\u0101fiju \u201eCe\u013c\u0101 uz krimin\u0101lprocesa m\u0113r\u0137i jeb kriminolo\u0123iskie g\u0113ni\u201d. Krimin\u0101lprocesa ties\u012bbu tematikai velt\u012btaj\u0101 gr\u0101mat\u0101 autors ties\u012bbu instit\u016btus analiz\u0113 sasaist\u0113 ar praksi. Izgaismojot konkr\u0113tu tiesisku problem\u0101tiku, vi\u0146\u0161 ne vien pied\u0101v\u0101 iesp\u0113jamos variantus prakses uzlabo\u0161anai, bet ar\u012b pau\u017e savu viedokli ties\u012bbu normu jaunradei. T\u0101d\u0113j\u0101di gr\u0101mat\u0101 ietvert\u0101s atzi\u0146as var b\u016bt noz\u012bm\u012bgas [&hellip;]<\/p>\n","protected":false},"featured_media":6408,"comment_status":"open","ping_status":"closed","template":"","meta":[],"product_brand":[],"product_cat":[370],"product_tag":[138],"class_list":{"0":"post-6733","1":"product","2":"type-product","3":"status-publish","4":"has-post-thumbnail","6":"product_cat-gramatas","7":"product_tag-kriminaltiesibas","8":"pa_autors-janis-baumanis","9":"pa_gads-343","10":"pa_izdevejs-latvijas-vestnesis","12":"first","13":"outofstock","14":"taxable","15":"shipping-taxable","16":"purchasable","17":"product-type-simple"},"aioseo_notices":[],"_links":{"self":[{"href":"https:\/\/juristavards.lv\/veikals\/wp-json\/wp\/v2\/product\/6733","targetHints":{"allow":["GET"]}}],"collection":[{"href":"https:\/\/juristavards.lv\/veikals\/wp-json\/wp\/v2\/product"}],"about":[{"href":"https:\/\/juristavards.lv\/veikals\/wp-json\/wp\/v2\/types\/product"}],"replies":[{"embeddable":true,"href":"https:\/\/juristavards.lv\/veikals\/wp-json\/wp\/v2\/comments?post=6733"}],"wp:featuredmedia":[{"embeddable":true,"href":"https:\/\/juristavards.lv\/veikals\/wp-json\/wp\/v2\/media\/6408"}],"wp:attachment":[{"href":"https:\/\/juristavards.lv\/veikals\/wp-json\/wp\/v2\/media?parent=6733"}],"wp:term":[{"taxonomy":"product_brand","embeddable":true,"href":"https:\/\/juristavards.lv\/veikals\/wp-json\/wp\/v2\/product_brand?post=6733"},{"taxonomy":"product_cat","embeddable":true,"href":"https:\/\/juristavards.lv\/veikals\/wp-json\/wp\/v2\/product_cat?post=6733"},{"taxonomy":"product_tag","embeddable":true,"href":"https:\/\/juristavards.lv\/veikals\/wp-json\/wp\/v2\/product_tag?post=6733"}],"curies":[{"name":"wp","href":"https:\/\/api.w.org\/{rel}","templated":true}]}}