{"id":6734,"date":"2022-02-22T00:19:19","date_gmt":"2022-02-21T22:19:19","guid":{"rendered":"https:\/\/juristavards.lv\/veikals\/produkts\/valstsgriba\/"},"modified":"2026-03-11T08:12:09","modified_gmt":"2026-03-11T06:12:09","slug":"valstsgriba","status":"publish","type":"product","link":"https:\/\/juristavards.lv\/veikals\/produkts\/valstsgriba\/","title":{"rendered":"Valstsgriba"},"content":{"rendered":"<p>Gr\u0101mat\u0101 apkopota jurista un politologa, Eiropas Tiesas tiesne\u0161a Egila Levita publicistika latvie\u0161u valod\u0101. Izdevuma 848 lappus\u0113s ietverta liela da\u013ca no vair\u0101k nek\u0101 tr\u012bsdesmit gadu laik\u0101 periodik\u0101 un citviet public\u0113tajiem rakstiem, run\u0101m un intervij\u0101m, t\u0101d\u0113j\u0101di atkl\u0101jot gan Latvijas jaun\u0101ko laiku v\u0113sturi, gan pa\u0161a Egila Levita person\u012bbu un devumu. Kr\u0101jum\u0101 Egils Levits pla\u0161ai sabiedr\u012bbai saprotami analiz\u0113 daudzus ar Latvijas neatkar\u012bbas un demokr\u0101tisk\u0101s valsts iek\u0101rtas atjauno\u0161anu saist\u012btos jaut\u0101jumus, savu viedokli balstot zin\u0101tniski pamatot\u0101 anal\u012bz\u0113. Izdevums atkl\u0101j tiklab Egila Levita ide\u0101lismu un pragmatismu, k\u0101 ar\u012b tic\u012bbu Latvijas valstij un t\u0101s cilv\u0113ku sp\u0113kam.<\/p>\n<p>Darbu caurvij viens kop\u012bgs mot\u012bvs \u2013 fundament\u0101la juridisk\u0101, politisk\u0101 un mor\u0101l\u0101 argument\u0101cija par Latvijas valsts un latvie\u0161u n\u0101cijas past\u0101v\u0113\u0161anas ties\u012bb\u0101m, j\u0113gu un b\u016bt\u012bbu, par pilso\u0146u attiec\u012bb\u0101m ar valsti un t\u0101s sekm\u012bgu p\u0101rvald\u012bbu.<\/p>\n<p>Gr\u0101mata sak\u0101rtota se\u0161os tematiskos satura blokos \u2013 no atdzim\u0161anas (1985 &#8211; 1991) l\u012bdz past\u0101v\u0113\u0161anai (2011 &#8211; 2018) \u2013 un papildin\u0101ta ar personu r\u0101d\u012bt\u0101ju un izsme\u013co\u0161u avotu sarakstu.<\/p>\n<p>Noder\u012bga las\u0101mviela v\u0113sturniekiem, politologiem, ikvienam interesentam.<\/p>\n","protected":false},"excerpt":{"rendered":"<p>Gr\u0101mat\u0101 apkopota jurista un politologa, Eiropas Tiesas tiesne\u0161a Egila Levita publicistika latvie\u0161u valod\u0101. Izdevuma 848 lappus\u0113s ietverta liela da\u013ca no vair\u0101k nek\u0101 tr\u012bsdesmit gadu laik\u0101 periodik\u0101 un citviet public\u0113tajiem rakstiem, run\u0101m un intervij\u0101m, t\u0101d\u0113j\u0101di atkl\u0101jot gan Latvijas jaun\u0101ko laiku v\u0113sturi, gan pa\u0161a Egila Levita person\u012bbu un devumu. Kr\u0101jum\u0101 Egils Levits pla\u0161ai sabiedr\u012bbai saprotami analiz\u0113 daudzus [&hellip;]<\/p>\n","protected":false},"featured_media":6410,"comment_status":"open","ping_status":"closed","template":"","meta":[],"product_brand":[],"product_cat":[370],"product_tag":[144],"class_list":{"0":"post-6734","1":"product","2":"type-product","3":"status-publish","4":"has-post-thumbnail","6":"product_cat-gramatas","7":"product_tag-valsts-tiesibas","8":"pa_autors-egils-levits","9":"pa_gads-346","10":"pa_izdevejs-latvijas-vestnesis","12":"first","13":"instock","14":"taxable","15":"shipping-taxable","16":"purchasable","17":"product-type-simple"},"aioseo_notices":[],"_links":{"self":[{"href":"https:\/\/juristavards.lv\/veikals\/wp-json\/wp\/v2\/product\/6734","targetHints":{"allow":["GET"]}}],"collection":[{"href":"https:\/\/juristavards.lv\/veikals\/wp-json\/wp\/v2\/product"}],"about":[{"href":"https:\/\/juristavards.lv\/veikals\/wp-json\/wp\/v2\/types\/product"}],"replies":[{"embeddable":true,"href":"https:\/\/juristavards.lv\/veikals\/wp-json\/wp\/v2\/comments?post=6734"}],"wp:featuredmedia":[{"embeddable":true,"href":"https:\/\/juristavards.lv\/veikals\/wp-json\/wp\/v2\/media\/6410"}],"wp:attachment":[{"href":"https:\/\/juristavards.lv\/veikals\/wp-json\/wp\/v2\/media?parent=6734"}],"wp:term":[{"taxonomy":"product_brand","embeddable":true,"href":"https:\/\/juristavards.lv\/veikals\/wp-json\/wp\/v2\/product_brand?post=6734"},{"taxonomy":"product_cat","embeddable":true,"href":"https:\/\/juristavards.lv\/veikals\/wp-json\/wp\/v2\/product_cat?post=6734"},{"taxonomy":"product_tag","embeddable":true,"href":"https:\/\/juristavards.lv\/veikals\/wp-json\/wp\/v2\/product_tag?post=6734"}],"curies":[{"name":"wp","href":"https:\/\/api.w.org\/{rel}","templated":true}]}}