{"id":6736,"date":"2022-02-22T00:19:19","date_gmt":"2022-02-21T22:19:19","guid":{"rendered":"https:\/\/juristavards.lv\/veikals\/produkts\/latvijas-republikas-satversmes-komentari-v-nodala-likumdosana\/"},"modified":"2026-01-03T12:10:14","modified_gmt":"2026-01-03T10:10:14","slug":"latvijas-republikas-satversmes-komentari-v-nodala-likumdosana","status":"publish","type":"product","link":"https:\/\/juristavards.lv\/veikals\/produkts\/latvijas-republikas-satversmes-komentari-v-nodala-likumdosana\/","title":{"rendered":"Latvijas Republikas Satversmes koment\u0101ri.  V noda\u013ca. Likumdo\u0161ana"},"content":{"rendered":"<p style=\"text-align: justify\">Piekt\u0101 Satversmes zin\u0101tnisko koment\u0101ru gr\u0101mata, kas velt\u012bta m\u016bsu valsts pamatlikuma V noda\u013cai \u201cLikumdo\u0161ana\u201d. Tas ir l\u012bdz \u0161im nebijis p\u0113t\u012bjums par Latvijas parlament\u0101rismu.<\/p>\n<p style=\"text-align: justify\">\u0160aj\u0101 koment\u0101ru s\u0113jum\u0101 ietvertie Satversmes skaidrojumi ir fundament\u0101ls p\u0113t\u012bjums par visu satversmisko likumdo\u0161anas procesu. Koment\u0101ri ir zin\u0101tnisks izzi\u0146as avots par Satversmes norm\u0101m, kas noder, saskaroties ar to praktisku pielietojumu.<\/p>\n<p style=\"text-align: justify\">Likumdo\u0161anas satversmisko proced\u016bru p\u0113t\u012bjums ilga vair\u0101k nek\u0101 tr\u012bs gadus un ir rezum\u0113jies 592 lappu\u0161u biez\u0101 monogr\u0101fij\u0101, kur\u0101 las\u012bt\u0101js atrad\u012bs ne vien atsevi\u0161\u0137u Satversmes normu koment\u0101rus, bet ar\u012b vair\u0101kus v\u0113rt\u012bgus rakstus par likumdo\u0161anu.<\/p>\n<p style=\"text-align: justify\">Lai aptvertu b\u016btiskus likumdo\u0161anas jaut\u0101jumus, gr\u0101matai tapis pielikums \u201cPiez\u012bmes par likumdo\u0161anas procesu\u201d. \u0160o sada\u013cu sagatavoju\u0161i lab\u0101kie jomas lietprat\u0113ji. Taj\u0101 ir ieteikumi, kas balst\u0101s uz nov\u0113rojumiem, nevis tikai sausi konstat\u0113jumi, sniegtas vadl\u012bnijas labu likumu izstr\u0101dei un rosin\u0101ti priek\u0161likumi likumdo\u0161anas procesa uzlabo\u0161anai n\u0101kotn\u0113.<\/p>\n<p style=\"text-align: justify\">Pielikum\u0101 iesp\u0113jams ne vien uzzin\u0101t par aktualit\u0101t\u0113m, kas saist\u012btas ar likumu pie\u0146em\u0161anu, bet ar\u012b izlas\u012bt l\u012bdz \u0161im nepublic\u0113tu anal\u012bzi par jaunizveidoto Saeimas Anal\u012btisko dienestu, Saeimas k\u0101rt\u012bbas rulli, ofici\u0101lo publik\u0101ciju vai lob\u0113\u0161anas regul\u0113jumu un nepiecie\u0161amajiem likumdo\u0161anas uzlabojumiem.<\/p>\n<p style=\"text-align: justify\">Pateicoties projektam \u201cV\u0113stnesim &#8211; 100\u201d, gr\u0101mat\u0101 ietverts p\u0113t\u012bjums par ofici\u0101lo publik\u0101ciju &#8211; likumdo\u0161anas procesa nosl\u0113guma posmu &#8211; Latvijas tiesiskaj\u0101 sist\u0113m\u0101 no t\u0101s pirms\u0101kumiem 1918. gad\u0101.<\/p>\n<p style=\"text-align: justify\">P\u0113t\u012bjum\u0101 apl\u016bkots ofici\u0101l\u0101 izdevuma instit\u016bts un t\u0101 funkcijas, izp\u0113t\u012bta ofici\u0101lo izdevumu v\u0113sture Latvij\u0101 un to att\u012bst\u012bba, k\u0101 ar\u012b ieskic\u0113ti ofici\u0101l\u0101 izdev\u0113ja &#8211; m\u016bsdien\u0101s tas ir \u201cLatvijas V\u0113stnesis\u201d &#8211; n\u0101kotnes izaicin\u0101jumi k\u0101 valsts, pilsonisk\u0101s un tiesisk\u0101s inform\u0101cijas platformai. Kopum\u0101 p\u0113t\u012bjums aptver 78 gr\u0101matas lappuses.<\/p>\n<p style=\"text-align: justify\">Ofici\u0101lais izdev\u0113js pilda noz\u012bm\u012bgu funkciju: inform\u0113 valsts iedz\u012bvot\u0101jus par normat\u012bvajiem aktiem un da\u017e\u0101diem svar\u012bgiem jaut\u0101jumiem. Ar ofici\u0101lo izdevumu tiek saprasta demokr\u0101tiskas tiesiskas valsts \u201cbalss\u201d. \u201cOfici\u0101lais izdevums ir sal\u012bdzino\u0161i vienk\u0101r\u0161s ties\u012bbu instit\u016bts, kuram tom\u0113r ir fundament\u0101la noz\u012bme ikvienas demokr\u0101tiskas tiesiskas valsts past\u0101v\u0113\u0161an\u0101,\u201d skaidrots p\u0113t\u012bjuma ievad\u0101.<\/p>\n<p style=\"text-align: justify\">Gr\u0101mata b\u016bs noder\u012bga las\u0101mviela gan prakti\u0137iem, gan visiem tiem interesentiem, kuri v\u0113las padzi\u013cin\u0101ti iepaz\u012bties ar m\u016bsu valsts b\u016bt\u012bbu un saprast valsts varas atzaru funkcion\u0113\u0161anu.<\/p>\n","protected":false},"excerpt":{"rendered":"<p>Piekt\u0101 Satversmes zin\u0101tnisko koment\u0101ru gr\u0101mata, kas velt\u012bta m\u016bsu valsts pamatlikuma V noda\u013cai \u201cLikumdo\u0161ana\u201d. Tas ir l\u012bdz \u0161im nebijis p\u0113t\u012bjums par Latvijas parlament\u0101rismu. \u0160aj\u0101 koment\u0101ru s\u0113jum\u0101 ietvertie Satversmes skaidrojumi ir fundament\u0101ls p\u0113t\u012bjums par visu satversmisko likumdo\u0161anas procesu. Koment\u0101ri ir zin\u0101tnisks izzi\u0146as avots par Satversmes norm\u0101m, kas noder, saskaroties ar to praktisku pielietojumu. Likumdo\u0161anas satversmisko proced\u016bru p\u0113t\u012bjums [&hellip;]<\/p>\n","protected":false},"featured_media":6414,"comment_status":"open","ping_status":"closed","template":"","meta":[],"product_cat":[370],"product_tag":[144],"class_list":{"0":"post-6736","1":"product","2":"type-product","3":"status-publish","4":"has-post-thumbnail","6":"product_cat-gramatas","7":"product_tag-valsts-tiesibas","8":"pa_autors-autoru-kolektivs","9":"pa_gads-346","10":"pa_izdevejs-latvijas-vestnesis","12":"first","13":"instock","14":"taxable","15":"shipping-taxable","16":"purchasable","17":"product-type-simple"},"aioseo_notices":[],"_links":{"self":[{"href":"https:\/\/juristavards.lv\/veikals\/wp-json\/wp\/v2\/product\/6736"}],"collection":[{"href":"https:\/\/juristavards.lv\/veikals\/wp-json\/wp\/v2\/product"}],"about":[{"href":"https:\/\/juristavards.lv\/veikals\/wp-json\/wp\/v2\/types\/product"}],"replies":[{"embeddable":true,"href":"https:\/\/juristavards.lv\/veikals\/wp-json\/wp\/v2\/comments?post=6736"}],"wp:featuredmedia":[{"embeddable":true,"href":"https:\/\/juristavards.lv\/veikals\/wp-json\/wp\/v2\/media\/6414"}],"wp:attachment":[{"href":"https:\/\/juristavards.lv\/veikals\/wp-json\/wp\/v2\/media?parent=6736"}],"wp:term":[{"taxonomy":"product_cat","embeddable":true,"href":"https:\/\/juristavards.lv\/veikals\/wp-json\/wp\/v2\/product_cat?post=6736"},{"taxonomy":"product_tag","embeddable":true,"href":"https:\/\/juristavards.lv\/veikals\/wp-json\/wp\/v2\/product_tag?post=6736"}],"curies":[{"name":"wp","href":"https:\/\/api.w.org\/{rel}","templated":true}]}}