{"id":6738,"date":"2022-02-22T00:19:19","date_gmt":"2022-02-21T22:19:19","guid":{"rendered":"https:\/\/juristavards.lv\/veikals\/produkts\/latvijas-republikas-satversme-satversmes-tiesas-atzinas\/"},"modified":"2025-12-03T15:21:06","modified_gmt":"2025-12-03T13:21:06","slug":"latvijas-republikas-satversme-satversmes-tiesas-atzinas","status":"publish","type":"product","link":"https:\/\/juristavards.lv\/veikals\/produkts\/latvijas-republikas-satversme-satversmes-tiesas-atzinas\/","title":{"rendered":"Latvijas Republikas Satversme. Satversmes tiesas atzi\u0146as"},"content":{"rendered":"<p class=\"Pa4\" style=\"text-align: justify\">Kr\u0101jum\u0101 apkopotas b\u016btisk\u0101k\u0101s Satversm\u0113 ietvert\u0101s un Satversmes tiesas atkl\u0101t\u0101s atzi\u0146as.<\/p>\n<p class=\"Pa5\" style=\"text-align: justify\">Rietumu kult\u016brtelpu, kurai pieder Latvija, raksturo t\u0101di principi k\u0101 demokr\u0101tija, tiesiskums un cilv\u0113kties\u012bbu iev\u0113ro\u0161ana, un \u0161ajos principos balst\u0101s m\u016bsu Satversme. Ta\u010du Latvijas v\u0113sturi veido ne tikai demokr\u0101ti\u00adjas periods. M\u016bsu valsts ir p\u0101rdz\u012bvojusi gan autorit\u0101rismu, gan totalit\u0101rismu un atkal atguvusi savu demokr\u0101tisko Satversmi 1990. gad\u0101. Satversmes saturs ir pla\u0161s, un t\u0101s j\u0113ga \u2013 dzi\u013ca.<\/p>\n<p class=\"Default\">Satversmes tiesas kompetenc\u0113 ir v\u0113rt\u0113t, vai ties\u012bbu norma atbilst Satvers\u00admei. \u012astenojot savu kompetenci, Satversmes tiesa interpret\u0113 Satversmi.<\/p>\n<p class=\"Pa5\" style=\"text-align: justify\">\u201c&#8230;v\u0113\u00adrojot, k\u0101 \u0161obr\u012bd ikdien\u0101 izmantojam savas valsts pamatlikumu, ir n\u0101cies atz\u012bt, ka l\u012bdz Satversmes satura piln\u012bgai noskaidro\u0161anai un Satversmes de\u00admokr\u0101tisk\u0101 tiesisk\u0101 gara patiesai pie\u0146em\u0161anai Latvijas tautai vienm\u0113r ir bijis v\u0113l k\u0101ds ce\u013ca gabals ejams,\u201d kr\u0101juma priek\u0161v\u0101rd\u0101 atz\u012bst Satversmes tiesas priek\u0161s\u0113d\u0113t\u0101ja prof. <i>Ph.D. <\/i>Ineta Ziemele. \u201cLai pal\u012bdz\u0113tu \u0161aj\u0101 ce\u013cojum\u0101, kas kopum\u0101 veicina pilsonisk\u0101s sabiedr\u012bbas nostiprin\u0101\u0161anos, Satversmes tiesa sniedz las\u012bt\u0101jam vienu no atbalsta l\u012bdzek\u013ciem \u2013 Satversmes tiesas atzi\u0146as par Sat\u00adversmes pantiem.\u201d<\/p>\n<p class=\"Pa5\" style=\"text-align: justify\">Kr\u0101jumu ilustr\u0113 kr\u0101\u0161\u0146i z\u012bm\u0113jumi no Satversmes tiesas r\u012bkotajiem skol\u0113nu z\u012bm\u0113jumu un domrakstu kon\u00adkursiem \u201cMana Satversme\u201d un \u201cManas pamatties\u012bbas Satversm\u0113\u201d.<\/p>\n<p class=\"Pa5\" style=\"text-align: justify\">Izdevuma m\u0113r\u0137is &#8211; pal\u012bdz\u0113t stiprin\u0101t ikviena iek\u0161\u0113jo br\u012bv\u012bbu br\u012bv\u0101 valst\u012b, sekm\u0113t pilsonisk\u0101s apzi\u0146as un kult\u016bras nostiprin\u0101\u0161anos, satuvinot cilv\u0113ku ar valsts pamatlikumu.<\/p>\n<p class=\"Default\">Greznais s\u0113jums b\u016bs v\u0113rt\u012bgs papildin\u0101jums ikvienam gr\u0101matu plauktam.<\/p>\n","protected":false},"excerpt":{"rendered":"<p>Kr\u0101jum\u0101 apkopotas b\u016btisk\u0101k\u0101s Satversm\u0113 ietvert\u0101s un Satversmes tiesas atkl\u0101t\u0101s atzi\u0146as. Rietumu kult\u016brtelpu, kurai pieder Latvija, raksturo t\u0101di principi k\u0101 demokr\u0101tija, tiesiskums un cilv\u0113kties\u012bbu iev\u0113ro\u0161ana, un \u0161ajos principos balst\u0101s m\u016bsu Satversme. Ta\u010du Latvijas v\u0113sturi veido ne tikai demokr\u0101ti\u00adjas periods. M\u016bsu valsts ir p\u0101rdz\u012bvojusi gan autorit\u0101rismu, gan totalit\u0101rismu un atkal atguvusi savu demokr\u0101tisko Satversmi 1990. gad\u0101. Satversmes [&hellip;]<\/p>\n","protected":false},"featured_media":6418,"comment_status":"open","ping_status":"closed","template":"","meta":[],"product_brand":[],"product_cat":[370],"product_tag":[144],"class_list":{"0":"post-6738","1":"product","2":"type-product","3":"status-publish","4":"has-post-thumbnail","6":"product_cat-gramatas","7":"product_tag-valsts-tiesibas","8":"pa_gads-346","9":"pa_izdevejs-latvijas-vestnesis","11":"first","12":"instock","13":"taxable","14":"shipping-taxable","15":"purchasable","16":"product-type-simple"},"aioseo_notices":[],"_links":{"self":[{"href":"https:\/\/juristavards.lv\/veikals\/wp-json\/wp\/v2\/product\/6738","targetHints":{"allow":["GET"]}}],"collection":[{"href":"https:\/\/juristavards.lv\/veikals\/wp-json\/wp\/v2\/product"}],"about":[{"href":"https:\/\/juristavards.lv\/veikals\/wp-json\/wp\/v2\/types\/product"}],"replies":[{"embeddable":true,"href":"https:\/\/juristavards.lv\/veikals\/wp-json\/wp\/v2\/comments?post=6738"}],"wp:featuredmedia":[{"embeddable":true,"href":"https:\/\/juristavards.lv\/veikals\/wp-json\/wp\/v2\/media\/6418"}],"wp:attachment":[{"href":"https:\/\/juristavards.lv\/veikals\/wp-json\/wp\/v2\/media?parent=6738"}],"wp:term":[{"taxonomy":"product_brand","embeddable":true,"href":"https:\/\/juristavards.lv\/veikals\/wp-json\/wp\/v2\/product_brand?post=6738"},{"taxonomy":"product_cat","embeddable":true,"href":"https:\/\/juristavards.lv\/veikals\/wp-json\/wp\/v2\/product_cat?post=6738"},{"taxonomy":"product_tag","embeddable":true,"href":"https:\/\/juristavards.lv\/veikals\/wp-json\/wp\/v2\/product_tag?post=6738"}],"curies":[{"name":"wp","href":"https:\/\/api.w.org\/{rel}","templated":true}]}}