{"id":6745,"date":"2022-02-22T00:19:21","date_gmt":"2022-02-21T22:19:21","guid":{"rendered":"https:\/\/juristavards.lv\/veikals\/produkts\/kriminaltiesiskas-attiecibas-un-to-noregulejums-kriminologiskaja-visuma\/"},"modified":"2025-10-09T10:14:43","modified_gmt":"2025-10-09T07:14:43","slug":"kriminaltiesiskas-attiecibas-un-to-noregulejums-kriminologiskaja-visuma","status":"publish","type":"product","link":"https:\/\/juristavards.lv\/veikals\/produkts\/kriminaltiesiskas-attiecibas-un-to-noregulejums-kriminologiskaja-visuma\/","title":{"rendered":"Krimin\u0101ltiesisk\u0101s attiec\u012bbas un to noregul\u0113jums kriminolo\u0123iskaj\u0101 visum\u0101"},"content":{"rendered":"<p>Gr\u0101mat\u0101 sniegts ieskats da\u017e\u0101d\u0101s krimin\u0101ltiesiskaj\u0101s zin\u0101tn\u0113s \u2013 ne tikai krimin\u0101lties\u012bb\u0101s un krimin\u0101lprocesa ties\u012bb\u0101s, kas p\u0113d\u0113j\u0101 laik\u0101 m\u016bsu valst\u012b rais\u012bju\u0161as sal\u012bdzino\u0161i lielu interesi, bet ar\u012b kriminolo\u0123ij\u0101 un krimin\u0101listik\u0101. Apl\u016bkota ar\u012b izgl\u012bt\u012bbas noz\u012bme noziedz\u012bbas nov\u0113r\u0161an\u0101.<\/p>\n<p>Autors piev\u0113rsies t\u0101diem noz\u012bm\u012bgiem jaut\u0101jumiem k\u0101 korupt\u012bvie noziedz\u012bgie nodar\u012bjumi publiskaj\u0101 un priv\u0101taj\u0101 sf\u0113r\u0101 un noziedz\u012bgi ieg\u016btu l\u012bdzek\u013cu legaliz\u0101cija. Savuk\u0101rt, analiz\u0113jot tiesu praksi, \u012bpa\u0161a uzman\u012bba velt\u012bta noziedz\u012bgiem nodar\u012bjumiem pre\u010du z\u012bmju un dizainparaugu jom\u0101.<\/p>\n<p>Las\u012bt\u0101ji tiek rosin\u0101ti paraudz\u012bties uz krimin\u0101ltiesiskajiem jaut\u0101jumiem p\u0113c iesp\u0113jas pla\u0161\u0101k\u0101 izpratn\u0113. Lai v\u0113rstu uzman\u012bbu uz krimin\u0101ltiesisko attiec\u012bbu un to noregul\u0113juma izpausmju bezgal\u012bbu, autora viedok\u013cu apkopojums piesaist\u012bts analo\u0123ijai ar visumu.<\/p>\n<p>Gr\u0101mata b\u016bs noder\u012bgs pal\u012bgs ikvienam prakti\u0137im, kur\u0161 darbojas krimin\u0101lties\u012bbu jom\u0101, krimin\u0101lties\u012bbu studentiem, k\u0101 ar\u012b likumdev\u0113jam likumprojektu izstr\u0101des proces\u0101.<\/p>\n","protected":false},"excerpt":{"rendered":"<p>Gr\u0101mat\u0101 sniegts ieskats da\u017e\u0101d\u0101s krimin\u0101ltiesiskaj\u0101s zin\u0101tn\u0113s \u2013 ne tikai krimin\u0101lties\u012bb\u0101s un krimin\u0101lprocesa ties\u012bb\u0101s, kas p\u0113d\u0113j\u0101 laik\u0101 m\u016bsu valst\u012b rais\u012bju\u0161as sal\u012bdzino\u0161i lielu interesi, bet ar\u012b kriminolo\u0123ij\u0101 un krimin\u0101listik\u0101. Apl\u016bkota ar\u012b izgl\u012bt\u012bbas noz\u012bme noziedz\u012bbas nov\u0113r\u0161an\u0101. Autors piev\u0113rsies t\u0101diem noz\u012bm\u012bgiem jaut\u0101jumiem k\u0101 korupt\u012bvie noziedz\u012bgie nodar\u012bjumi publiskaj\u0101 un priv\u0101taj\u0101 sf\u0113r\u0101 un noziedz\u012bgi ieg\u016btu l\u012bdzek\u013cu legaliz\u0101cija. Savuk\u0101rt, analiz\u0113jot tiesu praksi, [&hellip;]<\/p>\n","protected":false},"featured_media":6432,"comment_status":"open","ping_status":"closed","template":"","meta":[],"product_brand":[],"product_cat":[370],"product_tag":[138],"class_list":{"0":"post-6745","1":"product","2":"type-product","3":"status-publish","4":"has-post-thumbnail","6":"product_cat-gramatas","7":"product_tag-kriminaltiesibas","8":"pa_autors-janis-baumanis","9":"pa_gads-349","10":"pa_izdevejs-latvijas-vestnesis","12":"first","13":"instock","14":"taxable","15":"shipping-taxable","16":"purchasable","17":"product-type-simple"},"aioseo_notices":[],"_links":{"self":[{"href":"https:\/\/juristavards.lv\/veikals\/wp-json\/wp\/v2\/product\/6745","targetHints":{"allow":["GET"]}}],"collection":[{"href":"https:\/\/juristavards.lv\/veikals\/wp-json\/wp\/v2\/product"}],"about":[{"href":"https:\/\/juristavards.lv\/veikals\/wp-json\/wp\/v2\/types\/product"}],"replies":[{"embeddable":true,"href":"https:\/\/juristavards.lv\/veikals\/wp-json\/wp\/v2\/comments?post=6745"}],"wp:featuredmedia":[{"embeddable":true,"href":"https:\/\/juristavards.lv\/veikals\/wp-json\/wp\/v2\/media\/6432"}],"wp:attachment":[{"href":"https:\/\/juristavards.lv\/veikals\/wp-json\/wp\/v2\/media?parent=6745"}],"wp:term":[{"taxonomy":"product_brand","embeddable":true,"href":"https:\/\/juristavards.lv\/veikals\/wp-json\/wp\/v2\/product_brand?post=6745"},{"taxonomy":"product_cat","embeddable":true,"href":"https:\/\/juristavards.lv\/veikals\/wp-json\/wp\/v2\/product_cat?post=6745"},{"taxonomy":"product_tag","embeddable":true,"href":"https:\/\/juristavards.lv\/veikals\/wp-json\/wp\/v2\/product_tag?post=6745"}],"curies":[{"name":"wp","href":"https:\/\/api.w.org\/{rel}","templated":true}]}}